{"id":10622,"date":"2019-12-03T13:44:45","date_gmt":"2019-12-03T12:44:45","guid":{"rendered":"https:\/\/www.heddata.se\/webbutik\/?post_type=product&#038;p=10622"},"modified":"2026-04-03T18:11:02","modified_gmt":"2026-04-03T16:11:02","slug":"d-link-9m-hdf-400-forlangningskabel-ant24-cb09","status":"publish","type":"product","link":"https:\/\/www.heddata.se\/webbutik\/produkt\/d-link-9m-hdf-400-forlangningskabel-ant24-cb09\/","title":{"rendered":"D-Link 9m HDF-400 F\u00f6rl\u00e4ngningskabel ANT24-CB09"},"content":{"rendered":"<p>D-Link 9m HDF-400 F\u00f6rl\u00e4ngningskabel ANT24-CB09<\/p>\n<p><a href=\"https:\/\/eu.dlink.com\/se\/sv\" target=\"_blank\" rel=\"noopener noreferrer\">D-Link<\/a> 9m HDF-400 F\u00f6rl\u00e4ngningskabel ANT24-CB09 f\u00f6r utomhus- eller takinstallationer n\u00e4r avst\u00e5nd mellan en tr\u00e5dl\u00f6s \u00e5tkomstpunkt (AP) och en <a href=\"https:\/\/www.heddata.se\/webbutik\/produkt\/antennkabel-lagforlust-5m-fme-f-fme-f\/\">antenn<\/a> kr\u00e4vs.<\/p>\n<p class=\"css-olztn6-unf-heading e1qvo2ff8\" data-testid=\"lblPDPDeskripsiProduk\">HDF-400 coaxial type<br \/>\n9-metre length<br \/>\nN-male to N-female connectors<br \/>\n3 dB cable loss<\/p>\n","protected":false},"excerpt":{"rendered":"<h4>D-Link 9m HDF-400 F\u00f6rl\u00e4ngningskabel ANT24-CB09<\/h4>\n","protected":false},"featured_media":74360,"template":"","meta":[],"product_brand":[],"product_cat":[2260],"product_tag":[],"class_list":{"0":"post-10622","1":"product","2":"type-product","3":"status-publish","4":"has-post-thumbnail","6":"product_cat-antenn","8":"first","9":"instock","10":"taxable","11":"shipping-taxable","12":"purchasable","13":"product-type-simple"},"yoast_head":"<!-- This site is optimized with the Yoast SEO Premium plugin v26.7 (Yoast SEO v26.7) - https:\/\/yoast.com\/wordpress\/plugins\/seo\/ -->\n<title>D-Link 9m HDF-400 F\u00f6rl\u00e4ngningskabel ANT24-CB09<\/title>\n<meta name=\"description\" content=\"D-Link 9m HDF-400 F\u00f6rl\u00e4ngningskabel ANT24-CB09 f\u00f6r utomhus- eller takinstallationer n\u00e4r avst\u00e5nd mellan en tr\u00e5dl\u00f6s \u00e5tkomstpunkt (AP) och en antenn kr\u00e4vs.\" \/>\n<meta name=\"robots\" content=\"index, follow, max-snippet:-1, max-image-preview:large, max-video-preview:-1\" \/>\n<link rel=\"canonical\" href=\"https:\/\/www.heddata.se\/webbutik\/produkt\/d-link-9m-hdf-400-forlangningskabel-ant24-cb09\/\" \/>\n<meta property=\"og:locale\" content=\"sv_SE\" \/>\n<meta property=\"og:type\" content=\"article\" \/>\n<meta property=\"og:title\" content=\"D-Link 9m HDF-400 F\u00f6rl\u00e4ngningskabel ANT24-CB09\" \/>\n<meta property=\"og:description\" content=\"D-Link 9m HDF-400 F\u00f6rl\u00e4ngningskabel ANT24-CB09 f\u00f6r utomhus- eller takinstallationer n\u00e4r avst\u00e5nd mellan en tr\u00e5dl\u00f6s \u00e5tkomstpunkt (AP) och en antenn kr\u00e4vs.\" \/>\n<meta property=\"og:url\" content=\"https:\/\/www.heddata.se\/webbutik\/produkt\/d-link-9m-hdf-400-forlangningskabel-ant24-cb09\/\" \/>\n<meta property=\"og:site_name\" content=\"Datorer, Skrivare, F\u00e4rgpatroner, Mobiltelefoner\" \/>\n<meta property=\"article:modified_time\" content=\"2026-04-03T16:11:02+00:00\" \/>\n<meta property=\"og:image\" content=\"https:\/\/www.heddata.se\/webbutik\/wp-content\/uploads\/webbutik\/kategorier\/antenn\/d-link-forlangningskabel.jpg\" \/>\n\t<meta property=\"og:image:width\" content=\"700\" \/>\n\t<meta property=\"og:image:height\" content=\"700\" \/>\n\t<meta property=\"og:image:type\" content=\"image\/jpeg\" \/>\n<meta name=\"twitter:card\" content=\"summary_large_image\" \/>\n<script type=\"application\/ld+json\" class=\"yoast-schema-graph\">{\"@context\":\"https:\/\/schema.org\",\"@graph\":[{\"@type\":\"WebPage\",\"@id\":\"https:\/\/www.heddata.se\/webbutik\/produkt\/d-link-9m-hdf-400-forlangningskabel-ant24-cb09\/\",\"url\":\"https:\/\/www.heddata.se\/webbutik\/produkt\/d-link-9m-hdf-400-forlangningskabel-ant24-cb09\/\",\"name\":\"D-Link 9m HDF-400 F\u00f6rl\u00e4ngningskabel ANT24-CB09\",\"isPartOf\":{\"@id\":\"https:\/\/www.heddata.se\/webbutik\/#website\"},\"primaryImageOfPage\":{\"@id\":\"https:\/\/www.heddata.se\/webbutik\/produkt\/d-link-9m-hdf-400-forlangningskabel-ant24-cb09\/#primaryimage\"},\"image\":{\"@id\":\"https:\/\/www.heddata.se\/webbutik\/produkt\/d-link-9m-hdf-400-forlangningskabel-ant24-cb09\/#primaryimage\"},\"thumbnailUrl\":\"https:\/\/www.heddata.se\/webbutik\/wp-content\/uploads\/webbutik\/kategorier\/antenn\/d-link-forlangningskabel.jpg\",\"datePublished\":\"2019-12-03T12:44:45+00:00\",\"dateModified\":\"2026-04-03T16:11:02+00:00\",\"description\":\"D-Link 9m HDF-400 F\u00f6rl\u00e4ngningskabel ANT24-CB09 f\u00f6r utomhus- eller takinstallationer n\u00e4r avst\u00e5nd mellan en tr\u00e5dl\u00f6s \u00e5tkomstpunkt (AP) och en antenn kr\u00e4vs.\",\"breadcrumb\":{\"@id\":\"https:\/\/www.heddata.se\/webbutik\/produkt\/d-link-9m-hdf-400-forlangningskabel-ant24-cb09\/#breadcrumb\"},\"inLanguage\":\"sv-SE\",\"potentialAction\":[{\"@type\":\"ReadAction\",\"target\":[\"https:\/\/www.heddata.se\/webbutik\/produkt\/d-link-9m-hdf-400-forlangningskabel-ant24-cb09\/\"]}]},{\"@type\":\"ImageObject\",\"inLanguage\":\"sv-SE\",\"@id\":\"https:\/\/www.heddata.se\/webbutik\/produkt\/d-link-9m-hdf-400-forlangningskabel-ant24-cb09\/#primaryimage\",\"url\":\"https:\/\/www.heddata.se\/webbutik\/wp-content\/uploads\/webbutik\/kategorier\/antenn\/d-link-forlangningskabel.jpg\",\"contentUrl\":\"https:\/\/www.heddata.se\/webbutik\/wp-content\/uploads\/webbutik\/kategorier\/antenn\/d-link-forlangningskabel.jpg\",\"width\":700,\"height\":700,\"caption\":\"D-Link 9m HDF-400 F\u00f6rl\u00e4ngningskabel ANT24-CB09\"},{\"@type\":\"BreadcrumbList\",\"@id\":\"https:\/\/www.heddata.se\/webbutik\/produkt\/d-link-9m-hdf-400-forlangningskabel-ant24-cb09\/#breadcrumb\",\"itemListElement\":[{\"@type\":\"ListItem\",\"position\":1,\"name\":\"Hem\",\"item\":\"https:\/\/www.heddata.se\/webbutik\/\"},{\"@type\":\"ListItem\",\"position\":2,\"name\":\"Produkter\",\"item\":\"https:\/\/www.heddata.se\/webbutik\/shop\/\"},{\"@type\":\"ListItem\",\"position\":3,\"name\":\"D-Link 9m HDF-400 F\u00f6rl\u00e4ngningskabel ANT24-CB09\"}]},{\"@type\":\"WebSite\",\"@id\":\"https:\/\/www.heddata.se\/webbutik\/#website\",\"url\":\"https:\/\/www.heddata.se\/webbutik\/\",\"name\":\"Datorer, Skrivare, F\u00e4rgpatroner, Mobiltelefoner\",\"description\":\"Kablar\",\"publisher\":{\"@id\":\"https:\/\/www.heddata.se\/webbutik\/#organization\"},\"potentialAction\":[{\"@type\":\"SearchAction\",\"target\":{\"@type\":\"EntryPoint\",\"urlTemplate\":\"https:\/\/www.heddata.se\/webbutik\/?s={search_term_string}\"},\"query-input\":{\"@type\":\"PropertyValueSpecification\",\"valueRequired\":true,\"valueName\":\"search_term_string\"}}],\"inLanguage\":\"sv-SE\"},{\"@type\":\"Organization\",\"@id\":\"https:\/\/www.heddata.se\/webbutik\/#organization\",\"name\":\"Heddata AB\",\"url\":\"https:\/\/www.heddata.se\/webbutik\/\",\"logo\":{\"@type\":\"ImageObject\",\"inLanguage\":\"sv-SE\",\"@id\":\"https:\/\/www.heddata.se\/webbutik\/#\/schema\/logo\/image\/\",\"url\":\"https:\/\/www.heddata.se\/webbutik\/wp-content\/uploads\/logga\/heddata-ab-logga.png\",\"contentUrl\":\"https:\/\/www.heddata.se\/webbutik\/wp-content\/uploads\/logga\/heddata-ab-logga.png\",\"width\":200,\"height\":64,\"caption\":\"Heddata AB\"},\"image\":{\"@id\":\"https:\/\/www.heddata.se\/webbutik\/#\/schema\/logo\/image\/\"}}]}<\/script>\n<!-- \/ Yoast SEO Premium plugin. -->","yoast_head_json":{"title":"D-Link 9m HDF-400 F\u00f6rl\u00e4ngningskabel ANT24-CB09","description":"D-Link 9m HDF-400 F\u00f6rl\u00e4ngningskabel ANT24-CB09 f\u00f6r utomhus- eller takinstallationer n\u00e4r avst\u00e5nd mellan en tr\u00e5dl\u00f6s \u00e5tkomstpunkt (AP) och en antenn kr\u00e4vs.","robots":{"index":"index","follow":"follow","max-snippet":"max-snippet:-1","max-image-preview":"max-image-preview:large","max-video-preview":"max-video-preview:-1"},"canonical":"https:\/\/www.heddata.se\/webbutik\/produkt\/d-link-9m-hdf-400-forlangningskabel-ant24-cb09\/","og_locale":"sv_SE","og_type":"article","og_title":"D-Link 9m HDF-400 F\u00f6rl\u00e4ngningskabel ANT24-CB09","og_description":"D-Link 9m HDF-400 F\u00f6rl\u00e4ngningskabel ANT24-CB09 f\u00f6r utomhus- eller takinstallationer n\u00e4r avst\u00e5nd mellan en tr\u00e5dl\u00f6s \u00e5tkomstpunkt (AP) och en antenn kr\u00e4vs.","og_url":"https:\/\/www.heddata.se\/webbutik\/produkt\/d-link-9m-hdf-400-forlangningskabel-ant24-cb09\/","og_site_name":"Datorer, Skrivare, F\u00e4rgpatroner, Mobiltelefoner","article_modified_time":"2026-04-03T16:11:02+00:00","og_image":[{"width":700,"height":700,"url":"https:\/\/www.heddata.se\/webbutik\/wp-content\/uploads\/webbutik\/kategorier\/antenn\/d-link-forlangningskabel.jpg","type":"image\/jpeg"}],"twitter_card":"summary_large_image","schema":{"@context":"https:\/\/schema.org","@graph":[{"@type":"WebPage","@id":"https:\/\/www.heddata.se\/webbutik\/produkt\/d-link-9m-hdf-400-forlangningskabel-ant24-cb09\/","url":"https:\/\/www.heddata.se\/webbutik\/produkt\/d-link-9m-hdf-400-forlangningskabel-ant24-cb09\/","name":"D-Link 9m HDF-400 F\u00f6rl\u00e4ngningskabel ANT24-CB09","isPartOf":{"@id":"https:\/\/www.heddata.se\/webbutik\/#website"},"primaryImageOfPage":{"@id":"https:\/\/www.heddata.se\/webbutik\/produkt\/d-link-9m-hdf-400-forlangningskabel-ant24-cb09\/#primaryimage"},"image":{"@id":"https:\/\/www.heddata.se\/webbutik\/produkt\/d-link-9m-hdf-400-forlangningskabel-ant24-cb09\/#primaryimage"},"thumbnailUrl":"https:\/\/www.heddata.se\/webbutik\/wp-content\/uploads\/webbutik\/kategorier\/antenn\/d-link-forlangningskabel.jpg","datePublished":"2019-12-03T12:44:45+00:00","dateModified":"2026-04-03T16:11:02+00:00","description":"D-Link 9m HDF-400 F\u00f6rl\u00e4ngningskabel ANT24-CB09 f\u00f6r utomhus- eller takinstallationer n\u00e4r avst\u00e5nd mellan en tr\u00e5dl\u00f6s \u00e5tkomstpunkt (AP) och en antenn kr\u00e4vs.","breadcrumb":{"@id":"https:\/\/www.heddata.se\/webbutik\/produkt\/d-link-9m-hdf-400-forlangningskabel-ant24-cb09\/#breadcrumb"},"inLanguage":"sv-SE","potentialAction":[{"@type":"ReadAction","target":["https:\/\/www.heddata.se\/webbutik\/produkt\/d-link-9m-hdf-400-forlangningskabel-ant24-cb09\/"]}]},{"@type":"ImageObject","inLanguage":"sv-SE","@id":"https:\/\/www.heddata.se\/webbutik\/produkt\/d-link-9m-hdf-400-forlangningskabel-ant24-cb09\/#primaryimage","url":"https:\/\/www.heddata.se\/webbutik\/wp-content\/uploads\/webbutik\/kategorier\/antenn\/d-link-forlangningskabel.jpg","contentUrl":"https:\/\/www.heddata.se\/webbutik\/wp-content\/uploads\/webbutik\/kategorier\/antenn\/d-link-forlangningskabel.jpg","width":700,"height":700,"caption":"D-Link 9m HDF-400 F\u00f6rl\u00e4ngningskabel ANT24-CB09"},{"@type":"BreadcrumbList","@id":"https:\/\/www.heddata.se\/webbutik\/produkt\/d-link-9m-hdf-400-forlangningskabel-ant24-cb09\/#breadcrumb","itemListElement":[{"@type":"ListItem","position":1,"name":"Hem","item":"https:\/\/www.heddata.se\/webbutik\/"},{"@type":"ListItem","position":2,"name":"Produkter","item":"https:\/\/www.heddata.se\/webbutik\/shop\/"},{"@type":"ListItem","position":3,"name":"D-Link 9m HDF-400 F\u00f6rl\u00e4ngningskabel ANT24-CB09"}]},{"@type":"WebSite","@id":"https:\/\/www.heddata.se\/webbutik\/#website","url":"https:\/\/www.heddata.se\/webbutik\/","name":"Datorer, Skrivare, F\u00e4rgpatroner, Mobiltelefoner","description":"Kablar","publisher":{"@id":"https:\/\/www.heddata.se\/webbutik\/#organization"},"potentialAction":[{"@type":"SearchAction","target":{"@type":"EntryPoint","urlTemplate":"https:\/\/www.heddata.se\/webbutik\/?s={search_term_string}"},"query-input":{"@type":"PropertyValueSpecification","valueRequired":true,"valueName":"search_term_string"}}],"inLanguage":"sv-SE"},{"@type":"Organization","@id":"https:\/\/www.heddata.se\/webbutik\/#organization","name":"Heddata AB","url":"https:\/\/www.heddata.se\/webbutik\/","logo":{"@type":"ImageObject","inLanguage":"sv-SE","@id":"https:\/\/www.heddata.se\/webbutik\/#\/schema\/logo\/image\/","url":"https:\/\/www.heddata.se\/webbutik\/wp-content\/uploads\/logga\/heddata-ab-logga.png","contentUrl":"https:\/\/www.heddata.se\/webbutik\/wp-content\/uploads\/logga\/heddata-ab-logga.png","width":200,"height":64,"caption":"Heddata AB"},"image":{"@id":"https:\/\/www.heddata.se\/webbutik\/#\/schema\/logo\/image\/"}}]}},"_links":{"self":[{"href":"https:\/\/www.heddata.se\/webbutik\/wp-json\/wp\/v2\/product\/10622","targetHints":{"allow":["GET"]}}],"collection":[{"href":"https:\/\/www.heddata.se\/webbutik\/wp-json\/wp\/v2\/product"}],"about":[{"href":"https:\/\/www.heddata.se\/webbutik\/wp-json\/wp\/v2\/types\/product"}],"wp:featuredmedia":[{"embeddable":true,"href":"https:\/\/www.heddata.se\/webbutik\/wp-json\/wp\/v2\/media\/74360"}],"wp:attachment":[{"href":"https:\/\/www.heddata.se\/webbutik\/wp-json\/wp\/v2\/media?parent=10622"}],"wp:term":[{"taxonomy":"product_brand","embeddable":true,"href":"https:\/\/www.heddata.se\/webbutik\/wp-json\/wp\/v2\/product_brand?post=10622"},{"taxonomy":"product_cat","embeddable":true,"href":"https:\/\/www.heddata.se\/webbutik\/wp-json\/wp\/v2\/product_cat?post=10622"},{"taxonomy":"product_tag","embeddable":true,"href":"https:\/\/www.heddata.se\/webbutik\/wp-json\/wp\/v2\/product_tag?post=10622"}],"curies":[{"name":"wp","href":"https:\/\/api.w.org\/{rel}","templated":true}]}}