{"id":10621,"date":"2019-12-03T13:44:45","date_gmt":"2019-12-03T12:44:45","guid":{"rendered":"https:\/\/www.heddata.se\/webbutik\/?post_type=product&#038;p=10621"},"modified":"2026-05-15T16:09:02","modified_gmt":"2026-05-15T14:09:02","slug":"asus-transformer-pad-mobile-dock","status":"publish","type":"product","link":"https:\/\/www.heddata.se\/webbutik\/produkt\/asus-transformer-pad-mobile-dock\/","title":{"rendered":"ASUS Transformer Pad mobile dock"},"content":{"rendered":"<p dir=\"ltr\" data-placeholder=\"\u00d6vers\u00e4ttning\">ASUS Transformer Pad mobile dock<\/p>\n<p id=\"tw-target-text\" class=\"tw-data-text tw-text-large tw-ta\" dir=\"ltr\" data-placeholder=\"\u00d6vers\u00e4ttning\"><span lang=\"sv\">Den mobila dockan erbjuder ett komplett Chiclet QWERTY-tangentbord och pekplatta med multi touch, tillsammans med en USB-port och SD-kortplats som kombinerar produktivitet och mobil flexibilitet. Ladda din <a href=\"https:\/\/www.heddata.se\/webbutik\/telefon-surfplattor\/surfplattor\/\">platta<\/a> med det extra batteriet n\u00e4r str\u00f6mmen \u00e4r slut!<\/span><\/p>\n<table class=\"table table-noborders table-striped\">\n<tbody>\n<tr>\n<td>Produktbeskrivning<\/td>\n<td><a href=\"https:\/\/www.asus.com\/se\/\" target=\"_blank\" rel=\"noopener noreferrer\">ASUS<\/a> TF300 DOCK 1A &#8211; dockningsstation bl\u00e5<\/td>\n<\/tr>\n<tr>\n<td>Typ av produkt<\/td>\n<td>Dockningsstation<\/td>\n<\/tr>\n<tr>\n<td>Avsedd f\u00f6r<\/td>\n<td>Surfplatta<\/td>\n<\/tr>\n<tr>\n<td>Integrerade komponenter<\/td>\n<td>SD-kortl\u00e4sare, pekplatta, tangentbord, USB 2.0-port<\/td>\n<\/tr>\n<tr>\n<td>Batteri<\/td>\n<td>Laddningsbart<\/td>\n<\/tr>\n<tr>\n<td>Dimensioner (BxDxH)<\/td>\n<td>26.3 cm x 18.08 cm x 1.02 cm<\/td>\n<\/tr>\n<tr>\n<td>Vikt<\/td>\n<td>0.546 kg<\/td>\n<\/tr>\n<tr>\n<td>Designat f\u00f6r<\/td>\n<td>Transformer Pad TF300T, TF300TG<\/td>\n<\/tr>\n<\/tbody>\n<\/table>\n","protected":false},"excerpt":{"rendered":"<p>ASUS Transformer Pad mobile dock<\/p>\n","protected":false},"featured_media":82908,"template":"","meta":[],"product_brand":[],"product_cat":[104,63,7953],"product_tag":[],"class_list":{"0":"post-10621","1":"product","2":"type-product","3":"status-publish","4":"has-post-thumbnail","6":"product_cat-surfplattor","7":"product_cat-telefoner-surfplattor","8":"product_cat-tillbehor-surfplattor","10":"first","11":"instock","12":"taxable","13":"shipping-taxable","14":"purchasable","15":"product-type-simple"},"yoast_head":"<!-- This site is optimized with the Yoast SEO Premium plugin v26.7 (Yoast SEO v26.7) - https:\/\/yoast.com\/wordpress\/plugins\/seo\/ -->\n<title>ASUS Transformer Pad mobile dock<\/title>\n<meta name=\"description\" content=\"ASUS Transformer Pad mobile dock\" \/>\n<meta name=\"robots\" content=\"index, follow, max-snippet:-1, max-image-preview:large, max-video-preview:-1\" \/>\n<link rel=\"canonical\" href=\"https:\/\/www.heddata.se\/webbutik\/produkt\/asus-transformer-pad-mobile-dock\/\" \/>\n<meta property=\"og:locale\" content=\"sv_SE\" \/>\n<meta property=\"og:type\" content=\"article\" \/>\n<meta property=\"og:title\" content=\"ASUS Transformer Pad mobile dock\" \/>\n<meta property=\"og:description\" content=\"ASUS Transformer Pad mobile dock\" \/>\n<meta property=\"og:url\" content=\"https:\/\/www.heddata.se\/webbutik\/produkt\/asus-transformer-pad-mobile-dock\/\" \/>\n<meta property=\"og:site_name\" content=\"Datorer, Skrivare, F\u00e4rgpatroner, Mobiltelefoner\" \/>\n<meta property=\"article:modified_time\" content=\"2026-05-15T14:09:02+00:00\" \/>\n<meta property=\"og:image\" content=\"https:\/\/www.heddata.se\/webbutik\/wp-content\/uploads\/webbutik\/kategorier\/mobiltelefoner-surfplattor\/asus-transformer.jpg\" \/>\n\t<meta property=\"og:image:width\" content=\"946\" \/>\n\t<meta property=\"og:image:height\" content=\"946\" \/>\n\t<meta property=\"og:image:type\" content=\"image\/jpeg\" \/>\n<meta name=\"twitter:card\" content=\"summary_large_image\" \/>\n<script type=\"application\/ld+json\" class=\"yoast-schema-graph\">{\"@context\":\"https:\/\/schema.org\",\"@graph\":[{\"@type\":\"WebPage\",\"@id\":\"https:\/\/www.heddata.se\/webbutik\/produkt\/asus-transformer-pad-mobile-dock\/\",\"url\":\"https:\/\/www.heddata.se\/webbutik\/produkt\/asus-transformer-pad-mobile-dock\/\",\"name\":\"ASUS Transformer Pad mobile dock\",\"isPartOf\":{\"@id\":\"https:\/\/www.heddata.se\/webbutik\/#website\"},\"primaryImageOfPage\":{\"@id\":\"https:\/\/www.heddata.se\/webbutik\/produkt\/asus-transformer-pad-mobile-dock\/#primaryimage\"},\"image\":{\"@id\":\"https:\/\/www.heddata.se\/webbutik\/produkt\/asus-transformer-pad-mobile-dock\/#primaryimage\"},\"thumbnailUrl\":\"https:\/\/www.heddata.se\/webbutik\/wp-content\/uploads\/webbutik\/kategorier\/mobiltelefoner-surfplattor\/asus-transformer.jpg\",\"datePublished\":\"2019-12-03T12:44:45+00:00\",\"dateModified\":\"2026-05-15T14:09:02+00:00\",\"description\":\"ASUS Transformer Pad mobile dock\",\"breadcrumb\":{\"@id\":\"https:\/\/www.heddata.se\/webbutik\/produkt\/asus-transformer-pad-mobile-dock\/#breadcrumb\"},\"inLanguage\":\"sv-SE\",\"potentialAction\":[{\"@type\":\"ReadAction\",\"target\":[\"https:\/\/www.heddata.se\/webbutik\/produkt\/asus-transformer-pad-mobile-dock\/\"]}]},{\"@type\":\"ImageObject\",\"inLanguage\":\"sv-SE\",\"@id\":\"https:\/\/www.heddata.se\/webbutik\/produkt\/asus-transformer-pad-mobile-dock\/#primaryimage\",\"url\":\"https:\/\/www.heddata.se\/webbutik\/wp-content\/uploads\/webbutik\/kategorier\/mobiltelefoner-surfplattor\/asus-transformer.jpg\",\"contentUrl\":\"https:\/\/www.heddata.se\/webbutik\/wp-content\/uploads\/webbutik\/kategorier\/mobiltelefoner-surfplattor\/asus-transformer.jpg\",\"width\":946,\"height\":946,\"caption\":\"ASUS Transformer Pad mobile\"},{\"@type\":\"BreadcrumbList\",\"@id\":\"https:\/\/www.heddata.se\/webbutik\/produkt\/asus-transformer-pad-mobile-dock\/#breadcrumb\",\"itemListElement\":[{\"@type\":\"ListItem\",\"position\":1,\"name\":\"Hem\",\"item\":\"https:\/\/www.heddata.se\/webbutik\/\"},{\"@type\":\"ListItem\",\"position\":2,\"name\":\"Produkter\",\"item\":\"https:\/\/www.heddata.se\/webbutik\/shop\/\"},{\"@type\":\"ListItem\",\"position\":3,\"name\":\"ASUS Transformer Pad mobile dock\"}]},{\"@type\":\"WebSite\",\"@id\":\"https:\/\/www.heddata.se\/webbutik\/#website\",\"url\":\"https:\/\/www.heddata.se\/webbutik\/\",\"name\":\"Datorer, Skrivare, F\u00e4rgpatroner, Mobiltelefoner\",\"description\":\"Kablar\",\"publisher\":{\"@id\":\"https:\/\/www.heddata.se\/webbutik\/#organization\"},\"potentialAction\":[{\"@type\":\"SearchAction\",\"target\":{\"@type\":\"EntryPoint\",\"urlTemplate\":\"https:\/\/www.heddata.se\/webbutik\/?s={search_term_string}\"},\"query-input\":{\"@type\":\"PropertyValueSpecification\",\"valueRequired\":true,\"valueName\":\"search_term_string\"}}],\"inLanguage\":\"sv-SE\"},{\"@type\":\"Organization\",\"@id\":\"https:\/\/www.heddata.se\/webbutik\/#organization\",\"name\":\"Heddata AB\",\"url\":\"https:\/\/www.heddata.se\/webbutik\/\",\"logo\":{\"@type\":\"ImageObject\",\"inLanguage\":\"sv-SE\",\"@id\":\"https:\/\/www.heddata.se\/webbutik\/#\/schema\/logo\/image\/\",\"url\":\"https:\/\/www.heddata.se\/webbutik\/wp-content\/uploads\/logga\/heddata-ab-logga.png\",\"contentUrl\":\"https:\/\/www.heddata.se\/webbutik\/wp-content\/uploads\/logga\/heddata-ab-logga.png\",\"width\":200,\"height\":64,\"caption\":\"Heddata AB\"},\"image\":{\"@id\":\"https:\/\/www.heddata.se\/webbutik\/#\/schema\/logo\/image\/\"}}]}<\/script>\n<!-- \/ Yoast SEO Premium plugin. -->","yoast_head_json":{"title":"ASUS Transformer Pad mobile dock","description":"ASUS Transformer Pad mobile dock","robots":{"index":"index","follow":"follow","max-snippet":"max-snippet:-1","max-image-preview":"max-image-preview:large","max-video-preview":"max-video-preview:-1"},"canonical":"https:\/\/www.heddata.se\/webbutik\/produkt\/asus-transformer-pad-mobile-dock\/","og_locale":"sv_SE","og_type":"article","og_title":"ASUS Transformer Pad mobile dock","og_description":"ASUS Transformer Pad mobile dock","og_url":"https:\/\/www.heddata.se\/webbutik\/produkt\/asus-transformer-pad-mobile-dock\/","og_site_name":"Datorer, Skrivare, F\u00e4rgpatroner, Mobiltelefoner","article_modified_time":"2026-05-15T14:09:02+00:00","og_image":[{"width":946,"height":946,"url":"https:\/\/www.heddata.se\/webbutik\/wp-content\/uploads\/webbutik\/kategorier\/mobiltelefoner-surfplattor\/asus-transformer.jpg","type":"image\/jpeg"}],"twitter_card":"summary_large_image","schema":{"@context":"https:\/\/schema.org","@graph":[{"@type":"WebPage","@id":"https:\/\/www.heddata.se\/webbutik\/produkt\/asus-transformer-pad-mobile-dock\/","url":"https:\/\/www.heddata.se\/webbutik\/produkt\/asus-transformer-pad-mobile-dock\/","name":"ASUS Transformer Pad mobile dock","isPartOf":{"@id":"https:\/\/www.heddata.se\/webbutik\/#website"},"primaryImageOfPage":{"@id":"https:\/\/www.heddata.se\/webbutik\/produkt\/asus-transformer-pad-mobile-dock\/#primaryimage"},"image":{"@id":"https:\/\/www.heddata.se\/webbutik\/produkt\/asus-transformer-pad-mobile-dock\/#primaryimage"},"thumbnailUrl":"https:\/\/www.heddata.se\/webbutik\/wp-content\/uploads\/webbutik\/kategorier\/mobiltelefoner-surfplattor\/asus-transformer.jpg","datePublished":"2019-12-03T12:44:45+00:00","dateModified":"2026-05-15T14:09:02+00:00","description":"ASUS Transformer Pad mobile dock","breadcrumb":{"@id":"https:\/\/www.heddata.se\/webbutik\/produkt\/asus-transformer-pad-mobile-dock\/#breadcrumb"},"inLanguage":"sv-SE","potentialAction":[{"@type":"ReadAction","target":["https:\/\/www.heddata.se\/webbutik\/produkt\/asus-transformer-pad-mobile-dock\/"]}]},{"@type":"ImageObject","inLanguage":"sv-SE","@id":"https:\/\/www.heddata.se\/webbutik\/produkt\/asus-transformer-pad-mobile-dock\/#primaryimage","url":"https:\/\/www.heddata.se\/webbutik\/wp-content\/uploads\/webbutik\/kategorier\/mobiltelefoner-surfplattor\/asus-transformer.jpg","contentUrl":"https:\/\/www.heddata.se\/webbutik\/wp-content\/uploads\/webbutik\/kategorier\/mobiltelefoner-surfplattor\/asus-transformer.jpg","width":946,"height":946,"caption":"ASUS Transformer Pad mobile"},{"@type":"BreadcrumbList","@id":"https:\/\/www.heddata.se\/webbutik\/produkt\/asus-transformer-pad-mobile-dock\/#breadcrumb","itemListElement":[{"@type":"ListItem","position":1,"name":"Hem","item":"https:\/\/www.heddata.se\/webbutik\/"},{"@type":"ListItem","position":2,"name":"Produkter","item":"https:\/\/www.heddata.se\/webbutik\/shop\/"},{"@type":"ListItem","position":3,"name":"ASUS Transformer Pad mobile dock"}]},{"@type":"WebSite","@id":"https:\/\/www.heddata.se\/webbutik\/#website","url":"https:\/\/www.heddata.se\/webbutik\/","name":"Datorer, Skrivare, F\u00e4rgpatroner, Mobiltelefoner","description":"Kablar","publisher":{"@id":"https:\/\/www.heddata.se\/webbutik\/#organization"},"potentialAction":[{"@type":"SearchAction","target":{"@type":"EntryPoint","urlTemplate":"https:\/\/www.heddata.se\/webbutik\/?s={search_term_string}"},"query-input":{"@type":"PropertyValueSpecification","valueRequired":true,"valueName":"search_term_string"}}],"inLanguage":"sv-SE"},{"@type":"Organization","@id":"https:\/\/www.heddata.se\/webbutik\/#organization","name":"Heddata AB","url":"https:\/\/www.heddata.se\/webbutik\/","logo":{"@type":"ImageObject","inLanguage":"sv-SE","@id":"https:\/\/www.heddata.se\/webbutik\/#\/schema\/logo\/image\/","url":"https:\/\/www.heddata.se\/webbutik\/wp-content\/uploads\/logga\/heddata-ab-logga.png","contentUrl":"https:\/\/www.heddata.se\/webbutik\/wp-content\/uploads\/logga\/heddata-ab-logga.png","width":200,"height":64,"caption":"Heddata AB"},"image":{"@id":"https:\/\/www.heddata.se\/webbutik\/#\/schema\/logo\/image\/"}}]}},"_links":{"self":[{"href":"https:\/\/www.heddata.se\/webbutik\/wp-json\/wp\/v2\/product\/10621","targetHints":{"allow":["GET"]}}],"collection":[{"href":"https:\/\/www.heddata.se\/webbutik\/wp-json\/wp\/v2\/product"}],"about":[{"href":"https:\/\/www.heddata.se\/webbutik\/wp-json\/wp\/v2\/types\/product"}],"wp:featuredmedia":[{"embeddable":true,"href":"https:\/\/www.heddata.se\/webbutik\/wp-json\/wp\/v2\/media\/82908"}],"wp:attachment":[{"href":"https:\/\/www.heddata.se\/webbutik\/wp-json\/wp\/v2\/media?parent=10621"}],"wp:term":[{"taxonomy":"product_brand","embeddable":true,"href":"https:\/\/www.heddata.se\/webbutik\/wp-json\/wp\/v2\/product_brand?post=10621"},{"taxonomy":"product_cat","embeddable":true,"href":"https:\/\/www.heddata.se\/webbutik\/wp-json\/wp\/v2\/product_cat?post=10621"},{"taxonomy":"product_tag","embeddable":true,"href":"https:\/\/www.heddata.se\/webbutik\/wp-json\/wp\/v2\/product_tag?post=10621"}],"curies":[{"name":"wp","href":"https:\/\/api.w.org\/{rel}","templated":true}]}}