{"id":10618,"date":"2019-12-03T13:44:42","date_gmt":"2019-12-03T12:44:42","guid":{"rendered":"https:\/\/www.heddata.se\/webbutik\/?post_type=product&#038;p=10618"},"modified":"2026-05-06T18:09:01","modified_gmt":"2026-05-06T16:09:01","slug":"universalnatadapter-2-25-a-3-4-5-5-6-7-5-9-12-vdc","status":"publish","type":"product","link":"https:\/\/www.heddata.se\/webbutik\/produkt\/universalnatadapter-2-25-a-3-4-5-5-6-7-5-9-12-vdc\/","title":{"rendered":"Universaln\u00e4tadapter 2.25 A | 3\/4.5\/5\/6\/7.5\/9\/12 VDC"},"content":{"rendered":"<p>Universaln\u00e4tadapter 2.25 A fr\u00e5n <a href=\"https:\/\/nedis.se\/sv-se\" target=\"_blank\" rel=\"noopener noreferrer\">Nedis<\/a>. Mycket kompakt och supereffektiva universal 27 W plug-in adapter med 3-12 V utg\u00e5ng och LED-indikator. De 6 utbytbara str\u00f6m-tipsen g\u00f6r att denna <a href=\"https:\/\/www.heddata.se\/webbutik\/kablar\/adaptrar\/\">adapter<\/a> passar f\u00f6r m\u00e5nga enheter.<\/p>\n<p><strong>Storlek pluggar:<\/strong><br \/>\n2,5 \/ 3,5 \/ 5.0&#215;2.1 \/ 5.5&#215;2.5 \/ 3.5&#215;1.35 \/ 5.5&#215;1.5 \/ mm<\/p>\n<p><strong>Paketet inneh\u00e5ller<\/strong><br \/>\nAdapter<br \/>\n6x Power tip<br \/>\nManual<\/p>\n","protected":false},"excerpt":{"rendered":"<p>Universaln\u00e4tadapter 2.25 A<\/p>\n","protected":false},"featured_media":14921,"template":"","meta":[],"product_brand":[],"product_cat":[65,1473,3366,1475],"product_tag":[],"class_list":{"0":"post-10618","1":"product","2":"type-product","3":"status-publish","4":"has-post-thumbnail","6":"product_cat-datorer-tillbehor","7":"product_cat-el","8":"product_cat-ovrigt-datortillbehor","9":"product_cat-stromkablar","11":"first","12":"instock","13":"taxable","14":"shipping-taxable","15":"purchasable","16":"product-type-simple"},"yoast_head":"<!-- This site is optimized with the Yoast SEO Premium plugin v26.7 (Yoast SEO v26.7) - https:\/\/yoast.com\/wordpress\/plugins\/seo\/ -->\n<title>Universaln\u00e4tadapter 2.25 A | 3\/4.5\/5\/6\/7.5\/9\/12 VDC<\/title>\n<meta name=\"description\" content=\"Universaln\u00e4tadapter 2.25 A. Mycket kompakt och supereffektiva universal 27 W plug-in adapter med 3-12 V utg\u00e5ng och LED-indikator\" \/>\n<meta name=\"robots\" content=\"index, follow, max-snippet:-1, max-image-preview:large, max-video-preview:-1\" \/>\n<link rel=\"canonical\" href=\"https:\/\/www.heddata.se\/webbutik\/produkt\/universalnatadapter-2-25-a-3-4-5-5-6-7-5-9-12-vdc\/\" \/>\n<meta property=\"og:locale\" content=\"sv_SE\" \/>\n<meta property=\"og:type\" content=\"article\" \/>\n<meta property=\"og:title\" content=\"Universaln\u00e4tadapter 2.25 A | 3\/4.5\/5\/6\/7.5\/9\/12 VDC\" \/>\n<meta property=\"og:description\" content=\"Universaln\u00e4tadapter 2.25 A. Mycket kompakt och supereffektiva universal 27 W plug-in adapter med 3-12 V utg\u00e5ng och LED-indikator\" \/>\n<meta property=\"og:url\" content=\"https:\/\/www.heddata.se\/webbutik\/produkt\/universalnatadapter-2-25-a-3-4-5-5-6-7-5-9-12-vdc\/\" \/>\n<meta property=\"og:site_name\" content=\"Datorer, Skrivare, F\u00e4rgpatroner, Mobiltelefoner\" \/>\n<meta property=\"article:modified_time\" content=\"2026-05-06T16:09:01+00:00\" \/>\n<meta property=\"og:image\" content=\"https:\/\/www.heddata.se\/webbutik\/wp-content\/uploads\/webbutik\/kategorier\/EL\/Universalnatadapter-2.25-A-ACPA008.jpg\" \/>\n\t<meta property=\"og:image:width\" content=\"1200\" \/>\n\t<meta property=\"og:image:height\" content=\"1200\" \/>\n\t<meta property=\"og:image:type\" content=\"image\/jpeg\" \/>\n<meta name=\"twitter:card\" content=\"summary_large_image\" \/>\n<script type=\"application\/ld+json\" class=\"yoast-schema-graph\">{\"@context\":\"https:\/\/schema.org\",\"@graph\":[{\"@type\":\"WebPage\",\"@id\":\"https:\/\/www.heddata.se\/webbutik\/produkt\/universalnatadapter-2-25-a-3-4-5-5-6-7-5-9-12-vdc\/\",\"url\":\"https:\/\/www.heddata.se\/webbutik\/produkt\/universalnatadapter-2-25-a-3-4-5-5-6-7-5-9-12-vdc\/\",\"name\":\"Universaln\u00e4tadapter 2.25 A | 3\/4.5\/5\/6\/7.5\/9\/12 VDC\",\"isPartOf\":{\"@id\":\"https:\/\/www.heddata.se\/webbutik\/#website\"},\"primaryImageOfPage\":{\"@id\":\"https:\/\/www.heddata.se\/webbutik\/produkt\/universalnatadapter-2-25-a-3-4-5-5-6-7-5-9-12-vdc\/#primaryimage\"},\"image\":{\"@id\":\"https:\/\/www.heddata.se\/webbutik\/produkt\/universalnatadapter-2-25-a-3-4-5-5-6-7-5-9-12-vdc\/#primaryimage\"},\"thumbnailUrl\":\"https:\/\/www.heddata.se\/webbutik\/wp-content\/uploads\/webbutik\/kategorier\/EL\/Universalnatadapter-2.25-A-ACPA008.jpg\",\"datePublished\":\"2019-12-03T12:44:42+00:00\",\"dateModified\":\"2026-05-06T16:09:01+00:00\",\"description\":\"Universaln\u00e4tadapter 2.25 A. Mycket kompakt och supereffektiva universal 27 W plug-in adapter med 3-12 V utg\u00e5ng och LED-indikator\",\"breadcrumb\":{\"@id\":\"https:\/\/www.heddata.se\/webbutik\/produkt\/universalnatadapter-2-25-a-3-4-5-5-6-7-5-9-12-vdc\/#breadcrumb\"},\"inLanguage\":\"sv-SE\",\"potentialAction\":[{\"@type\":\"ReadAction\",\"target\":[\"https:\/\/www.heddata.se\/webbutik\/produkt\/universalnatadapter-2-25-a-3-4-5-5-6-7-5-9-12-vdc\/\"]}]},{\"@type\":\"ImageObject\",\"inLanguage\":\"sv-SE\",\"@id\":\"https:\/\/www.heddata.se\/webbutik\/produkt\/universalnatadapter-2-25-a-3-4-5-5-6-7-5-9-12-vdc\/#primaryimage\",\"url\":\"https:\/\/www.heddata.se\/webbutik\/wp-content\/uploads\/webbutik\/kategorier\/EL\/Universalnatadapter-2.25-A-ACPA008.jpg\",\"contentUrl\":\"https:\/\/www.heddata.se\/webbutik\/wp-content\/uploads\/webbutik\/kategorier\/EL\/Universalnatadapter-2.25-A-ACPA008.jpg\",\"width\":1200,\"height\":1200,\"caption\":\"Universaln\u00e4tadapter 2.25 A | 3\/4.5\/5\/6\/7.5\/9\/12 VDC\"},{\"@type\":\"BreadcrumbList\",\"@id\":\"https:\/\/www.heddata.se\/webbutik\/produkt\/universalnatadapter-2-25-a-3-4-5-5-6-7-5-9-12-vdc\/#breadcrumb\",\"itemListElement\":[{\"@type\":\"ListItem\",\"position\":1,\"name\":\"Hem\",\"item\":\"https:\/\/www.heddata.se\/webbutik\/\"},{\"@type\":\"ListItem\",\"position\":2,\"name\":\"Produkter\",\"item\":\"https:\/\/www.heddata.se\/webbutik\/shop\/\"},{\"@type\":\"ListItem\",\"position\":3,\"name\":\"Universaln\u00e4tadapter 2.25 A | 3\/4.5\/5\/6\/7.5\/9\/12 VDC\"}]},{\"@type\":\"WebSite\",\"@id\":\"https:\/\/www.heddata.se\/webbutik\/#website\",\"url\":\"https:\/\/www.heddata.se\/webbutik\/\",\"name\":\"Datorer, Skrivare, F\u00e4rgpatroner, Mobiltelefoner\",\"description\":\"Kablar\",\"publisher\":{\"@id\":\"https:\/\/www.heddata.se\/webbutik\/#organization\"},\"potentialAction\":[{\"@type\":\"SearchAction\",\"target\":{\"@type\":\"EntryPoint\",\"urlTemplate\":\"https:\/\/www.heddata.se\/webbutik\/?s={search_term_string}\"},\"query-input\":{\"@type\":\"PropertyValueSpecification\",\"valueRequired\":true,\"valueName\":\"search_term_string\"}}],\"inLanguage\":\"sv-SE\"},{\"@type\":\"Organization\",\"@id\":\"https:\/\/www.heddata.se\/webbutik\/#organization\",\"name\":\"Heddata AB\",\"url\":\"https:\/\/www.heddata.se\/webbutik\/\",\"logo\":{\"@type\":\"ImageObject\",\"inLanguage\":\"sv-SE\",\"@id\":\"https:\/\/www.heddata.se\/webbutik\/#\/schema\/logo\/image\/\",\"url\":\"https:\/\/www.heddata.se\/webbutik\/wp-content\/uploads\/logga\/heddata-ab-logga.png\",\"contentUrl\":\"https:\/\/www.heddata.se\/webbutik\/wp-content\/uploads\/logga\/heddata-ab-logga.png\",\"width\":200,\"height\":64,\"caption\":\"Heddata AB\"},\"image\":{\"@id\":\"https:\/\/www.heddata.se\/webbutik\/#\/schema\/logo\/image\/\"}}]}<\/script>\n<!-- \/ Yoast SEO Premium plugin. -->","yoast_head_json":{"title":"Universaln\u00e4tadapter 2.25 A | 3\/4.5\/5\/6\/7.5\/9\/12 VDC","description":"Universaln\u00e4tadapter 2.25 A. Mycket kompakt och supereffektiva universal 27 W plug-in adapter med 3-12 V utg\u00e5ng och LED-indikator","robots":{"index":"index","follow":"follow","max-snippet":"max-snippet:-1","max-image-preview":"max-image-preview:large","max-video-preview":"max-video-preview:-1"},"canonical":"https:\/\/www.heddata.se\/webbutik\/produkt\/universalnatadapter-2-25-a-3-4-5-5-6-7-5-9-12-vdc\/","og_locale":"sv_SE","og_type":"article","og_title":"Universaln\u00e4tadapter 2.25 A | 3\/4.5\/5\/6\/7.5\/9\/12 VDC","og_description":"Universaln\u00e4tadapter 2.25 A. Mycket kompakt och supereffektiva universal 27 W plug-in adapter med 3-12 V utg\u00e5ng och LED-indikator","og_url":"https:\/\/www.heddata.se\/webbutik\/produkt\/universalnatadapter-2-25-a-3-4-5-5-6-7-5-9-12-vdc\/","og_site_name":"Datorer, Skrivare, F\u00e4rgpatroner, Mobiltelefoner","article_modified_time":"2026-05-06T16:09:01+00:00","og_image":[{"width":1200,"height":1200,"url":"https:\/\/www.heddata.se\/webbutik\/wp-content\/uploads\/webbutik\/kategorier\/EL\/Universalnatadapter-2.25-A-ACPA008.jpg","type":"image\/jpeg"}],"twitter_card":"summary_large_image","schema":{"@context":"https:\/\/schema.org","@graph":[{"@type":"WebPage","@id":"https:\/\/www.heddata.se\/webbutik\/produkt\/universalnatadapter-2-25-a-3-4-5-5-6-7-5-9-12-vdc\/","url":"https:\/\/www.heddata.se\/webbutik\/produkt\/universalnatadapter-2-25-a-3-4-5-5-6-7-5-9-12-vdc\/","name":"Universaln\u00e4tadapter 2.25 A | 3\/4.5\/5\/6\/7.5\/9\/12 VDC","isPartOf":{"@id":"https:\/\/www.heddata.se\/webbutik\/#website"},"primaryImageOfPage":{"@id":"https:\/\/www.heddata.se\/webbutik\/produkt\/universalnatadapter-2-25-a-3-4-5-5-6-7-5-9-12-vdc\/#primaryimage"},"image":{"@id":"https:\/\/www.heddata.se\/webbutik\/produkt\/universalnatadapter-2-25-a-3-4-5-5-6-7-5-9-12-vdc\/#primaryimage"},"thumbnailUrl":"https:\/\/www.heddata.se\/webbutik\/wp-content\/uploads\/webbutik\/kategorier\/EL\/Universalnatadapter-2.25-A-ACPA008.jpg","datePublished":"2019-12-03T12:44:42+00:00","dateModified":"2026-05-06T16:09:01+00:00","description":"Universaln\u00e4tadapter 2.25 A. Mycket kompakt och supereffektiva universal 27 W plug-in adapter med 3-12 V utg\u00e5ng och LED-indikator","breadcrumb":{"@id":"https:\/\/www.heddata.se\/webbutik\/produkt\/universalnatadapter-2-25-a-3-4-5-5-6-7-5-9-12-vdc\/#breadcrumb"},"inLanguage":"sv-SE","potentialAction":[{"@type":"ReadAction","target":["https:\/\/www.heddata.se\/webbutik\/produkt\/universalnatadapter-2-25-a-3-4-5-5-6-7-5-9-12-vdc\/"]}]},{"@type":"ImageObject","inLanguage":"sv-SE","@id":"https:\/\/www.heddata.se\/webbutik\/produkt\/universalnatadapter-2-25-a-3-4-5-5-6-7-5-9-12-vdc\/#primaryimage","url":"https:\/\/www.heddata.se\/webbutik\/wp-content\/uploads\/webbutik\/kategorier\/EL\/Universalnatadapter-2.25-A-ACPA008.jpg","contentUrl":"https:\/\/www.heddata.se\/webbutik\/wp-content\/uploads\/webbutik\/kategorier\/EL\/Universalnatadapter-2.25-A-ACPA008.jpg","width":1200,"height":1200,"caption":"Universaln\u00e4tadapter 2.25 A | 3\/4.5\/5\/6\/7.5\/9\/12 VDC"},{"@type":"BreadcrumbList","@id":"https:\/\/www.heddata.se\/webbutik\/produkt\/universalnatadapter-2-25-a-3-4-5-5-6-7-5-9-12-vdc\/#breadcrumb","itemListElement":[{"@type":"ListItem","position":1,"name":"Hem","item":"https:\/\/www.heddata.se\/webbutik\/"},{"@type":"ListItem","position":2,"name":"Produkter","item":"https:\/\/www.heddata.se\/webbutik\/shop\/"},{"@type":"ListItem","position":3,"name":"Universaln\u00e4tadapter 2.25 A | 3\/4.5\/5\/6\/7.5\/9\/12 VDC"}]},{"@type":"WebSite","@id":"https:\/\/www.heddata.se\/webbutik\/#website","url":"https:\/\/www.heddata.se\/webbutik\/","name":"Datorer, Skrivare, F\u00e4rgpatroner, Mobiltelefoner","description":"Kablar","publisher":{"@id":"https:\/\/www.heddata.se\/webbutik\/#organization"},"potentialAction":[{"@type":"SearchAction","target":{"@type":"EntryPoint","urlTemplate":"https:\/\/www.heddata.se\/webbutik\/?s={search_term_string}"},"query-input":{"@type":"PropertyValueSpecification","valueRequired":true,"valueName":"search_term_string"}}],"inLanguage":"sv-SE"},{"@type":"Organization","@id":"https:\/\/www.heddata.se\/webbutik\/#organization","name":"Heddata AB","url":"https:\/\/www.heddata.se\/webbutik\/","logo":{"@type":"ImageObject","inLanguage":"sv-SE","@id":"https:\/\/www.heddata.se\/webbutik\/#\/schema\/logo\/image\/","url":"https:\/\/www.heddata.se\/webbutik\/wp-content\/uploads\/logga\/heddata-ab-logga.png","contentUrl":"https:\/\/www.heddata.se\/webbutik\/wp-content\/uploads\/logga\/heddata-ab-logga.png","width":200,"height":64,"caption":"Heddata AB"},"image":{"@id":"https:\/\/www.heddata.se\/webbutik\/#\/schema\/logo\/image\/"}}]}},"_links":{"self":[{"href":"https:\/\/www.heddata.se\/webbutik\/wp-json\/wp\/v2\/product\/10618","targetHints":{"allow":["GET"]}}],"collection":[{"href":"https:\/\/www.heddata.se\/webbutik\/wp-json\/wp\/v2\/product"}],"about":[{"href":"https:\/\/www.heddata.se\/webbutik\/wp-json\/wp\/v2\/types\/product"}],"wp:featuredmedia":[{"embeddable":true,"href":"https:\/\/www.heddata.se\/webbutik\/wp-json\/wp\/v2\/media\/14921"}],"wp:attachment":[{"href":"https:\/\/www.heddata.se\/webbutik\/wp-json\/wp\/v2\/media?parent=10618"}],"wp:term":[{"taxonomy":"product_brand","embeddable":true,"href":"https:\/\/www.heddata.se\/webbutik\/wp-json\/wp\/v2\/product_brand?post=10618"},{"taxonomy":"product_cat","embeddable":true,"href":"https:\/\/www.heddata.se\/webbutik\/wp-json\/wp\/v2\/product_cat?post=10618"},{"taxonomy":"product_tag","embeddable":true,"href":"https:\/\/www.heddata.se\/webbutik\/wp-json\/wp\/v2\/product_tag?post=10618"}],"curies":[{"name":"wp","href":"https:\/\/api.w.org\/{rel}","templated":true}]}}