{"id":10584,"date":"2019-12-03T13:44:36","date_gmt":"2019-12-03T12:44:36","guid":{"rendered":"https:\/\/www.heddata.se\/webbutik\/?post_type=product&#038;p=10584"},"modified":"2026-05-04T18:08:56","modified_gmt":"2026-05-04T16:08:56","slug":"logitech-mk540-advanced","status":"publish","type":"product","link":"https:\/\/www.heddata.se\/webbutik\/produkt\/logitech-mk540-advanced\/","title":{"rendered":"Logitech MK540 Advanced | Tangentbord och Mus | Tr\u00e5dl\u00f6st"},"content":{"rendered":"<p>Logitech MK540 Advanced fr\u00e5n <a href=\"https:\/\/www.logitech.com\/sv-se\" target=\"_blank\" rel=\"noopener noreferrer\">Logitech<\/a>. Anslut <a href=\"https:\/\/www.heddata.se\/webbutik\/datorer-tillbehor\/moss-tangentbord\/\">tangentbordet <\/a>och musen med den lilla USB-mottagaren Logitech Unifying. Du f\u00e5r en p\u00e5litlig \u2013 och krypterad \u2013 tr\u00e5dl\u00f6s anslutning med upp till 10 meters r\u00e4ckvidd, och praktiskt taget inga f\u00f6rdr\u00f6jningar eller avbrott. Tangenterna har optimerats f\u00f6r f\u00f6rb\u00e4ttrad noggrannhet och l\u00e4gre ljud \u2013 och dina fingrar kommer omedelbart att k\u00e4nna igen sig p\u00e5 tangentbordet. Tack vare handledsst\u00f6det och de justerbara f\u00f6tterna k\u00e4nns det bekv\u00e4mt f\u00f6r dig \u00e4ven under l\u00e5nga stunder vid skrivbordet.<\/p>\n","protected":false},"excerpt":{"rendered":"<p>Logitech MK540 Advanced<\/p>\n","protected":false},"featured_media":23669,"template":"","meta":[],"product_brand":[],"product_cat":[65,113],"product_tag":[3082,3027],"class_list":{"0":"post-10584","1":"product","2":"type-product","3":"status-publish","4":"has-post-thumbnail","6":"product_cat-datorer-tillbehor","7":"product_cat-tangentbord","8":"product_tag-mus","9":"product_tag-tangentbord","11":"first","12":"instock","13":"taxable","14":"shipping-taxable","15":"purchasable","16":"product-type-simple"},"yoast_head":"<!-- This site is optimized with the Yoast SEO Premium plugin v26.7 (Yoast SEO v26.7) - https:\/\/yoast.com\/wordpress\/plugins\/seo\/ -->\n<title>Logitech MK540 Advanced | Tangentbord och Mus | Tr\u00e5dl\u00f6st<\/title>\n<meta name=\"description\" content=\"Logitech MK540 Advanced. Anslut tangentbordet och musen med den lilla USB-mottagaren Logitech Unifying. Du f\u00e5r en p\u00e5litlig och krypterad tr\u00e5dl\u00f6s anslutning\" \/>\n<meta name=\"robots\" content=\"index, follow, max-snippet:-1, max-image-preview:large, max-video-preview:-1\" \/>\n<link rel=\"canonical\" href=\"https:\/\/www.heddata.se\/webbutik\/produkt\/logitech-mk540-advanced\/\" \/>\n<meta property=\"og:locale\" content=\"sv_SE\" \/>\n<meta property=\"og:type\" content=\"article\" \/>\n<meta property=\"og:title\" content=\"Logitech MK540 Advanced | Tangentbord och Mus | Tr\u00e5dl\u00f6st\" \/>\n<meta property=\"og:description\" content=\"Logitech MK540 Advanced. Anslut tangentbordet och musen med den lilla USB-mottagaren Logitech Unifying. Du f\u00e5r en p\u00e5litlig och krypterad tr\u00e5dl\u00f6s anslutning\" \/>\n<meta property=\"og:url\" content=\"https:\/\/www.heddata.se\/webbutik\/produkt\/logitech-mk540-advanced\/\" \/>\n<meta property=\"og:site_name\" content=\"Datorer, Skrivare, F\u00e4rgpatroner, Mobiltelefoner\" \/>\n<meta property=\"article:modified_time\" content=\"2026-05-04T16:08:56+00:00\" \/>\n<meta property=\"og:image\" content=\"https:\/\/www.heddata.se\/webbutik\/wp-content\/uploads\/webbutik\/kategorier\/tangentbord-moss\/Logitech-MK540-Advanced-Tangentbord-Mus-Tr\u00e5dl\u00f6st.jpg\" \/>\n\t<meta property=\"og:image:width\" content=\"1500\" \/>\n\t<meta property=\"og:image:height\" content=\"1500\" \/>\n\t<meta property=\"og:image:type\" content=\"image\/jpeg\" \/>\n<meta name=\"twitter:card\" content=\"summary_large_image\" \/>\n<script type=\"application\/ld+json\" class=\"yoast-schema-graph\">{\"@context\":\"https:\/\/schema.org\",\"@graph\":[{\"@type\":\"WebPage\",\"@id\":\"https:\/\/www.heddata.se\/webbutik\/produkt\/logitech-mk540-advanced\/\",\"url\":\"https:\/\/www.heddata.se\/webbutik\/produkt\/logitech-mk540-advanced\/\",\"name\":\"Logitech MK540 Advanced | Tangentbord och Mus | Tr\u00e5dl\u00f6st\",\"isPartOf\":{\"@id\":\"https:\/\/www.heddata.se\/webbutik\/#website\"},\"primaryImageOfPage\":{\"@id\":\"https:\/\/www.heddata.se\/webbutik\/produkt\/logitech-mk540-advanced\/#primaryimage\"},\"image\":{\"@id\":\"https:\/\/www.heddata.se\/webbutik\/produkt\/logitech-mk540-advanced\/#primaryimage\"},\"thumbnailUrl\":\"https:\/\/www.heddata.se\/webbutik\/wp-content\/uploads\/webbutik\/kategorier\/tangentbord-moss\/Logitech-MK540-Advanced-Tangentbord-Mus-Tr\u00e5dl\u00f6st.jpg\",\"datePublished\":\"2019-12-03T12:44:36+00:00\",\"dateModified\":\"2026-05-04T16:08:56+00:00\",\"description\":\"Logitech MK540 Advanced. Anslut tangentbordet och musen med den lilla USB-mottagaren Logitech Unifying. Du f\u00e5r en p\u00e5litlig och krypterad tr\u00e5dl\u00f6s anslutning\",\"breadcrumb\":{\"@id\":\"https:\/\/www.heddata.se\/webbutik\/produkt\/logitech-mk540-advanced\/#breadcrumb\"},\"inLanguage\":\"sv-SE\",\"potentialAction\":[{\"@type\":\"ReadAction\",\"target\":[\"https:\/\/www.heddata.se\/webbutik\/produkt\/logitech-mk540-advanced\/\"]}]},{\"@type\":\"ImageObject\",\"inLanguage\":\"sv-SE\",\"@id\":\"https:\/\/www.heddata.se\/webbutik\/produkt\/logitech-mk540-advanced\/#primaryimage\",\"url\":\"https:\/\/www.heddata.se\/webbutik\/wp-content\/uploads\/webbutik\/kategorier\/tangentbord-moss\/Logitech-MK540-Advanced-Tangentbord-Mus-Tr\u00e5dl\u00f6st.jpg\",\"contentUrl\":\"https:\/\/www.heddata.se\/webbutik\/wp-content\/uploads\/webbutik\/kategorier\/tangentbord-moss\/Logitech-MK540-Advanced-Tangentbord-Mus-Tr\u00e5dl\u00f6st.jpg\",\"width\":1500,\"height\":1500,\"caption\":\"Logitech MK540 Advanced | Tangentbord och Mus | Tr\u00e5dl\u00f6st\"},{\"@type\":\"BreadcrumbList\",\"@id\":\"https:\/\/www.heddata.se\/webbutik\/produkt\/logitech-mk540-advanced\/#breadcrumb\",\"itemListElement\":[{\"@type\":\"ListItem\",\"position\":1,\"name\":\"Hem\",\"item\":\"https:\/\/www.heddata.se\/webbutik\/\"},{\"@type\":\"ListItem\",\"position\":2,\"name\":\"Produkter\",\"item\":\"https:\/\/www.heddata.se\/webbutik\/shop\/\"},{\"@type\":\"ListItem\",\"position\":3,\"name\":\"Logitech MK540 Advanced | Tangentbord och Mus | Tr\u00e5dl\u00f6st\"}]},{\"@type\":\"WebSite\",\"@id\":\"https:\/\/www.heddata.se\/webbutik\/#website\",\"url\":\"https:\/\/www.heddata.se\/webbutik\/\",\"name\":\"Datorer, Skrivare, F\u00e4rgpatroner, Mobiltelefoner\",\"description\":\"Kablar\",\"publisher\":{\"@id\":\"https:\/\/www.heddata.se\/webbutik\/#organization\"},\"potentialAction\":[{\"@type\":\"SearchAction\",\"target\":{\"@type\":\"EntryPoint\",\"urlTemplate\":\"https:\/\/www.heddata.se\/webbutik\/?s={search_term_string}\"},\"query-input\":{\"@type\":\"PropertyValueSpecification\",\"valueRequired\":true,\"valueName\":\"search_term_string\"}}],\"inLanguage\":\"sv-SE\"},{\"@type\":\"Organization\",\"@id\":\"https:\/\/www.heddata.se\/webbutik\/#organization\",\"name\":\"Heddata AB\",\"url\":\"https:\/\/www.heddata.se\/webbutik\/\",\"logo\":{\"@type\":\"ImageObject\",\"inLanguage\":\"sv-SE\",\"@id\":\"https:\/\/www.heddata.se\/webbutik\/#\/schema\/logo\/image\/\",\"url\":\"https:\/\/www.heddata.se\/webbutik\/wp-content\/uploads\/logga\/heddata-ab-logga.png\",\"contentUrl\":\"https:\/\/www.heddata.se\/webbutik\/wp-content\/uploads\/logga\/heddata-ab-logga.png\",\"width\":200,\"height\":64,\"caption\":\"Heddata AB\"},\"image\":{\"@id\":\"https:\/\/www.heddata.se\/webbutik\/#\/schema\/logo\/image\/\"}}]}<\/script>\n<!-- \/ Yoast SEO Premium plugin. -->","yoast_head_json":{"title":"Logitech MK540 Advanced | Tangentbord och Mus | Tr\u00e5dl\u00f6st","description":"Logitech MK540 Advanced. Anslut tangentbordet och musen med den lilla USB-mottagaren Logitech Unifying. Du f\u00e5r en p\u00e5litlig och krypterad tr\u00e5dl\u00f6s anslutning","robots":{"index":"index","follow":"follow","max-snippet":"max-snippet:-1","max-image-preview":"max-image-preview:large","max-video-preview":"max-video-preview:-1"},"canonical":"https:\/\/www.heddata.se\/webbutik\/produkt\/logitech-mk540-advanced\/","og_locale":"sv_SE","og_type":"article","og_title":"Logitech MK540 Advanced | Tangentbord och Mus | Tr\u00e5dl\u00f6st","og_description":"Logitech MK540 Advanced. Anslut tangentbordet och musen med den lilla USB-mottagaren Logitech Unifying. Du f\u00e5r en p\u00e5litlig och krypterad tr\u00e5dl\u00f6s anslutning","og_url":"https:\/\/www.heddata.se\/webbutik\/produkt\/logitech-mk540-advanced\/","og_site_name":"Datorer, Skrivare, F\u00e4rgpatroner, Mobiltelefoner","article_modified_time":"2026-05-04T16:08:56+00:00","og_image":[{"width":1500,"height":1500,"url":"https:\/\/www.heddata.se\/webbutik\/wp-content\/uploads\/webbutik\/kategorier\/tangentbord-moss\/Logitech-MK540-Advanced-Tangentbord-Mus-Tr\u00e5dl\u00f6st.jpg","type":"image\/jpeg"}],"twitter_card":"summary_large_image","schema":{"@context":"https:\/\/schema.org","@graph":[{"@type":"WebPage","@id":"https:\/\/www.heddata.se\/webbutik\/produkt\/logitech-mk540-advanced\/","url":"https:\/\/www.heddata.se\/webbutik\/produkt\/logitech-mk540-advanced\/","name":"Logitech MK540 Advanced | Tangentbord och Mus | Tr\u00e5dl\u00f6st","isPartOf":{"@id":"https:\/\/www.heddata.se\/webbutik\/#website"},"primaryImageOfPage":{"@id":"https:\/\/www.heddata.se\/webbutik\/produkt\/logitech-mk540-advanced\/#primaryimage"},"image":{"@id":"https:\/\/www.heddata.se\/webbutik\/produkt\/logitech-mk540-advanced\/#primaryimage"},"thumbnailUrl":"https:\/\/www.heddata.se\/webbutik\/wp-content\/uploads\/webbutik\/kategorier\/tangentbord-moss\/Logitech-MK540-Advanced-Tangentbord-Mus-Tr\u00e5dl\u00f6st.jpg","datePublished":"2019-12-03T12:44:36+00:00","dateModified":"2026-05-04T16:08:56+00:00","description":"Logitech MK540 Advanced. Anslut tangentbordet och musen med den lilla USB-mottagaren Logitech Unifying. Du f\u00e5r en p\u00e5litlig och krypterad tr\u00e5dl\u00f6s anslutning","breadcrumb":{"@id":"https:\/\/www.heddata.se\/webbutik\/produkt\/logitech-mk540-advanced\/#breadcrumb"},"inLanguage":"sv-SE","potentialAction":[{"@type":"ReadAction","target":["https:\/\/www.heddata.se\/webbutik\/produkt\/logitech-mk540-advanced\/"]}]},{"@type":"ImageObject","inLanguage":"sv-SE","@id":"https:\/\/www.heddata.se\/webbutik\/produkt\/logitech-mk540-advanced\/#primaryimage","url":"https:\/\/www.heddata.se\/webbutik\/wp-content\/uploads\/webbutik\/kategorier\/tangentbord-moss\/Logitech-MK540-Advanced-Tangentbord-Mus-Tr\u00e5dl\u00f6st.jpg","contentUrl":"https:\/\/www.heddata.se\/webbutik\/wp-content\/uploads\/webbutik\/kategorier\/tangentbord-moss\/Logitech-MK540-Advanced-Tangentbord-Mus-Tr\u00e5dl\u00f6st.jpg","width":1500,"height":1500,"caption":"Logitech MK540 Advanced | Tangentbord och Mus | Tr\u00e5dl\u00f6st"},{"@type":"BreadcrumbList","@id":"https:\/\/www.heddata.se\/webbutik\/produkt\/logitech-mk540-advanced\/#breadcrumb","itemListElement":[{"@type":"ListItem","position":1,"name":"Hem","item":"https:\/\/www.heddata.se\/webbutik\/"},{"@type":"ListItem","position":2,"name":"Produkter","item":"https:\/\/www.heddata.se\/webbutik\/shop\/"},{"@type":"ListItem","position":3,"name":"Logitech MK540 Advanced | Tangentbord och Mus | Tr\u00e5dl\u00f6st"}]},{"@type":"WebSite","@id":"https:\/\/www.heddata.se\/webbutik\/#website","url":"https:\/\/www.heddata.se\/webbutik\/","name":"Datorer, Skrivare, F\u00e4rgpatroner, Mobiltelefoner","description":"Kablar","publisher":{"@id":"https:\/\/www.heddata.se\/webbutik\/#organization"},"potentialAction":[{"@type":"SearchAction","target":{"@type":"EntryPoint","urlTemplate":"https:\/\/www.heddata.se\/webbutik\/?s={search_term_string}"},"query-input":{"@type":"PropertyValueSpecification","valueRequired":true,"valueName":"search_term_string"}}],"inLanguage":"sv-SE"},{"@type":"Organization","@id":"https:\/\/www.heddata.se\/webbutik\/#organization","name":"Heddata AB","url":"https:\/\/www.heddata.se\/webbutik\/","logo":{"@type":"ImageObject","inLanguage":"sv-SE","@id":"https:\/\/www.heddata.se\/webbutik\/#\/schema\/logo\/image\/","url":"https:\/\/www.heddata.se\/webbutik\/wp-content\/uploads\/logga\/heddata-ab-logga.png","contentUrl":"https:\/\/www.heddata.se\/webbutik\/wp-content\/uploads\/logga\/heddata-ab-logga.png","width":200,"height":64,"caption":"Heddata AB"},"image":{"@id":"https:\/\/www.heddata.se\/webbutik\/#\/schema\/logo\/image\/"}}]}},"_links":{"self":[{"href":"https:\/\/www.heddata.se\/webbutik\/wp-json\/wp\/v2\/product\/10584","targetHints":{"allow":["GET"]}}],"collection":[{"href":"https:\/\/www.heddata.se\/webbutik\/wp-json\/wp\/v2\/product"}],"about":[{"href":"https:\/\/www.heddata.se\/webbutik\/wp-json\/wp\/v2\/types\/product"}],"wp:featuredmedia":[{"embeddable":true,"href":"https:\/\/www.heddata.se\/webbutik\/wp-json\/wp\/v2\/media\/23669"}],"wp:attachment":[{"href":"https:\/\/www.heddata.se\/webbutik\/wp-json\/wp\/v2\/media?parent=10584"}],"wp:term":[{"taxonomy":"product_brand","embeddable":true,"href":"https:\/\/www.heddata.se\/webbutik\/wp-json\/wp\/v2\/product_brand?post=10584"},{"taxonomy":"product_cat","embeddable":true,"href":"https:\/\/www.heddata.se\/webbutik\/wp-json\/wp\/v2\/product_cat?post=10584"},{"taxonomy":"product_tag","embeddable":true,"href":"https:\/\/www.heddata.se\/webbutik\/wp-json\/wp\/v2\/product_tag?post=10584"}],"curies":[{"name":"wp","href":"https:\/\/api.w.org\/{rel}","templated":true}]}}