{"id":10582,"date":"2019-12-03T13:44:36","date_gmt":"2019-12-03T12:44:36","guid":{"rendered":"https:\/\/www.heddata.se\/webbutik\/?post_type=product&#038;p=10582"},"modified":"2026-04-29T18:08:55","modified_gmt":"2026-04-29T16:08:55","slug":"multi-device-k480-logitech","status":"publish","type":"product","link":"https:\/\/www.heddata.se\/webbutik\/produkt\/multi-device-k480-logitech\/","title":{"rendered":"Multi-Device K480 Logitech | Tangentbord | Bluetooth | Nordiska l\u00e4nderna"},"content":{"rendered":"<p id=\"productOneliner\" class=\"oneliner\">Multi-Device K480 <a href=\"https:\/\/www.logitech.com\/sv-se\" target=\"_blank\" rel=\"noopener noreferrer\">Logitech<\/a>. Tangentbord till s\u00e5v\u00e4l <a href=\"https:\/\/www.heddata.se\/webbutik\/telefon-surfplattor\/surfplattor\/\">surfplattan<\/a> som <a href=\"https:\/\/www.heddata.se\/webbutik\/telefon-surfplattor\/mobiltelefoner\/\">mobilen<\/a> och <a href=\"https:\/\/www.heddata.se\/webbutik\/datorer-tillbehor\/datorer\/\">datorn<\/a>. En ny typ av datortangentbord \u2013 som \u00e4ven fungerar med din surfplatta och smarttelefon. Vrid bara p\u00e5 Easy-Switch-reglaget f\u00f6r att v\u00e4xla och skriva mellan tre anslutna tr\u00e5dl\u00f6sa\u00a0Bluetooth-enheter. Du f\u00e5r en bekant tangentbordslayout med alla snabbknappar du anv\u00e4nder mest. Den integrerade dockningsstationen h\u00e5ller telefonen eller surfplattan i precis r\u00e4tt vinkel f\u00f6r att du ska kunna l\u00e4sa medan du skriver.<\/p>\n","protected":false},"excerpt":{"rendered":"<p>Multi-Device K480<\/p>\n","protected":false},"featured_media":13630,"template":"","meta":[],"product_brand":[],"product_cat":[65,113],"product_tag":[3027],"class_list":{"0":"post-10582","1":"product","2":"type-product","3":"status-publish","4":"has-post-thumbnail","6":"product_cat-datorer-tillbehor","7":"product_cat-tangentbord","8":"product_tag-tangentbord","10":"first","11":"instock","12":"taxable","13":"shipping-taxable","14":"purchasable","15":"product-type-simple"},"yoast_head":"<!-- This site is optimized with the Yoast SEO Premium plugin v26.7 (Yoast SEO v26.7) - https:\/\/yoast.com\/wordpress\/plugins\/seo\/ -->\n<title>Multi-Device K480 Logitech | Tangentbord | Bluetooth | Nordiska l\u00e4nderna<\/title>\n<meta name=\"description\" content=\"Multi-Device K480 Logitech. Tangentbord till s\u00e5v\u00e4l surfplattan som mobilen och datorn. En ny typ av datortangentbord f\u00f6r Bluetooth-enheter.\" \/>\n<meta name=\"robots\" content=\"index, follow, max-snippet:-1, max-image-preview:large, max-video-preview:-1\" \/>\n<link rel=\"canonical\" href=\"https:\/\/www.heddata.se\/webbutik\/produkt\/multi-device-k480-logitech\/\" \/>\n<meta property=\"og:locale\" content=\"sv_SE\" \/>\n<meta property=\"og:type\" content=\"article\" \/>\n<meta property=\"og:title\" content=\"Multi-Device K480 Logitech | Tangentbord | Bluetooth | Nordiska l\u00e4nderna\" \/>\n<meta property=\"og:description\" content=\"Multi-Device K480 Logitech. Tangentbord till s\u00e5v\u00e4l surfplattan som mobilen och datorn. En ny typ av datortangentbord f\u00f6r Bluetooth-enheter.\" \/>\n<meta property=\"og:url\" content=\"https:\/\/www.heddata.se\/webbutik\/produkt\/multi-device-k480-logitech\/\" \/>\n<meta property=\"og:site_name\" content=\"Datorer, Skrivare, F\u00e4rgpatroner, Mobiltelefoner\" \/>\n<meta property=\"article:modified_time\" content=\"2026-04-29T16:08:55+00:00\" \/>\n<meta property=\"og:image\" content=\"https:\/\/www.heddata.se\/webbutik\/wp-content\/uploads\/webbutik\/kategorier\/tangentbord-moss\/Multi-Device-K480-Logitech-Tangentbord-Bluetooth-Nordiska-landerna.jpg\" \/>\n\t<meta property=\"og:image:width\" content=\"960\" \/>\n\t<meta property=\"og:image:height\" content=\"720\" \/>\n\t<meta property=\"og:image:type\" content=\"image\/jpeg\" \/>\n<meta name=\"twitter:card\" content=\"summary_large_image\" \/>\n<script type=\"application\/ld+json\" class=\"yoast-schema-graph\">{\"@context\":\"https:\/\/schema.org\",\"@graph\":[{\"@type\":\"WebPage\",\"@id\":\"https:\/\/www.heddata.se\/webbutik\/produkt\/multi-device-k480-logitech\/\",\"url\":\"https:\/\/www.heddata.se\/webbutik\/produkt\/multi-device-k480-logitech\/\",\"name\":\"Multi-Device K480 Logitech | Tangentbord | Bluetooth | Nordiska l\u00e4nderna\",\"isPartOf\":{\"@id\":\"https:\/\/www.heddata.se\/webbutik\/#website\"},\"primaryImageOfPage\":{\"@id\":\"https:\/\/www.heddata.se\/webbutik\/produkt\/multi-device-k480-logitech\/#primaryimage\"},\"image\":{\"@id\":\"https:\/\/www.heddata.se\/webbutik\/produkt\/multi-device-k480-logitech\/#primaryimage\"},\"thumbnailUrl\":\"https:\/\/www.heddata.se\/webbutik\/wp-content\/uploads\/webbutik\/kategorier\/tangentbord-moss\/Multi-Device-K480-Logitech-Tangentbord-Bluetooth-Nordiska-landerna.jpg\",\"datePublished\":\"2019-12-03T12:44:36+00:00\",\"dateModified\":\"2026-04-29T16:08:55+00:00\",\"description\":\"Multi-Device K480 Logitech. Tangentbord till s\u00e5v\u00e4l surfplattan som mobilen och datorn. En ny typ av datortangentbord f\u00f6r Bluetooth-enheter.\",\"breadcrumb\":{\"@id\":\"https:\/\/www.heddata.se\/webbutik\/produkt\/multi-device-k480-logitech\/#breadcrumb\"},\"inLanguage\":\"sv-SE\",\"potentialAction\":[{\"@type\":\"ReadAction\",\"target\":[\"https:\/\/www.heddata.se\/webbutik\/produkt\/multi-device-k480-logitech\/\"]}]},{\"@type\":\"ImageObject\",\"inLanguage\":\"sv-SE\",\"@id\":\"https:\/\/www.heddata.se\/webbutik\/produkt\/multi-device-k480-logitech\/#primaryimage\",\"url\":\"https:\/\/www.heddata.se\/webbutik\/wp-content\/uploads\/webbutik\/kategorier\/tangentbord-moss\/Multi-Device-K480-Logitech-Tangentbord-Bluetooth-Nordiska-landerna.jpg\",\"contentUrl\":\"https:\/\/www.heddata.se\/webbutik\/wp-content\/uploads\/webbutik\/kategorier\/tangentbord-moss\/Multi-Device-K480-Logitech-Tangentbord-Bluetooth-Nordiska-landerna.jpg\",\"width\":960,\"height\":720,\"caption\":\"Multi-Device K480 Logitech | Tangentbord | Bluetooth | Nordiska l\u00e4nderna\"},{\"@type\":\"BreadcrumbList\",\"@id\":\"https:\/\/www.heddata.se\/webbutik\/produkt\/multi-device-k480-logitech\/#breadcrumb\",\"itemListElement\":[{\"@type\":\"ListItem\",\"position\":1,\"name\":\"Hem\",\"item\":\"https:\/\/www.heddata.se\/webbutik\/\"},{\"@type\":\"ListItem\",\"position\":2,\"name\":\"Produkter\",\"item\":\"https:\/\/www.heddata.se\/webbutik\/shop\/\"},{\"@type\":\"ListItem\",\"position\":3,\"name\":\"Multi-Device K480 Logitech | Tangentbord | Bluetooth | Nordiska l\u00e4nderna\"}]},{\"@type\":\"WebSite\",\"@id\":\"https:\/\/www.heddata.se\/webbutik\/#website\",\"url\":\"https:\/\/www.heddata.se\/webbutik\/\",\"name\":\"Datorer, Skrivare, F\u00e4rgpatroner, Mobiltelefoner\",\"description\":\"Kablar\",\"publisher\":{\"@id\":\"https:\/\/www.heddata.se\/webbutik\/#organization\"},\"potentialAction\":[{\"@type\":\"SearchAction\",\"target\":{\"@type\":\"EntryPoint\",\"urlTemplate\":\"https:\/\/www.heddata.se\/webbutik\/?s={search_term_string}\"},\"query-input\":{\"@type\":\"PropertyValueSpecification\",\"valueRequired\":true,\"valueName\":\"search_term_string\"}}],\"inLanguage\":\"sv-SE\"},{\"@type\":\"Organization\",\"@id\":\"https:\/\/www.heddata.se\/webbutik\/#organization\",\"name\":\"Heddata AB\",\"url\":\"https:\/\/www.heddata.se\/webbutik\/\",\"logo\":{\"@type\":\"ImageObject\",\"inLanguage\":\"sv-SE\",\"@id\":\"https:\/\/www.heddata.se\/webbutik\/#\/schema\/logo\/image\/\",\"url\":\"https:\/\/www.heddata.se\/webbutik\/wp-content\/uploads\/logga\/heddata-ab-logga.png\",\"contentUrl\":\"https:\/\/www.heddata.se\/webbutik\/wp-content\/uploads\/logga\/heddata-ab-logga.png\",\"width\":200,\"height\":64,\"caption\":\"Heddata AB\"},\"image\":{\"@id\":\"https:\/\/www.heddata.se\/webbutik\/#\/schema\/logo\/image\/\"}}]}<\/script>\n<!-- \/ Yoast SEO Premium plugin. -->","yoast_head_json":{"title":"Multi-Device K480 Logitech | Tangentbord | Bluetooth | Nordiska l\u00e4nderna","description":"Multi-Device K480 Logitech. Tangentbord till s\u00e5v\u00e4l surfplattan som mobilen och datorn. En ny typ av datortangentbord f\u00f6r Bluetooth-enheter.","robots":{"index":"index","follow":"follow","max-snippet":"max-snippet:-1","max-image-preview":"max-image-preview:large","max-video-preview":"max-video-preview:-1"},"canonical":"https:\/\/www.heddata.se\/webbutik\/produkt\/multi-device-k480-logitech\/","og_locale":"sv_SE","og_type":"article","og_title":"Multi-Device K480 Logitech | Tangentbord | Bluetooth | Nordiska l\u00e4nderna","og_description":"Multi-Device K480 Logitech. Tangentbord till s\u00e5v\u00e4l surfplattan som mobilen och datorn. En ny typ av datortangentbord f\u00f6r Bluetooth-enheter.","og_url":"https:\/\/www.heddata.se\/webbutik\/produkt\/multi-device-k480-logitech\/","og_site_name":"Datorer, Skrivare, F\u00e4rgpatroner, Mobiltelefoner","article_modified_time":"2026-04-29T16:08:55+00:00","og_image":[{"width":960,"height":720,"url":"https:\/\/www.heddata.se\/webbutik\/wp-content\/uploads\/webbutik\/kategorier\/tangentbord-moss\/Multi-Device-K480-Logitech-Tangentbord-Bluetooth-Nordiska-landerna.jpg","type":"image\/jpeg"}],"twitter_card":"summary_large_image","schema":{"@context":"https:\/\/schema.org","@graph":[{"@type":"WebPage","@id":"https:\/\/www.heddata.se\/webbutik\/produkt\/multi-device-k480-logitech\/","url":"https:\/\/www.heddata.se\/webbutik\/produkt\/multi-device-k480-logitech\/","name":"Multi-Device K480 Logitech | Tangentbord | Bluetooth | Nordiska l\u00e4nderna","isPartOf":{"@id":"https:\/\/www.heddata.se\/webbutik\/#website"},"primaryImageOfPage":{"@id":"https:\/\/www.heddata.se\/webbutik\/produkt\/multi-device-k480-logitech\/#primaryimage"},"image":{"@id":"https:\/\/www.heddata.se\/webbutik\/produkt\/multi-device-k480-logitech\/#primaryimage"},"thumbnailUrl":"https:\/\/www.heddata.se\/webbutik\/wp-content\/uploads\/webbutik\/kategorier\/tangentbord-moss\/Multi-Device-K480-Logitech-Tangentbord-Bluetooth-Nordiska-landerna.jpg","datePublished":"2019-12-03T12:44:36+00:00","dateModified":"2026-04-29T16:08:55+00:00","description":"Multi-Device K480 Logitech. Tangentbord till s\u00e5v\u00e4l surfplattan som mobilen och datorn. En ny typ av datortangentbord f\u00f6r Bluetooth-enheter.","breadcrumb":{"@id":"https:\/\/www.heddata.se\/webbutik\/produkt\/multi-device-k480-logitech\/#breadcrumb"},"inLanguage":"sv-SE","potentialAction":[{"@type":"ReadAction","target":["https:\/\/www.heddata.se\/webbutik\/produkt\/multi-device-k480-logitech\/"]}]},{"@type":"ImageObject","inLanguage":"sv-SE","@id":"https:\/\/www.heddata.se\/webbutik\/produkt\/multi-device-k480-logitech\/#primaryimage","url":"https:\/\/www.heddata.se\/webbutik\/wp-content\/uploads\/webbutik\/kategorier\/tangentbord-moss\/Multi-Device-K480-Logitech-Tangentbord-Bluetooth-Nordiska-landerna.jpg","contentUrl":"https:\/\/www.heddata.se\/webbutik\/wp-content\/uploads\/webbutik\/kategorier\/tangentbord-moss\/Multi-Device-K480-Logitech-Tangentbord-Bluetooth-Nordiska-landerna.jpg","width":960,"height":720,"caption":"Multi-Device K480 Logitech | Tangentbord | Bluetooth | Nordiska l\u00e4nderna"},{"@type":"BreadcrumbList","@id":"https:\/\/www.heddata.se\/webbutik\/produkt\/multi-device-k480-logitech\/#breadcrumb","itemListElement":[{"@type":"ListItem","position":1,"name":"Hem","item":"https:\/\/www.heddata.se\/webbutik\/"},{"@type":"ListItem","position":2,"name":"Produkter","item":"https:\/\/www.heddata.se\/webbutik\/shop\/"},{"@type":"ListItem","position":3,"name":"Multi-Device K480 Logitech | Tangentbord | Bluetooth | Nordiska l\u00e4nderna"}]},{"@type":"WebSite","@id":"https:\/\/www.heddata.se\/webbutik\/#website","url":"https:\/\/www.heddata.se\/webbutik\/","name":"Datorer, Skrivare, F\u00e4rgpatroner, Mobiltelefoner","description":"Kablar","publisher":{"@id":"https:\/\/www.heddata.se\/webbutik\/#organization"},"potentialAction":[{"@type":"SearchAction","target":{"@type":"EntryPoint","urlTemplate":"https:\/\/www.heddata.se\/webbutik\/?s={search_term_string}"},"query-input":{"@type":"PropertyValueSpecification","valueRequired":true,"valueName":"search_term_string"}}],"inLanguage":"sv-SE"},{"@type":"Organization","@id":"https:\/\/www.heddata.se\/webbutik\/#organization","name":"Heddata AB","url":"https:\/\/www.heddata.se\/webbutik\/","logo":{"@type":"ImageObject","inLanguage":"sv-SE","@id":"https:\/\/www.heddata.se\/webbutik\/#\/schema\/logo\/image\/","url":"https:\/\/www.heddata.se\/webbutik\/wp-content\/uploads\/logga\/heddata-ab-logga.png","contentUrl":"https:\/\/www.heddata.se\/webbutik\/wp-content\/uploads\/logga\/heddata-ab-logga.png","width":200,"height":64,"caption":"Heddata AB"},"image":{"@id":"https:\/\/www.heddata.se\/webbutik\/#\/schema\/logo\/image\/"}}]}},"_links":{"self":[{"href":"https:\/\/www.heddata.se\/webbutik\/wp-json\/wp\/v2\/product\/10582","targetHints":{"allow":["GET"]}}],"collection":[{"href":"https:\/\/www.heddata.se\/webbutik\/wp-json\/wp\/v2\/product"}],"about":[{"href":"https:\/\/www.heddata.se\/webbutik\/wp-json\/wp\/v2\/types\/product"}],"wp:featuredmedia":[{"embeddable":true,"href":"https:\/\/www.heddata.se\/webbutik\/wp-json\/wp\/v2\/media\/13630"}],"wp:attachment":[{"href":"https:\/\/www.heddata.se\/webbutik\/wp-json\/wp\/v2\/media?parent=10582"}],"wp:term":[{"taxonomy":"product_brand","embeddable":true,"href":"https:\/\/www.heddata.se\/webbutik\/wp-json\/wp\/v2\/product_brand?post=10582"},{"taxonomy":"product_cat","embeddable":true,"href":"https:\/\/www.heddata.se\/webbutik\/wp-json\/wp\/v2\/product_cat?post=10582"},{"taxonomy":"product_tag","embeddable":true,"href":"https:\/\/www.heddata.se\/webbutik\/wp-json\/wp\/v2\/product_tag?post=10582"}],"curies":[{"name":"wp","href":"https:\/\/api.w.org\/{rel}","templated":true}]}}