{"id":10580,"date":"2019-12-03T13:44:33","date_gmt":"2019-12-03T12:44:33","guid":{"rendered":"https:\/\/www.heddata.se\/webbutik\/?post_type=product&#038;p=10580"},"modified":"2026-04-29T18:08:54","modified_gmt":"2026-04-29T16:08:54","slug":"wireless-combo-mk330-tangentbord-och-tillhorande-mus","status":"publish","type":"product","link":"https:\/\/www.heddata.se\/webbutik\/produkt\/wireless-combo-mk330-tangentbord-och-tillhorande-mus\/","title":{"rendered":"Wireless Combo MK330 Tangentbord och tillh\u00f6rande mus"},"content":{"rendered":"<p>Wireless Combo MK330 PAN-Nordic fr\u00e5n <a href=\"https:\/\/www.logitech.com\/sv-se\" target=\"_blank\" rel=\"noopener noreferrer\">Logitech<\/a>. Hoppa \u00f6ver en l\u00e5t. Pausa en video. Skruva upp volymen. Du f\u00e5r 11 snabbtangenter f\u00f6r multimedia med snabb \u00e5tkomst till uppspelning, paus, f\u00f6reg\u00e5ende, n\u00e4sta, volym och ljud av. <a href=\"https:\/\/www.heddata.se\/webbutik\/datorer-tillbehor\/moss-tangentbord\/\">Tangentbordets<\/a> eleganta design och tysta l\u00e5gprofiltangenter ger en bekv\u00e4mare skrivupplevelse \u00e4n tangentbord p\u00e5 b\u00e4rbara datorer eller minidatorer. Du kan ta den eleganta musen \u00f6verallt dit du tar din dator. Dessutom, det medf\u00f6ljande f\u00f6rvaringsfacket g\u00f6r det enkelt att lagra nano-mottagaren. Den b\u00e4rbara, bekv\u00e4ma musen \u2013 med en liten nanomottagare \u2013 \u00e4r enkel att ta med n\u00e4r du reser.<\/p>\n","protected":false},"excerpt":{"rendered":"<p>Wireless Combo MK330<\/p>\n","protected":false},"featured_media":27056,"template":"","meta":[],"product_brand":[],"product_cat":[65,113],"product_tag":[3082,3027],"class_list":{"0":"post-10580","1":"product","2":"type-product","3":"status-publish","4":"has-post-thumbnail","6":"product_cat-datorer-tillbehor","7":"product_cat-tangentbord","8":"product_tag-mus","9":"product_tag-tangentbord","11":"first","12":"instock","13":"taxable","14":"shipping-taxable","15":"purchasable","16":"product-type-simple"},"yoast_head":"<!-- This site is optimized with the Yoast SEO Premium plugin v26.7 (Yoast SEO v26.7) - https:\/\/yoast.com\/wordpress\/plugins\/seo\/ -->\n<title>Wireless Combo MK330 Tangentbord och tillh\u00f6rande mus<\/title>\n<meta name=\"description\" content=\"Wireless Combo MK330 PAN-Nordic fr\u00e5n Logitech. Hoppa \u00f6ver en l\u00e5t. Pausa en video. Skruva upp volymen. Du f\u00e5r 11 snabbtangenter f\u00f6r multimedia\" \/>\n<meta name=\"robots\" content=\"index, follow, max-snippet:-1, max-image-preview:large, max-video-preview:-1\" \/>\n<link rel=\"canonical\" href=\"https:\/\/www.heddata.se\/webbutik\/produkt\/wireless-combo-mk330-tangentbord-och-tillhorande-mus\/\" \/>\n<meta property=\"og:locale\" content=\"sv_SE\" \/>\n<meta property=\"og:type\" content=\"article\" \/>\n<meta property=\"og:title\" content=\"Wireless Combo MK330 Tangentbord och tillh\u00f6rande mus\" \/>\n<meta property=\"og:description\" content=\"Wireless Combo MK330 PAN-Nordic fr\u00e5n Logitech. Hoppa \u00f6ver en l\u00e5t. Pausa en video. Skruva upp volymen. Du f\u00e5r 11 snabbtangenter f\u00f6r multimedia\" \/>\n<meta property=\"og:url\" content=\"https:\/\/www.heddata.se\/webbutik\/produkt\/wireless-combo-mk330-tangentbord-och-tillhorande-mus\/\" \/>\n<meta property=\"og:site_name\" content=\"Datorer, Skrivare, F\u00e4rgpatroner, Mobiltelefoner\" \/>\n<meta property=\"article:modified_time\" content=\"2026-04-29T16:08:54+00:00\" \/>\n<meta property=\"og:image\" content=\"https:\/\/www.heddata.se\/webbutik\/wp-content\/uploads\/webbutik\/kategorier\/tangentbord-moss\/Wireless-Combo-MK330-Tangentbord-och-tillhorande-mus.jpg\" \/>\n\t<meta property=\"og:image:width\" content=\"1164\" \/>\n\t<meta property=\"og:image:height\" content=\"1164\" \/>\n\t<meta property=\"og:image:type\" content=\"image\/jpeg\" \/>\n<meta name=\"twitter:card\" content=\"summary_large_image\" \/>\n<meta name=\"twitter:label1\" content=\"Ber\u00e4knad l\u00e4stid\" \/>\n\t<meta name=\"twitter:data1\" content=\"1 minut\" \/>\n<script type=\"application\/ld+json\" class=\"yoast-schema-graph\">{\"@context\":\"https:\/\/schema.org\",\"@graph\":[{\"@type\":\"WebPage\",\"@id\":\"https:\/\/www.heddata.se\/webbutik\/produkt\/wireless-combo-mk330-tangentbord-och-tillhorande-mus\/\",\"url\":\"https:\/\/www.heddata.se\/webbutik\/produkt\/wireless-combo-mk330-tangentbord-och-tillhorande-mus\/\",\"name\":\"Wireless Combo MK330 Tangentbord och tillh\u00f6rande mus\",\"isPartOf\":{\"@id\":\"https:\/\/www.heddata.se\/webbutik\/#website\"},\"primaryImageOfPage\":{\"@id\":\"https:\/\/www.heddata.se\/webbutik\/produkt\/wireless-combo-mk330-tangentbord-och-tillhorande-mus\/#primaryimage\"},\"image\":{\"@id\":\"https:\/\/www.heddata.se\/webbutik\/produkt\/wireless-combo-mk330-tangentbord-och-tillhorande-mus\/#primaryimage\"},\"thumbnailUrl\":\"https:\/\/www.heddata.se\/webbutik\/wp-content\/uploads\/webbutik\/kategorier\/tangentbord-moss\/Wireless-Combo-MK330-Tangentbord-och-tillhorande-mus.jpg\",\"datePublished\":\"2019-12-03T12:44:33+00:00\",\"dateModified\":\"2026-04-29T16:08:54+00:00\",\"description\":\"Wireless Combo MK330 PAN-Nordic fr\u00e5n Logitech. Hoppa \u00f6ver en l\u00e5t. Pausa en video. Skruva upp volymen. Du f\u00e5r 11 snabbtangenter f\u00f6r multimedia\",\"breadcrumb\":{\"@id\":\"https:\/\/www.heddata.se\/webbutik\/produkt\/wireless-combo-mk330-tangentbord-och-tillhorande-mus\/#breadcrumb\"},\"inLanguage\":\"sv-SE\",\"potentialAction\":[{\"@type\":\"ReadAction\",\"target\":[\"https:\/\/www.heddata.se\/webbutik\/produkt\/wireless-combo-mk330-tangentbord-och-tillhorande-mus\/\"]}]},{\"@type\":\"ImageObject\",\"inLanguage\":\"sv-SE\",\"@id\":\"https:\/\/www.heddata.se\/webbutik\/produkt\/wireless-combo-mk330-tangentbord-och-tillhorande-mus\/#primaryimage\",\"url\":\"https:\/\/www.heddata.se\/webbutik\/wp-content\/uploads\/webbutik\/kategorier\/tangentbord-moss\/Wireless-Combo-MK330-Tangentbord-och-tillhorande-mus.jpg\",\"contentUrl\":\"https:\/\/www.heddata.se\/webbutik\/wp-content\/uploads\/webbutik\/kategorier\/tangentbord-moss\/Wireless-Combo-MK330-Tangentbord-och-tillhorande-mus.jpg\",\"width\":1164,\"height\":1164,\"caption\":\"Wireless Combo MK330 Tangentbord och tillh\u00f6rande mus\"},{\"@type\":\"BreadcrumbList\",\"@id\":\"https:\/\/www.heddata.se\/webbutik\/produkt\/wireless-combo-mk330-tangentbord-och-tillhorande-mus\/#breadcrumb\",\"itemListElement\":[{\"@type\":\"ListItem\",\"position\":1,\"name\":\"Hem\",\"item\":\"https:\/\/www.heddata.se\/webbutik\/\"},{\"@type\":\"ListItem\",\"position\":2,\"name\":\"Produkter\",\"item\":\"https:\/\/www.heddata.se\/webbutik\/shop\/\"},{\"@type\":\"ListItem\",\"position\":3,\"name\":\"Wireless Combo MK330 Tangentbord och tillh\u00f6rande mus\"}]},{\"@type\":\"WebSite\",\"@id\":\"https:\/\/www.heddata.se\/webbutik\/#website\",\"url\":\"https:\/\/www.heddata.se\/webbutik\/\",\"name\":\"Datorer, Skrivare, F\u00e4rgpatroner, Mobiltelefoner\",\"description\":\"Kablar\",\"publisher\":{\"@id\":\"https:\/\/www.heddata.se\/webbutik\/#organization\"},\"potentialAction\":[{\"@type\":\"SearchAction\",\"target\":{\"@type\":\"EntryPoint\",\"urlTemplate\":\"https:\/\/www.heddata.se\/webbutik\/?s={search_term_string}\"},\"query-input\":{\"@type\":\"PropertyValueSpecification\",\"valueRequired\":true,\"valueName\":\"search_term_string\"}}],\"inLanguage\":\"sv-SE\"},{\"@type\":\"Organization\",\"@id\":\"https:\/\/www.heddata.se\/webbutik\/#organization\",\"name\":\"Heddata AB\",\"url\":\"https:\/\/www.heddata.se\/webbutik\/\",\"logo\":{\"@type\":\"ImageObject\",\"inLanguage\":\"sv-SE\",\"@id\":\"https:\/\/www.heddata.se\/webbutik\/#\/schema\/logo\/image\/\",\"url\":\"https:\/\/www.heddata.se\/webbutik\/wp-content\/uploads\/logga\/heddata-ab-logga.png\",\"contentUrl\":\"https:\/\/www.heddata.se\/webbutik\/wp-content\/uploads\/logga\/heddata-ab-logga.png\",\"width\":200,\"height\":64,\"caption\":\"Heddata AB\"},\"image\":{\"@id\":\"https:\/\/www.heddata.se\/webbutik\/#\/schema\/logo\/image\/\"}}]}<\/script>\n<!-- \/ Yoast SEO Premium plugin. -->","yoast_head_json":{"title":"Wireless Combo MK330 Tangentbord och tillh\u00f6rande mus","description":"Wireless Combo MK330 PAN-Nordic fr\u00e5n Logitech. Hoppa \u00f6ver en l\u00e5t. Pausa en video. Skruva upp volymen. Du f\u00e5r 11 snabbtangenter f\u00f6r multimedia","robots":{"index":"index","follow":"follow","max-snippet":"max-snippet:-1","max-image-preview":"max-image-preview:large","max-video-preview":"max-video-preview:-1"},"canonical":"https:\/\/www.heddata.se\/webbutik\/produkt\/wireless-combo-mk330-tangentbord-och-tillhorande-mus\/","og_locale":"sv_SE","og_type":"article","og_title":"Wireless Combo MK330 Tangentbord och tillh\u00f6rande mus","og_description":"Wireless Combo MK330 PAN-Nordic fr\u00e5n Logitech. Hoppa \u00f6ver en l\u00e5t. Pausa en video. Skruva upp volymen. Du f\u00e5r 11 snabbtangenter f\u00f6r multimedia","og_url":"https:\/\/www.heddata.se\/webbutik\/produkt\/wireless-combo-mk330-tangentbord-och-tillhorande-mus\/","og_site_name":"Datorer, Skrivare, F\u00e4rgpatroner, Mobiltelefoner","article_modified_time":"2026-04-29T16:08:54+00:00","og_image":[{"width":1164,"height":1164,"url":"https:\/\/www.heddata.se\/webbutik\/wp-content\/uploads\/webbutik\/kategorier\/tangentbord-moss\/Wireless-Combo-MK330-Tangentbord-och-tillhorande-mus.jpg","type":"image\/jpeg"}],"twitter_card":"summary_large_image","twitter_misc":{"Ber\u00e4knad l\u00e4stid":"1 minut"},"schema":{"@context":"https:\/\/schema.org","@graph":[{"@type":"WebPage","@id":"https:\/\/www.heddata.se\/webbutik\/produkt\/wireless-combo-mk330-tangentbord-och-tillhorande-mus\/","url":"https:\/\/www.heddata.se\/webbutik\/produkt\/wireless-combo-mk330-tangentbord-och-tillhorande-mus\/","name":"Wireless Combo MK330 Tangentbord och tillh\u00f6rande mus","isPartOf":{"@id":"https:\/\/www.heddata.se\/webbutik\/#website"},"primaryImageOfPage":{"@id":"https:\/\/www.heddata.se\/webbutik\/produkt\/wireless-combo-mk330-tangentbord-och-tillhorande-mus\/#primaryimage"},"image":{"@id":"https:\/\/www.heddata.se\/webbutik\/produkt\/wireless-combo-mk330-tangentbord-och-tillhorande-mus\/#primaryimage"},"thumbnailUrl":"https:\/\/www.heddata.se\/webbutik\/wp-content\/uploads\/webbutik\/kategorier\/tangentbord-moss\/Wireless-Combo-MK330-Tangentbord-och-tillhorande-mus.jpg","datePublished":"2019-12-03T12:44:33+00:00","dateModified":"2026-04-29T16:08:54+00:00","description":"Wireless Combo MK330 PAN-Nordic fr\u00e5n Logitech. Hoppa \u00f6ver en l\u00e5t. Pausa en video. Skruva upp volymen. Du f\u00e5r 11 snabbtangenter f\u00f6r multimedia","breadcrumb":{"@id":"https:\/\/www.heddata.se\/webbutik\/produkt\/wireless-combo-mk330-tangentbord-och-tillhorande-mus\/#breadcrumb"},"inLanguage":"sv-SE","potentialAction":[{"@type":"ReadAction","target":["https:\/\/www.heddata.se\/webbutik\/produkt\/wireless-combo-mk330-tangentbord-och-tillhorande-mus\/"]}]},{"@type":"ImageObject","inLanguage":"sv-SE","@id":"https:\/\/www.heddata.se\/webbutik\/produkt\/wireless-combo-mk330-tangentbord-och-tillhorande-mus\/#primaryimage","url":"https:\/\/www.heddata.se\/webbutik\/wp-content\/uploads\/webbutik\/kategorier\/tangentbord-moss\/Wireless-Combo-MK330-Tangentbord-och-tillhorande-mus.jpg","contentUrl":"https:\/\/www.heddata.se\/webbutik\/wp-content\/uploads\/webbutik\/kategorier\/tangentbord-moss\/Wireless-Combo-MK330-Tangentbord-och-tillhorande-mus.jpg","width":1164,"height":1164,"caption":"Wireless Combo MK330 Tangentbord och tillh\u00f6rande mus"},{"@type":"BreadcrumbList","@id":"https:\/\/www.heddata.se\/webbutik\/produkt\/wireless-combo-mk330-tangentbord-och-tillhorande-mus\/#breadcrumb","itemListElement":[{"@type":"ListItem","position":1,"name":"Hem","item":"https:\/\/www.heddata.se\/webbutik\/"},{"@type":"ListItem","position":2,"name":"Produkter","item":"https:\/\/www.heddata.se\/webbutik\/shop\/"},{"@type":"ListItem","position":3,"name":"Wireless Combo MK330 Tangentbord och tillh\u00f6rande mus"}]},{"@type":"WebSite","@id":"https:\/\/www.heddata.se\/webbutik\/#website","url":"https:\/\/www.heddata.se\/webbutik\/","name":"Datorer, Skrivare, F\u00e4rgpatroner, Mobiltelefoner","description":"Kablar","publisher":{"@id":"https:\/\/www.heddata.se\/webbutik\/#organization"},"potentialAction":[{"@type":"SearchAction","target":{"@type":"EntryPoint","urlTemplate":"https:\/\/www.heddata.se\/webbutik\/?s={search_term_string}"},"query-input":{"@type":"PropertyValueSpecification","valueRequired":true,"valueName":"search_term_string"}}],"inLanguage":"sv-SE"},{"@type":"Organization","@id":"https:\/\/www.heddata.se\/webbutik\/#organization","name":"Heddata AB","url":"https:\/\/www.heddata.se\/webbutik\/","logo":{"@type":"ImageObject","inLanguage":"sv-SE","@id":"https:\/\/www.heddata.se\/webbutik\/#\/schema\/logo\/image\/","url":"https:\/\/www.heddata.se\/webbutik\/wp-content\/uploads\/logga\/heddata-ab-logga.png","contentUrl":"https:\/\/www.heddata.se\/webbutik\/wp-content\/uploads\/logga\/heddata-ab-logga.png","width":200,"height":64,"caption":"Heddata AB"},"image":{"@id":"https:\/\/www.heddata.se\/webbutik\/#\/schema\/logo\/image\/"}}]}},"_links":{"self":[{"href":"https:\/\/www.heddata.se\/webbutik\/wp-json\/wp\/v2\/product\/10580","targetHints":{"allow":["GET"]}}],"collection":[{"href":"https:\/\/www.heddata.se\/webbutik\/wp-json\/wp\/v2\/product"}],"about":[{"href":"https:\/\/www.heddata.se\/webbutik\/wp-json\/wp\/v2\/types\/product"}],"wp:featuredmedia":[{"embeddable":true,"href":"https:\/\/www.heddata.se\/webbutik\/wp-json\/wp\/v2\/media\/27056"}],"wp:attachment":[{"href":"https:\/\/www.heddata.se\/webbutik\/wp-json\/wp\/v2\/media?parent=10580"}],"wp:term":[{"taxonomy":"product_brand","embeddable":true,"href":"https:\/\/www.heddata.se\/webbutik\/wp-json\/wp\/v2\/product_brand?post=10580"},{"taxonomy":"product_cat","embeddable":true,"href":"https:\/\/www.heddata.se\/webbutik\/wp-json\/wp\/v2\/product_cat?post=10580"},{"taxonomy":"product_tag","embeddable":true,"href":"https:\/\/www.heddata.se\/webbutik\/wp-json\/wp\/v2\/product_tag?post=10580"}],"curies":[{"name":"wp","href":"https:\/\/api.w.org\/{rel}","templated":true}]}}