{"id":10575,"date":"2019-12-03T13:44:33","date_gmt":"2019-12-03T12:44:33","guid":{"rendered":"https:\/\/www.heddata.se\/webbutik\/?post_type=product&#038;p=10575"},"modified":"2026-04-07T18:19:47","modified_gmt":"2026-04-07T16:19:47","slug":"logitech-m220-silent-optisk-tradlos","status":"publish","type":"product","link":"https:\/\/www.heddata.se\/webbutik\/produkt\/logitech-m220-silent-optisk-tradlos\/","title":{"rendered":"Logitech M220 Silent Optisk Tr\u00e5dl\u00f6s | Svart | Mus fr\u00e5n Logitech"},"content":{"rendered":"<p>Logitech M220 Silent. Njut av tystnaden, Klickljudet har minskats med \u00f6ver 90% p\u00e5 denna <a href=\"https:\/\/www.heddata.se\/webbutik\/datorer-tillbehor\/moss-tangentbord\/\">mus<\/a> utan att tumma p\u00e5 k\u00e4nslan. Du f\u00e5r en stabil anslutning upp till 10 meter (33 fot) bort tack vare plug-and-forgetnanomottagaren. M220 SILENT anv\u00e4nder \u00e4ven <a href=\"https:\/\/www.logitech.com\/sv-se\" target=\"_blank\" rel=\"noopener noreferrer\">Logitech<\/a> Advanced Optical Tracking f\u00f6r att garantera precision p\u00e5 n\u00e4stan alla ytor. Den faktiska tr\u00e5dl\u00f6sa r\u00e4ckvidden kan variera beroende p\u00e5 anv\u00e4ndning, inst\u00e4llningar och milj\u00f6faktorer.<\/p>\n","protected":false},"excerpt":{"rendered":"<p>Logitech M 220 Silent<\/p>\n","protected":false},"featured_media":13720,"template":"","meta":[],"product_brand":[],"product_cat":[65,113],"product_tag":[3082],"class_list":{"0":"post-10575","1":"product","2":"type-product","3":"status-publish","4":"has-post-thumbnail","6":"product_cat-datorer-tillbehor","7":"product_cat-tangentbord","8":"product_tag-mus","10":"first","11":"outofstock","12":"taxable","13":"shipping-taxable","14":"purchasable","15":"product-type-simple"},"yoast_head":"<!-- This site is optimized with the Yoast SEO Premium plugin v26.7 (Yoast SEO v26.7) - https:\/\/yoast.com\/wordpress\/plugins\/seo\/ -->\n<title>Logitech M220 Silent Optisk Tr\u00e5dl\u00f6s | Svart | Mus fr\u00e5n Logitech<\/title>\n<meta name=\"description\" content=\"Logitech M220 Silent mus. Njut av tystnaden, Klickljudet har minskats med \u00f6ver 90% p\u00e5 denna mus utan att tumma p\u00e5 k\u00e4nslan.\" \/>\n<meta name=\"robots\" content=\"index, follow, max-snippet:-1, max-image-preview:large, max-video-preview:-1\" \/>\n<link rel=\"canonical\" href=\"https:\/\/www.heddata.se\/webbutik\/produkt\/logitech-m220-silent-optisk-tradlos\/\" \/>\n<meta property=\"og:locale\" content=\"sv_SE\" \/>\n<meta property=\"og:type\" content=\"article\" \/>\n<meta property=\"og:title\" content=\"Logitech M220 Silent Optisk Tr\u00e5dl\u00f6s | Svart | Mus fr\u00e5n Logitech\" \/>\n<meta property=\"og:description\" content=\"Logitech M220 Silent mus. Njut av tystnaden, Klickljudet har minskats med \u00f6ver 90% p\u00e5 denna mus utan att tumma p\u00e5 k\u00e4nslan.\" \/>\n<meta property=\"og:url\" content=\"https:\/\/www.heddata.se\/webbutik\/produkt\/logitech-m220-silent-optisk-tradlos\/\" \/>\n<meta property=\"og:site_name\" content=\"Datorer, Skrivare, F\u00e4rgpatroner, Mobiltelefoner\" \/>\n<meta property=\"article:modified_time\" content=\"2026-04-07T16:19:47+00:00\" \/>\n<meta property=\"og:image\" content=\"https:\/\/www.heddata.se\/webbutik\/wp-content\/uploads\/webbutik\/kategorier\/tangentbord-moss\/Logitech-M220-Silent-Optisk-Tradlos-Svart-Mus-fran-Logitech.jpg\" \/>\n\t<meta property=\"og:image:width\" content=\"960\" \/>\n\t<meta property=\"og:image:height\" content=\"720\" \/>\n\t<meta property=\"og:image:type\" content=\"image\/jpeg\" \/>\n<meta name=\"twitter:card\" content=\"summary_large_image\" \/>\n<script type=\"application\/ld+json\" class=\"yoast-schema-graph\">{\"@context\":\"https:\/\/schema.org\",\"@graph\":[{\"@type\":\"WebPage\",\"@id\":\"https:\/\/www.heddata.se\/webbutik\/produkt\/logitech-m220-silent-optisk-tradlos\/\",\"url\":\"https:\/\/www.heddata.se\/webbutik\/produkt\/logitech-m220-silent-optisk-tradlos\/\",\"name\":\"Logitech M220 Silent Optisk Tr\u00e5dl\u00f6s | Svart | Mus fr\u00e5n Logitech\",\"isPartOf\":{\"@id\":\"https:\/\/www.heddata.se\/webbutik\/#website\"},\"primaryImageOfPage\":{\"@id\":\"https:\/\/www.heddata.se\/webbutik\/produkt\/logitech-m220-silent-optisk-tradlos\/#primaryimage\"},\"image\":{\"@id\":\"https:\/\/www.heddata.se\/webbutik\/produkt\/logitech-m220-silent-optisk-tradlos\/#primaryimage\"},\"thumbnailUrl\":\"https:\/\/www.heddata.se\/webbutik\/wp-content\/uploads\/webbutik\/kategorier\/tangentbord-moss\/Logitech-M220-Silent-Optisk-Tradlos-Svart-Mus-fran-Logitech.jpg\",\"datePublished\":\"2019-12-03T12:44:33+00:00\",\"dateModified\":\"2026-04-07T16:19:47+00:00\",\"description\":\"Logitech M220 Silent mus. Njut av tystnaden, Klickljudet har minskats med \u00f6ver 90% p\u00e5 denna mus utan att tumma p\u00e5 k\u00e4nslan.\",\"breadcrumb\":{\"@id\":\"https:\/\/www.heddata.se\/webbutik\/produkt\/logitech-m220-silent-optisk-tradlos\/#breadcrumb\"},\"inLanguage\":\"sv-SE\",\"potentialAction\":[{\"@type\":\"ReadAction\",\"target\":[\"https:\/\/www.heddata.se\/webbutik\/produkt\/logitech-m220-silent-optisk-tradlos\/\"]}]},{\"@type\":\"ImageObject\",\"inLanguage\":\"sv-SE\",\"@id\":\"https:\/\/www.heddata.se\/webbutik\/produkt\/logitech-m220-silent-optisk-tradlos\/#primaryimage\",\"url\":\"https:\/\/www.heddata.se\/webbutik\/wp-content\/uploads\/webbutik\/kategorier\/tangentbord-moss\/Logitech-M220-Silent-Optisk-Tradlos-Svart-Mus-fran-Logitech.jpg\",\"contentUrl\":\"https:\/\/www.heddata.se\/webbutik\/wp-content\/uploads\/webbutik\/kategorier\/tangentbord-moss\/Logitech-M220-Silent-Optisk-Tradlos-Svart-Mus-fran-Logitech.jpg\",\"width\":960,\"height\":720,\"caption\":\"Logitech M220 Silent Optisk Tr\u00e5dl\u00f6s | Svart | Mus fr\u00e5n Logitech\"},{\"@type\":\"BreadcrumbList\",\"@id\":\"https:\/\/www.heddata.se\/webbutik\/produkt\/logitech-m220-silent-optisk-tradlos\/#breadcrumb\",\"itemListElement\":[{\"@type\":\"ListItem\",\"position\":1,\"name\":\"Hem\",\"item\":\"https:\/\/www.heddata.se\/webbutik\/\"},{\"@type\":\"ListItem\",\"position\":2,\"name\":\"Produkter\",\"item\":\"https:\/\/www.heddata.se\/webbutik\/shop\/\"},{\"@type\":\"ListItem\",\"position\":3,\"name\":\"Logitech M220 Silent Optisk Tr\u00e5dl\u00f6s | Svart | Mus fr\u00e5n Logitech\"}]},{\"@type\":\"WebSite\",\"@id\":\"https:\/\/www.heddata.se\/webbutik\/#website\",\"url\":\"https:\/\/www.heddata.se\/webbutik\/\",\"name\":\"Datorer, Skrivare, F\u00e4rgpatroner, Mobiltelefoner\",\"description\":\"Kablar\",\"publisher\":{\"@id\":\"https:\/\/www.heddata.se\/webbutik\/#organization\"},\"potentialAction\":[{\"@type\":\"SearchAction\",\"target\":{\"@type\":\"EntryPoint\",\"urlTemplate\":\"https:\/\/www.heddata.se\/webbutik\/?s={search_term_string}\"},\"query-input\":{\"@type\":\"PropertyValueSpecification\",\"valueRequired\":true,\"valueName\":\"search_term_string\"}}],\"inLanguage\":\"sv-SE\"},{\"@type\":\"Organization\",\"@id\":\"https:\/\/www.heddata.se\/webbutik\/#organization\",\"name\":\"Heddata AB\",\"url\":\"https:\/\/www.heddata.se\/webbutik\/\",\"logo\":{\"@type\":\"ImageObject\",\"inLanguage\":\"sv-SE\",\"@id\":\"https:\/\/www.heddata.se\/webbutik\/#\/schema\/logo\/image\/\",\"url\":\"https:\/\/www.heddata.se\/webbutik\/wp-content\/uploads\/logga\/heddata-ab-logga.png\",\"contentUrl\":\"https:\/\/www.heddata.se\/webbutik\/wp-content\/uploads\/logga\/heddata-ab-logga.png\",\"width\":200,\"height\":64,\"caption\":\"Heddata AB\"},\"image\":{\"@id\":\"https:\/\/www.heddata.se\/webbutik\/#\/schema\/logo\/image\/\"}}]}<\/script>\n<!-- \/ Yoast SEO Premium plugin. -->","yoast_head_json":{"title":"Logitech M220 Silent Optisk Tr\u00e5dl\u00f6s | Svart | Mus fr\u00e5n Logitech","description":"Logitech M220 Silent mus. Njut av tystnaden, Klickljudet har minskats med \u00f6ver 90% p\u00e5 denna mus utan att tumma p\u00e5 k\u00e4nslan.","robots":{"index":"index","follow":"follow","max-snippet":"max-snippet:-1","max-image-preview":"max-image-preview:large","max-video-preview":"max-video-preview:-1"},"canonical":"https:\/\/www.heddata.se\/webbutik\/produkt\/logitech-m220-silent-optisk-tradlos\/","og_locale":"sv_SE","og_type":"article","og_title":"Logitech M220 Silent Optisk Tr\u00e5dl\u00f6s | Svart | Mus fr\u00e5n Logitech","og_description":"Logitech M220 Silent mus. Njut av tystnaden, Klickljudet har minskats med \u00f6ver 90% p\u00e5 denna mus utan att tumma p\u00e5 k\u00e4nslan.","og_url":"https:\/\/www.heddata.se\/webbutik\/produkt\/logitech-m220-silent-optisk-tradlos\/","og_site_name":"Datorer, Skrivare, F\u00e4rgpatroner, Mobiltelefoner","article_modified_time":"2026-04-07T16:19:47+00:00","og_image":[{"width":960,"height":720,"url":"https:\/\/www.heddata.se\/webbutik\/wp-content\/uploads\/webbutik\/kategorier\/tangentbord-moss\/Logitech-M220-Silent-Optisk-Tradlos-Svart-Mus-fran-Logitech.jpg","type":"image\/jpeg"}],"twitter_card":"summary_large_image","schema":{"@context":"https:\/\/schema.org","@graph":[{"@type":"WebPage","@id":"https:\/\/www.heddata.se\/webbutik\/produkt\/logitech-m220-silent-optisk-tradlos\/","url":"https:\/\/www.heddata.se\/webbutik\/produkt\/logitech-m220-silent-optisk-tradlos\/","name":"Logitech M220 Silent Optisk Tr\u00e5dl\u00f6s | Svart | Mus fr\u00e5n Logitech","isPartOf":{"@id":"https:\/\/www.heddata.se\/webbutik\/#website"},"primaryImageOfPage":{"@id":"https:\/\/www.heddata.se\/webbutik\/produkt\/logitech-m220-silent-optisk-tradlos\/#primaryimage"},"image":{"@id":"https:\/\/www.heddata.se\/webbutik\/produkt\/logitech-m220-silent-optisk-tradlos\/#primaryimage"},"thumbnailUrl":"https:\/\/www.heddata.se\/webbutik\/wp-content\/uploads\/webbutik\/kategorier\/tangentbord-moss\/Logitech-M220-Silent-Optisk-Tradlos-Svart-Mus-fran-Logitech.jpg","datePublished":"2019-12-03T12:44:33+00:00","dateModified":"2026-04-07T16:19:47+00:00","description":"Logitech M220 Silent mus. Njut av tystnaden, Klickljudet har minskats med \u00f6ver 90% p\u00e5 denna mus utan att tumma p\u00e5 k\u00e4nslan.","breadcrumb":{"@id":"https:\/\/www.heddata.se\/webbutik\/produkt\/logitech-m220-silent-optisk-tradlos\/#breadcrumb"},"inLanguage":"sv-SE","potentialAction":[{"@type":"ReadAction","target":["https:\/\/www.heddata.se\/webbutik\/produkt\/logitech-m220-silent-optisk-tradlos\/"]}]},{"@type":"ImageObject","inLanguage":"sv-SE","@id":"https:\/\/www.heddata.se\/webbutik\/produkt\/logitech-m220-silent-optisk-tradlos\/#primaryimage","url":"https:\/\/www.heddata.se\/webbutik\/wp-content\/uploads\/webbutik\/kategorier\/tangentbord-moss\/Logitech-M220-Silent-Optisk-Tradlos-Svart-Mus-fran-Logitech.jpg","contentUrl":"https:\/\/www.heddata.se\/webbutik\/wp-content\/uploads\/webbutik\/kategorier\/tangentbord-moss\/Logitech-M220-Silent-Optisk-Tradlos-Svart-Mus-fran-Logitech.jpg","width":960,"height":720,"caption":"Logitech M220 Silent Optisk Tr\u00e5dl\u00f6s | Svart | Mus fr\u00e5n Logitech"},{"@type":"BreadcrumbList","@id":"https:\/\/www.heddata.se\/webbutik\/produkt\/logitech-m220-silent-optisk-tradlos\/#breadcrumb","itemListElement":[{"@type":"ListItem","position":1,"name":"Hem","item":"https:\/\/www.heddata.se\/webbutik\/"},{"@type":"ListItem","position":2,"name":"Produkter","item":"https:\/\/www.heddata.se\/webbutik\/shop\/"},{"@type":"ListItem","position":3,"name":"Logitech M220 Silent Optisk Tr\u00e5dl\u00f6s | Svart | Mus fr\u00e5n Logitech"}]},{"@type":"WebSite","@id":"https:\/\/www.heddata.se\/webbutik\/#website","url":"https:\/\/www.heddata.se\/webbutik\/","name":"Datorer, Skrivare, F\u00e4rgpatroner, Mobiltelefoner","description":"Kablar","publisher":{"@id":"https:\/\/www.heddata.se\/webbutik\/#organization"},"potentialAction":[{"@type":"SearchAction","target":{"@type":"EntryPoint","urlTemplate":"https:\/\/www.heddata.se\/webbutik\/?s={search_term_string}"},"query-input":{"@type":"PropertyValueSpecification","valueRequired":true,"valueName":"search_term_string"}}],"inLanguage":"sv-SE"},{"@type":"Organization","@id":"https:\/\/www.heddata.se\/webbutik\/#organization","name":"Heddata AB","url":"https:\/\/www.heddata.se\/webbutik\/","logo":{"@type":"ImageObject","inLanguage":"sv-SE","@id":"https:\/\/www.heddata.se\/webbutik\/#\/schema\/logo\/image\/","url":"https:\/\/www.heddata.se\/webbutik\/wp-content\/uploads\/logga\/heddata-ab-logga.png","contentUrl":"https:\/\/www.heddata.se\/webbutik\/wp-content\/uploads\/logga\/heddata-ab-logga.png","width":200,"height":64,"caption":"Heddata AB"},"image":{"@id":"https:\/\/www.heddata.se\/webbutik\/#\/schema\/logo\/image\/"}}]}},"_links":{"self":[{"href":"https:\/\/www.heddata.se\/webbutik\/wp-json\/wp\/v2\/product\/10575","targetHints":{"allow":["GET"]}}],"collection":[{"href":"https:\/\/www.heddata.se\/webbutik\/wp-json\/wp\/v2\/product"}],"about":[{"href":"https:\/\/www.heddata.se\/webbutik\/wp-json\/wp\/v2\/types\/product"}],"wp:featuredmedia":[{"embeddable":true,"href":"https:\/\/www.heddata.se\/webbutik\/wp-json\/wp\/v2\/media\/13720"}],"wp:attachment":[{"href":"https:\/\/www.heddata.se\/webbutik\/wp-json\/wp\/v2\/media?parent=10575"}],"wp:term":[{"taxonomy":"product_brand","embeddable":true,"href":"https:\/\/www.heddata.se\/webbutik\/wp-json\/wp\/v2\/product_brand?post=10575"},{"taxonomy":"product_cat","embeddable":true,"href":"https:\/\/www.heddata.se\/webbutik\/wp-json\/wp\/v2\/product_cat?post=10575"},{"taxonomy":"product_tag","embeddable":true,"href":"https:\/\/www.heddata.se\/webbutik\/wp-json\/wp\/v2\/product_tag?post=10575"}],"curies":[{"name":"wp","href":"https:\/\/api.w.org\/{rel}","templated":true}]}}