{"id":10557,"date":"2019-12-03T13:44:28","date_gmt":"2019-12-03T12:44:28","guid":{"rendered":"https:\/\/www.heddata.se\/webbutik\/?post_type=product&#038;p=10557"},"modified":"2026-04-07T10:08:54","modified_gmt":"2026-04-07T08:08:54","slug":"bic-tipp-ex-correction-tape-mini-5mm-x-5m","status":"publish","type":"product","link":"https:\/\/www.heddata.se\/webbutik\/produkt\/bic-tipp-ex-correction-tape-mini-5mm-x-5m\/","title":{"rendered":"BIC Tipp-Ex Correction Tape Mini 5mm x 5m"},"content":{"rendered":"<h4>BIC Tipp-Ex Correction Tape Mini 5mm x 5m<\/h4>\n<p class=\"pr\">BIC Tipp-Ex Correction Tape i ultrakompakt format med <a href=\"https:\/\/www.heddata.se\/webbutik\/kontorstillbehor\/\">PET-film.<\/a> Perfekt t\u00e4ckning, ingen torktid, det g\u00e5r att skriva direkt. Stark <a href=\"https:\/\/www.bicworld.com\/en\/about-us\/our-brands\" target=\"_blank\" rel=\"noopener noreferrer\">film.<\/a> Genomskinlig kropp f\u00f6r att kunna kontrollera tejp\u00e5tg\u00e5ngen. Exakt applicering f\u00f6r b\u00e5de v\u00e4nster- och h\u00f6gerh\u00e4nta.<\/p>\n<p class=\"pr\">&#8211; Bredd: 5 mm<\/p>\n<p class=\"pr\">&#8211; L\u00e4ngd: 5 meter<\/p>\n<p>&nbsp;<\/p>\n","protected":false},"excerpt":{"rendered":"<h4>BIC Tipp-Ex Correction Tape Mini 5mm x 5m<\/h4>\n","protected":false},"featured_media":75069,"template":"","meta":[],"product_brand":[],"product_cat":[68],"product_tag":[],"class_list":{"0":"post-10557","1":"product","2":"type-product","3":"status-publish","4":"has-post-thumbnail","6":"product_cat-kontorstillbehor","8":"first","9":"instock","10":"taxable","11":"shipping-taxable","12":"purchasable","13":"product-type-simple"},"yoast_head":"<!-- This site is optimized with the Yoast SEO Premium plugin v26.7 (Yoast SEO v26.7) - https:\/\/yoast.com\/wordpress\/plugins\/seo\/ -->\n<title>BIC Tipp-Ex Correction Tape Mini 5mm x 5m i kompakt format<\/title>\n<meta name=\"description\" content=\"BIC Tipp-Ex Correction Tape Mini 5mm x 5m i ultrakompakt format med PET-film Perfekt t\u00e4ckning, ingen torktid, det g\u00e5r att skriva direkt.\" \/>\n<meta name=\"robots\" content=\"index, follow, max-snippet:-1, max-image-preview:large, max-video-preview:-1\" \/>\n<link rel=\"canonical\" href=\"https:\/\/www.heddata.se\/webbutik\/produkt\/bic-tipp-ex-correction-tape-mini-5mm-x-5m\/\" \/>\n<meta property=\"og:locale\" content=\"sv_SE\" \/>\n<meta property=\"og:type\" content=\"article\" \/>\n<meta property=\"og:title\" content=\"BIC Tipp-Ex Correction Tape Mini 5mm x 5m\" \/>\n<meta property=\"og:description\" content=\"BIC Tipp-Ex Correction Tape Mini 5mm x 5m i ultrakompakt format med PET-film Perfekt t\u00e4ckning, ingen torktid, det g\u00e5r att skriva direkt.\" \/>\n<meta property=\"og:url\" content=\"https:\/\/www.heddata.se\/webbutik\/produkt\/bic-tipp-ex-correction-tape-mini-5mm-x-5m\/\" \/>\n<meta property=\"og:site_name\" content=\"Datorer, Skrivare, F\u00e4rgpatroner, Mobiltelefoner\" \/>\n<meta property=\"article:modified_time\" content=\"2026-04-07T08:08:54+00:00\" \/>\n<meta property=\"og:image\" content=\"https:\/\/www.heddata.se\/webbutik\/wp-content\/uploads\/webbutik\/kategorier\/kontorstillbehor\/tipp-ex-mini.jpg\" \/>\n\t<meta property=\"og:image:width\" content=\"288\" \/>\n\t<meta property=\"og:image:height\" content=\"288\" \/>\n\t<meta property=\"og:image:type\" content=\"image\/jpeg\" \/>\n<meta name=\"twitter:card\" content=\"summary_large_image\" \/>\n<script type=\"application\/ld+json\" class=\"yoast-schema-graph\">{\"@context\":\"https:\/\/schema.org\",\"@graph\":[{\"@type\":\"WebPage\",\"@id\":\"https:\/\/www.heddata.se\/webbutik\/produkt\/bic-tipp-ex-correction-tape-mini-5mm-x-5m\/\",\"url\":\"https:\/\/www.heddata.se\/webbutik\/produkt\/bic-tipp-ex-correction-tape-mini-5mm-x-5m\/\",\"name\":\"BIC Tipp-Ex Correction Tape Mini 5mm x 5m i kompakt format\",\"isPartOf\":{\"@id\":\"https:\/\/www.heddata.se\/webbutik\/#website\"},\"primaryImageOfPage\":{\"@id\":\"https:\/\/www.heddata.se\/webbutik\/produkt\/bic-tipp-ex-correction-tape-mini-5mm-x-5m\/#primaryimage\"},\"image\":{\"@id\":\"https:\/\/www.heddata.se\/webbutik\/produkt\/bic-tipp-ex-correction-tape-mini-5mm-x-5m\/#primaryimage\"},\"thumbnailUrl\":\"https:\/\/www.heddata.se\/webbutik\/wp-content\/uploads\/webbutik\/kategorier\/kontorstillbehor\/tipp-ex-mini.jpg\",\"datePublished\":\"2019-12-03T12:44:28+00:00\",\"dateModified\":\"2026-04-07T08:08:54+00:00\",\"description\":\"BIC Tipp-Ex Correction Tape Mini 5mm x 5m i ultrakompakt format med PET-film Perfekt t\u00e4ckning, ingen torktid, det g\u00e5r att skriva direkt.\",\"breadcrumb\":{\"@id\":\"https:\/\/www.heddata.se\/webbutik\/produkt\/bic-tipp-ex-correction-tape-mini-5mm-x-5m\/#breadcrumb\"},\"inLanguage\":\"sv-SE\",\"potentialAction\":[{\"@type\":\"ReadAction\",\"target\":[\"https:\/\/www.heddata.se\/webbutik\/produkt\/bic-tipp-ex-correction-tape-mini-5mm-x-5m\/\"]}]},{\"@type\":\"ImageObject\",\"inLanguage\":\"sv-SE\",\"@id\":\"https:\/\/www.heddata.se\/webbutik\/produkt\/bic-tipp-ex-correction-tape-mini-5mm-x-5m\/#primaryimage\",\"url\":\"https:\/\/www.heddata.se\/webbutik\/wp-content\/uploads\/webbutik\/kategorier\/kontorstillbehor\/tipp-ex-mini.jpg\",\"contentUrl\":\"https:\/\/www.heddata.se\/webbutik\/wp-content\/uploads\/webbutik\/kategorier\/kontorstillbehor\/tipp-ex-mini.jpg\",\"width\":288,\"height\":288,\"caption\":\"BIC Tipp-Ex Correction Tape\"},{\"@type\":\"BreadcrumbList\",\"@id\":\"https:\/\/www.heddata.se\/webbutik\/produkt\/bic-tipp-ex-correction-tape-mini-5mm-x-5m\/#breadcrumb\",\"itemListElement\":[{\"@type\":\"ListItem\",\"position\":1,\"name\":\"Hem\",\"item\":\"https:\/\/www.heddata.se\/webbutik\/\"},{\"@type\":\"ListItem\",\"position\":2,\"name\":\"Produkter\",\"item\":\"https:\/\/www.heddata.se\/webbutik\/shop\/\"},{\"@type\":\"ListItem\",\"position\":3,\"name\":\"BIC Tipp-Ex Correction Tape Mini 5mm x 5m\"}]},{\"@type\":\"WebSite\",\"@id\":\"https:\/\/www.heddata.se\/webbutik\/#website\",\"url\":\"https:\/\/www.heddata.se\/webbutik\/\",\"name\":\"Datorer, Skrivare, F\u00e4rgpatroner, Mobiltelefoner\",\"description\":\"Kablar\",\"publisher\":{\"@id\":\"https:\/\/www.heddata.se\/webbutik\/#organization\"},\"potentialAction\":[{\"@type\":\"SearchAction\",\"target\":{\"@type\":\"EntryPoint\",\"urlTemplate\":\"https:\/\/www.heddata.se\/webbutik\/?s={search_term_string}\"},\"query-input\":{\"@type\":\"PropertyValueSpecification\",\"valueRequired\":true,\"valueName\":\"search_term_string\"}}],\"inLanguage\":\"sv-SE\"},{\"@type\":\"Organization\",\"@id\":\"https:\/\/www.heddata.se\/webbutik\/#organization\",\"name\":\"Heddata AB\",\"url\":\"https:\/\/www.heddata.se\/webbutik\/\",\"logo\":{\"@type\":\"ImageObject\",\"inLanguage\":\"sv-SE\",\"@id\":\"https:\/\/www.heddata.se\/webbutik\/#\/schema\/logo\/image\/\",\"url\":\"https:\/\/www.heddata.se\/webbutik\/wp-content\/uploads\/logga\/heddata-ab-logga.png\",\"contentUrl\":\"https:\/\/www.heddata.se\/webbutik\/wp-content\/uploads\/logga\/heddata-ab-logga.png\",\"width\":200,\"height\":64,\"caption\":\"Heddata AB\"},\"image\":{\"@id\":\"https:\/\/www.heddata.se\/webbutik\/#\/schema\/logo\/image\/\"}}]}<\/script>\n<!-- \/ Yoast SEO Premium plugin. -->","yoast_head_json":{"title":"BIC Tipp-Ex Correction Tape Mini 5mm x 5m i kompakt format","description":"BIC Tipp-Ex Correction Tape Mini 5mm x 5m i ultrakompakt format med PET-film Perfekt t\u00e4ckning, ingen torktid, det g\u00e5r att skriva direkt.","robots":{"index":"index","follow":"follow","max-snippet":"max-snippet:-1","max-image-preview":"max-image-preview:large","max-video-preview":"max-video-preview:-1"},"canonical":"https:\/\/www.heddata.se\/webbutik\/produkt\/bic-tipp-ex-correction-tape-mini-5mm-x-5m\/","og_locale":"sv_SE","og_type":"article","og_title":"BIC Tipp-Ex Correction Tape Mini 5mm x 5m","og_description":"BIC Tipp-Ex Correction Tape Mini 5mm x 5m i ultrakompakt format med PET-film Perfekt t\u00e4ckning, ingen torktid, det g\u00e5r att skriva direkt.","og_url":"https:\/\/www.heddata.se\/webbutik\/produkt\/bic-tipp-ex-correction-tape-mini-5mm-x-5m\/","og_site_name":"Datorer, Skrivare, F\u00e4rgpatroner, Mobiltelefoner","article_modified_time":"2026-04-07T08:08:54+00:00","og_image":[{"width":288,"height":288,"url":"https:\/\/www.heddata.se\/webbutik\/wp-content\/uploads\/webbutik\/kategorier\/kontorstillbehor\/tipp-ex-mini.jpg","type":"image\/jpeg"}],"twitter_card":"summary_large_image","schema":{"@context":"https:\/\/schema.org","@graph":[{"@type":"WebPage","@id":"https:\/\/www.heddata.se\/webbutik\/produkt\/bic-tipp-ex-correction-tape-mini-5mm-x-5m\/","url":"https:\/\/www.heddata.se\/webbutik\/produkt\/bic-tipp-ex-correction-tape-mini-5mm-x-5m\/","name":"BIC Tipp-Ex Correction Tape Mini 5mm x 5m i kompakt format","isPartOf":{"@id":"https:\/\/www.heddata.se\/webbutik\/#website"},"primaryImageOfPage":{"@id":"https:\/\/www.heddata.se\/webbutik\/produkt\/bic-tipp-ex-correction-tape-mini-5mm-x-5m\/#primaryimage"},"image":{"@id":"https:\/\/www.heddata.se\/webbutik\/produkt\/bic-tipp-ex-correction-tape-mini-5mm-x-5m\/#primaryimage"},"thumbnailUrl":"https:\/\/www.heddata.se\/webbutik\/wp-content\/uploads\/webbutik\/kategorier\/kontorstillbehor\/tipp-ex-mini.jpg","datePublished":"2019-12-03T12:44:28+00:00","dateModified":"2026-04-07T08:08:54+00:00","description":"BIC Tipp-Ex Correction Tape Mini 5mm x 5m i ultrakompakt format med PET-film Perfekt t\u00e4ckning, ingen torktid, det g\u00e5r att skriva direkt.","breadcrumb":{"@id":"https:\/\/www.heddata.se\/webbutik\/produkt\/bic-tipp-ex-correction-tape-mini-5mm-x-5m\/#breadcrumb"},"inLanguage":"sv-SE","potentialAction":[{"@type":"ReadAction","target":["https:\/\/www.heddata.se\/webbutik\/produkt\/bic-tipp-ex-correction-tape-mini-5mm-x-5m\/"]}]},{"@type":"ImageObject","inLanguage":"sv-SE","@id":"https:\/\/www.heddata.se\/webbutik\/produkt\/bic-tipp-ex-correction-tape-mini-5mm-x-5m\/#primaryimage","url":"https:\/\/www.heddata.se\/webbutik\/wp-content\/uploads\/webbutik\/kategorier\/kontorstillbehor\/tipp-ex-mini.jpg","contentUrl":"https:\/\/www.heddata.se\/webbutik\/wp-content\/uploads\/webbutik\/kategorier\/kontorstillbehor\/tipp-ex-mini.jpg","width":288,"height":288,"caption":"BIC Tipp-Ex Correction Tape"},{"@type":"BreadcrumbList","@id":"https:\/\/www.heddata.se\/webbutik\/produkt\/bic-tipp-ex-correction-tape-mini-5mm-x-5m\/#breadcrumb","itemListElement":[{"@type":"ListItem","position":1,"name":"Hem","item":"https:\/\/www.heddata.se\/webbutik\/"},{"@type":"ListItem","position":2,"name":"Produkter","item":"https:\/\/www.heddata.se\/webbutik\/shop\/"},{"@type":"ListItem","position":3,"name":"BIC Tipp-Ex Correction Tape Mini 5mm x 5m"}]},{"@type":"WebSite","@id":"https:\/\/www.heddata.se\/webbutik\/#website","url":"https:\/\/www.heddata.se\/webbutik\/","name":"Datorer, Skrivare, F\u00e4rgpatroner, Mobiltelefoner","description":"Kablar","publisher":{"@id":"https:\/\/www.heddata.se\/webbutik\/#organization"},"potentialAction":[{"@type":"SearchAction","target":{"@type":"EntryPoint","urlTemplate":"https:\/\/www.heddata.se\/webbutik\/?s={search_term_string}"},"query-input":{"@type":"PropertyValueSpecification","valueRequired":true,"valueName":"search_term_string"}}],"inLanguage":"sv-SE"},{"@type":"Organization","@id":"https:\/\/www.heddata.se\/webbutik\/#organization","name":"Heddata AB","url":"https:\/\/www.heddata.se\/webbutik\/","logo":{"@type":"ImageObject","inLanguage":"sv-SE","@id":"https:\/\/www.heddata.se\/webbutik\/#\/schema\/logo\/image\/","url":"https:\/\/www.heddata.se\/webbutik\/wp-content\/uploads\/logga\/heddata-ab-logga.png","contentUrl":"https:\/\/www.heddata.se\/webbutik\/wp-content\/uploads\/logga\/heddata-ab-logga.png","width":200,"height":64,"caption":"Heddata AB"},"image":{"@id":"https:\/\/www.heddata.se\/webbutik\/#\/schema\/logo\/image\/"}}]}},"_links":{"self":[{"href":"https:\/\/www.heddata.se\/webbutik\/wp-json\/wp\/v2\/product\/10557","targetHints":{"allow":["GET"]}}],"collection":[{"href":"https:\/\/www.heddata.se\/webbutik\/wp-json\/wp\/v2\/product"}],"about":[{"href":"https:\/\/www.heddata.se\/webbutik\/wp-json\/wp\/v2\/types\/product"}],"wp:featuredmedia":[{"embeddable":true,"href":"https:\/\/www.heddata.se\/webbutik\/wp-json\/wp\/v2\/media\/75069"}],"wp:attachment":[{"href":"https:\/\/www.heddata.se\/webbutik\/wp-json\/wp\/v2\/media?parent=10557"}],"wp:term":[{"taxonomy":"product_brand","embeddable":true,"href":"https:\/\/www.heddata.se\/webbutik\/wp-json\/wp\/v2\/product_brand?post=10557"},{"taxonomy":"product_cat","embeddable":true,"href":"https:\/\/www.heddata.se\/webbutik\/wp-json\/wp\/v2\/product_cat?post=10557"},{"taxonomy":"product_tag","embeddable":true,"href":"https:\/\/www.heddata.se\/webbutik\/wp-json\/wp\/v2\/product_tag?post=10557"}],"curies":[{"name":"wp","href":"https:\/\/api.w.org\/{rel}","templated":true}]}}