{"id":10552,"date":"2019-12-03T13:44:28","date_gmt":"2019-12-03T12:44:28","guid":{"rendered":"https:\/\/www.heddata.se\/webbutik\/?post_type=product&#038;p=10552"},"modified":"2026-05-01T10:10:51","modified_gmt":"2026-05-01T08:10:51","slug":"energizer-extreme-rechargeable-aaa","status":"publish","type":"product","link":"https:\/\/www.heddata.se\/webbutik\/produkt\/energizer-extreme-rechargeable-aaa\/","title":{"rendered":"ENERGIZER EXTREME RECHARGEABLE AAA"},"content":{"rendered":"<h4>ENERGIZER EXTREME RECHARGEABLE AAA<\/h4>\n<p>ENERGIZER EXTREME RECHARGEABLE AAA<\/p>\n<p>Extreme Rechargeable fr\u00e5n <a href=\"https:\/\/www.energizer.eu\/sv\/\" target=\"_blank\" rel=\"noopener noreferrer\">Energizer<\/a> \u00e4r ett <a href=\"https:\/\/www.heddata.se\/webbutik\/batterier\/\">batteri<\/a> f\u00f6r dig som \u00e4r ute efter ett laddningsbart batteri. Det b\u00e4sta med batteriet \u00e4r att n\u00e4r den v\u00e4l \u00e4r laddad, s\u00e5 har den en utm\u00e4rkt f\u00f6rm\u00e5ga att beh\u00e5lla laddningen.<\/p>\n","protected":false},"excerpt":{"rendered":"<h4>ENERGIZER EXTREME RECHARGEABLE AAA<\/h4>\n","protected":false},"featured_media":73972,"template":"","meta":[],"product_brand":[],"product_cat":[210],"product_tag":[],"class_list":{"0":"post-10552","1":"product","2":"type-product","3":"status-publish","4":"has-post-thumbnail","6":"product_cat-batterier","8":"first","9":"instock","10":"taxable","11":"shipping-taxable","12":"purchasable","13":"product-type-simple"},"yoast_head":"<!-- This site is optimized with the Yoast SEO Premium plugin v26.7 (Yoast SEO v26.7) - https:\/\/yoast.com\/wordpress\/plugins\/seo\/ -->\n<title>ENERGIZER EXTREME RECHARGEABLE AAA laddningsbart batteri<\/title>\n<meta name=\"description\" content=\"ENERGIZER EXTREME RECHARGEABLE AAA batteri f\u00f6r dig som \u00e4r ute efter ett laddningsbart batteri med utm\u00e4rkt f\u00f6rm\u00e5ga att beh\u00e5lla laddningen.\" \/>\n<meta name=\"robots\" content=\"index, follow, max-snippet:-1, max-image-preview:large, max-video-preview:-1\" \/>\n<link rel=\"canonical\" href=\"https:\/\/www.heddata.se\/webbutik\/produkt\/energizer-extreme-rechargeable-aaa\/\" \/>\n<meta property=\"og:locale\" content=\"sv_SE\" \/>\n<meta property=\"og:type\" content=\"article\" \/>\n<meta property=\"og:title\" content=\"ENERGIZER EXTREME RECHARGEABLE AAA\" \/>\n<meta property=\"og:description\" content=\"ENERGIZER EXTREME RECHARGEABLE AAA batteri f\u00f6r dig som \u00e4r ute efter ett laddningsbart batteri med utm\u00e4rkt f\u00f6rm\u00e5ga att beh\u00e5lla laddningen.\" \/>\n<meta property=\"og:url\" content=\"https:\/\/www.heddata.se\/webbutik\/produkt\/energizer-extreme-rechargeable-aaa\/\" \/>\n<meta property=\"og:site_name\" content=\"Datorer, Skrivare, F\u00e4rgpatroner, Mobiltelefoner\" \/>\n<meta property=\"article:modified_time\" content=\"2026-05-01T08:10:51+00:00\" \/>\n<meta property=\"og:image\" content=\"https:\/\/www.heddata.se\/webbutik\/wp-content\/uploads\/webbutik\/kategorier\/batterier\/hr03aaa.jpg\" \/>\n\t<meta property=\"og:image:width\" content=\"558\" \/>\n\t<meta property=\"og:image:height\" content=\"558\" \/>\n\t<meta property=\"og:image:type\" content=\"image\/jpeg\" \/>\n<meta name=\"twitter:card\" content=\"summary_large_image\" \/>\n<script type=\"application\/ld+json\" class=\"yoast-schema-graph\">{\"@context\":\"https:\/\/schema.org\",\"@graph\":[{\"@type\":\"WebPage\",\"@id\":\"https:\/\/www.heddata.se\/webbutik\/produkt\/energizer-extreme-rechargeable-aaa\/\",\"url\":\"https:\/\/www.heddata.se\/webbutik\/produkt\/energizer-extreme-rechargeable-aaa\/\",\"name\":\"ENERGIZER EXTREME RECHARGEABLE AAA laddningsbart batteri\",\"isPartOf\":{\"@id\":\"https:\/\/www.heddata.se\/webbutik\/#website\"},\"primaryImageOfPage\":{\"@id\":\"https:\/\/www.heddata.se\/webbutik\/produkt\/energizer-extreme-rechargeable-aaa\/#primaryimage\"},\"image\":{\"@id\":\"https:\/\/www.heddata.se\/webbutik\/produkt\/energizer-extreme-rechargeable-aaa\/#primaryimage\"},\"thumbnailUrl\":\"https:\/\/www.heddata.se\/webbutik\/wp-content\/uploads\/webbutik\/kategorier\/batterier\/hr03aaa.jpg\",\"datePublished\":\"2019-12-03T12:44:28+00:00\",\"dateModified\":\"2026-05-01T08:10:51+00:00\",\"description\":\"ENERGIZER EXTREME RECHARGEABLE AAA batteri f\u00f6r dig som \u00e4r ute efter ett laddningsbart batteri med utm\u00e4rkt f\u00f6rm\u00e5ga att beh\u00e5lla laddningen.\",\"breadcrumb\":{\"@id\":\"https:\/\/www.heddata.se\/webbutik\/produkt\/energizer-extreme-rechargeable-aaa\/#breadcrumb\"},\"inLanguage\":\"sv-SE\",\"potentialAction\":[{\"@type\":\"ReadAction\",\"target\":[\"https:\/\/www.heddata.se\/webbutik\/produkt\/energizer-extreme-rechargeable-aaa\/\"]}]},{\"@type\":\"ImageObject\",\"inLanguage\":\"sv-SE\",\"@id\":\"https:\/\/www.heddata.se\/webbutik\/produkt\/energizer-extreme-rechargeable-aaa\/#primaryimage\",\"url\":\"https:\/\/www.heddata.se\/webbutik\/wp-content\/uploads\/webbutik\/kategorier\/batterier\/hr03aaa.jpg\",\"contentUrl\":\"https:\/\/www.heddata.se\/webbutik\/wp-content\/uploads\/webbutik\/kategorier\/batterier\/hr03aaa.jpg\",\"width\":558,\"height\":558,\"caption\":\"ENERGIZER EXTREME RECHARGEABLE AAA\"},{\"@type\":\"BreadcrumbList\",\"@id\":\"https:\/\/www.heddata.se\/webbutik\/produkt\/energizer-extreme-rechargeable-aaa\/#breadcrumb\",\"itemListElement\":[{\"@type\":\"ListItem\",\"position\":1,\"name\":\"Hem\",\"item\":\"https:\/\/www.heddata.se\/webbutik\/\"},{\"@type\":\"ListItem\",\"position\":2,\"name\":\"Produkter\",\"item\":\"https:\/\/www.heddata.se\/webbutik\/shop\/\"},{\"@type\":\"ListItem\",\"position\":3,\"name\":\"ENERGIZER EXTREME RECHARGEABLE AAA\"}]},{\"@type\":\"WebSite\",\"@id\":\"https:\/\/www.heddata.se\/webbutik\/#website\",\"url\":\"https:\/\/www.heddata.se\/webbutik\/\",\"name\":\"Datorer, Skrivare, F\u00e4rgpatroner, Mobiltelefoner\",\"description\":\"Kablar\",\"publisher\":{\"@id\":\"https:\/\/www.heddata.se\/webbutik\/#organization\"},\"potentialAction\":[{\"@type\":\"SearchAction\",\"target\":{\"@type\":\"EntryPoint\",\"urlTemplate\":\"https:\/\/www.heddata.se\/webbutik\/?s={search_term_string}\"},\"query-input\":{\"@type\":\"PropertyValueSpecification\",\"valueRequired\":true,\"valueName\":\"search_term_string\"}}],\"inLanguage\":\"sv-SE\"},{\"@type\":\"Organization\",\"@id\":\"https:\/\/www.heddata.se\/webbutik\/#organization\",\"name\":\"Heddata AB\",\"url\":\"https:\/\/www.heddata.se\/webbutik\/\",\"logo\":{\"@type\":\"ImageObject\",\"inLanguage\":\"sv-SE\",\"@id\":\"https:\/\/www.heddata.se\/webbutik\/#\/schema\/logo\/image\/\",\"url\":\"https:\/\/www.heddata.se\/webbutik\/wp-content\/uploads\/logga\/heddata-ab-logga.png\",\"contentUrl\":\"https:\/\/www.heddata.se\/webbutik\/wp-content\/uploads\/logga\/heddata-ab-logga.png\",\"width\":200,\"height\":64,\"caption\":\"Heddata AB\"},\"image\":{\"@id\":\"https:\/\/www.heddata.se\/webbutik\/#\/schema\/logo\/image\/\"}}]}<\/script>\n<!-- \/ Yoast SEO Premium plugin. -->","yoast_head_json":{"title":"ENERGIZER EXTREME RECHARGEABLE AAA laddningsbart batteri","description":"ENERGIZER EXTREME RECHARGEABLE AAA batteri f\u00f6r dig som \u00e4r ute efter ett laddningsbart batteri med utm\u00e4rkt f\u00f6rm\u00e5ga att beh\u00e5lla laddningen.","robots":{"index":"index","follow":"follow","max-snippet":"max-snippet:-1","max-image-preview":"max-image-preview:large","max-video-preview":"max-video-preview:-1"},"canonical":"https:\/\/www.heddata.se\/webbutik\/produkt\/energizer-extreme-rechargeable-aaa\/","og_locale":"sv_SE","og_type":"article","og_title":"ENERGIZER EXTREME RECHARGEABLE AAA","og_description":"ENERGIZER EXTREME RECHARGEABLE AAA batteri f\u00f6r dig som \u00e4r ute efter ett laddningsbart batteri med utm\u00e4rkt f\u00f6rm\u00e5ga att beh\u00e5lla laddningen.","og_url":"https:\/\/www.heddata.se\/webbutik\/produkt\/energizer-extreme-rechargeable-aaa\/","og_site_name":"Datorer, Skrivare, F\u00e4rgpatroner, Mobiltelefoner","article_modified_time":"2026-05-01T08:10:51+00:00","og_image":[{"width":558,"height":558,"url":"https:\/\/www.heddata.se\/webbutik\/wp-content\/uploads\/webbutik\/kategorier\/batterier\/hr03aaa.jpg","type":"image\/jpeg"}],"twitter_card":"summary_large_image","schema":{"@context":"https:\/\/schema.org","@graph":[{"@type":"WebPage","@id":"https:\/\/www.heddata.se\/webbutik\/produkt\/energizer-extreme-rechargeable-aaa\/","url":"https:\/\/www.heddata.se\/webbutik\/produkt\/energizer-extreme-rechargeable-aaa\/","name":"ENERGIZER EXTREME RECHARGEABLE AAA laddningsbart batteri","isPartOf":{"@id":"https:\/\/www.heddata.se\/webbutik\/#website"},"primaryImageOfPage":{"@id":"https:\/\/www.heddata.se\/webbutik\/produkt\/energizer-extreme-rechargeable-aaa\/#primaryimage"},"image":{"@id":"https:\/\/www.heddata.se\/webbutik\/produkt\/energizer-extreme-rechargeable-aaa\/#primaryimage"},"thumbnailUrl":"https:\/\/www.heddata.se\/webbutik\/wp-content\/uploads\/webbutik\/kategorier\/batterier\/hr03aaa.jpg","datePublished":"2019-12-03T12:44:28+00:00","dateModified":"2026-05-01T08:10:51+00:00","description":"ENERGIZER EXTREME RECHARGEABLE AAA batteri f\u00f6r dig som \u00e4r ute efter ett laddningsbart batteri med utm\u00e4rkt f\u00f6rm\u00e5ga att beh\u00e5lla laddningen.","breadcrumb":{"@id":"https:\/\/www.heddata.se\/webbutik\/produkt\/energizer-extreme-rechargeable-aaa\/#breadcrumb"},"inLanguage":"sv-SE","potentialAction":[{"@type":"ReadAction","target":["https:\/\/www.heddata.se\/webbutik\/produkt\/energizer-extreme-rechargeable-aaa\/"]}]},{"@type":"ImageObject","inLanguage":"sv-SE","@id":"https:\/\/www.heddata.se\/webbutik\/produkt\/energizer-extreme-rechargeable-aaa\/#primaryimage","url":"https:\/\/www.heddata.se\/webbutik\/wp-content\/uploads\/webbutik\/kategorier\/batterier\/hr03aaa.jpg","contentUrl":"https:\/\/www.heddata.se\/webbutik\/wp-content\/uploads\/webbutik\/kategorier\/batterier\/hr03aaa.jpg","width":558,"height":558,"caption":"ENERGIZER EXTREME RECHARGEABLE AAA"},{"@type":"BreadcrumbList","@id":"https:\/\/www.heddata.se\/webbutik\/produkt\/energizer-extreme-rechargeable-aaa\/#breadcrumb","itemListElement":[{"@type":"ListItem","position":1,"name":"Hem","item":"https:\/\/www.heddata.se\/webbutik\/"},{"@type":"ListItem","position":2,"name":"Produkter","item":"https:\/\/www.heddata.se\/webbutik\/shop\/"},{"@type":"ListItem","position":3,"name":"ENERGIZER EXTREME RECHARGEABLE AAA"}]},{"@type":"WebSite","@id":"https:\/\/www.heddata.se\/webbutik\/#website","url":"https:\/\/www.heddata.se\/webbutik\/","name":"Datorer, Skrivare, F\u00e4rgpatroner, Mobiltelefoner","description":"Kablar","publisher":{"@id":"https:\/\/www.heddata.se\/webbutik\/#organization"},"potentialAction":[{"@type":"SearchAction","target":{"@type":"EntryPoint","urlTemplate":"https:\/\/www.heddata.se\/webbutik\/?s={search_term_string}"},"query-input":{"@type":"PropertyValueSpecification","valueRequired":true,"valueName":"search_term_string"}}],"inLanguage":"sv-SE"},{"@type":"Organization","@id":"https:\/\/www.heddata.se\/webbutik\/#organization","name":"Heddata AB","url":"https:\/\/www.heddata.se\/webbutik\/","logo":{"@type":"ImageObject","inLanguage":"sv-SE","@id":"https:\/\/www.heddata.se\/webbutik\/#\/schema\/logo\/image\/","url":"https:\/\/www.heddata.se\/webbutik\/wp-content\/uploads\/logga\/heddata-ab-logga.png","contentUrl":"https:\/\/www.heddata.se\/webbutik\/wp-content\/uploads\/logga\/heddata-ab-logga.png","width":200,"height":64,"caption":"Heddata AB"},"image":{"@id":"https:\/\/www.heddata.se\/webbutik\/#\/schema\/logo\/image\/"}}]}},"_links":{"self":[{"href":"https:\/\/www.heddata.se\/webbutik\/wp-json\/wp\/v2\/product\/10552","targetHints":{"allow":["GET"]}}],"collection":[{"href":"https:\/\/www.heddata.se\/webbutik\/wp-json\/wp\/v2\/product"}],"about":[{"href":"https:\/\/www.heddata.se\/webbutik\/wp-json\/wp\/v2\/types\/product"}],"wp:featuredmedia":[{"embeddable":true,"href":"https:\/\/www.heddata.se\/webbutik\/wp-json\/wp\/v2\/media\/73972"}],"wp:attachment":[{"href":"https:\/\/www.heddata.se\/webbutik\/wp-json\/wp\/v2\/media?parent=10552"}],"wp:term":[{"taxonomy":"product_brand","embeddable":true,"href":"https:\/\/www.heddata.se\/webbutik\/wp-json\/wp\/v2\/product_brand?post=10552"},{"taxonomy":"product_cat","embeddable":true,"href":"https:\/\/www.heddata.se\/webbutik\/wp-json\/wp\/v2\/product_cat?post=10552"},{"taxonomy":"product_tag","embeddable":true,"href":"https:\/\/www.heddata.se\/webbutik\/wp-json\/wp\/v2\/product_tag?post=10552"}],"curies":[{"name":"wp","href":"https:\/\/api.w.org\/{rel}","templated":true}]}}