{"id":10526,"date":"2019-12-03T13:44:19","date_gmt":"2019-12-03T12:44:19","guid":{"rendered":"https:\/\/www.heddata.se\/webbutik\/?post_type=product&#038;p=10526"},"modified":"2026-04-15T18:10:35","modified_gmt":"2026-04-15T16:10:35","slug":"pappersregister-jopa-a4-1-31-vit-bla","status":"publish","type":"product","link":"https:\/\/www.heddata.se\/webbutik\/produkt\/pappersregister-jopa-a4-1-31-vit-bla\/","title":{"rendered":"Pappersregister JOPA A4 1-31 vit\/bl\u00e5"},"content":{"rendered":"<p>Pappersregister JOPA A4 1-31 vit\/bl\u00e5 pris per\/st<\/p>\n<p><b>Esselte\u00ae Jopa pappersregister m\u00f6jligg\u00f6r enkel och effektiv organisering av dina dokument och p\u00e4rmar<\/b><\/p>\n<p>En klassiker p\u00e5 svenska kontor. Tillverkas av gultonat 90g kraftpapper som \u00e4r klor och syrafritt. Flikarna \u00e4r m\u00f6rkbl\u00e5 med svart tryck. Finns \u00e4ven med otryckta flikar. Samtliga <a href=\"https:\/\/www.esselte.com\/sv-se\/\" target=\"_blank\" rel=\"noopener noreferrer\">Jopa<\/a> register \u00e4r tillverkade av FSC\u00ae certifierat papper vilket g\u00f6r dem till ett bra milj\u00f6val.<\/p>\n<p>&nbsp;<\/p>\n<ul>\n<li><a href=\"https:\/\/www.heddata.se\/webbutik\/kontorstillbehor\/\">Pappersregister,<\/a> m\u00e4rkta 1\u201331<\/li>\n<li>M\u00e5tt: A4<\/li>\n<li>Klor och syrafritt papper<\/li>\n<li>Gultonat, 90 g\/m2<\/li>\n<li>FSC\u00ae certifierat<\/li>\n<li>Klimaneutral<\/li>\n<li>Made in EU<\/li>\n<\/ul>\n<p>&nbsp;<\/p>\n","protected":false},"excerpt":{"rendered":"<p>Pappersregister JOPA A4 1-31 vit\/bl\u00e5<\/p>\n","protected":false},"featured_media":79419,"template":"","meta":[],"product_brand":[],"product_cat":[68],"product_tag":[],"class_list":{"0":"post-10526","1":"product","2":"type-product","3":"status-publish","4":"has-post-thumbnail","6":"product_cat-kontorstillbehor","8":"first","9":"instock","10":"taxable","11":"shipping-taxable","12":"purchasable","13":"product-type-simple"},"yoast_head":"<!-- This site is optimized with the Yoast SEO Premium plugin v26.7 (Yoast SEO v26.7) - https:\/\/yoast.com\/wordpress\/plugins\/seo\/ -->\n<title>Pappersregister JOPA A4 1-31 vit\/bl\u00e5. Klor och syrafritt papper.<\/title>\n<meta name=\"description\" content=\"Pappersregister JOPA A4 1-31 vit\/bl\u00e5 En klassiker p\u00e5 svenska kontor. Tillverkas av gultonat 90g kraftpapper som \u00e4r klor och syrafritt.\" \/>\n<meta name=\"robots\" content=\"index, follow, max-snippet:-1, max-image-preview:large, max-video-preview:-1\" \/>\n<link rel=\"canonical\" href=\"https:\/\/www.heddata.se\/webbutik\/produkt\/pappersregister-jopa-a4-1-31-vit-bla\/\" \/>\n<meta property=\"og:locale\" content=\"sv_SE\" \/>\n<meta property=\"og:type\" content=\"article\" \/>\n<meta property=\"og:title\" content=\"Pappersregister JOPA A4 1-31 vit\/bl\u00e5\" \/>\n<meta property=\"og:description\" content=\"Pappersregister JOPA A4 1-31 vit\/bl\u00e5 En klassiker p\u00e5 svenska kontor. Tillverkas av gultonat 90g kraftpapper som \u00e4r klor och syrafritt.\" \/>\n<meta property=\"og:url\" content=\"https:\/\/www.heddata.se\/webbutik\/produkt\/pappersregister-jopa-a4-1-31-vit-bla\/\" \/>\n<meta property=\"og:site_name\" content=\"Datorer, Skrivare, F\u00e4rgpatroner, Mobiltelefoner\" \/>\n<meta property=\"article:modified_time\" content=\"2026-04-15T16:10:35+00:00\" \/>\n<meta property=\"og:image\" content=\"https:\/\/www.heddata.se\/webbutik\/wp-content\/uploads\/webbutik\/kategorier\/kontorstillbehor\/reg-1-31-bla.jpg\" \/>\n\t<meta property=\"og:image:width\" content=\"480\" \/>\n\t<meta property=\"og:image:height\" content=\"480\" \/>\n\t<meta property=\"og:image:type\" content=\"image\/jpeg\" \/>\n<meta name=\"twitter:card\" content=\"summary_large_image\" \/>\n<script type=\"application\/ld+json\" class=\"yoast-schema-graph\">{\"@context\":\"https:\/\/schema.org\",\"@graph\":[{\"@type\":\"WebPage\",\"@id\":\"https:\/\/www.heddata.se\/webbutik\/produkt\/pappersregister-jopa-a4-1-31-vit-bla\/\",\"url\":\"https:\/\/www.heddata.se\/webbutik\/produkt\/pappersregister-jopa-a4-1-31-vit-bla\/\",\"name\":\"Pappersregister JOPA A4 1-31 vit\/bl\u00e5. Klor och syrafritt papper.\",\"isPartOf\":{\"@id\":\"https:\/\/www.heddata.se\/webbutik\/#website\"},\"primaryImageOfPage\":{\"@id\":\"https:\/\/www.heddata.se\/webbutik\/produkt\/pappersregister-jopa-a4-1-31-vit-bla\/#primaryimage\"},\"image\":{\"@id\":\"https:\/\/www.heddata.se\/webbutik\/produkt\/pappersregister-jopa-a4-1-31-vit-bla\/#primaryimage\"},\"thumbnailUrl\":\"https:\/\/www.heddata.se\/webbutik\/wp-content\/uploads\/webbutik\/kategorier\/kontorstillbehor\/reg-1-31-bla.jpg\",\"datePublished\":\"2019-12-03T12:44:19+00:00\",\"dateModified\":\"2026-04-15T16:10:35+00:00\",\"description\":\"Pappersregister JOPA A4 1-31 vit\/bl\u00e5 En klassiker p\u00e5 svenska kontor. Tillverkas av gultonat 90g kraftpapper som \u00e4r klor och syrafritt.\",\"breadcrumb\":{\"@id\":\"https:\/\/www.heddata.se\/webbutik\/produkt\/pappersregister-jopa-a4-1-31-vit-bla\/#breadcrumb\"},\"inLanguage\":\"sv-SE\",\"potentialAction\":[{\"@type\":\"ReadAction\",\"target\":[\"https:\/\/www.heddata.se\/webbutik\/produkt\/pappersregister-jopa-a4-1-31-vit-bla\/\"]}]},{\"@type\":\"ImageObject\",\"inLanguage\":\"sv-SE\",\"@id\":\"https:\/\/www.heddata.se\/webbutik\/produkt\/pappersregister-jopa-a4-1-31-vit-bla\/#primaryimage\",\"url\":\"https:\/\/www.heddata.se\/webbutik\/wp-content\/uploads\/webbutik\/kategorier\/kontorstillbehor\/reg-1-31-bla.jpg\",\"contentUrl\":\"https:\/\/www.heddata.se\/webbutik\/wp-content\/uploads\/webbutik\/kategorier\/kontorstillbehor\/reg-1-31-bla.jpg\",\"width\":480,\"height\":480,\"caption\":\"Pappersregister JOPA A4 1-31\"},{\"@type\":\"BreadcrumbList\",\"@id\":\"https:\/\/www.heddata.se\/webbutik\/produkt\/pappersregister-jopa-a4-1-31-vit-bla\/#breadcrumb\",\"itemListElement\":[{\"@type\":\"ListItem\",\"position\":1,\"name\":\"Hem\",\"item\":\"https:\/\/www.heddata.se\/webbutik\/\"},{\"@type\":\"ListItem\",\"position\":2,\"name\":\"Produkter\",\"item\":\"https:\/\/www.heddata.se\/webbutik\/shop\/\"},{\"@type\":\"ListItem\",\"position\":3,\"name\":\"Pappersregister JOPA A4 1-31 vit\/bl\u00e5\"}]},{\"@type\":\"WebSite\",\"@id\":\"https:\/\/www.heddata.se\/webbutik\/#website\",\"url\":\"https:\/\/www.heddata.se\/webbutik\/\",\"name\":\"Datorer, Skrivare, F\u00e4rgpatroner, Mobiltelefoner\",\"description\":\"Kablar\",\"publisher\":{\"@id\":\"https:\/\/www.heddata.se\/webbutik\/#organization\"},\"potentialAction\":[{\"@type\":\"SearchAction\",\"target\":{\"@type\":\"EntryPoint\",\"urlTemplate\":\"https:\/\/www.heddata.se\/webbutik\/?s={search_term_string}\"},\"query-input\":{\"@type\":\"PropertyValueSpecification\",\"valueRequired\":true,\"valueName\":\"search_term_string\"}}],\"inLanguage\":\"sv-SE\"},{\"@type\":\"Organization\",\"@id\":\"https:\/\/www.heddata.se\/webbutik\/#organization\",\"name\":\"Heddata AB\",\"url\":\"https:\/\/www.heddata.se\/webbutik\/\",\"logo\":{\"@type\":\"ImageObject\",\"inLanguage\":\"sv-SE\",\"@id\":\"https:\/\/www.heddata.se\/webbutik\/#\/schema\/logo\/image\/\",\"url\":\"https:\/\/www.heddata.se\/webbutik\/wp-content\/uploads\/logga\/heddata-ab-logga.png\",\"contentUrl\":\"https:\/\/www.heddata.se\/webbutik\/wp-content\/uploads\/logga\/heddata-ab-logga.png\",\"width\":200,\"height\":64,\"caption\":\"Heddata AB\"},\"image\":{\"@id\":\"https:\/\/www.heddata.se\/webbutik\/#\/schema\/logo\/image\/\"}}]}<\/script>\n<!-- \/ Yoast SEO Premium plugin. -->","yoast_head_json":{"title":"Pappersregister JOPA A4 1-31 vit\/bl\u00e5. Klor och syrafritt papper.","description":"Pappersregister JOPA A4 1-31 vit\/bl\u00e5 En klassiker p\u00e5 svenska kontor. Tillverkas av gultonat 90g kraftpapper som \u00e4r klor och syrafritt.","robots":{"index":"index","follow":"follow","max-snippet":"max-snippet:-1","max-image-preview":"max-image-preview:large","max-video-preview":"max-video-preview:-1"},"canonical":"https:\/\/www.heddata.se\/webbutik\/produkt\/pappersregister-jopa-a4-1-31-vit-bla\/","og_locale":"sv_SE","og_type":"article","og_title":"Pappersregister JOPA A4 1-31 vit\/bl\u00e5","og_description":"Pappersregister JOPA A4 1-31 vit\/bl\u00e5 En klassiker p\u00e5 svenska kontor. Tillverkas av gultonat 90g kraftpapper som \u00e4r klor och syrafritt.","og_url":"https:\/\/www.heddata.se\/webbutik\/produkt\/pappersregister-jopa-a4-1-31-vit-bla\/","og_site_name":"Datorer, Skrivare, F\u00e4rgpatroner, Mobiltelefoner","article_modified_time":"2026-04-15T16:10:35+00:00","og_image":[{"width":480,"height":480,"url":"https:\/\/www.heddata.se\/webbutik\/wp-content\/uploads\/webbutik\/kategorier\/kontorstillbehor\/reg-1-31-bla.jpg","type":"image\/jpeg"}],"twitter_card":"summary_large_image","schema":{"@context":"https:\/\/schema.org","@graph":[{"@type":"WebPage","@id":"https:\/\/www.heddata.se\/webbutik\/produkt\/pappersregister-jopa-a4-1-31-vit-bla\/","url":"https:\/\/www.heddata.se\/webbutik\/produkt\/pappersregister-jopa-a4-1-31-vit-bla\/","name":"Pappersregister JOPA A4 1-31 vit\/bl\u00e5. Klor och syrafritt papper.","isPartOf":{"@id":"https:\/\/www.heddata.se\/webbutik\/#website"},"primaryImageOfPage":{"@id":"https:\/\/www.heddata.se\/webbutik\/produkt\/pappersregister-jopa-a4-1-31-vit-bla\/#primaryimage"},"image":{"@id":"https:\/\/www.heddata.se\/webbutik\/produkt\/pappersregister-jopa-a4-1-31-vit-bla\/#primaryimage"},"thumbnailUrl":"https:\/\/www.heddata.se\/webbutik\/wp-content\/uploads\/webbutik\/kategorier\/kontorstillbehor\/reg-1-31-bla.jpg","datePublished":"2019-12-03T12:44:19+00:00","dateModified":"2026-04-15T16:10:35+00:00","description":"Pappersregister JOPA A4 1-31 vit\/bl\u00e5 En klassiker p\u00e5 svenska kontor. Tillverkas av gultonat 90g kraftpapper som \u00e4r klor och syrafritt.","breadcrumb":{"@id":"https:\/\/www.heddata.se\/webbutik\/produkt\/pappersregister-jopa-a4-1-31-vit-bla\/#breadcrumb"},"inLanguage":"sv-SE","potentialAction":[{"@type":"ReadAction","target":["https:\/\/www.heddata.se\/webbutik\/produkt\/pappersregister-jopa-a4-1-31-vit-bla\/"]}]},{"@type":"ImageObject","inLanguage":"sv-SE","@id":"https:\/\/www.heddata.se\/webbutik\/produkt\/pappersregister-jopa-a4-1-31-vit-bla\/#primaryimage","url":"https:\/\/www.heddata.se\/webbutik\/wp-content\/uploads\/webbutik\/kategorier\/kontorstillbehor\/reg-1-31-bla.jpg","contentUrl":"https:\/\/www.heddata.se\/webbutik\/wp-content\/uploads\/webbutik\/kategorier\/kontorstillbehor\/reg-1-31-bla.jpg","width":480,"height":480,"caption":"Pappersregister JOPA A4 1-31"},{"@type":"BreadcrumbList","@id":"https:\/\/www.heddata.se\/webbutik\/produkt\/pappersregister-jopa-a4-1-31-vit-bla\/#breadcrumb","itemListElement":[{"@type":"ListItem","position":1,"name":"Hem","item":"https:\/\/www.heddata.se\/webbutik\/"},{"@type":"ListItem","position":2,"name":"Produkter","item":"https:\/\/www.heddata.se\/webbutik\/shop\/"},{"@type":"ListItem","position":3,"name":"Pappersregister JOPA A4 1-31 vit\/bl\u00e5"}]},{"@type":"WebSite","@id":"https:\/\/www.heddata.se\/webbutik\/#website","url":"https:\/\/www.heddata.se\/webbutik\/","name":"Datorer, Skrivare, F\u00e4rgpatroner, Mobiltelefoner","description":"Kablar","publisher":{"@id":"https:\/\/www.heddata.se\/webbutik\/#organization"},"potentialAction":[{"@type":"SearchAction","target":{"@type":"EntryPoint","urlTemplate":"https:\/\/www.heddata.se\/webbutik\/?s={search_term_string}"},"query-input":{"@type":"PropertyValueSpecification","valueRequired":true,"valueName":"search_term_string"}}],"inLanguage":"sv-SE"},{"@type":"Organization","@id":"https:\/\/www.heddata.se\/webbutik\/#organization","name":"Heddata AB","url":"https:\/\/www.heddata.se\/webbutik\/","logo":{"@type":"ImageObject","inLanguage":"sv-SE","@id":"https:\/\/www.heddata.se\/webbutik\/#\/schema\/logo\/image\/","url":"https:\/\/www.heddata.se\/webbutik\/wp-content\/uploads\/logga\/heddata-ab-logga.png","contentUrl":"https:\/\/www.heddata.se\/webbutik\/wp-content\/uploads\/logga\/heddata-ab-logga.png","width":200,"height":64,"caption":"Heddata AB"},"image":{"@id":"https:\/\/www.heddata.se\/webbutik\/#\/schema\/logo\/image\/"}}]}},"_links":{"self":[{"href":"https:\/\/www.heddata.se\/webbutik\/wp-json\/wp\/v2\/product\/10526","targetHints":{"allow":["GET"]}}],"collection":[{"href":"https:\/\/www.heddata.se\/webbutik\/wp-json\/wp\/v2\/product"}],"about":[{"href":"https:\/\/www.heddata.se\/webbutik\/wp-json\/wp\/v2\/types\/product"}],"wp:featuredmedia":[{"embeddable":true,"href":"https:\/\/www.heddata.se\/webbutik\/wp-json\/wp\/v2\/media\/79419"}],"wp:attachment":[{"href":"https:\/\/www.heddata.se\/webbutik\/wp-json\/wp\/v2\/media?parent=10526"}],"wp:term":[{"taxonomy":"product_brand","embeddable":true,"href":"https:\/\/www.heddata.se\/webbutik\/wp-json\/wp\/v2\/product_brand?post=10526"},{"taxonomy":"product_cat","embeddable":true,"href":"https:\/\/www.heddata.se\/webbutik\/wp-json\/wp\/v2\/product_cat?post=10526"},{"taxonomy":"product_tag","embeddable":true,"href":"https:\/\/www.heddata.se\/webbutik\/wp-json\/wp\/v2\/product_tag?post=10526"}],"curies":[{"name":"wp","href":"https:\/\/api.w.org\/{rel}","templated":true}]}}