{"id":10516,"date":"2019-12-03T13:44:16","date_gmt":"2019-12-03T12:44:16","guid":{"rendered":"https:\/\/www.heddata.se\/webbutik\/?post_type=product&#038;p=10516"},"modified":"2026-04-08T18:18:19","modified_gmt":"2026-04-08T16:18:19","slug":"energizer-9v-1-pack","status":"publish","type":"product","link":"https:\/\/www.heddata.se\/webbutik\/produkt\/energizer-9v-1-pack\/","title":{"rendered":"Energizer 9V | 1 PACK"},"content":{"rendered":"<p>Energizer max 9V \/ 522 Batteri (1 st ). Med <a href=\"https:\/\/www.energizer.eu\/sv\/\" target=\"_blank\" rel=\"noopener noreferrer\">Energizer<\/a> Max \u00e4r du f\u00f6rberedd f\u00f6r alla tillf\u00e4llen. Batterierna har n\u00e4mligen en livstid p\u00e5 5 \u00e5r. D\u00e4rf\u00f6r betecknas <a href=\"https:\/\/www.heddata.se\/webbutik\/batterier\/\">batteriet<\/a> som ett l\u00e5ngvarigt batteri.<\/p>\n","protected":false},"excerpt":{"rendered":"<p>Energizer 9V | 1 PACK<\/p>\n","protected":false},"featured_media":12896,"template":"","meta":[],"product_brand":[],"product_cat":[210],"product_tag":[],"class_list":{"0":"post-10516","1":"product","2":"type-product","3":"status-publish","4":"has-post-thumbnail","6":"product_cat-batterier","8":"first","9":"outofstock","10":"taxable","11":"shipping-taxable","12":"product-type-simple"},"yoast_head":"<!-- This site is optimized with the Yoast SEO Premium plugin v26.7 (Yoast SEO v26.7) - https:\/\/yoast.com\/wordpress\/plugins\/seo\/ -->\n<title>Energizer 9V | 1 PACK<\/title>\n<meta name=\"description\" content=\"Energizer max 9V \/ 522 Batteri (1 st ). Med Energizer Max \u00e4r du f\u00f6rberedd f\u00f6r alla tillf\u00e4llen. Batterierna har n\u00e4mligen en livstid p\u00e5 5 \u00e5r.\" \/>\n<meta name=\"robots\" content=\"index, follow, max-snippet:-1, max-image-preview:large, max-video-preview:-1\" \/>\n<link rel=\"canonical\" href=\"https:\/\/www.heddata.se\/webbutik\/produkt\/energizer-9v-1-pack\/\" \/>\n<meta property=\"og:locale\" content=\"sv_SE\" \/>\n<meta property=\"og:type\" content=\"article\" \/>\n<meta property=\"og:title\" content=\"Energizer 9V | 1 PACK\" \/>\n<meta property=\"og:description\" content=\"Energizer max 9V \/ 522 Batteri (1 st ). Med Energizer Max \u00e4r du f\u00f6rberedd f\u00f6r alla tillf\u00e4llen. Batterierna har n\u00e4mligen en livstid p\u00e5 5 \u00e5r.\" \/>\n<meta property=\"og:url\" content=\"https:\/\/www.heddata.se\/webbutik\/produkt\/energizer-9v-1-pack\/\" \/>\n<meta property=\"og:site_name\" content=\"Datorer, Skrivare, F\u00e4rgpatroner, Mobiltelefoner\" \/>\n<meta property=\"article:modified_time\" content=\"2026-04-08T16:18:19+00:00\" \/>\n<meta property=\"og:image\" content=\"https:\/\/www.heddata.se\/webbutik\/wp-content\/uploads\/webbutik\/kategorier\/batterier\/Energizer-9V-1-PACK.jpg\" \/>\n\t<meta property=\"og:image:width\" content=\"500\" \/>\n\t<meta property=\"og:image:height\" content=\"500\" \/>\n\t<meta property=\"og:image:type\" content=\"image\/jpeg\" \/>\n<meta name=\"twitter:card\" content=\"summary_large_image\" \/>\n<script type=\"application\/ld+json\" class=\"yoast-schema-graph\">{\"@context\":\"https:\/\/schema.org\",\"@graph\":[{\"@type\":\"WebPage\",\"@id\":\"https:\/\/www.heddata.se\/webbutik\/produkt\/energizer-9v-1-pack\/\",\"url\":\"https:\/\/www.heddata.se\/webbutik\/produkt\/energizer-9v-1-pack\/\",\"name\":\"Energizer 9V | 1 PACK\",\"isPartOf\":{\"@id\":\"https:\/\/www.heddata.se\/webbutik\/#website\"},\"primaryImageOfPage\":{\"@id\":\"https:\/\/www.heddata.se\/webbutik\/produkt\/energizer-9v-1-pack\/#primaryimage\"},\"image\":{\"@id\":\"https:\/\/www.heddata.se\/webbutik\/produkt\/energizer-9v-1-pack\/#primaryimage\"},\"thumbnailUrl\":\"https:\/\/www.heddata.se\/webbutik\/wp-content\/uploads\/webbutik\/kategorier\/batterier\/Energizer-9V-1-PACK.jpg\",\"datePublished\":\"2019-12-03T12:44:16+00:00\",\"dateModified\":\"2026-04-08T16:18:19+00:00\",\"description\":\"Energizer max 9V \/ 522 Batteri (1 st ). Med Energizer Max \u00e4r du f\u00f6rberedd f\u00f6r alla tillf\u00e4llen. Batterierna har n\u00e4mligen en livstid p\u00e5 5 \u00e5r.\",\"breadcrumb\":{\"@id\":\"https:\/\/www.heddata.se\/webbutik\/produkt\/energizer-9v-1-pack\/#breadcrumb\"},\"inLanguage\":\"sv-SE\",\"potentialAction\":[{\"@type\":\"ReadAction\",\"target\":[\"https:\/\/www.heddata.se\/webbutik\/produkt\/energizer-9v-1-pack\/\"]}]},{\"@type\":\"ImageObject\",\"inLanguage\":\"sv-SE\",\"@id\":\"https:\/\/www.heddata.se\/webbutik\/produkt\/energizer-9v-1-pack\/#primaryimage\",\"url\":\"https:\/\/www.heddata.se\/webbutik\/wp-content\/uploads\/webbutik\/kategorier\/batterier\/Energizer-9V-1-PACK.jpg\",\"contentUrl\":\"https:\/\/www.heddata.se\/webbutik\/wp-content\/uploads\/webbutik\/kategorier\/batterier\/Energizer-9V-1-PACK.jpg\",\"width\":500,\"height\":500,\"caption\":\"Energizer 9V | 1 PACK\"},{\"@type\":\"BreadcrumbList\",\"@id\":\"https:\/\/www.heddata.se\/webbutik\/produkt\/energizer-9v-1-pack\/#breadcrumb\",\"itemListElement\":[{\"@type\":\"ListItem\",\"position\":1,\"name\":\"Hem\",\"item\":\"https:\/\/www.heddata.se\/webbutik\/\"},{\"@type\":\"ListItem\",\"position\":2,\"name\":\"Produkter\",\"item\":\"https:\/\/www.heddata.se\/webbutik\/shop\/\"},{\"@type\":\"ListItem\",\"position\":3,\"name\":\"Energizer 9V | 1 PACK\"}]},{\"@type\":\"WebSite\",\"@id\":\"https:\/\/www.heddata.se\/webbutik\/#website\",\"url\":\"https:\/\/www.heddata.se\/webbutik\/\",\"name\":\"Datorer, Skrivare, F\u00e4rgpatroner, Mobiltelefoner\",\"description\":\"Kablar\",\"publisher\":{\"@id\":\"https:\/\/www.heddata.se\/webbutik\/#organization\"},\"potentialAction\":[{\"@type\":\"SearchAction\",\"target\":{\"@type\":\"EntryPoint\",\"urlTemplate\":\"https:\/\/www.heddata.se\/webbutik\/?s={search_term_string}\"},\"query-input\":{\"@type\":\"PropertyValueSpecification\",\"valueRequired\":true,\"valueName\":\"search_term_string\"}}],\"inLanguage\":\"sv-SE\"},{\"@type\":\"Organization\",\"@id\":\"https:\/\/www.heddata.se\/webbutik\/#organization\",\"name\":\"Heddata AB\",\"url\":\"https:\/\/www.heddata.se\/webbutik\/\",\"logo\":{\"@type\":\"ImageObject\",\"inLanguage\":\"sv-SE\",\"@id\":\"https:\/\/www.heddata.se\/webbutik\/#\/schema\/logo\/image\/\",\"url\":\"https:\/\/www.heddata.se\/webbutik\/wp-content\/uploads\/logga\/heddata-ab-logga.png\",\"contentUrl\":\"https:\/\/www.heddata.se\/webbutik\/wp-content\/uploads\/logga\/heddata-ab-logga.png\",\"width\":200,\"height\":64,\"caption\":\"Heddata AB\"},\"image\":{\"@id\":\"https:\/\/www.heddata.se\/webbutik\/#\/schema\/logo\/image\/\"}}]}<\/script>\n<!-- \/ Yoast SEO Premium plugin. -->","yoast_head_json":{"title":"Energizer 9V | 1 PACK","description":"Energizer max 9V \/ 522 Batteri (1 st ). Med Energizer Max \u00e4r du f\u00f6rberedd f\u00f6r alla tillf\u00e4llen. Batterierna har n\u00e4mligen en livstid p\u00e5 5 \u00e5r.","robots":{"index":"index","follow":"follow","max-snippet":"max-snippet:-1","max-image-preview":"max-image-preview:large","max-video-preview":"max-video-preview:-1"},"canonical":"https:\/\/www.heddata.se\/webbutik\/produkt\/energizer-9v-1-pack\/","og_locale":"sv_SE","og_type":"article","og_title":"Energizer 9V | 1 PACK","og_description":"Energizer max 9V \/ 522 Batteri (1 st ). Med Energizer Max \u00e4r du f\u00f6rberedd f\u00f6r alla tillf\u00e4llen. Batterierna har n\u00e4mligen en livstid p\u00e5 5 \u00e5r.","og_url":"https:\/\/www.heddata.se\/webbutik\/produkt\/energizer-9v-1-pack\/","og_site_name":"Datorer, Skrivare, F\u00e4rgpatroner, Mobiltelefoner","article_modified_time":"2026-04-08T16:18:19+00:00","og_image":[{"width":500,"height":500,"url":"https:\/\/www.heddata.se\/webbutik\/wp-content\/uploads\/webbutik\/kategorier\/batterier\/Energizer-9V-1-PACK.jpg","type":"image\/jpeg"}],"twitter_card":"summary_large_image","schema":{"@context":"https:\/\/schema.org","@graph":[{"@type":"WebPage","@id":"https:\/\/www.heddata.se\/webbutik\/produkt\/energizer-9v-1-pack\/","url":"https:\/\/www.heddata.se\/webbutik\/produkt\/energizer-9v-1-pack\/","name":"Energizer 9V | 1 PACK","isPartOf":{"@id":"https:\/\/www.heddata.se\/webbutik\/#website"},"primaryImageOfPage":{"@id":"https:\/\/www.heddata.se\/webbutik\/produkt\/energizer-9v-1-pack\/#primaryimage"},"image":{"@id":"https:\/\/www.heddata.se\/webbutik\/produkt\/energizer-9v-1-pack\/#primaryimage"},"thumbnailUrl":"https:\/\/www.heddata.se\/webbutik\/wp-content\/uploads\/webbutik\/kategorier\/batterier\/Energizer-9V-1-PACK.jpg","datePublished":"2019-12-03T12:44:16+00:00","dateModified":"2026-04-08T16:18:19+00:00","description":"Energizer max 9V \/ 522 Batteri (1 st ). Med Energizer Max \u00e4r du f\u00f6rberedd f\u00f6r alla tillf\u00e4llen. Batterierna har n\u00e4mligen en livstid p\u00e5 5 \u00e5r.","breadcrumb":{"@id":"https:\/\/www.heddata.se\/webbutik\/produkt\/energizer-9v-1-pack\/#breadcrumb"},"inLanguage":"sv-SE","potentialAction":[{"@type":"ReadAction","target":["https:\/\/www.heddata.se\/webbutik\/produkt\/energizer-9v-1-pack\/"]}]},{"@type":"ImageObject","inLanguage":"sv-SE","@id":"https:\/\/www.heddata.se\/webbutik\/produkt\/energizer-9v-1-pack\/#primaryimage","url":"https:\/\/www.heddata.se\/webbutik\/wp-content\/uploads\/webbutik\/kategorier\/batterier\/Energizer-9V-1-PACK.jpg","contentUrl":"https:\/\/www.heddata.se\/webbutik\/wp-content\/uploads\/webbutik\/kategorier\/batterier\/Energizer-9V-1-PACK.jpg","width":500,"height":500,"caption":"Energizer 9V | 1 PACK"},{"@type":"BreadcrumbList","@id":"https:\/\/www.heddata.se\/webbutik\/produkt\/energizer-9v-1-pack\/#breadcrumb","itemListElement":[{"@type":"ListItem","position":1,"name":"Hem","item":"https:\/\/www.heddata.se\/webbutik\/"},{"@type":"ListItem","position":2,"name":"Produkter","item":"https:\/\/www.heddata.se\/webbutik\/shop\/"},{"@type":"ListItem","position":3,"name":"Energizer 9V | 1 PACK"}]},{"@type":"WebSite","@id":"https:\/\/www.heddata.se\/webbutik\/#website","url":"https:\/\/www.heddata.se\/webbutik\/","name":"Datorer, Skrivare, F\u00e4rgpatroner, Mobiltelefoner","description":"Kablar","publisher":{"@id":"https:\/\/www.heddata.se\/webbutik\/#organization"},"potentialAction":[{"@type":"SearchAction","target":{"@type":"EntryPoint","urlTemplate":"https:\/\/www.heddata.se\/webbutik\/?s={search_term_string}"},"query-input":{"@type":"PropertyValueSpecification","valueRequired":true,"valueName":"search_term_string"}}],"inLanguage":"sv-SE"},{"@type":"Organization","@id":"https:\/\/www.heddata.se\/webbutik\/#organization","name":"Heddata AB","url":"https:\/\/www.heddata.se\/webbutik\/","logo":{"@type":"ImageObject","inLanguage":"sv-SE","@id":"https:\/\/www.heddata.se\/webbutik\/#\/schema\/logo\/image\/","url":"https:\/\/www.heddata.se\/webbutik\/wp-content\/uploads\/logga\/heddata-ab-logga.png","contentUrl":"https:\/\/www.heddata.se\/webbutik\/wp-content\/uploads\/logga\/heddata-ab-logga.png","width":200,"height":64,"caption":"Heddata AB"},"image":{"@id":"https:\/\/www.heddata.se\/webbutik\/#\/schema\/logo\/image\/"}}]}},"_links":{"self":[{"href":"https:\/\/www.heddata.se\/webbutik\/wp-json\/wp\/v2\/product\/10516","targetHints":{"allow":["GET"]}}],"collection":[{"href":"https:\/\/www.heddata.se\/webbutik\/wp-json\/wp\/v2\/product"}],"about":[{"href":"https:\/\/www.heddata.se\/webbutik\/wp-json\/wp\/v2\/types\/product"}],"wp:featuredmedia":[{"embeddable":true,"href":"https:\/\/www.heddata.se\/webbutik\/wp-json\/wp\/v2\/media\/12896"}],"wp:attachment":[{"href":"https:\/\/www.heddata.se\/webbutik\/wp-json\/wp\/v2\/media?parent=10516"}],"wp:term":[{"taxonomy":"product_brand","embeddable":true,"href":"https:\/\/www.heddata.se\/webbutik\/wp-json\/wp\/v2\/product_brand?post=10516"},{"taxonomy":"product_cat","embeddable":true,"href":"https:\/\/www.heddata.se\/webbutik\/wp-json\/wp\/v2\/product_cat?post=10516"},{"taxonomy":"product_tag","embeddable":true,"href":"https:\/\/www.heddata.se\/webbutik\/wp-json\/wp\/v2\/product_tag?post=10516"}],"curies":[{"name":"wp","href":"https:\/\/api.w.org\/{rel}","templated":true}]}}