{"id":10510,"date":"2019-12-03T13:44:14","date_gmt":"2019-12-03T12:44:14","guid":{"rendered":"https:\/\/www.heddata.se\/webbutik\/?post_type=product&#038;p=10510"},"modified":"2026-05-01T12:10:37","modified_gmt":"2026-05-01T10:10:37","slug":"kompatibel-tn325m-magenta-toner-hc-mm-print-supplies","status":"publish","type":"product","link":"https:\/\/www.heddata.se\/webbutik\/produkt\/kompatibel-tn325m-magenta-toner-hc-mm-print-supplies\/","title":{"rendered":"Kompatibel TN325M Magenta Toner HC MM Print Supplies"},"content":{"rendered":"<p>Kompatibel TN325M Magenta Toner fr\u00e5n MM Print Supplies. Denna kompatibla Magenta <a href=\"https:\/\/www.heddata.se\/webbutik\/blackpatroner-toners\/kompatibla-blackpatroner-toner\/\">tonern<\/a> fr\u00e5n MM Print Supplies har h\u00f6g kapacitet. Ers\u00e4tter Brother TN325M. Du kan l\u00e4sa mer p\u00e5 <a href=\"https:\/\/www.mmd.dk\/\" target=\"_blank\" rel=\"noopener noreferrer\">MM Print Supplies Hemsida<\/a>.<\/p>\n<p>Kompatibel med: Brother DCP-9270 CDN, HL-4140 CN, HL-4150 CDN, HL-4170 CDW, HL-4570 CDW, HL-4570 CDWT, MFC-9460 CDN, MFC-9465 CDN, MFC-9970 CDW<\/p>\n","protected":false},"excerpt":{"rendered":"<p>Kompatibel TN325M<\/p>\n","protected":false},"featured_media":13492,"template":"","meta":[],"product_brand":[],"product_cat":[353],"product_tag":[],"class_list":{"0":"post-10510","1":"product","2":"type-product","3":"status-publish","4":"has-post-thumbnail","6":"product_cat-kompatibla-blackpatroner-toner","8":"first","9":"instock","10":"taxable","11":"shipping-taxable","12":"purchasable","13":"product-type-simple"},"yoast_head":"<!-- This site is optimized with the Yoast SEO Premium plugin v26.7 (Yoast SEO v26.7) - https:\/\/yoast.com\/wordpress\/plugins\/seo\/ -->\n<title>Kompatibel TN325M Magenta Toner HC MM Print Supplies<\/title>\n<meta name=\"description\" content=\"Kompatibel TN325M Magenta Toner fr\u00e5n MM Print Supplies. Denna kompatibla Magenta tonern fr\u00e5n MM Print Supplies har h\u00f6g kapacitet. Ers\u00e4tter Brother TN325M\" \/>\n<meta name=\"robots\" content=\"index, follow, max-snippet:-1, max-image-preview:large, max-video-preview:-1\" \/>\n<link rel=\"canonical\" href=\"https:\/\/www.heddata.se\/webbutik\/produkt\/kompatibel-tn325m-magenta-toner-hc-mm-print-supplies\/\" \/>\n<meta property=\"og:locale\" content=\"sv_SE\" \/>\n<meta property=\"og:type\" content=\"article\" \/>\n<meta property=\"og:title\" content=\"Kompatibel TN325M Magenta Toner HC MM Print Supplies\" \/>\n<meta property=\"og:description\" content=\"Kompatibel TN325M Magenta Toner fr\u00e5n MM Print Supplies. Denna kompatibla Magenta tonern fr\u00e5n MM Print Supplies har h\u00f6g kapacitet. Ers\u00e4tter Brother TN325M\" \/>\n<meta property=\"og:url\" content=\"https:\/\/www.heddata.se\/webbutik\/produkt\/kompatibel-tn325m-magenta-toner-hc-mm-print-supplies\/\" \/>\n<meta property=\"og:site_name\" content=\"Datorer, Skrivare, F\u00e4rgpatroner, Mobiltelefoner\" \/>\n<meta property=\"article:modified_time\" content=\"2026-05-01T10:10:37+00:00\" \/>\n<meta property=\"og:image\" content=\"https:\/\/www.heddata.se\/webbutik\/wp-content\/uploads\/webbutik\/kategorier\/Kompatibla-blackpatroner-toner\/Kompatibel-TN325M-Magenta-Toner-HC-MM-Print-Supplies.jpeg\" \/>\n\t<meta property=\"og:image:width\" content=\"950\" \/>\n\t<meta property=\"og:image:height\" content=\"650\" \/>\n\t<meta property=\"og:image:type\" content=\"image\/jpeg\" \/>\n<meta name=\"twitter:card\" content=\"summary_large_image\" \/>\n<script type=\"application\/ld+json\" class=\"yoast-schema-graph\">{\"@context\":\"https:\/\/schema.org\",\"@graph\":[{\"@type\":\"WebPage\",\"@id\":\"https:\/\/www.heddata.se\/webbutik\/produkt\/kompatibel-tn325m-magenta-toner-hc-mm-print-supplies\/\",\"url\":\"https:\/\/www.heddata.se\/webbutik\/produkt\/kompatibel-tn325m-magenta-toner-hc-mm-print-supplies\/\",\"name\":\"Kompatibel TN325M Magenta Toner HC MM Print Supplies\",\"isPartOf\":{\"@id\":\"https:\/\/www.heddata.se\/webbutik\/#website\"},\"primaryImageOfPage\":{\"@id\":\"https:\/\/www.heddata.se\/webbutik\/produkt\/kompatibel-tn325m-magenta-toner-hc-mm-print-supplies\/#primaryimage\"},\"image\":{\"@id\":\"https:\/\/www.heddata.se\/webbutik\/produkt\/kompatibel-tn325m-magenta-toner-hc-mm-print-supplies\/#primaryimage\"},\"thumbnailUrl\":\"https:\/\/www.heddata.se\/webbutik\/wp-content\/uploads\/webbutik\/kategorier\/Kompatibla-blackpatroner-toner\/Kompatibel-TN325M-Magenta-Toner-HC-MM-Print-Supplies.jpeg\",\"datePublished\":\"2019-12-03T12:44:14+00:00\",\"dateModified\":\"2026-05-01T10:10:37+00:00\",\"description\":\"Kompatibel TN325M Magenta Toner fr\u00e5n MM Print Supplies. Denna kompatibla Magenta tonern fr\u00e5n MM Print Supplies har h\u00f6g kapacitet. Ers\u00e4tter Brother TN325M\",\"breadcrumb\":{\"@id\":\"https:\/\/www.heddata.se\/webbutik\/produkt\/kompatibel-tn325m-magenta-toner-hc-mm-print-supplies\/#breadcrumb\"},\"inLanguage\":\"sv-SE\",\"potentialAction\":[{\"@type\":\"ReadAction\",\"target\":[\"https:\/\/www.heddata.se\/webbutik\/produkt\/kompatibel-tn325m-magenta-toner-hc-mm-print-supplies\/\"]}]},{\"@type\":\"ImageObject\",\"inLanguage\":\"sv-SE\",\"@id\":\"https:\/\/www.heddata.se\/webbutik\/produkt\/kompatibel-tn325m-magenta-toner-hc-mm-print-supplies\/#primaryimage\",\"url\":\"https:\/\/www.heddata.se\/webbutik\/wp-content\/uploads\/webbutik\/kategorier\/Kompatibla-blackpatroner-toner\/Kompatibel-TN325M-Magenta-Toner-HC-MM-Print-Supplies.jpeg\",\"contentUrl\":\"https:\/\/www.heddata.se\/webbutik\/wp-content\/uploads\/webbutik\/kategorier\/Kompatibla-blackpatroner-toner\/Kompatibel-TN325M-Magenta-Toner-HC-MM-Print-Supplies.jpeg\",\"width\":950,\"height\":650,\"caption\":\"Kompatibel TN325M Magenta Toner HC MM Print Supplies\"},{\"@type\":\"BreadcrumbList\",\"@id\":\"https:\/\/www.heddata.se\/webbutik\/produkt\/kompatibel-tn325m-magenta-toner-hc-mm-print-supplies\/#breadcrumb\",\"itemListElement\":[{\"@type\":\"ListItem\",\"position\":1,\"name\":\"Hem\",\"item\":\"https:\/\/www.heddata.se\/webbutik\/\"},{\"@type\":\"ListItem\",\"position\":2,\"name\":\"Produkter\",\"item\":\"https:\/\/www.heddata.se\/webbutik\/shop\/\"},{\"@type\":\"ListItem\",\"position\":3,\"name\":\"Kompatibel TN325M Magenta Toner HC MM Print Supplies\"}]},{\"@type\":\"WebSite\",\"@id\":\"https:\/\/www.heddata.se\/webbutik\/#website\",\"url\":\"https:\/\/www.heddata.se\/webbutik\/\",\"name\":\"Datorer, Skrivare, F\u00e4rgpatroner, Mobiltelefoner\",\"description\":\"Kablar\",\"publisher\":{\"@id\":\"https:\/\/www.heddata.se\/webbutik\/#organization\"},\"potentialAction\":[{\"@type\":\"SearchAction\",\"target\":{\"@type\":\"EntryPoint\",\"urlTemplate\":\"https:\/\/www.heddata.se\/webbutik\/?s={search_term_string}\"},\"query-input\":{\"@type\":\"PropertyValueSpecification\",\"valueRequired\":true,\"valueName\":\"search_term_string\"}}],\"inLanguage\":\"sv-SE\"},{\"@type\":\"Organization\",\"@id\":\"https:\/\/www.heddata.se\/webbutik\/#organization\",\"name\":\"Heddata AB\",\"url\":\"https:\/\/www.heddata.se\/webbutik\/\",\"logo\":{\"@type\":\"ImageObject\",\"inLanguage\":\"sv-SE\",\"@id\":\"https:\/\/www.heddata.se\/webbutik\/#\/schema\/logo\/image\/\",\"url\":\"https:\/\/www.heddata.se\/webbutik\/wp-content\/uploads\/logga\/heddata-ab-logga.png\",\"contentUrl\":\"https:\/\/www.heddata.se\/webbutik\/wp-content\/uploads\/logga\/heddata-ab-logga.png\",\"width\":200,\"height\":64,\"caption\":\"Heddata AB\"},\"image\":{\"@id\":\"https:\/\/www.heddata.se\/webbutik\/#\/schema\/logo\/image\/\"}}]}<\/script>\n<!-- \/ Yoast SEO Premium plugin. -->","yoast_head_json":{"title":"Kompatibel TN325M Magenta Toner HC MM Print Supplies","description":"Kompatibel TN325M Magenta Toner fr\u00e5n MM Print Supplies. Denna kompatibla Magenta tonern fr\u00e5n MM Print Supplies har h\u00f6g kapacitet. Ers\u00e4tter Brother TN325M","robots":{"index":"index","follow":"follow","max-snippet":"max-snippet:-1","max-image-preview":"max-image-preview:large","max-video-preview":"max-video-preview:-1"},"canonical":"https:\/\/www.heddata.se\/webbutik\/produkt\/kompatibel-tn325m-magenta-toner-hc-mm-print-supplies\/","og_locale":"sv_SE","og_type":"article","og_title":"Kompatibel TN325M Magenta Toner HC MM Print Supplies","og_description":"Kompatibel TN325M Magenta Toner fr\u00e5n MM Print Supplies. Denna kompatibla Magenta tonern fr\u00e5n MM Print Supplies har h\u00f6g kapacitet. Ers\u00e4tter Brother TN325M","og_url":"https:\/\/www.heddata.se\/webbutik\/produkt\/kompatibel-tn325m-magenta-toner-hc-mm-print-supplies\/","og_site_name":"Datorer, Skrivare, F\u00e4rgpatroner, Mobiltelefoner","article_modified_time":"2026-05-01T10:10:37+00:00","og_image":[{"width":950,"height":650,"url":"https:\/\/www.heddata.se\/webbutik\/wp-content\/uploads\/webbutik\/kategorier\/Kompatibla-blackpatroner-toner\/Kompatibel-TN325M-Magenta-Toner-HC-MM-Print-Supplies.jpeg","type":"image\/jpeg"}],"twitter_card":"summary_large_image","schema":{"@context":"https:\/\/schema.org","@graph":[{"@type":"WebPage","@id":"https:\/\/www.heddata.se\/webbutik\/produkt\/kompatibel-tn325m-magenta-toner-hc-mm-print-supplies\/","url":"https:\/\/www.heddata.se\/webbutik\/produkt\/kompatibel-tn325m-magenta-toner-hc-mm-print-supplies\/","name":"Kompatibel TN325M Magenta Toner HC MM Print Supplies","isPartOf":{"@id":"https:\/\/www.heddata.se\/webbutik\/#website"},"primaryImageOfPage":{"@id":"https:\/\/www.heddata.se\/webbutik\/produkt\/kompatibel-tn325m-magenta-toner-hc-mm-print-supplies\/#primaryimage"},"image":{"@id":"https:\/\/www.heddata.se\/webbutik\/produkt\/kompatibel-tn325m-magenta-toner-hc-mm-print-supplies\/#primaryimage"},"thumbnailUrl":"https:\/\/www.heddata.se\/webbutik\/wp-content\/uploads\/webbutik\/kategorier\/Kompatibla-blackpatroner-toner\/Kompatibel-TN325M-Magenta-Toner-HC-MM-Print-Supplies.jpeg","datePublished":"2019-12-03T12:44:14+00:00","dateModified":"2026-05-01T10:10:37+00:00","description":"Kompatibel TN325M Magenta Toner fr\u00e5n MM Print Supplies. Denna kompatibla Magenta tonern fr\u00e5n MM Print Supplies har h\u00f6g kapacitet. Ers\u00e4tter Brother TN325M","breadcrumb":{"@id":"https:\/\/www.heddata.se\/webbutik\/produkt\/kompatibel-tn325m-magenta-toner-hc-mm-print-supplies\/#breadcrumb"},"inLanguage":"sv-SE","potentialAction":[{"@type":"ReadAction","target":["https:\/\/www.heddata.se\/webbutik\/produkt\/kompatibel-tn325m-magenta-toner-hc-mm-print-supplies\/"]}]},{"@type":"ImageObject","inLanguage":"sv-SE","@id":"https:\/\/www.heddata.se\/webbutik\/produkt\/kompatibel-tn325m-magenta-toner-hc-mm-print-supplies\/#primaryimage","url":"https:\/\/www.heddata.se\/webbutik\/wp-content\/uploads\/webbutik\/kategorier\/Kompatibla-blackpatroner-toner\/Kompatibel-TN325M-Magenta-Toner-HC-MM-Print-Supplies.jpeg","contentUrl":"https:\/\/www.heddata.se\/webbutik\/wp-content\/uploads\/webbutik\/kategorier\/Kompatibla-blackpatroner-toner\/Kompatibel-TN325M-Magenta-Toner-HC-MM-Print-Supplies.jpeg","width":950,"height":650,"caption":"Kompatibel TN325M Magenta Toner HC MM Print Supplies"},{"@type":"BreadcrumbList","@id":"https:\/\/www.heddata.se\/webbutik\/produkt\/kompatibel-tn325m-magenta-toner-hc-mm-print-supplies\/#breadcrumb","itemListElement":[{"@type":"ListItem","position":1,"name":"Hem","item":"https:\/\/www.heddata.se\/webbutik\/"},{"@type":"ListItem","position":2,"name":"Produkter","item":"https:\/\/www.heddata.se\/webbutik\/shop\/"},{"@type":"ListItem","position":3,"name":"Kompatibel TN325M Magenta Toner HC MM Print Supplies"}]},{"@type":"WebSite","@id":"https:\/\/www.heddata.se\/webbutik\/#website","url":"https:\/\/www.heddata.se\/webbutik\/","name":"Datorer, Skrivare, F\u00e4rgpatroner, Mobiltelefoner","description":"Kablar","publisher":{"@id":"https:\/\/www.heddata.se\/webbutik\/#organization"},"potentialAction":[{"@type":"SearchAction","target":{"@type":"EntryPoint","urlTemplate":"https:\/\/www.heddata.se\/webbutik\/?s={search_term_string}"},"query-input":{"@type":"PropertyValueSpecification","valueRequired":true,"valueName":"search_term_string"}}],"inLanguage":"sv-SE"},{"@type":"Organization","@id":"https:\/\/www.heddata.se\/webbutik\/#organization","name":"Heddata AB","url":"https:\/\/www.heddata.se\/webbutik\/","logo":{"@type":"ImageObject","inLanguage":"sv-SE","@id":"https:\/\/www.heddata.se\/webbutik\/#\/schema\/logo\/image\/","url":"https:\/\/www.heddata.se\/webbutik\/wp-content\/uploads\/logga\/heddata-ab-logga.png","contentUrl":"https:\/\/www.heddata.se\/webbutik\/wp-content\/uploads\/logga\/heddata-ab-logga.png","width":200,"height":64,"caption":"Heddata AB"},"image":{"@id":"https:\/\/www.heddata.se\/webbutik\/#\/schema\/logo\/image\/"}}]}},"_links":{"self":[{"href":"https:\/\/www.heddata.se\/webbutik\/wp-json\/wp\/v2\/product\/10510","targetHints":{"allow":["GET"]}}],"collection":[{"href":"https:\/\/www.heddata.se\/webbutik\/wp-json\/wp\/v2\/product"}],"about":[{"href":"https:\/\/www.heddata.se\/webbutik\/wp-json\/wp\/v2\/types\/product"}],"wp:featuredmedia":[{"embeddable":true,"href":"https:\/\/www.heddata.se\/webbutik\/wp-json\/wp\/v2\/media\/13492"}],"wp:attachment":[{"href":"https:\/\/www.heddata.se\/webbutik\/wp-json\/wp\/v2\/media?parent=10510"}],"wp:term":[{"taxonomy":"product_brand","embeddable":true,"href":"https:\/\/www.heddata.se\/webbutik\/wp-json\/wp\/v2\/product_brand?post=10510"},{"taxonomy":"product_cat","embeddable":true,"href":"https:\/\/www.heddata.se\/webbutik\/wp-json\/wp\/v2\/product_cat?post=10510"},{"taxonomy":"product_tag","embeddable":true,"href":"https:\/\/www.heddata.se\/webbutik\/wp-json\/wp\/v2\/product_tag?post=10510"}],"curies":[{"name":"wp","href":"https:\/\/api.w.org\/{rel}","templated":true}]}}