{"id":10506,"date":"2019-12-03T13:44:12","date_gmt":"2019-12-03T12:44:12","guid":{"rendered":"https:\/\/www.heddata.se\/webbutik\/?post_type=product&#038;p=10506"},"modified":"2026-05-04T18:08:25","modified_gmt":"2026-05-04T16:08:25","slug":"microsoft-wedge-touch-mouse","status":"publish","type":"product","link":"https:\/\/www.heddata.se\/webbutik\/produkt\/microsoft-wedge-touch-mouse\/","title":{"rendered":"Microsoft Wedge Touch Mouse"},"content":{"rendered":"<h4>Microsoft Wedge Touch Mouse<\/h4>\n<h4><strong>Liten och snygg, och perfekt f\u00f6r Windows<\/strong><\/h4>\n<p class=\"ingress col-xs-12\">Med Microsoft\u00a0Wedge Touch Mouse kan du smidigt navigera i <a href=\"https:\/\/www.microsoft.com\/sv-se\/\/\" target=\"_blank\" rel=\"noopener noreferrer\">Windows<\/a> med Microsofts touch-teknik. Du fascinerar dem runtomkring dig med en mus som ser ut och k\u00e4nns helt unik.<\/p>\n<h4><strong>Komfort utan storleken hos en traditionell mus<\/strong><\/h4>\n<p class=\"ingress col-xs-12\">Wedge Touch Mouse fogar samman full funktionalitet i en kompakt ram som passar din r\u00f6rliga livsstil perfekt. Liten nog att f\u00e5 plats i din ficka \u00e4r det den perfekta f\u00f6ljeslagaren till din b\u00e4rbara dator eller handdator n\u00e4r du \u00e4r p\u00e5 spr\u00e5ng. Den konstfulla minimalistiska designen (kompletterad med h\u00f6gkvalitativa material och hantverksskicklighet) ger dig dessutom flyt, fyrv\u00e4gsskrollning med touch-teknik och navigering i alla riktningar.<\/p>\n<h4><strong>Bluetooth\u00ae-teknik inneb\u00e4r inget st\u00f6k<\/strong><\/h4>\n<p class=\"ingress col-xs-12\">Wedge Touch Mouse \u00e4r inte bara kompakt, den f\u00f6ljs inte heller av n\u00e5gra sladdar eller USB-mottagare. Bara starta den och anslut den till din b\u00e4rbara dator eller handdator med st\u00f6d f\u00f6r Bluetooth. BlueTrack Technology inneb\u00e4r dessutom att den fungerar p\u00e5 s\u00e5 gott som alla ytor, oavsett om du \u00e4r p\u00e5 konferens eller kaf\u00e9.<\/p>\n<h4><strong>Sparar batteriet<\/strong><\/h4>\n<p class=\"ingress col-xs-12\">Wedge Touch <a href=\"https:\/\/www.heddata.se\/webbutik\/datorer\/moss-tangentbord\/\">Mouse<\/a> vet n\u00e4r den ska spara energi. N\u00e4r du st\u00e4nger av din dator eller f\u00f6rs\u00e4tter den i vilol\u00e4ge, v\u00e4xlar musen till &#8221;resl\u00e4ge&#8221;. Du packar ned den i v\u00e4skan beh\u00f6ver inte oroa dig om du st\u00e4ngde av den, eftersom den k\u00e4nner av n\u00e4r det inte anv\u00e4nds l\u00e4ngre.<\/p>\n","protected":false},"excerpt":{"rendered":"<h4>Microsoft Wedge Touch Mouse<\/h4>\n","protected":false},"featured_media":63273,"template":"","meta":[],"product_brand":[],"product_cat":[113],"product_tag":[],"class_list":{"0":"post-10506","1":"product","2":"type-product","3":"status-publish","4":"has-post-thumbnail","6":"product_cat-tangentbord","8":"first","9":"instock","10":"taxable","11":"shipping-taxable","12":"purchasable","13":"product-type-simple"},"yoast_head":"<!-- This site is optimized with the Yoast SEO Premium plugin v26.7 (Yoast SEO v26.7) - https:\/\/yoast.com\/wordpress\/plugins\/seo\/ -->\n<title>Microsoft Wedge Touch Mouse tr\u00e5dl\u00f6s mus med Bluetooth anslutning<\/title>\n<meta name=\"description\" content=\"Microsoft Wedge Touch Mouse. Med Microsoft\u00a0Wedge Touch Mouse kan du smidigt navigera i Windows med Microsofts touch-teknik\" \/>\n<meta name=\"robots\" content=\"index, follow, max-snippet:-1, max-image-preview:large, max-video-preview:-1\" \/>\n<link rel=\"canonical\" href=\"https:\/\/www.heddata.se\/webbutik\/produkt\/microsoft-wedge-touch-mouse\/\" \/>\n<meta property=\"og:locale\" content=\"sv_SE\" \/>\n<meta property=\"og:type\" content=\"article\" \/>\n<meta property=\"og:title\" content=\"Microsoft Wedge Touch Mouse\" \/>\n<meta property=\"og:description\" content=\"Microsoft Wedge Touch Mouse. Med Microsoft\u00a0Wedge Touch Mouse kan du smidigt navigera i Windows med Microsofts touch-teknik\" \/>\n<meta property=\"og:url\" content=\"https:\/\/www.heddata.se\/webbutik\/produkt\/microsoft-wedge-touch-mouse\/\" \/>\n<meta property=\"og:site_name\" content=\"Datorer, Skrivare, F\u00e4rgpatroner, Mobiltelefoner\" \/>\n<meta property=\"article:modified_time\" content=\"2026-05-04T16:08:25+00:00\" \/>\n<meta property=\"og:image\" content=\"https:\/\/www.heddata.se\/webbutik\/wp-content\/uploads\/wedge.jpg\" \/>\n\t<meta property=\"og:image:width\" content=\"1167\" \/>\n\t<meta property=\"og:image:height\" content=\"1167\" \/>\n\t<meta property=\"og:image:type\" content=\"image\/jpeg\" \/>\n<meta name=\"twitter:card\" content=\"summary_large_image\" \/>\n<meta name=\"twitter:label1\" content=\"Ber\u00e4knad l\u00e4stid\" \/>\n\t<meta name=\"twitter:data1\" content=\"1 minut\" \/>\n<script type=\"application\/ld+json\" class=\"yoast-schema-graph\">{\"@context\":\"https:\/\/schema.org\",\"@graph\":[{\"@type\":\"WebPage\",\"@id\":\"https:\/\/www.heddata.se\/webbutik\/produkt\/microsoft-wedge-touch-mouse\/\",\"url\":\"https:\/\/www.heddata.se\/webbutik\/produkt\/microsoft-wedge-touch-mouse\/\",\"name\":\"Microsoft Wedge Touch Mouse tr\u00e5dl\u00f6s mus med Bluetooth anslutning\",\"isPartOf\":{\"@id\":\"https:\/\/www.heddata.se\/webbutik\/#website\"},\"primaryImageOfPage\":{\"@id\":\"https:\/\/www.heddata.se\/webbutik\/produkt\/microsoft-wedge-touch-mouse\/#primaryimage\"},\"image\":{\"@id\":\"https:\/\/www.heddata.se\/webbutik\/produkt\/microsoft-wedge-touch-mouse\/#primaryimage\"},\"thumbnailUrl\":\"https:\/\/www.heddata.se\/webbutik\/wp-content\/uploads\/wedge.jpg\",\"datePublished\":\"2019-12-03T12:44:12+00:00\",\"dateModified\":\"2026-05-04T16:08:25+00:00\",\"description\":\"Microsoft Wedge Touch Mouse. Med Microsoft\u00a0Wedge Touch Mouse kan du smidigt navigera i Windows med Microsofts touch-teknik\",\"breadcrumb\":{\"@id\":\"https:\/\/www.heddata.se\/webbutik\/produkt\/microsoft-wedge-touch-mouse\/#breadcrumb\"},\"inLanguage\":\"sv-SE\",\"potentialAction\":[{\"@type\":\"ReadAction\",\"target\":[\"https:\/\/www.heddata.se\/webbutik\/produkt\/microsoft-wedge-touch-mouse\/\"]}]},{\"@type\":\"ImageObject\",\"inLanguage\":\"sv-SE\",\"@id\":\"https:\/\/www.heddata.se\/webbutik\/produkt\/microsoft-wedge-touch-mouse\/#primaryimage\",\"url\":\"https:\/\/www.heddata.se\/webbutik\/wp-content\/uploads\/wedge.jpg\",\"contentUrl\":\"https:\/\/www.heddata.se\/webbutik\/wp-content\/uploads\/wedge.jpg\",\"width\":1167,\"height\":1167,\"caption\":\"Microsoft Wedge Touch Mouse\"},{\"@type\":\"BreadcrumbList\",\"@id\":\"https:\/\/www.heddata.se\/webbutik\/produkt\/microsoft-wedge-touch-mouse\/#breadcrumb\",\"itemListElement\":[{\"@type\":\"ListItem\",\"position\":1,\"name\":\"Hem\",\"item\":\"https:\/\/www.heddata.se\/webbutik\/\"},{\"@type\":\"ListItem\",\"position\":2,\"name\":\"Produkter\",\"item\":\"https:\/\/www.heddata.se\/webbutik\/shop\/\"},{\"@type\":\"ListItem\",\"position\":3,\"name\":\"Microsoft Wedge Touch Mouse\"}]},{\"@type\":\"WebSite\",\"@id\":\"https:\/\/www.heddata.se\/webbutik\/#website\",\"url\":\"https:\/\/www.heddata.se\/webbutik\/\",\"name\":\"Datorer, Skrivare, F\u00e4rgpatroner, Mobiltelefoner\",\"description\":\"Kablar\",\"publisher\":{\"@id\":\"https:\/\/www.heddata.se\/webbutik\/#organization\"},\"potentialAction\":[{\"@type\":\"SearchAction\",\"target\":{\"@type\":\"EntryPoint\",\"urlTemplate\":\"https:\/\/www.heddata.se\/webbutik\/?s={search_term_string}\"},\"query-input\":{\"@type\":\"PropertyValueSpecification\",\"valueRequired\":true,\"valueName\":\"search_term_string\"}}],\"inLanguage\":\"sv-SE\"},{\"@type\":\"Organization\",\"@id\":\"https:\/\/www.heddata.se\/webbutik\/#organization\",\"name\":\"Heddata AB\",\"url\":\"https:\/\/www.heddata.se\/webbutik\/\",\"logo\":{\"@type\":\"ImageObject\",\"inLanguage\":\"sv-SE\",\"@id\":\"https:\/\/www.heddata.se\/webbutik\/#\/schema\/logo\/image\/\",\"url\":\"https:\/\/www.heddata.se\/webbutik\/wp-content\/uploads\/logga\/heddata-ab-logga.png\",\"contentUrl\":\"https:\/\/www.heddata.se\/webbutik\/wp-content\/uploads\/logga\/heddata-ab-logga.png\",\"width\":200,\"height\":64,\"caption\":\"Heddata AB\"},\"image\":{\"@id\":\"https:\/\/www.heddata.se\/webbutik\/#\/schema\/logo\/image\/\"}}]}<\/script>\n<!-- \/ Yoast SEO Premium plugin. -->","yoast_head_json":{"title":"Microsoft Wedge Touch Mouse tr\u00e5dl\u00f6s mus med Bluetooth anslutning","description":"Microsoft Wedge Touch Mouse. Med Microsoft\u00a0Wedge Touch Mouse kan du smidigt navigera i Windows med Microsofts touch-teknik","robots":{"index":"index","follow":"follow","max-snippet":"max-snippet:-1","max-image-preview":"max-image-preview:large","max-video-preview":"max-video-preview:-1"},"canonical":"https:\/\/www.heddata.se\/webbutik\/produkt\/microsoft-wedge-touch-mouse\/","og_locale":"sv_SE","og_type":"article","og_title":"Microsoft Wedge Touch Mouse","og_description":"Microsoft Wedge Touch Mouse. Med Microsoft\u00a0Wedge Touch Mouse kan du smidigt navigera i Windows med Microsofts touch-teknik","og_url":"https:\/\/www.heddata.se\/webbutik\/produkt\/microsoft-wedge-touch-mouse\/","og_site_name":"Datorer, Skrivare, F\u00e4rgpatroner, Mobiltelefoner","article_modified_time":"2026-05-04T16:08:25+00:00","og_image":[{"width":1167,"height":1167,"url":"https:\/\/www.heddata.se\/webbutik\/wp-content\/uploads\/wedge.jpg","type":"image\/jpeg"}],"twitter_card":"summary_large_image","twitter_misc":{"Ber\u00e4knad l\u00e4stid":"1 minut"},"schema":{"@context":"https:\/\/schema.org","@graph":[{"@type":"WebPage","@id":"https:\/\/www.heddata.se\/webbutik\/produkt\/microsoft-wedge-touch-mouse\/","url":"https:\/\/www.heddata.se\/webbutik\/produkt\/microsoft-wedge-touch-mouse\/","name":"Microsoft Wedge Touch Mouse tr\u00e5dl\u00f6s mus med Bluetooth anslutning","isPartOf":{"@id":"https:\/\/www.heddata.se\/webbutik\/#website"},"primaryImageOfPage":{"@id":"https:\/\/www.heddata.se\/webbutik\/produkt\/microsoft-wedge-touch-mouse\/#primaryimage"},"image":{"@id":"https:\/\/www.heddata.se\/webbutik\/produkt\/microsoft-wedge-touch-mouse\/#primaryimage"},"thumbnailUrl":"https:\/\/www.heddata.se\/webbutik\/wp-content\/uploads\/wedge.jpg","datePublished":"2019-12-03T12:44:12+00:00","dateModified":"2026-05-04T16:08:25+00:00","description":"Microsoft Wedge Touch Mouse. Med Microsoft\u00a0Wedge Touch Mouse kan du smidigt navigera i Windows med Microsofts touch-teknik","breadcrumb":{"@id":"https:\/\/www.heddata.se\/webbutik\/produkt\/microsoft-wedge-touch-mouse\/#breadcrumb"},"inLanguage":"sv-SE","potentialAction":[{"@type":"ReadAction","target":["https:\/\/www.heddata.se\/webbutik\/produkt\/microsoft-wedge-touch-mouse\/"]}]},{"@type":"ImageObject","inLanguage":"sv-SE","@id":"https:\/\/www.heddata.se\/webbutik\/produkt\/microsoft-wedge-touch-mouse\/#primaryimage","url":"https:\/\/www.heddata.se\/webbutik\/wp-content\/uploads\/wedge.jpg","contentUrl":"https:\/\/www.heddata.se\/webbutik\/wp-content\/uploads\/wedge.jpg","width":1167,"height":1167,"caption":"Microsoft Wedge Touch Mouse"},{"@type":"BreadcrumbList","@id":"https:\/\/www.heddata.se\/webbutik\/produkt\/microsoft-wedge-touch-mouse\/#breadcrumb","itemListElement":[{"@type":"ListItem","position":1,"name":"Hem","item":"https:\/\/www.heddata.se\/webbutik\/"},{"@type":"ListItem","position":2,"name":"Produkter","item":"https:\/\/www.heddata.se\/webbutik\/shop\/"},{"@type":"ListItem","position":3,"name":"Microsoft Wedge Touch Mouse"}]},{"@type":"WebSite","@id":"https:\/\/www.heddata.se\/webbutik\/#website","url":"https:\/\/www.heddata.se\/webbutik\/","name":"Datorer, Skrivare, F\u00e4rgpatroner, Mobiltelefoner","description":"Kablar","publisher":{"@id":"https:\/\/www.heddata.se\/webbutik\/#organization"},"potentialAction":[{"@type":"SearchAction","target":{"@type":"EntryPoint","urlTemplate":"https:\/\/www.heddata.se\/webbutik\/?s={search_term_string}"},"query-input":{"@type":"PropertyValueSpecification","valueRequired":true,"valueName":"search_term_string"}}],"inLanguage":"sv-SE"},{"@type":"Organization","@id":"https:\/\/www.heddata.se\/webbutik\/#organization","name":"Heddata AB","url":"https:\/\/www.heddata.se\/webbutik\/","logo":{"@type":"ImageObject","inLanguage":"sv-SE","@id":"https:\/\/www.heddata.se\/webbutik\/#\/schema\/logo\/image\/","url":"https:\/\/www.heddata.se\/webbutik\/wp-content\/uploads\/logga\/heddata-ab-logga.png","contentUrl":"https:\/\/www.heddata.se\/webbutik\/wp-content\/uploads\/logga\/heddata-ab-logga.png","width":200,"height":64,"caption":"Heddata AB"},"image":{"@id":"https:\/\/www.heddata.se\/webbutik\/#\/schema\/logo\/image\/"}}]}},"_links":{"self":[{"href":"https:\/\/www.heddata.se\/webbutik\/wp-json\/wp\/v2\/product\/10506","targetHints":{"allow":["GET"]}}],"collection":[{"href":"https:\/\/www.heddata.se\/webbutik\/wp-json\/wp\/v2\/product"}],"about":[{"href":"https:\/\/www.heddata.se\/webbutik\/wp-json\/wp\/v2\/types\/product"}],"wp:featuredmedia":[{"embeddable":true,"href":"https:\/\/www.heddata.se\/webbutik\/wp-json\/wp\/v2\/media\/63273"}],"wp:attachment":[{"href":"https:\/\/www.heddata.se\/webbutik\/wp-json\/wp\/v2\/media?parent=10506"}],"wp:term":[{"taxonomy":"product_brand","embeddable":true,"href":"https:\/\/www.heddata.se\/webbutik\/wp-json\/wp\/v2\/product_brand?post=10506"},{"taxonomy":"product_cat","embeddable":true,"href":"https:\/\/www.heddata.se\/webbutik\/wp-json\/wp\/v2\/product_cat?post=10506"},{"taxonomy":"product_tag","embeddable":true,"href":"https:\/\/www.heddata.se\/webbutik\/wp-json\/wp\/v2\/product_tag?post=10506"}],"curies":[{"name":"wp","href":"https:\/\/api.w.org\/{rel}","templated":true}]}}