{"id":10501,"date":"2019-12-03T13:44:08","date_gmt":"2019-12-03T12:44:08","guid":{"rendered":"https:\/\/www.heddata.se\/webbutik\/?post_type=product&#038;p=10501"},"modified":"2026-05-14T18:08:19","modified_gmt":"2026-05-14T16:08:19","slug":"hp-hotswap-36-4gb-u320-10k","status":"publish","type":"product","link":"https:\/\/www.heddata.se\/webbutik\/produkt\/hp-hotswap-36-4gb-u320-10k\/","title":{"rendered":"HP Hotswap 36.4GB U320 10K"},"content":{"rendered":"<p>HP Hotswap 36.4GB U320 10K<\/p>\n<p id=\"tw-target-text\" class=\"tw-data-text tw-text-large tw-ta\" dir=\"ltr\" data-placeholder=\"\u00d6vers\u00e4ttning\"><span lang=\"sv\">HP Compaq h\u00e5rddiskar genomg\u00e5r en intensiv kvalificeringsprocess som eliminerar problem med dataintegritets firmware och O\/S-inkompatibiliteter och andra orsaker till datakorruption.HP Hotswap 36.4GB U320 <a href=\"https:\/\/www.heddata.se\/webbutik\/lagring__trashed\/extern-harddisk\/\">h\u00e5rddiskar<\/a> \u00e4r specifikt utformade och testade f\u00f6r felfri drift i din utrustning. Tillhandah\u00e5ller din Proliant-server en \u00e4kta <a href=\"https:\/\/www8.hp.com\/se\/sv\/home.html\" target=\"_blank\" rel=\"noopener noreferrer\">HP<\/a> Compaq-h\u00e5rddisk och du kommer att f\u00f6rhindra inkompatibiliteter som kan ber\u00f6va ditt system f\u00f6r prestanda eller f\u00e5 dig att f\u00f6rlora v\u00e4rdefull data. Den h\u00e4r h\u00e5rddisken \u00e4r utformad f\u00f6r alla Ultra320 Ultra3- eller Ultra2-kapabla ProLiant Server ProLiant-lagringssystem AlphaServer eller StorageWorks Hot-Plug-kapsling<\/span><\/p>\n<p>Diskstorlek: 36GB<br \/>\nEnhet: H\u00e5rddiskar<br \/>\nFormfaktor: 3.5<br \/>\nInterface: SCSI<br \/>\nKompatibel med bl.a: BL20p G1 G2 G3, BL25p, BL40p, BL45p G1, BL60p, CL1850, CL380, DL360 G1 G2 G3 G4 G4p, DL380 G1 G2 G3 G4, DL385 G1, DL560, DL580 G1 G2 G3, DL585 G1, DL590, DL740, DL760 G1 G2, ML310 G1 G2 G3, ML330 G2 G3, ML350 G1 G2 G3 G4 G4p, ML370 G1 G2 G3 G4, ML530 G1 G2, ML570 G1 G2 G3, ML750<br \/>\nSkick: Ny<br \/>\n\u00d6vriga artikelnummer: 271837-003, 286712-004, 289041-001, 300955-014, 306637-001, 360205-007, BD03685A24, BD03686223, BD036863AC, BD03688272<\/p>\n","protected":false},"excerpt":{"rendered":"<p>HP Hotswap 36.4GB U320 10K<\/p>\n","protected":false},"featured_media":79236,"template":"","meta":[],"product_brand":[],"product_cat":[7545,64],"product_tag":[],"class_list":{"0":"post-10501","1":"product","2":"type-product","3":"status-publish","4":"has-post-thumbnail","6":"product_cat-intern-harddisk","7":"product_cat-lagring","9":"first","10":"instock","11":"taxable","12":"shipping-taxable","13":"purchasable","14":"product-type-simple"},"yoast_head":"<!-- This site is optimized with the Yoast SEO Premium plugin v26.7 (Yoast SEO v26.7) - https:\/\/yoast.com\/wordpress\/plugins\/seo\/ -->\n<title>HP Hotswap 36.4GB U320 10K SCSI h\u00e5rddisk f\u00f6r servrar<\/title>\n<meta name=\"description\" content=\"HP Hotswap 36.4GB U320 10K SCSI h\u00e5rddisk f\u00f6r servrar \u00e4r specifikt utformade och testade f\u00f6r felfri drift i din utrustning.\" \/>\n<meta name=\"robots\" content=\"index, follow, max-snippet:-1, max-image-preview:large, max-video-preview:-1\" \/>\n<link rel=\"canonical\" href=\"https:\/\/www.heddata.se\/webbutik\/produkt\/hp-hotswap-36-4gb-u320-10k\/\" \/>\n<meta property=\"og:locale\" content=\"sv_SE\" \/>\n<meta property=\"og:type\" content=\"article\" \/>\n<meta property=\"og:title\" content=\"HP Hotswap 36.4GB U320 10K\" \/>\n<meta property=\"og:description\" content=\"HP Hotswap 36.4GB U320 10K SCSI h\u00e5rddisk f\u00f6r servrar \u00e4r specifikt utformade och testade f\u00f6r felfri drift i din utrustning.\" \/>\n<meta property=\"og:url\" content=\"https:\/\/www.heddata.se\/webbutik\/produkt\/hp-hotswap-36-4gb-u320-10k\/\" \/>\n<meta property=\"og:site_name\" content=\"Datorer, Skrivare, F\u00e4rgpatroner, Mobiltelefoner\" \/>\n<meta property=\"article:modified_time\" content=\"2026-05-14T16:08:19+00:00\" \/>\n<meta property=\"og:image\" content=\"https:\/\/www.heddata.se\/webbutik\/wp-content\/uploads\/webbutik\/kategorier\/lagring\/hp-hotswap.jpg\" \/>\n\t<meta property=\"og:image:width\" content=\"790\" \/>\n\t<meta property=\"og:image:height\" content=\"790\" \/>\n\t<meta property=\"og:image:type\" content=\"image\/jpeg\" \/>\n<meta name=\"twitter:card\" content=\"summary_large_image\" \/>\n<meta name=\"twitter:label1\" content=\"Ber\u00e4knad l\u00e4stid\" \/>\n\t<meta name=\"twitter:data1\" content=\"1 minut\" \/>\n<script type=\"application\/ld+json\" class=\"yoast-schema-graph\">{\"@context\":\"https:\/\/schema.org\",\"@graph\":[{\"@type\":\"WebPage\",\"@id\":\"https:\/\/www.heddata.se\/webbutik\/produkt\/hp-hotswap-36-4gb-u320-10k\/\",\"url\":\"https:\/\/www.heddata.se\/webbutik\/produkt\/hp-hotswap-36-4gb-u320-10k\/\",\"name\":\"HP Hotswap 36.4GB U320 10K SCSI h\u00e5rddisk f\u00f6r servrar\",\"isPartOf\":{\"@id\":\"https:\/\/www.heddata.se\/webbutik\/#website\"},\"primaryImageOfPage\":{\"@id\":\"https:\/\/www.heddata.se\/webbutik\/produkt\/hp-hotswap-36-4gb-u320-10k\/#primaryimage\"},\"image\":{\"@id\":\"https:\/\/www.heddata.se\/webbutik\/produkt\/hp-hotswap-36-4gb-u320-10k\/#primaryimage\"},\"thumbnailUrl\":\"https:\/\/www.heddata.se\/webbutik\/wp-content\/uploads\/webbutik\/kategorier\/lagring\/hp-hotswap.jpg\",\"datePublished\":\"2019-12-03T12:44:08+00:00\",\"dateModified\":\"2026-05-14T16:08:19+00:00\",\"description\":\"HP Hotswap 36.4GB U320 10K SCSI h\u00e5rddisk f\u00f6r servrar \u00e4r specifikt utformade och testade f\u00f6r felfri drift i din utrustning.\",\"breadcrumb\":{\"@id\":\"https:\/\/www.heddata.se\/webbutik\/produkt\/hp-hotswap-36-4gb-u320-10k\/#breadcrumb\"},\"inLanguage\":\"sv-SE\",\"potentialAction\":[{\"@type\":\"ReadAction\",\"target\":[\"https:\/\/www.heddata.se\/webbutik\/produkt\/hp-hotswap-36-4gb-u320-10k\/\"]}]},{\"@type\":\"ImageObject\",\"inLanguage\":\"sv-SE\",\"@id\":\"https:\/\/www.heddata.se\/webbutik\/produkt\/hp-hotswap-36-4gb-u320-10k\/#primaryimage\",\"url\":\"https:\/\/www.heddata.se\/webbutik\/wp-content\/uploads\/webbutik\/kategorier\/lagring\/hp-hotswap.jpg\",\"contentUrl\":\"https:\/\/www.heddata.se\/webbutik\/wp-content\/uploads\/webbutik\/kategorier\/lagring\/hp-hotswap.jpg\",\"width\":790,\"height\":790,\"caption\":\"HP Hotswap 36.4GB U320\"},{\"@type\":\"BreadcrumbList\",\"@id\":\"https:\/\/www.heddata.se\/webbutik\/produkt\/hp-hotswap-36-4gb-u320-10k\/#breadcrumb\",\"itemListElement\":[{\"@type\":\"ListItem\",\"position\":1,\"name\":\"Hem\",\"item\":\"https:\/\/www.heddata.se\/webbutik\/\"},{\"@type\":\"ListItem\",\"position\":2,\"name\":\"Produkter\",\"item\":\"https:\/\/www.heddata.se\/webbutik\/shop\/\"},{\"@type\":\"ListItem\",\"position\":3,\"name\":\"HP Hotswap 36.4GB U320 10K\"}]},{\"@type\":\"WebSite\",\"@id\":\"https:\/\/www.heddata.se\/webbutik\/#website\",\"url\":\"https:\/\/www.heddata.se\/webbutik\/\",\"name\":\"Datorer, Skrivare, F\u00e4rgpatroner, Mobiltelefoner\",\"description\":\"Kablar\",\"publisher\":{\"@id\":\"https:\/\/www.heddata.se\/webbutik\/#organization\"},\"potentialAction\":[{\"@type\":\"SearchAction\",\"target\":{\"@type\":\"EntryPoint\",\"urlTemplate\":\"https:\/\/www.heddata.se\/webbutik\/?s={search_term_string}\"},\"query-input\":{\"@type\":\"PropertyValueSpecification\",\"valueRequired\":true,\"valueName\":\"search_term_string\"}}],\"inLanguage\":\"sv-SE\"},{\"@type\":\"Organization\",\"@id\":\"https:\/\/www.heddata.se\/webbutik\/#organization\",\"name\":\"Heddata AB\",\"url\":\"https:\/\/www.heddata.se\/webbutik\/\",\"logo\":{\"@type\":\"ImageObject\",\"inLanguage\":\"sv-SE\",\"@id\":\"https:\/\/www.heddata.se\/webbutik\/#\/schema\/logo\/image\/\",\"url\":\"https:\/\/www.heddata.se\/webbutik\/wp-content\/uploads\/logga\/heddata-ab-logga.png\",\"contentUrl\":\"https:\/\/www.heddata.se\/webbutik\/wp-content\/uploads\/logga\/heddata-ab-logga.png\",\"width\":200,\"height\":64,\"caption\":\"Heddata AB\"},\"image\":{\"@id\":\"https:\/\/www.heddata.se\/webbutik\/#\/schema\/logo\/image\/\"}}]}<\/script>\n<!-- \/ Yoast SEO Premium plugin. -->","yoast_head_json":{"title":"HP Hotswap 36.4GB U320 10K SCSI h\u00e5rddisk f\u00f6r servrar","description":"HP Hotswap 36.4GB U320 10K SCSI h\u00e5rddisk f\u00f6r servrar \u00e4r specifikt utformade och testade f\u00f6r felfri drift i din utrustning.","robots":{"index":"index","follow":"follow","max-snippet":"max-snippet:-1","max-image-preview":"max-image-preview:large","max-video-preview":"max-video-preview:-1"},"canonical":"https:\/\/www.heddata.se\/webbutik\/produkt\/hp-hotswap-36-4gb-u320-10k\/","og_locale":"sv_SE","og_type":"article","og_title":"HP Hotswap 36.4GB U320 10K","og_description":"HP Hotswap 36.4GB U320 10K SCSI h\u00e5rddisk f\u00f6r servrar \u00e4r specifikt utformade och testade f\u00f6r felfri drift i din utrustning.","og_url":"https:\/\/www.heddata.se\/webbutik\/produkt\/hp-hotswap-36-4gb-u320-10k\/","og_site_name":"Datorer, Skrivare, F\u00e4rgpatroner, Mobiltelefoner","article_modified_time":"2026-05-14T16:08:19+00:00","og_image":[{"width":790,"height":790,"url":"https:\/\/www.heddata.se\/webbutik\/wp-content\/uploads\/webbutik\/kategorier\/lagring\/hp-hotswap.jpg","type":"image\/jpeg"}],"twitter_card":"summary_large_image","twitter_misc":{"Ber\u00e4knad l\u00e4stid":"1 minut"},"schema":{"@context":"https:\/\/schema.org","@graph":[{"@type":"WebPage","@id":"https:\/\/www.heddata.se\/webbutik\/produkt\/hp-hotswap-36-4gb-u320-10k\/","url":"https:\/\/www.heddata.se\/webbutik\/produkt\/hp-hotswap-36-4gb-u320-10k\/","name":"HP Hotswap 36.4GB U320 10K SCSI h\u00e5rddisk f\u00f6r servrar","isPartOf":{"@id":"https:\/\/www.heddata.se\/webbutik\/#website"},"primaryImageOfPage":{"@id":"https:\/\/www.heddata.se\/webbutik\/produkt\/hp-hotswap-36-4gb-u320-10k\/#primaryimage"},"image":{"@id":"https:\/\/www.heddata.se\/webbutik\/produkt\/hp-hotswap-36-4gb-u320-10k\/#primaryimage"},"thumbnailUrl":"https:\/\/www.heddata.se\/webbutik\/wp-content\/uploads\/webbutik\/kategorier\/lagring\/hp-hotswap.jpg","datePublished":"2019-12-03T12:44:08+00:00","dateModified":"2026-05-14T16:08:19+00:00","description":"HP Hotswap 36.4GB U320 10K SCSI h\u00e5rddisk f\u00f6r servrar \u00e4r specifikt utformade och testade f\u00f6r felfri drift i din utrustning.","breadcrumb":{"@id":"https:\/\/www.heddata.se\/webbutik\/produkt\/hp-hotswap-36-4gb-u320-10k\/#breadcrumb"},"inLanguage":"sv-SE","potentialAction":[{"@type":"ReadAction","target":["https:\/\/www.heddata.se\/webbutik\/produkt\/hp-hotswap-36-4gb-u320-10k\/"]}]},{"@type":"ImageObject","inLanguage":"sv-SE","@id":"https:\/\/www.heddata.se\/webbutik\/produkt\/hp-hotswap-36-4gb-u320-10k\/#primaryimage","url":"https:\/\/www.heddata.se\/webbutik\/wp-content\/uploads\/webbutik\/kategorier\/lagring\/hp-hotswap.jpg","contentUrl":"https:\/\/www.heddata.se\/webbutik\/wp-content\/uploads\/webbutik\/kategorier\/lagring\/hp-hotswap.jpg","width":790,"height":790,"caption":"HP Hotswap 36.4GB U320"},{"@type":"BreadcrumbList","@id":"https:\/\/www.heddata.se\/webbutik\/produkt\/hp-hotswap-36-4gb-u320-10k\/#breadcrumb","itemListElement":[{"@type":"ListItem","position":1,"name":"Hem","item":"https:\/\/www.heddata.se\/webbutik\/"},{"@type":"ListItem","position":2,"name":"Produkter","item":"https:\/\/www.heddata.se\/webbutik\/shop\/"},{"@type":"ListItem","position":3,"name":"HP Hotswap 36.4GB U320 10K"}]},{"@type":"WebSite","@id":"https:\/\/www.heddata.se\/webbutik\/#website","url":"https:\/\/www.heddata.se\/webbutik\/","name":"Datorer, Skrivare, F\u00e4rgpatroner, Mobiltelefoner","description":"Kablar","publisher":{"@id":"https:\/\/www.heddata.se\/webbutik\/#organization"},"potentialAction":[{"@type":"SearchAction","target":{"@type":"EntryPoint","urlTemplate":"https:\/\/www.heddata.se\/webbutik\/?s={search_term_string}"},"query-input":{"@type":"PropertyValueSpecification","valueRequired":true,"valueName":"search_term_string"}}],"inLanguage":"sv-SE"},{"@type":"Organization","@id":"https:\/\/www.heddata.se\/webbutik\/#organization","name":"Heddata AB","url":"https:\/\/www.heddata.se\/webbutik\/","logo":{"@type":"ImageObject","inLanguage":"sv-SE","@id":"https:\/\/www.heddata.se\/webbutik\/#\/schema\/logo\/image\/","url":"https:\/\/www.heddata.se\/webbutik\/wp-content\/uploads\/logga\/heddata-ab-logga.png","contentUrl":"https:\/\/www.heddata.se\/webbutik\/wp-content\/uploads\/logga\/heddata-ab-logga.png","width":200,"height":64,"caption":"Heddata AB"},"image":{"@id":"https:\/\/www.heddata.se\/webbutik\/#\/schema\/logo\/image\/"}}]}},"_links":{"self":[{"href":"https:\/\/www.heddata.se\/webbutik\/wp-json\/wp\/v2\/product\/10501","targetHints":{"allow":["GET"]}}],"collection":[{"href":"https:\/\/www.heddata.se\/webbutik\/wp-json\/wp\/v2\/product"}],"about":[{"href":"https:\/\/www.heddata.se\/webbutik\/wp-json\/wp\/v2\/types\/product"}],"wp:featuredmedia":[{"embeddable":true,"href":"https:\/\/www.heddata.se\/webbutik\/wp-json\/wp\/v2\/media\/79236"}],"wp:attachment":[{"href":"https:\/\/www.heddata.se\/webbutik\/wp-json\/wp\/v2\/media?parent=10501"}],"wp:term":[{"taxonomy":"product_brand","embeddable":true,"href":"https:\/\/www.heddata.se\/webbutik\/wp-json\/wp\/v2\/product_brand?post=10501"},{"taxonomy":"product_cat","embeddable":true,"href":"https:\/\/www.heddata.se\/webbutik\/wp-json\/wp\/v2\/product_cat?post=10501"},{"taxonomy":"product_tag","embeddable":true,"href":"https:\/\/www.heddata.se\/webbutik\/wp-json\/wp\/v2\/product_tag?post=10501"}],"curies":[{"name":"wp","href":"https:\/\/api.w.org\/{rel}","templated":true}]}}