{"id":10496,"date":"2019-12-03T13:44:08","date_gmt":"2019-12-03T12:44:08","guid":{"rendered":"https:\/\/www.heddata.se\/webbutik\/?post_type=product&#038;p=10496"},"modified":"2026-04-09T10:10:18","modified_gmt":"2026-04-09T08:10:18","slug":"gron-offertmapp-ficka-a4-pp-8cm-esselte","status":"publish","type":"product","link":"https:\/\/www.heddata.se\/webbutik\/produkt\/gron-offertmapp-ficka-a4-pp-8cm-esselte\/","title":{"rendered":"Gr\u00f6n Offertmapp ficka A4 PP 8cm ESSELTE"},"content":{"rendered":"<p>Gr\u00f6n Offertmapp fr\u00e5n <a href=\"https:\/\/www.esselte.com\/sv-se\/\" target=\"_blank\" rel=\"noopener noreferrer\">ESSELTE<\/a>. Offertmappar f\u00f6r arkivering och skydd av h\u00e5lslagna dokument. Ocks\u00e5 perfekt f\u00f6r <a href=\"https:\/\/www.heddata.se\/webbutik\/kontorstillbehor\/\">kontoret<\/a>!<\/p>\n<ul>\n<li>Metallmekanism med 2-h\u00e5l 8 cm avst\u00e5nd (EU) samt l\u00e5smekanism<\/li>\n<li>Klart reflexfritt omslag visar f\u00f6rsta sidan av dokumentet<\/li>\n<li>Rubrikremsa l\u00e4ngs ryggen f\u00f6r m\u00e4rkning och utskuret tumgrepp f\u00f6r att enkelt ta ut dokument<\/li>\n<li>160 A4 ark (80 g\/m2)<\/li>\n<\/ul>\n<p>&nbsp;<\/p>\n","protected":false},"excerpt":{"rendered":"<p>Gr\u00f6n Offertmapp fr\u00e5n ESSELTE. Offertmappar f\u00f6r arkivering och skydd av h\u00e5lslagna dokument. Ocks\u00e5 perfekt f\u00f6r kontoret! Metallmekanism med 2-h\u00e5l 8 cm avst\u00e5nd (EU) samt l\u00e5smekanism Klart reflexfritt omslag visar f\u00f6rsta sidan av dokumentet Rubrikremsa l\u00e4ngs ryggen f\u00f6r m\u00e4rkning och utskuret tumgrepp f\u00f6r att enkelt ta ut dokument 160 A4 ark (80 g\/m2) &nbsp;<\/p>\n","protected":false},"featured_media":13460,"template":"","meta":[],"product_brand":[],"product_cat":[68],"product_tag":[],"class_list":{"0":"post-10496","1":"product","2":"type-product","3":"status-publish","4":"has-post-thumbnail","6":"product_cat-kontorstillbehor","8":"first","9":"instock","10":"taxable","11":"shipping-taxable","12":"purchasable","13":"product-type-simple"},"yoast_head":"<!-- This site is optimized with the Yoast SEO Premium plugin v26.7 (Yoast SEO v26.7) - https:\/\/yoast.com\/wordpress\/plugins\/seo\/ -->\n<title>Gr\u00f6n Offertmapp ficka A4 PP 8cm ESSELTE - Datorer, Skrivare, F\u00e4rgpatroner, Mobiltelefoner<\/title>\n<meta name=\"robots\" content=\"index, follow, max-snippet:-1, max-image-preview:large, max-video-preview:-1\" \/>\n<link rel=\"canonical\" href=\"https:\/\/www.heddata.se\/webbutik\/produkt\/gron-offertmapp-ficka-a4-pp-8cm-esselte\/\" \/>\n<meta property=\"og:locale\" content=\"sv_SE\" \/>\n<meta property=\"og:type\" content=\"article\" \/>\n<meta property=\"og:title\" content=\"Gr\u00f6n Offertmapp ficka A4 PP 8cm ESSELTE\" \/>\n<meta property=\"og:description\" content=\"Gr\u00f6n Offertmapp fr\u00e5n ESSELTE. Offertmappar f\u00f6r arkivering och skydd av h\u00e5lslagna dokument. Ocks\u00e5 perfekt f\u00f6r kontoret! Metallmekanism med 2-h\u00e5l 8 cm avst\u00e5nd (EU) samt l\u00e5smekanism Klart reflexfritt omslag visar f\u00f6rsta sidan av dokumentet Rubrikremsa l\u00e4ngs ryggen f\u00f6r m\u00e4rkning och utskuret tumgrepp f\u00f6r att enkelt ta ut dokument 160 A4 ark (80 g\/m2) &nbsp;\" \/>\n<meta property=\"og:url\" content=\"https:\/\/www.heddata.se\/webbutik\/produkt\/gron-offertmapp-ficka-a4-pp-8cm-esselte\/\" \/>\n<meta property=\"og:site_name\" content=\"Datorer, Skrivare, F\u00e4rgpatroner, Mobiltelefoner\" \/>\n<meta property=\"article:modified_time\" content=\"2026-04-09T08:10:18+00:00\" \/>\n<meta property=\"og:image\" content=\"https:\/\/www.heddata.se\/webbutik\/wp-content\/uploads\/webbutik\/kategorier\/Kontorstillbehor\/Gron-Offertmapp-ficka-A4-PP-8cm-ESSELTE.jpg\" \/>\n\t<meta property=\"og:image:width\" content=\"960\" \/>\n\t<meta property=\"og:image:height\" content=\"720\" \/>\n\t<meta property=\"og:image:type\" content=\"image\/jpeg\" \/>\n<meta name=\"twitter:card\" content=\"summary_large_image\" \/>\n<script type=\"application\/ld+json\" class=\"yoast-schema-graph\">{\"@context\":\"https:\/\/schema.org\",\"@graph\":[{\"@type\":\"WebPage\",\"@id\":\"https:\/\/www.heddata.se\/webbutik\/produkt\/gron-offertmapp-ficka-a4-pp-8cm-esselte\/\",\"url\":\"https:\/\/www.heddata.se\/webbutik\/produkt\/gron-offertmapp-ficka-a4-pp-8cm-esselte\/\",\"name\":\"Gr\u00f6n Offertmapp ficka A4 PP 8cm ESSELTE - Datorer, Skrivare, F\u00e4rgpatroner, Mobiltelefoner\",\"isPartOf\":{\"@id\":\"https:\/\/www.heddata.se\/webbutik\/#website\"},\"primaryImageOfPage\":{\"@id\":\"https:\/\/www.heddata.se\/webbutik\/produkt\/gron-offertmapp-ficka-a4-pp-8cm-esselte\/#primaryimage\"},\"image\":{\"@id\":\"https:\/\/www.heddata.se\/webbutik\/produkt\/gron-offertmapp-ficka-a4-pp-8cm-esselte\/#primaryimage\"},\"thumbnailUrl\":\"https:\/\/www.heddata.se\/webbutik\/wp-content\/uploads\/webbutik\/kategorier\/Kontorstillbehor\/Gron-Offertmapp-ficka-A4-PP-8cm-ESSELTE.jpg\",\"datePublished\":\"2019-12-03T12:44:08+00:00\",\"dateModified\":\"2026-04-09T08:10:18+00:00\",\"breadcrumb\":{\"@id\":\"https:\/\/www.heddata.se\/webbutik\/produkt\/gron-offertmapp-ficka-a4-pp-8cm-esselte\/#breadcrumb\"},\"inLanguage\":\"sv-SE\",\"potentialAction\":[{\"@type\":\"ReadAction\",\"target\":[\"https:\/\/www.heddata.se\/webbutik\/produkt\/gron-offertmapp-ficka-a4-pp-8cm-esselte\/\"]}]},{\"@type\":\"ImageObject\",\"inLanguage\":\"sv-SE\",\"@id\":\"https:\/\/www.heddata.se\/webbutik\/produkt\/gron-offertmapp-ficka-a4-pp-8cm-esselte\/#primaryimage\",\"url\":\"https:\/\/www.heddata.se\/webbutik\/wp-content\/uploads\/webbutik\/kategorier\/Kontorstillbehor\/Gron-Offertmapp-ficka-A4-PP-8cm-ESSELTE.jpg\",\"contentUrl\":\"https:\/\/www.heddata.se\/webbutik\/wp-content\/uploads\/webbutik\/kategorier\/Kontorstillbehor\/Gron-Offertmapp-ficka-A4-PP-8cm-ESSELTE.jpg\",\"width\":960,\"height\":720,\"caption\":\"Gr\u00f6n Offertmapp ficka A4 PP 8cm ESSELTE\"},{\"@type\":\"BreadcrumbList\",\"@id\":\"https:\/\/www.heddata.se\/webbutik\/produkt\/gron-offertmapp-ficka-a4-pp-8cm-esselte\/#breadcrumb\",\"itemListElement\":[{\"@type\":\"ListItem\",\"position\":1,\"name\":\"Hem\",\"item\":\"https:\/\/www.heddata.se\/webbutik\/\"},{\"@type\":\"ListItem\",\"position\":2,\"name\":\"Produkter\",\"item\":\"https:\/\/www.heddata.se\/webbutik\/shop\/\"},{\"@type\":\"ListItem\",\"position\":3,\"name\":\"Gr\u00f6n Offertmapp ficka A4 PP 8cm ESSELTE\"}]},{\"@type\":\"WebSite\",\"@id\":\"https:\/\/www.heddata.se\/webbutik\/#website\",\"url\":\"https:\/\/www.heddata.se\/webbutik\/\",\"name\":\"Datorer, Skrivare, F\u00e4rgpatroner, Mobiltelefoner\",\"description\":\"Kablar\",\"publisher\":{\"@id\":\"https:\/\/www.heddata.se\/webbutik\/#organization\"},\"potentialAction\":[{\"@type\":\"SearchAction\",\"target\":{\"@type\":\"EntryPoint\",\"urlTemplate\":\"https:\/\/www.heddata.se\/webbutik\/?s={search_term_string}\"},\"query-input\":{\"@type\":\"PropertyValueSpecification\",\"valueRequired\":true,\"valueName\":\"search_term_string\"}}],\"inLanguage\":\"sv-SE\"},{\"@type\":\"Organization\",\"@id\":\"https:\/\/www.heddata.se\/webbutik\/#organization\",\"name\":\"Heddata AB\",\"url\":\"https:\/\/www.heddata.se\/webbutik\/\",\"logo\":{\"@type\":\"ImageObject\",\"inLanguage\":\"sv-SE\",\"@id\":\"https:\/\/www.heddata.se\/webbutik\/#\/schema\/logo\/image\/\",\"url\":\"https:\/\/www.heddata.se\/webbutik\/wp-content\/uploads\/logga\/heddata-ab-logga.png\",\"contentUrl\":\"https:\/\/www.heddata.se\/webbutik\/wp-content\/uploads\/logga\/heddata-ab-logga.png\",\"width\":200,\"height\":64,\"caption\":\"Heddata AB\"},\"image\":{\"@id\":\"https:\/\/www.heddata.se\/webbutik\/#\/schema\/logo\/image\/\"}}]}<\/script>\n<!-- \/ Yoast SEO Premium plugin. -->","yoast_head_json":{"title":"Gr\u00f6n Offertmapp ficka A4 PP 8cm ESSELTE - Datorer, Skrivare, F\u00e4rgpatroner, Mobiltelefoner","robots":{"index":"index","follow":"follow","max-snippet":"max-snippet:-1","max-image-preview":"max-image-preview:large","max-video-preview":"max-video-preview:-1"},"canonical":"https:\/\/www.heddata.se\/webbutik\/produkt\/gron-offertmapp-ficka-a4-pp-8cm-esselte\/","og_locale":"sv_SE","og_type":"article","og_title":"Gr\u00f6n Offertmapp ficka A4 PP 8cm ESSELTE","og_description":"Gr\u00f6n Offertmapp fr\u00e5n ESSELTE. Offertmappar f\u00f6r arkivering och skydd av h\u00e5lslagna dokument. Ocks\u00e5 perfekt f\u00f6r kontoret! Metallmekanism med 2-h\u00e5l 8 cm avst\u00e5nd (EU) samt l\u00e5smekanism Klart reflexfritt omslag visar f\u00f6rsta sidan av dokumentet Rubrikremsa l\u00e4ngs ryggen f\u00f6r m\u00e4rkning och utskuret tumgrepp f\u00f6r att enkelt ta ut dokument 160 A4 ark (80 g\/m2) &nbsp;","og_url":"https:\/\/www.heddata.se\/webbutik\/produkt\/gron-offertmapp-ficka-a4-pp-8cm-esselte\/","og_site_name":"Datorer, Skrivare, F\u00e4rgpatroner, Mobiltelefoner","article_modified_time":"2026-04-09T08:10:18+00:00","og_image":[{"width":960,"height":720,"url":"https:\/\/www.heddata.se\/webbutik\/wp-content\/uploads\/webbutik\/kategorier\/Kontorstillbehor\/Gron-Offertmapp-ficka-A4-PP-8cm-ESSELTE.jpg","type":"image\/jpeg"}],"twitter_card":"summary_large_image","schema":{"@context":"https:\/\/schema.org","@graph":[{"@type":"WebPage","@id":"https:\/\/www.heddata.se\/webbutik\/produkt\/gron-offertmapp-ficka-a4-pp-8cm-esselte\/","url":"https:\/\/www.heddata.se\/webbutik\/produkt\/gron-offertmapp-ficka-a4-pp-8cm-esselte\/","name":"Gr\u00f6n Offertmapp ficka A4 PP 8cm ESSELTE - Datorer, Skrivare, F\u00e4rgpatroner, Mobiltelefoner","isPartOf":{"@id":"https:\/\/www.heddata.se\/webbutik\/#website"},"primaryImageOfPage":{"@id":"https:\/\/www.heddata.se\/webbutik\/produkt\/gron-offertmapp-ficka-a4-pp-8cm-esselte\/#primaryimage"},"image":{"@id":"https:\/\/www.heddata.se\/webbutik\/produkt\/gron-offertmapp-ficka-a4-pp-8cm-esselte\/#primaryimage"},"thumbnailUrl":"https:\/\/www.heddata.se\/webbutik\/wp-content\/uploads\/webbutik\/kategorier\/Kontorstillbehor\/Gron-Offertmapp-ficka-A4-PP-8cm-ESSELTE.jpg","datePublished":"2019-12-03T12:44:08+00:00","dateModified":"2026-04-09T08:10:18+00:00","breadcrumb":{"@id":"https:\/\/www.heddata.se\/webbutik\/produkt\/gron-offertmapp-ficka-a4-pp-8cm-esselte\/#breadcrumb"},"inLanguage":"sv-SE","potentialAction":[{"@type":"ReadAction","target":["https:\/\/www.heddata.se\/webbutik\/produkt\/gron-offertmapp-ficka-a4-pp-8cm-esselte\/"]}]},{"@type":"ImageObject","inLanguage":"sv-SE","@id":"https:\/\/www.heddata.se\/webbutik\/produkt\/gron-offertmapp-ficka-a4-pp-8cm-esselte\/#primaryimage","url":"https:\/\/www.heddata.se\/webbutik\/wp-content\/uploads\/webbutik\/kategorier\/Kontorstillbehor\/Gron-Offertmapp-ficka-A4-PP-8cm-ESSELTE.jpg","contentUrl":"https:\/\/www.heddata.se\/webbutik\/wp-content\/uploads\/webbutik\/kategorier\/Kontorstillbehor\/Gron-Offertmapp-ficka-A4-PP-8cm-ESSELTE.jpg","width":960,"height":720,"caption":"Gr\u00f6n Offertmapp ficka A4 PP 8cm ESSELTE"},{"@type":"BreadcrumbList","@id":"https:\/\/www.heddata.se\/webbutik\/produkt\/gron-offertmapp-ficka-a4-pp-8cm-esselte\/#breadcrumb","itemListElement":[{"@type":"ListItem","position":1,"name":"Hem","item":"https:\/\/www.heddata.se\/webbutik\/"},{"@type":"ListItem","position":2,"name":"Produkter","item":"https:\/\/www.heddata.se\/webbutik\/shop\/"},{"@type":"ListItem","position":3,"name":"Gr\u00f6n Offertmapp ficka A4 PP 8cm ESSELTE"}]},{"@type":"WebSite","@id":"https:\/\/www.heddata.se\/webbutik\/#website","url":"https:\/\/www.heddata.se\/webbutik\/","name":"Datorer, Skrivare, F\u00e4rgpatroner, Mobiltelefoner","description":"Kablar","publisher":{"@id":"https:\/\/www.heddata.se\/webbutik\/#organization"},"potentialAction":[{"@type":"SearchAction","target":{"@type":"EntryPoint","urlTemplate":"https:\/\/www.heddata.se\/webbutik\/?s={search_term_string}"},"query-input":{"@type":"PropertyValueSpecification","valueRequired":true,"valueName":"search_term_string"}}],"inLanguage":"sv-SE"},{"@type":"Organization","@id":"https:\/\/www.heddata.se\/webbutik\/#organization","name":"Heddata AB","url":"https:\/\/www.heddata.se\/webbutik\/","logo":{"@type":"ImageObject","inLanguage":"sv-SE","@id":"https:\/\/www.heddata.se\/webbutik\/#\/schema\/logo\/image\/","url":"https:\/\/www.heddata.se\/webbutik\/wp-content\/uploads\/logga\/heddata-ab-logga.png","contentUrl":"https:\/\/www.heddata.se\/webbutik\/wp-content\/uploads\/logga\/heddata-ab-logga.png","width":200,"height":64,"caption":"Heddata AB"},"image":{"@id":"https:\/\/www.heddata.se\/webbutik\/#\/schema\/logo\/image\/"}}]}},"_links":{"self":[{"href":"https:\/\/www.heddata.se\/webbutik\/wp-json\/wp\/v2\/product\/10496","targetHints":{"allow":["GET"]}}],"collection":[{"href":"https:\/\/www.heddata.se\/webbutik\/wp-json\/wp\/v2\/product"}],"about":[{"href":"https:\/\/www.heddata.se\/webbutik\/wp-json\/wp\/v2\/types\/product"}],"wp:featuredmedia":[{"embeddable":true,"href":"https:\/\/www.heddata.se\/webbutik\/wp-json\/wp\/v2\/media\/13460"}],"wp:attachment":[{"href":"https:\/\/www.heddata.se\/webbutik\/wp-json\/wp\/v2\/media?parent=10496"}],"wp:term":[{"taxonomy":"product_brand","embeddable":true,"href":"https:\/\/www.heddata.se\/webbutik\/wp-json\/wp\/v2\/product_brand?post=10496"},{"taxonomy":"product_cat","embeddable":true,"href":"https:\/\/www.heddata.se\/webbutik\/wp-json\/wp\/v2\/product_cat?post=10496"},{"taxonomy":"product_tag","embeddable":true,"href":"https:\/\/www.heddata.se\/webbutik\/wp-json\/wp\/v2\/product_tag?post=10496"}],"curies":[{"name":"wp","href":"https:\/\/api.w.org\/{rel}","templated":true}]}}