{"id":10493,"date":"2019-12-03T13:44:08","date_gmt":"2019-12-03T12:44:08","guid":{"rendered":"https:\/\/www.heddata.se\/webbutik\/?post_type=product&#038;p=10493"},"modified":"2026-04-15T18:10:18","modified_gmt":"2026-04-15T16:10:18","slug":"rapid-haftklammer-standard-26-6","status":"publish","type":"product","link":"https:\/\/www.heddata.se\/webbutik\/produkt\/rapid-haftklammer-standard-26-6\/","title":{"rendered":"RAPID H\u00e4ftklammer Standard 26\/6"},"content":{"rendered":"<p>RAPID H\u00e4ftklammer<\/p>\n<ul>\n<li class=\"txtDesc oddRow\"><b>Standard-klamrarna fr\u00e5n Rapid\u00ae med en benl\u00e4ngd p\u00e5 6\u00a0mm kan h\u00e4fta ihop upp till 20 l\u00f6sa ark.<\/b><\/li>\n<li class=\"txtDesc  \">Standard-klamrar fr\u00e5n Rapid\u00ae \u00e4r tillverkade av mjuk och galvaniserad st\u00e5ltr\u00e5d som \u00e4r mycket h\u00e5llbar. De har en benl\u00e4ngd p\u00e5 6 mm och vassa kanter som enkelt penetrerar flera pappersark. Dessa 26\/6-klamrar \u00e4r kompatibla med m\u00e5nga olika Rapid\u00ae-h\u00e4ftapparater. Perfekt f\u00f6r <a href=\"https:\/\/www.heddata.se\/webbutik\/kontorstillbehor\/\">kontoret<\/a><\/li>\n<li class=\"txtDesc oddRow\">Klamrar med vassa kanter<\/li>\n<li class=\"txtDesc  \">Kompatibel med m\u00e5nga olika Rapid\u00ae-h\u00e4ftapparater<\/li>\n<li class=\"txtDesc oddRow\">Klammertyp: 26\/6<\/li>\n<li class=\"txtDesc  \">Material: Galvaniserat st\u00e5l<\/li>\n<li class=\"txtDesc oddRow\">Finish: Zinkbel\u00e4ggning<\/li>\n<li class=\"txtDesc  \">H\u00e4ftningskapacitet: Upp till 20 ark (80 g\/m\u00b2)<\/li>\n<li class=\"txtDesc oddRow\">Benl\u00e4ngd: 6 mm<\/li>\n<li class=\"txtDesc  \">Antal: 5000<\/li>\n<\/ul>\n","protected":false},"excerpt":{"rendered":"<p>RAPID H\u00e4ftklammer<\/p>\n","protected":false},"featured_media":13432,"template":"","meta":[],"product_brand":[],"product_cat":[68],"product_tag":[],"class_list":{"0":"post-10493","1":"product","2":"type-product","3":"status-publish","4":"has-post-thumbnail","6":"product_cat-kontorstillbehor","8":"first","9":"instock","10":"taxable","11":"shipping-taxable","12":"purchasable","13":"product-type-simple"},"yoast_head":"<!-- This site is optimized with the Yoast SEO Premium plugin v26.7 (Yoast SEO v26.7) - https:\/\/yoast.com\/wordpress\/plugins\/seo\/ -->\n<title>RAPID H\u00e4ftklammer Standard 26\/6<\/title>\n<meta name=\"description\" content=\"RAPID H\u00e4ftklammer Standard 26\/6. Standard-klamrarna fr\u00e5n Rapid\u00ae med en benl\u00e4ngd p\u00e5 6\u00a0mm kan h\u00e4fta ihop upp till 20 l\u00f6sa ark.\" \/>\n<meta name=\"robots\" content=\"index, follow, max-snippet:-1, max-image-preview:large, max-video-preview:-1\" \/>\n<link rel=\"canonical\" href=\"https:\/\/www.heddata.se\/webbutik\/produkt\/rapid-haftklammer-standard-26-6\/\" \/>\n<meta property=\"og:locale\" content=\"sv_SE\" \/>\n<meta property=\"og:type\" content=\"article\" \/>\n<meta property=\"og:title\" content=\"RAPID H\u00e4ftklammer Standard 26\/6\" \/>\n<meta property=\"og:description\" content=\"RAPID H\u00e4ftklammer Standard 26\/6. Standard-klamrarna fr\u00e5n Rapid\u00ae med en benl\u00e4ngd p\u00e5 6\u00a0mm kan h\u00e4fta ihop upp till 20 l\u00f6sa ark.\" \/>\n<meta property=\"og:url\" content=\"https:\/\/www.heddata.se\/webbutik\/produkt\/rapid-haftklammer-standard-26-6\/\" \/>\n<meta property=\"og:site_name\" content=\"Datorer, Skrivare, F\u00e4rgpatroner, Mobiltelefoner\" \/>\n<meta property=\"article:modified_time\" content=\"2026-04-15T16:10:18+00:00\" \/>\n<meta property=\"og:image\" content=\"https:\/\/www.heddata.se\/webbutik\/wp-content\/uploads\/webbutik\/kategorier\/Kontorstillbehor\/RAPID-Haftklammer-Standard-26-6.jpg\" \/>\n\t<meta property=\"og:image:width\" content=\"1000\" \/>\n\t<meta property=\"og:image:height\" content=\"1000\" \/>\n\t<meta property=\"og:image:type\" content=\"image\/jpeg\" \/>\n<meta name=\"twitter:card\" content=\"summary_large_image\" \/>\n<meta name=\"twitter:label1\" content=\"Ber\u00e4knad l\u00e4stid\" \/>\n\t<meta name=\"twitter:data1\" content=\"1 minut\" \/>\n<script type=\"application\/ld+json\" class=\"yoast-schema-graph\">{\"@context\":\"https:\/\/schema.org\",\"@graph\":[{\"@type\":\"WebPage\",\"@id\":\"https:\/\/www.heddata.se\/webbutik\/produkt\/rapid-haftklammer-standard-26-6\/\",\"url\":\"https:\/\/www.heddata.se\/webbutik\/produkt\/rapid-haftklammer-standard-26-6\/\",\"name\":\"RAPID H\u00e4ftklammer Standard 26\/6\",\"isPartOf\":{\"@id\":\"https:\/\/www.heddata.se\/webbutik\/#website\"},\"primaryImageOfPage\":{\"@id\":\"https:\/\/www.heddata.se\/webbutik\/produkt\/rapid-haftklammer-standard-26-6\/#primaryimage\"},\"image\":{\"@id\":\"https:\/\/www.heddata.se\/webbutik\/produkt\/rapid-haftklammer-standard-26-6\/#primaryimage\"},\"thumbnailUrl\":\"https:\/\/www.heddata.se\/webbutik\/wp-content\/uploads\/webbutik\/kategorier\/Kontorstillbehor\/RAPID-Haftklammer-Standard-26-6.jpg\",\"datePublished\":\"2019-12-03T12:44:08+00:00\",\"dateModified\":\"2026-04-15T16:10:18+00:00\",\"description\":\"RAPID H\u00e4ftklammer Standard 26\/6. Standard-klamrarna fr\u00e5n Rapid\u00ae med en benl\u00e4ngd p\u00e5 6\u00a0mm kan h\u00e4fta ihop upp till 20 l\u00f6sa ark.\",\"breadcrumb\":{\"@id\":\"https:\/\/www.heddata.se\/webbutik\/produkt\/rapid-haftklammer-standard-26-6\/#breadcrumb\"},\"inLanguage\":\"sv-SE\",\"potentialAction\":[{\"@type\":\"ReadAction\",\"target\":[\"https:\/\/www.heddata.se\/webbutik\/produkt\/rapid-haftklammer-standard-26-6\/\"]}]},{\"@type\":\"ImageObject\",\"inLanguage\":\"sv-SE\",\"@id\":\"https:\/\/www.heddata.se\/webbutik\/produkt\/rapid-haftklammer-standard-26-6\/#primaryimage\",\"url\":\"https:\/\/www.heddata.se\/webbutik\/wp-content\/uploads\/webbutik\/kategorier\/Kontorstillbehor\/RAPID-Haftklammer-Standard-26-6.jpg\",\"contentUrl\":\"https:\/\/www.heddata.se\/webbutik\/wp-content\/uploads\/webbutik\/kategorier\/Kontorstillbehor\/RAPID-Haftklammer-Standard-26-6.jpg\",\"width\":1000,\"height\":1000,\"caption\":\"RAPID H\u00e4ftklammer Standard 26\/6\"},{\"@type\":\"BreadcrumbList\",\"@id\":\"https:\/\/www.heddata.se\/webbutik\/produkt\/rapid-haftklammer-standard-26-6\/#breadcrumb\",\"itemListElement\":[{\"@type\":\"ListItem\",\"position\":1,\"name\":\"Hem\",\"item\":\"https:\/\/www.heddata.se\/webbutik\/\"},{\"@type\":\"ListItem\",\"position\":2,\"name\":\"Produkter\",\"item\":\"https:\/\/www.heddata.se\/webbutik\/shop\/\"},{\"@type\":\"ListItem\",\"position\":3,\"name\":\"RAPID H\u00e4ftklammer Standard 26\/6\"}]},{\"@type\":\"WebSite\",\"@id\":\"https:\/\/www.heddata.se\/webbutik\/#website\",\"url\":\"https:\/\/www.heddata.se\/webbutik\/\",\"name\":\"Datorer, Skrivare, F\u00e4rgpatroner, Mobiltelefoner\",\"description\":\"Kablar\",\"publisher\":{\"@id\":\"https:\/\/www.heddata.se\/webbutik\/#organization\"},\"potentialAction\":[{\"@type\":\"SearchAction\",\"target\":{\"@type\":\"EntryPoint\",\"urlTemplate\":\"https:\/\/www.heddata.se\/webbutik\/?s={search_term_string}\"},\"query-input\":{\"@type\":\"PropertyValueSpecification\",\"valueRequired\":true,\"valueName\":\"search_term_string\"}}],\"inLanguage\":\"sv-SE\"},{\"@type\":\"Organization\",\"@id\":\"https:\/\/www.heddata.se\/webbutik\/#organization\",\"name\":\"Heddata AB\",\"url\":\"https:\/\/www.heddata.se\/webbutik\/\",\"logo\":{\"@type\":\"ImageObject\",\"inLanguage\":\"sv-SE\",\"@id\":\"https:\/\/www.heddata.se\/webbutik\/#\/schema\/logo\/image\/\",\"url\":\"https:\/\/www.heddata.se\/webbutik\/wp-content\/uploads\/logga\/heddata-ab-logga.png\",\"contentUrl\":\"https:\/\/www.heddata.se\/webbutik\/wp-content\/uploads\/logga\/heddata-ab-logga.png\",\"width\":200,\"height\":64,\"caption\":\"Heddata AB\"},\"image\":{\"@id\":\"https:\/\/www.heddata.se\/webbutik\/#\/schema\/logo\/image\/\"}}]}<\/script>\n<!-- \/ Yoast SEO Premium plugin. -->","yoast_head_json":{"title":"RAPID H\u00e4ftklammer Standard 26\/6","description":"RAPID H\u00e4ftklammer Standard 26\/6. Standard-klamrarna fr\u00e5n Rapid\u00ae med en benl\u00e4ngd p\u00e5 6\u00a0mm kan h\u00e4fta ihop upp till 20 l\u00f6sa ark.","robots":{"index":"index","follow":"follow","max-snippet":"max-snippet:-1","max-image-preview":"max-image-preview:large","max-video-preview":"max-video-preview:-1"},"canonical":"https:\/\/www.heddata.se\/webbutik\/produkt\/rapid-haftklammer-standard-26-6\/","og_locale":"sv_SE","og_type":"article","og_title":"RAPID H\u00e4ftklammer Standard 26\/6","og_description":"RAPID H\u00e4ftklammer Standard 26\/6. Standard-klamrarna fr\u00e5n Rapid\u00ae med en benl\u00e4ngd p\u00e5 6\u00a0mm kan h\u00e4fta ihop upp till 20 l\u00f6sa ark.","og_url":"https:\/\/www.heddata.se\/webbutik\/produkt\/rapid-haftklammer-standard-26-6\/","og_site_name":"Datorer, Skrivare, F\u00e4rgpatroner, Mobiltelefoner","article_modified_time":"2026-04-15T16:10:18+00:00","og_image":[{"width":1000,"height":1000,"url":"https:\/\/www.heddata.se\/webbutik\/wp-content\/uploads\/webbutik\/kategorier\/Kontorstillbehor\/RAPID-Haftklammer-Standard-26-6.jpg","type":"image\/jpeg"}],"twitter_card":"summary_large_image","twitter_misc":{"Ber\u00e4knad l\u00e4stid":"1 minut"},"schema":{"@context":"https:\/\/schema.org","@graph":[{"@type":"WebPage","@id":"https:\/\/www.heddata.se\/webbutik\/produkt\/rapid-haftklammer-standard-26-6\/","url":"https:\/\/www.heddata.se\/webbutik\/produkt\/rapid-haftklammer-standard-26-6\/","name":"RAPID H\u00e4ftklammer Standard 26\/6","isPartOf":{"@id":"https:\/\/www.heddata.se\/webbutik\/#website"},"primaryImageOfPage":{"@id":"https:\/\/www.heddata.se\/webbutik\/produkt\/rapid-haftklammer-standard-26-6\/#primaryimage"},"image":{"@id":"https:\/\/www.heddata.se\/webbutik\/produkt\/rapid-haftklammer-standard-26-6\/#primaryimage"},"thumbnailUrl":"https:\/\/www.heddata.se\/webbutik\/wp-content\/uploads\/webbutik\/kategorier\/Kontorstillbehor\/RAPID-Haftklammer-Standard-26-6.jpg","datePublished":"2019-12-03T12:44:08+00:00","dateModified":"2026-04-15T16:10:18+00:00","description":"RAPID H\u00e4ftklammer Standard 26\/6. Standard-klamrarna fr\u00e5n Rapid\u00ae med en benl\u00e4ngd p\u00e5 6\u00a0mm kan h\u00e4fta ihop upp till 20 l\u00f6sa ark.","breadcrumb":{"@id":"https:\/\/www.heddata.se\/webbutik\/produkt\/rapid-haftklammer-standard-26-6\/#breadcrumb"},"inLanguage":"sv-SE","potentialAction":[{"@type":"ReadAction","target":["https:\/\/www.heddata.se\/webbutik\/produkt\/rapid-haftklammer-standard-26-6\/"]}]},{"@type":"ImageObject","inLanguage":"sv-SE","@id":"https:\/\/www.heddata.se\/webbutik\/produkt\/rapid-haftklammer-standard-26-6\/#primaryimage","url":"https:\/\/www.heddata.se\/webbutik\/wp-content\/uploads\/webbutik\/kategorier\/Kontorstillbehor\/RAPID-Haftklammer-Standard-26-6.jpg","contentUrl":"https:\/\/www.heddata.se\/webbutik\/wp-content\/uploads\/webbutik\/kategorier\/Kontorstillbehor\/RAPID-Haftklammer-Standard-26-6.jpg","width":1000,"height":1000,"caption":"RAPID H\u00e4ftklammer Standard 26\/6"},{"@type":"BreadcrumbList","@id":"https:\/\/www.heddata.se\/webbutik\/produkt\/rapid-haftklammer-standard-26-6\/#breadcrumb","itemListElement":[{"@type":"ListItem","position":1,"name":"Hem","item":"https:\/\/www.heddata.se\/webbutik\/"},{"@type":"ListItem","position":2,"name":"Produkter","item":"https:\/\/www.heddata.se\/webbutik\/shop\/"},{"@type":"ListItem","position":3,"name":"RAPID H\u00e4ftklammer Standard 26\/6"}]},{"@type":"WebSite","@id":"https:\/\/www.heddata.se\/webbutik\/#website","url":"https:\/\/www.heddata.se\/webbutik\/","name":"Datorer, Skrivare, F\u00e4rgpatroner, Mobiltelefoner","description":"Kablar","publisher":{"@id":"https:\/\/www.heddata.se\/webbutik\/#organization"},"potentialAction":[{"@type":"SearchAction","target":{"@type":"EntryPoint","urlTemplate":"https:\/\/www.heddata.se\/webbutik\/?s={search_term_string}"},"query-input":{"@type":"PropertyValueSpecification","valueRequired":true,"valueName":"search_term_string"}}],"inLanguage":"sv-SE"},{"@type":"Organization","@id":"https:\/\/www.heddata.se\/webbutik\/#organization","name":"Heddata AB","url":"https:\/\/www.heddata.se\/webbutik\/","logo":{"@type":"ImageObject","inLanguage":"sv-SE","@id":"https:\/\/www.heddata.se\/webbutik\/#\/schema\/logo\/image\/","url":"https:\/\/www.heddata.se\/webbutik\/wp-content\/uploads\/logga\/heddata-ab-logga.png","contentUrl":"https:\/\/www.heddata.se\/webbutik\/wp-content\/uploads\/logga\/heddata-ab-logga.png","width":200,"height":64,"caption":"Heddata AB"},"image":{"@id":"https:\/\/www.heddata.se\/webbutik\/#\/schema\/logo\/image\/"}}]}},"_links":{"self":[{"href":"https:\/\/www.heddata.se\/webbutik\/wp-json\/wp\/v2\/product\/10493","targetHints":{"allow":["GET"]}}],"collection":[{"href":"https:\/\/www.heddata.se\/webbutik\/wp-json\/wp\/v2\/product"}],"about":[{"href":"https:\/\/www.heddata.se\/webbutik\/wp-json\/wp\/v2\/types\/product"}],"wp:featuredmedia":[{"embeddable":true,"href":"https:\/\/www.heddata.se\/webbutik\/wp-json\/wp\/v2\/media\/13432"}],"wp:attachment":[{"href":"https:\/\/www.heddata.se\/webbutik\/wp-json\/wp\/v2\/media?parent=10493"}],"wp:term":[{"taxonomy":"product_brand","embeddable":true,"href":"https:\/\/www.heddata.se\/webbutik\/wp-json\/wp\/v2\/product_brand?post=10493"},{"taxonomy":"product_cat","embeddable":true,"href":"https:\/\/www.heddata.se\/webbutik\/wp-json\/wp\/v2\/product_cat?post=10493"},{"taxonomy":"product_tag","embeddable":true,"href":"https:\/\/www.heddata.se\/webbutik\/wp-json\/wp\/v2\/product_tag?post=10493"}],"curies":[{"name":"wp","href":"https:\/\/api.w.org\/{rel}","templated":true}]}}