{"id":10478,"date":"2019-12-03T13:44:01","date_gmt":"2019-12-03T12:44:01","guid":{"rendered":"https:\/\/www.heddata.se\/webbutik\/?post_type=product&#038;p=10478"},"modified":"2026-05-07T18:16:33","modified_gmt":"2026-05-07T16:16:33","slug":"kopieringspapper-multicopy-pres-a4-120g-oh","status":"publish","type":"product","link":"https:\/\/www.heddata.se\/webbutik\/produkt\/kopieringspapper-multicopy-pres-a4-120g-oh\/","title":{"rendered":"Kopieringspapper MULTICOPY Pres A4 120g oh"},"content":{"rendered":"<p>Kopieringspapper MULTICOPY Pres A4 120g oh<\/p>\n<p><b>Oh\u00e5lat papper<\/b><\/p>\n<p>Ett milj\u00f6m\u00e4ssigt mycket bra papper som ger en j\u00e4mn yta och ett utm\u00e4rkt tryckresultat samt en k\u00e4nsla av lyx. Vithet och ljushet i v\u00e4rldsklass som lyfter dina utskrifter och dokument ytterligare ett sn\u00e4pp. Utvecklat f\u00f6r att ge f\u00f6rstklassigt tryckresultat i <a href=\"https:\/\/www.heddata.se\/webbutik\/skrivare-blackstrale-monolaser\/laserskrivare-2\/\">f\u00e4rglaserskrivare<\/a> och <a href=\"https:\/\/www.brother.se\/\" target=\"_blank\" rel=\"noopener noreferrer\">f\u00e4rglaserkopiatorer,<\/a> fungerar \u00e4ven utm\u00e4rkt i \u00f6vriga kontorsmaskiner. Svanenm\u00e4rkt, FSC, EU-blomman, ECF (Element\u00e4rt klorfri). Bruket \u00e4r ISO 14001 certifierat och Emas-registrerat. \u00c5ldersbest\u00e4ndigt i enlighet med ISO 9706, Vithet CIE 168, ColorLok-teknik f\u00f6r b\u00e4ttre f\u00e4rg\u00e5tergivning. A4, 120g, oh\u00e5lat. Obestruket.<\/p>\n","protected":false},"excerpt":{"rendered":"<p>Kopieringspapper MULTICOPY Pres A4 120g oh<\/p>\n","protected":false},"featured_media":81148,"template":"","meta":[],"product_brand":[],"product_cat":[68],"product_tag":[],"class_list":{"0":"post-10478","1":"product","2":"type-product","3":"status-publish","4":"has-post-thumbnail","6":"product_cat-kontorstillbehor","8":"first","9":"outofstock","10":"taxable","11":"shipping-taxable","12":"product-type-simple"},"yoast_head":"<!-- This site is optimized with the Yoast SEO Premium plugin v26.7 (Yoast SEO v26.7) - https:\/\/yoast.com\/wordpress\/plugins\/seo\/ -->\n<title>Kopieringspapper MULTICOPY Pres A4 120g mycket bra papper<\/title>\n<meta name=\"description\" content=\"Kopieringspapper MULTICOPY Pres A4 120g oh. Ett milj\u00f6m\u00e4ssigt mycket bra papper som ger en j\u00e4mn yta och ett utm\u00e4rkt tryckresultat\" \/>\n<meta name=\"robots\" content=\"index, follow, max-snippet:-1, max-image-preview:large, max-video-preview:-1\" \/>\n<link rel=\"canonical\" href=\"https:\/\/www.heddata.se\/webbutik\/produkt\/kopieringspapper-multicopy-pres-a4-120g-oh\/\" \/>\n<meta property=\"og:locale\" content=\"sv_SE\" \/>\n<meta property=\"og:type\" content=\"article\" \/>\n<meta property=\"og:title\" content=\"Kopieringspapper MULTICOPY Pres A4 120g oh\" \/>\n<meta property=\"og:description\" content=\"Kopieringspapper MULTICOPY Pres A4 120g oh. Ett milj\u00f6m\u00e4ssigt mycket bra papper som ger en j\u00e4mn yta och ett utm\u00e4rkt tryckresultat\" \/>\n<meta property=\"og:url\" content=\"https:\/\/www.heddata.se\/webbutik\/produkt\/kopieringspapper-multicopy-pres-a4-120g-oh\/\" \/>\n<meta property=\"og:site_name\" content=\"Datorer, Skrivare, F\u00e4rgpatroner, Mobiltelefoner\" \/>\n<meta property=\"article:modified_time\" content=\"2026-05-07T16:16:33+00:00\" \/>\n<meta property=\"og:image\" content=\"https:\/\/www.heddata.se\/webbutik\/wp-content\/uploads\/webbutik\/kategorier\/kontorstillbehor\/multicopy-120.jpg\" \/>\n\t<meta property=\"og:image:width\" content=\"480\" \/>\n\t<meta property=\"og:image:height\" content=\"480\" \/>\n\t<meta property=\"og:image:type\" content=\"image\/jpeg\" \/>\n<meta name=\"twitter:card\" content=\"summary_large_image\" \/>\n<meta name=\"twitter:label1\" content=\"Ber\u00e4knad l\u00e4stid\" \/>\n\t<meta name=\"twitter:data1\" content=\"1 minut\" \/>\n<script type=\"application\/ld+json\" class=\"yoast-schema-graph\">{\"@context\":\"https:\/\/schema.org\",\"@graph\":[{\"@type\":\"WebPage\",\"@id\":\"https:\/\/www.heddata.se\/webbutik\/produkt\/kopieringspapper-multicopy-pres-a4-120g-oh\/\",\"url\":\"https:\/\/www.heddata.se\/webbutik\/produkt\/kopieringspapper-multicopy-pres-a4-120g-oh\/\",\"name\":\"Kopieringspapper MULTICOPY Pres A4 120g mycket bra papper\",\"isPartOf\":{\"@id\":\"https:\/\/www.heddata.se\/webbutik\/#website\"},\"primaryImageOfPage\":{\"@id\":\"https:\/\/www.heddata.se\/webbutik\/produkt\/kopieringspapper-multicopy-pres-a4-120g-oh\/#primaryimage\"},\"image\":{\"@id\":\"https:\/\/www.heddata.se\/webbutik\/produkt\/kopieringspapper-multicopy-pres-a4-120g-oh\/#primaryimage\"},\"thumbnailUrl\":\"https:\/\/www.heddata.se\/webbutik\/wp-content\/uploads\/webbutik\/kategorier\/kontorstillbehor\/multicopy-120.jpg\",\"datePublished\":\"2019-12-03T12:44:01+00:00\",\"dateModified\":\"2026-05-07T16:16:33+00:00\",\"description\":\"Kopieringspapper MULTICOPY Pres A4 120g oh. Ett milj\u00f6m\u00e4ssigt mycket bra papper som ger en j\u00e4mn yta och ett utm\u00e4rkt tryckresultat\",\"breadcrumb\":{\"@id\":\"https:\/\/www.heddata.se\/webbutik\/produkt\/kopieringspapper-multicopy-pres-a4-120g-oh\/#breadcrumb\"},\"inLanguage\":\"sv-SE\",\"potentialAction\":[{\"@type\":\"ReadAction\",\"target\":[\"https:\/\/www.heddata.se\/webbutik\/produkt\/kopieringspapper-multicopy-pres-a4-120g-oh\/\"]}]},{\"@type\":\"ImageObject\",\"inLanguage\":\"sv-SE\",\"@id\":\"https:\/\/www.heddata.se\/webbutik\/produkt\/kopieringspapper-multicopy-pres-a4-120g-oh\/#primaryimage\",\"url\":\"https:\/\/www.heddata.se\/webbutik\/wp-content\/uploads\/webbutik\/kategorier\/kontorstillbehor\/multicopy-120.jpg\",\"contentUrl\":\"https:\/\/www.heddata.se\/webbutik\/wp-content\/uploads\/webbutik\/kategorier\/kontorstillbehor\/multicopy-120.jpg\",\"width\":480,\"height\":480,\"caption\":\"Kopieringspapper MULTICOPY Pres A4\"},{\"@type\":\"BreadcrumbList\",\"@id\":\"https:\/\/www.heddata.se\/webbutik\/produkt\/kopieringspapper-multicopy-pres-a4-120g-oh\/#breadcrumb\",\"itemListElement\":[{\"@type\":\"ListItem\",\"position\":1,\"name\":\"Hem\",\"item\":\"https:\/\/www.heddata.se\/webbutik\/\"},{\"@type\":\"ListItem\",\"position\":2,\"name\":\"Produkter\",\"item\":\"https:\/\/www.heddata.se\/webbutik\/shop\/\"},{\"@type\":\"ListItem\",\"position\":3,\"name\":\"Kopieringspapper MULTICOPY Pres A4 120g oh\"}]},{\"@type\":\"WebSite\",\"@id\":\"https:\/\/www.heddata.se\/webbutik\/#website\",\"url\":\"https:\/\/www.heddata.se\/webbutik\/\",\"name\":\"Datorer, Skrivare, F\u00e4rgpatroner, Mobiltelefoner\",\"description\":\"Kablar\",\"publisher\":{\"@id\":\"https:\/\/www.heddata.se\/webbutik\/#organization\"},\"potentialAction\":[{\"@type\":\"SearchAction\",\"target\":{\"@type\":\"EntryPoint\",\"urlTemplate\":\"https:\/\/www.heddata.se\/webbutik\/?s={search_term_string}\"},\"query-input\":{\"@type\":\"PropertyValueSpecification\",\"valueRequired\":true,\"valueName\":\"search_term_string\"}}],\"inLanguage\":\"sv-SE\"},{\"@type\":\"Organization\",\"@id\":\"https:\/\/www.heddata.se\/webbutik\/#organization\",\"name\":\"Heddata AB\",\"url\":\"https:\/\/www.heddata.se\/webbutik\/\",\"logo\":{\"@type\":\"ImageObject\",\"inLanguage\":\"sv-SE\",\"@id\":\"https:\/\/www.heddata.se\/webbutik\/#\/schema\/logo\/image\/\",\"url\":\"https:\/\/www.heddata.se\/webbutik\/wp-content\/uploads\/logga\/heddata-ab-logga.png\",\"contentUrl\":\"https:\/\/www.heddata.se\/webbutik\/wp-content\/uploads\/logga\/heddata-ab-logga.png\",\"width\":200,\"height\":64,\"caption\":\"Heddata AB\"},\"image\":{\"@id\":\"https:\/\/www.heddata.se\/webbutik\/#\/schema\/logo\/image\/\"}}]}<\/script>\n<!-- \/ Yoast SEO Premium plugin. -->","yoast_head_json":{"title":"Kopieringspapper MULTICOPY Pres A4 120g mycket bra papper","description":"Kopieringspapper MULTICOPY Pres A4 120g oh. Ett milj\u00f6m\u00e4ssigt mycket bra papper som ger en j\u00e4mn yta och ett utm\u00e4rkt tryckresultat","robots":{"index":"index","follow":"follow","max-snippet":"max-snippet:-1","max-image-preview":"max-image-preview:large","max-video-preview":"max-video-preview:-1"},"canonical":"https:\/\/www.heddata.se\/webbutik\/produkt\/kopieringspapper-multicopy-pres-a4-120g-oh\/","og_locale":"sv_SE","og_type":"article","og_title":"Kopieringspapper MULTICOPY Pres A4 120g oh","og_description":"Kopieringspapper MULTICOPY Pres A4 120g oh. Ett milj\u00f6m\u00e4ssigt mycket bra papper som ger en j\u00e4mn yta och ett utm\u00e4rkt tryckresultat","og_url":"https:\/\/www.heddata.se\/webbutik\/produkt\/kopieringspapper-multicopy-pres-a4-120g-oh\/","og_site_name":"Datorer, Skrivare, F\u00e4rgpatroner, Mobiltelefoner","article_modified_time":"2026-05-07T16:16:33+00:00","og_image":[{"width":480,"height":480,"url":"https:\/\/www.heddata.se\/webbutik\/wp-content\/uploads\/webbutik\/kategorier\/kontorstillbehor\/multicopy-120.jpg","type":"image\/jpeg"}],"twitter_card":"summary_large_image","twitter_misc":{"Ber\u00e4knad l\u00e4stid":"1 minut"},"schema":{"@context":"https:\/\/schema.org","@graph":[{"@type":"WebPage","@id":"https:\/\/www.heddata.se\/webbutik\/produkt\/kopieringspapper-multicopy-pres-a4-120g-oh\/","url":"https:\/\/www.heddata.se\/webbutik\/produkt\/kopieringspapper-multicopy-pres-a4-120g-oh\/","name":"Kopieringspapper MULTICOPY Pres A4 120g mycket bra papper","isPartOf":{"@id":"https:\/\/www.heddata.se\/webbutik\/#website"},"primaryImageOfPage":{"@id":"https:\/\/www.heddata.se\/webbutik\/produkt\/kopieringspapper-multicopy-pres-a4-120g-oh\/#primaryimage"},"image":{"@id":"https:\/\/www.heddata.se\/webbutik\/produkt\/kopieringspapper-multicopy-pres-a4-120g-oh\/#primaryimage"},"thumbnailUrl":"https:\/\/www.heddata.se\/webbutik\/wp-content\/uploads\/webbutik\/kategorier\/kontorstillbehor\/multicopy-120.jpg","datePublished":"2019-12-03T12:44:01+00:00","dateModified":"2026-05-07T16:16:33+00:00","description":"Kopieringspapper MULTICOPY Pres A4 120g oh. Ett milj\u00f6m\u00e4ssigt mycket bra papper som ger en j\u00e4mn yta och ett utm\u00e4rkt tryckresultat","breadcrumb":{"@id":"https:\/\/www.heddata.se\/webbutik\/produkt\/kopieringspapper-multicopy-pres-a4-120g-oh\/#breadcrumb"},"inLanguage":"sv-SE","potentialAction":[{"@type":"ReadAction","target":["https:\/\/www.heddata.se\/webbutik\/produkt\/kopieringspapper-multicopy-pres-a4-120g-oh\/"]}]},{"@type":"ImageObject","inLanguage":"sv-SE","@id":"https:\/\/www.heddata.se\/webbutik\/produkt\/kopieringspapper-multicopy-pres-a4-120g-oh\/#primaryimage","url":"https:\/\/www.heddata.se\/webbutik\/wp-content\/uploads\/webbutik\/kategorier\/kontorstillbehor\/multicopy-120.jpg","contentUrl":"https:\/\/www.heddata.se\/webbutik\/wp-content\/uploads\/webbutik\/kategorier\/kontorstillbehor\/multicopy-120.jpg","width":480,"height":480,"caption":"Kopieringspapper MULTICOPY Pres A4"},{"@type":"BreadcrumbList","@id":"https:\/\/www.heddata.se\/webbutik\/produkt\/kopieringspapper-multicopy-pres-a4-120g-oh\/#breadcrumb","itemListElement":[{"@type":"ListItem","position":1,"name":"Hem","item":"https:\/\/www.heddata.se\/webbutik\/"},{"@type":"ListItem","position":2,"name":"Produkter","item":"https:\/\/www.heddata.se\/webbutik\/shop\/"},{"@type":"ListItem","position":3,"name":"Kopieringspapper MULTICOPY Pres A4 120g oh"}]},{"@type":"WebSite","@id":"https:\/\/www.heddata.se\/webbutik\/#website","url":"https:\/\/www.heddata.se\/webbutik\/","name":"Datorer, Skrivare, F\u00e4rgpatroner, Mobiltelefoner","description":"Kablar","publisher":{"@id":"https:\/\/www.heddata.se\/webbutik\/#organization"},"potentialAction":[{"@type":"SearchAction","target":{"@type":"EntryPoint","urlTemplate":"https:\/\/www.heddata.se\/webbutik\/?s={search_term_string}"},"query-input":{"@type":"PropertyValueSpecification","valueRequired":true,"valueName":"search_term_string"}}],"inLanguage":"sv-SE"},{"@type":"Organization","@id":"https:\/\/www.heddata.se\/webbutik\/#organization","name":"Heddata AB","url":"https:\/\/www.heddata.se\/webbutik\/","logo":{"@type":"ImageObject","inLanguage":"sv-SE","@id":"https:\/\/www.heddata.se\/webbutik\/#\/schema\/logo\/image\/","url":"https:\/\/www.heddata.se\/webbutik\/wp-content\/uploads\/logga\/heddata-ab-logga.png","contentUrl":"https:\/\/www.heddata.se\/webbutik\/wp-content\/uploads\/logga\/heddata-ab-logga.png","width":200,"height":64,"caption":"Heddata AB"},"image":{"@id":"https:\/\/www.heddata.se\/webbutik\/#\/schema\/logo\/image\/"}}]}},"_links":{"self":[{"href":"https:\/\/www.heddata.se\/webbutik\/wp-json\/wp\/v2\/product\/10478","targetHints":{"allow":["GET"]}}],"collection":[{"href":"https:\/\/www.heddata.se\/webbutik\/wp-json\/wp\/v2\/product"}],"about":[{"href":"https:\/\/www.heddata.se\/webbutik\/wp-json\/wp\/v2\/types\/product"}],"wp:featuredmedia":[{"embeddable":true,"href":"https:\/\/www.heddata.se\/webbutik\/wp-json\/wp\/v2\/media\/81148"}],"wp:attachment":[{"href":"https:\/\/www.heddata.se\/webbutik\/wp-json\/wp\/v2\/media?parent=10478"}],"wp:term":[{"taxonomy":"product_brand","embeddable":true,"href":"https:\/\/www.heddata.se\/webbutik\/wp-json\/wp\/v2\/product_brand?post=10478"},{"taxonomy":"product_cat","embeddable":true,"href":"https:\/\/www.heddata.se\/webbutik\/wp-json\/wp\/v2\/product_cat?post=10478"},{"taxonomy":"product_tag","embeddable":true,"href":"https:\/\/www.heddata.se\/webbutik\/wp-json\/wp\/v2\/product_tag?post=10478"}],"curies":[{"name":"wp","href":"https:\/\/api.w.org\/{rel}","templated":true}]}}