{"id":95377,"date":"2024-04-10T11:56:00","date_gmt":"2024-04-10T09:56:00","guid":{"rendered":"https:\/\/www.heddata.se\/webbutik\/?page_id=95377"},"modified":"2024-04-10T12:03:49","modified_gmt":"2024-04-10T10:03:49","slug":"usb-natverkskort","status":"publish","type":"page","link":"https:\/\/www.heddata.se\/webbutik\/usb-natverkskort\/","title":{"rendered":"USB-n\u00e4tverkskort"},"content":{"rendered":"<p style=\"text-align: center\">Saknar din dator uttag f\u00f6r n\u00e4tverkskabel, eller \u00e4r den trasig kan du anv\u00e4nda dessa USB-n\u00e4tverkskort f\u00f6r att ansluta till n\u00e4tverk med kabel.<\/p>\n<div class=\"searchform-wrapper ux-search-box relative form-flat is-normal\"><form role=\"search\" method=\"get\" class=\"searchform\" action=\"https:\/\/www.heddata.se\/webbutik\/\">\n\t<div class=\"flex-row relative\">\n\t\t\t\t\t<div class=\"flex-col search-form-categories\">\n\t\t\t\t<select class=\"search_categories resize-select mb-0\" name=\"product_cat\"><option value=\"\" selected='selected'>All<\/option><option value=\"antenn\">Antenn<\/option><option value=\"batterier\">Batterier<\/option><option value=\"blackpatroner-toners\">Bl\u00e4ckpatroner &amp; Toners<\/option><option value=\"datorer-tillbehor\">Datorer &amp; tillbeh\u00f6r<\/option><option value=\"el\">EL<\/option><option value=\"fotopapper\">Fotopapper<\/option><option value=\"gaming\">Gaming<\/option><option value=\"hemelektronik\">Hemelektronik<\/option><option value=\"horlurar-headset\">H\u00f6rlurar &amp; headset<\/option><option value=\"kablar\">Kablar<\/option><option value=\"komponenter\">Komponenter<\/option><option value=\"kontorstillbehor\">Kontorstillbeh\u00f6r<\/option><option value=\"lagring\">Lagring<\/option><option value=\"larm-overvakning\">Larm &amp; \u00d6vervakning<\/option><option value=\"natverk\">N\u00e4tverk<\/option><option value=\"okategoriserad\">Okategoriserad<\/option><option value=\"ovrigt\">\u00d6vrigt<\/option><option value=\"programvara\">Programvara<\/option><option value=\"skarmar\">Sk\u00e4rmar<\/option><option value=\"skrivare\">Skrivare<\/option><option value=\"telefoner-surfplattor\">Telefoner &amp; Surfplattor<\/option><option value=\"telefontillbehor\">Telefontillbeh\u00f6r<\/option><option value=\"tillbehor-jaktradio\">Tillbeh\u00f6r Jaktradio<\/option><\/select>\t\t\t<\/div>\n\t\t\t\t\t\t<div class=\"flex-col flex-grow\">\n\t\t\t<label class=\"screen-reader-text\" for=\"woocommerce-product-search-field-0\">S\u00f6k efter:<\/label>\n\t\t\t<input type=\"search\" id=\"woocommerce-product-search-field-0\" class=\"search-field mb-0\" placeholder=\"Hitta produkt\" value=\"\" name=\"s\" \/>\n\t\t\t<input type=\"hidden\" name=\"post_type\" value=\"product\" \/>\n\t\t\t\t\t<\/div>\n\t\t<div class=\"flex-col\">\n\t\t\t<button type=\"submit\" value=\"S\u00f6k\" class=\"ux-search-submit submit-button secondary button  icon mb-0\" aria-label=\"Submit\">\n\t\t\t\t<i class=\"icon-search\" aria-hidden=\"true\"><\/i>\t\t\t<\/button>\n\t\t<\/div>\n\t<\/div>\n\t<div class=\"live-search-results text-left z-top\"><\/div>\n<\/form>\n<\/div>\n\t\n  \n    <div class=\"row  equalize-box large-columns-4 medium-columns-3 small-columns-2 row-small\" >\n  <\/div>\n","protected":false},"excerpt":{"rendered":"<p>Saknar din dator uttag f\u00f6r n\u00e4tverkskabel, eller \u00e4r den trasig kan du anv\u00e4nda dessa USB-n\u00e4tverkskort f\u00f6r att ansluta till n\u00e4tverk med kabel.<\/p>\n","protected":false},"author":7,"featured_media":0,"parent":0,"menu_order":0,"comment_status":"closed","ping_status":"closed","template":"page-blank-title-center.php","meta":{"footnotes":""},"class_list":["post-95377","page","type-page","status-publish","hentry"],"yoast_head":"<!-- This site is optimized with the Yoast SEO Premium plugin v26.7 (Yoast SEO v26.7) - https:\/\/yoast.com\/wordpress\/plugins\/seo\/ -->\n<title>USB-n\u00e4tverkskort<\/title>\n<meta name=\"description\" content=\"USB-n\u00e4tverkskort\" \/>\n<meta name=\"robots\" content=\"index, follow, max-snippet:-1, max-image-preview:large, max-video-preview:-1\" \/>\n<link rel=\"canonical\" href=\"https:\/\/www.heddata.se\/webbutik\/usb-natverkskort\/\" \/>\n<meta property=\"og:locale\" content=\"sv_SE\" \/>\n<meta property=\"og:type\" content=\"article\" \/>\n<meta property=\"og:title\" content=\"USB-n\u00e4tverkskort\" \/>\n<meta property=\"og:description\" content=\"USB-n\u00e4tverkskort\" \/>\n<meta property=\"og:url\" content=\"https:\/\/www.heddata.se\/webbutik\/usb-natverkskort\/\" \/>\n<meta property=\"og:site_name\" content=\"Datorer, Skrivare, F\u00e4rgpatroner, Mobiltelefoner\" \/>\n<meta property=\"article:modified_time\" content=\"2024-04-10T10:03:49+00:00\" \/>\n<meta name=\"twitter:card\" content=\"summary_large_image\" \/>\n<script type=\"application\/ld+json\" class=\"yoast-schema-graph\">{\"@context\":\"https:\/\/schema.org\",\"@graph\":[{\"@type\":\"WebPage\",\"@id\":\"https:\/\/www.heddata.se\/webbutik\/usb-natverkskort\/\",\"url\":\"https:\/\/www.heddata.se\/webbutik\/usb-natverkskort\/\",\"name\":\"USB-n\u00e4tverkskort\",\"isPartOf\":{\"@id\":\"https:\/\/www.heddata.se\/webbutik\/#website\"},\"datePublished\":\"2024-04-10T09:56:00+00:00\",\"dateModified\":\"2024-04-10T10:03:49+00:00\",\"description\":\"USB-n\u00e4tverkskort\",\"breadcrumb\":{\"@id\":\"https:\/\/www.heddata.se\/webbutik\/usb-natverkskort\/#breadcrumb\"},\"inLanguage\":\"sv-SE\",\"potentialAction\":[{\"@type\":\"ReadAction\",\"target\":[\"https:\/\/www.heddata.se\/webbutik\/usb-natverkskort\/\"]}]},{\"@type\":\"BreadcrumbList\",\"@id\":\"https:\/\/www.heddata.se\/webbutik\/usb-natverkskort\/#breadcrumb\",\"itemListElement\":[{\"@type\":\"ListItem\",\"position\":1,\"name\":\"Hem\",\"item\":\"https:\/\/www.heddata.se\/webbutik\/\"},{\"@type\":\"ListItem\",\"position\":2,\"name\":\"USB-n\u00e4tverkskort\"}]},{\"@type\":\"WebSite\",\"@id\":\"https:\/\/www.heddata.se\/webbutik\/#website\",\"url\":\"https:\/\/www.heddata.se\/webbutik\/\",\"name\":\"Datorer, Skrivare, F\u00e4rgpatroner, Mobiltelefoner\",\"description\":\"Kablar\",\"publisher\":{\"@id\":\"https:\/\/www.heddata.se\/webbutik\/#organization\"},\"potentialAction\":[{\"@type\":\"SearchAction\",\"target\":{\"@type\":\"EntryPoint\",\"urlTemplate\":\"https:\/\/www.heddata.se\/webbutik\/?s={search_term_string}\"},\"query-input\":{\"@type\":\"PropertyValueSpecification\",\"valueRequired\":true,\"valueName\":\"search_term_string\"}}],\"inLanguage\":\"sv-SE\"},{\"@type\":\"Organization\",\"@id\":\"https:\/\/www.heddata.se\/webbutik\/#organization\",\"name\":\"Heddata AB\",\"url\":\"https:\/\/www.heddata.se\/webbutik\/\",\"logo\":{\"@type\":\"ImageObject\",\"inLanguage\":\"sv-SE\",\"@id\":\"https:\/\/www.heddata.se\/webbutik\/#\/schema\/logo\/image\/\",\"url\":\"https:\/\/www.heddata.se\/webbutik\/wp-content\/uploads\/logga\/heddata-ab-logga.png\",\"contentUrl\":\"https:\/\/www.heddata.se\/webbutik\/wp-content\/uploads\/logga\/heddata-ab-logga.png\",\"width\":200,\"height\":64,\"caption\":\"Heddata AB\"},\"image\":{\"@id\":\"https:\/\/www.heddata.se\/webbutik\/#\/schema\/logo\/image\/\"}}]}<\/script>\n<!-- \/ Yoast SEO Premium plugin. -->","yoast_head_json":{"title":"USB-n\u00e4tverkskort","description":"USB-n\u00e4tverkskort","robots":{"index":"index","follow":"follow","max-snippet":"max-snippet:-1","max-image-preview":"max-image-preview:large","max-video-preview":"max-video-preview:-1"},"canonical":"https:\/\/www.heddata.se\/webbutik\/usb-natverkskort\/","og_locale":"sv_SE","og_type":"article","og_title":"USB-n\u00e4tverkskort","og_description":"USB-n\u00e4tverkskort","og_url":"https:\/\/www.heddata.se\/webbutik\/usb-natverkskort\/","og_site_name":"Datorer, Skrivare, F\u00e4rgpatroner, Mobiltelefoner","article_modified_time":"2024-04-10T10:03:49+00:00","twitter_card":"summary_large_image","schema":{"@context":"https:\/\/schema.org","@graph":[{"@type":"WebPage","@id":"https:\/\/www.heddata.se\/webbutik\/usb-natverkskort\/","url":"https:\/\/www.heddata.se\/webbutik\/usb-natverkskort\/","name":"USB-n\u00e4tverkskort","isPartOf":{"@id":"https:\/\/www.heddata.se\/webbutik\/#website"},"datePublished":"2024-04-10T09:56:00+00:00","dateModified":"2024-04-10T10:03:49+00:00","description":"USB-n\u00e4tverkskort","breadcrumb":{"@id":"https:\/\/www.heddata.se\/webbutik\/usb-natverkskort\/#breadcrumb"},"inLanguage":"sv-SE","potentialAction":[{"@type":"ReadAction","target":["https:\/\/www.heddata.se\/webbutik\/usb-natverkskort\/"]}]},{"@type":"BreadcrumbList","@id":"https:\/\/www.heddata.se\/webbutik\/usb-natverkskort\/#breadcrumb","itemListElement":[{"@type":"ListItem","position":1,"name":"Hem","item":"https:\/\/www.heddata.se\/webbutik\/"},{"@type":"ListItem","position":2,"name":"USB-n\u00e4tverkskort"}]},{"@type":"WebSite","@id":"https:\/\/www.heddata.se\/webbutik\/#website","url":"https:\/\/www.heddata.se\/webbutik\/","name":"Datorer, Skrivare, F\u00e4rgpatroner, Mobiltelefoner","description":"Kablar","publisher":{"@id":"https:\/\/www.heddata.se\/webbutik\/#organization"},"potentialAction":[{"@type":"SearchAction","target":{"@type":"EntryPoint","urlTemplate":"https:\/\/www.heddata.se\/webbutik\/?s={search_term_string}"},"query-input":{"@type":"PropertyValueSpecification","valueRequired":true,"valueName":"search_term_string"}}],"inLanguage":"sv-SE"},{"@type":"Organization","@id":"https:\/\/www.heddata.se\/webbutik\/#organization","name":"Heddata AB","url":"https:\/\/www.heddata.se\/webbutik\/","logo":{"@type":"ImageObject","inLanguage":"sv-SE","@id":"https:\/\/www.heddata.se\/webbutik\/#\/schema\/logo\/image\/","url":"https:\/\/www.heddata.se\/webbutik\/wp-content\/uploads\/logga\/heddata-ab-logga.png","contentUrl":"https:\/\/www.heddata.se\/webbutik\/wp-content\/uploads\/logga\/heddata-ab-logga.png","width":200,"height":64,"caption":"Heddata AB"},"image":{"@id":"https:\/\/www.heddata.se\/webbutik\/#\/schema\/logo\/image\/"}}]}},"_links":{"self":[{"href":"https:\/\/www.heddata.se\/webbutik\/wp-json\/wp\/v2\/pages\/95377","targetHints":{"allow":["GET"]}}],"collection":[{"href":"https:\/\/www.heddata.se\/webbutik\/wp-json\/wp\/v2\/pages"}],"about":[{"href":"https:\/\/www.heddata.se\/webbutik\/wp-json\/wp\/v2\/types\/page"}],"author":[{"embeddable":true,"href":"https:\/\/www.heddata.se\/webbutik\/wp-json\/wp\/v2\/users\/7"}],"replies":[{"embeddable":true,"href":"https:\/\/www.heddata.se\/webbutik\/wp-json\/wp\/v2\/comments?post=95377"}],"version-history":[{"count":4,"href":"https:\/\/www.heddata.se\/webbutik\/wp-json\/wp\/v2\/pages\/95377\/revisions"}],"predecessor-version":[{"id":95382,"href":"https:\/\/www.heddata.se\/webbutik\/wp-json\/wp\/v2\/pages\/95377\/revisions\/95382"}],"wp:attachment":[{"href":"https:\/\/www.heddata.se\/webbutik\/wp-json\/wp\/v2\/media?parent=95377"}],"curies":[{"name":"wp","href":"https:\/\/api.w.org\/{rel}","templated":true}]}}