{"id":90598,"date":"2020-11-04T15:24:21","date_gmt":"2020-11-04T14:24:21","guid":{"rendered":"https:\/\/www.heddata.se\/webbutik\/?page_id=90598"},"modified":"2020-11-09T09:56:21","modified_gmt":"2020-11-09T08:56:21","slug":"interna-natverkskort","status":"publish","type":"page","link":"https:\/\/www.heddata.se\/webbutik\/natverk\/natverkskort\/interna-natverkskort\/","title":{"rendered":"Interna n\u00e4tverkskort"},"content":{"rendered":"\t\n  \n    <div class=\"row  equalize-box large-columns-4 medium-columns-3 small-columns-2 row-small\" >\n  \n\t     <div class=\"product-small col has-hover product type-product post-93219 status-publish first instock product_cat-interna-natverkskort product_cat-natverk product_cat-natverkskort has-post-thumbnail taxable shipping-taxable purchasable product-type-simple\">\n\t<div class=\"col-inner\">\n\t\n<div class=\"badge-container absolute left top z-1\">\n\n<\/div>\n\t<div class=\"product-small box \">\n\t\t<div class=\"box-image\">\n\t\t\t<div class=\"image-fade_in_back\">\n\t\t\t\t<a href=\"https:\/\/www.heddata.se\/webbutik\/produkt\/tradlost-natverkskort-tp-link-150mbps-wireless-n-pci-express-adapter-tl-wn781nd\/\">\n\t\t\t\t\t<img loading=\"lazy\" decoding=\"async\" width=\"250\" height=\"250\" src=\"https:\/\/www.heddata.se\/webbutik\/wp-content\/uploads\/webbutik\/kategorier\/natvark\/tl-wn781nd-250x250.jpeg\" class=\"attachment-woocommerce_thumbnail size-woocommerce_thumbnail\" alt=\"Tr\u00e5dl\u00f6st n\u00e4tverkskort TP-Link\" srcset=\"https:\/\/www.heddata.se\/webbutik\/wp-content\/uploads\/webbutik\/kategorier\/natvark\/tl-wn781nd-250x250.jpeg 250w, https:\/\/www.heddata.se\/webbutik\/wp-content\/uploads\/webbutik\/kategorier\/natvark\/tl-wn781nd-300x300.jpeg 300w, https:\/\/www.heddata.se\/webbutik\/wp-content\/uploads\/webbutik\/kategorier\/natvark\/tl-wn781nd-100x100.jpeg 100w, https:\/\/www.heddata.se\/webbutik\/wp-content\/uploads\/webbutik\/kategorier\/natvark\/tl-wn781nd.jpeg 458w\" sizes=\"auto, (max-width: 250px) 100vw, 250px\" \/>\t\t\t\t<\/a>\n\t\t\t<\/div>\n\t\t\t<div class=\"image-tools is-small top right show-on-hover\">\n\t\t\t\t\t\t\t<\/div>\n\t\t\t<div class=\"image-tools is-small hide-for-small bottom left show-on-hover\">\n\t\t\t\t\t\t\t<\/div>\n\t\t\t<div class=\"image-tools grid-tools text-center hide-for-small bottom hover-slide-in show-on-hover\">\n\t\t\t\t\t\t\t<\/div>\n\t\t\t\t\t<\/div>\n\n\t\t<div class=\"box-text box-text-products text-center grid-style-2\">\n\t\t\t<div class=\"title-wrapper\">\t\t<p class=\"category uppercase is-smaller no-text-overflow product-cat op-8\">\n\t\t\tInterna n\u00e4tverkskort\t\t<\/p>\n\t<p class=\"name product-title woocommerce-loop-product__title\"><a href=\"https:\/\/www.heddata.se\/webbutik\/produkt\/tradlost-natverkskort-tp-link-150mbps-wireless-n-pci-express-adapter-tl-wn781nd\/\" class=\"woocommerce-LoopProduct-link woocommerce-loop-product__link\">Tr\u00e5dl\u00f6st n\u00e4tverkskort TP-Link 150Mbps Wireless N PCI Express Adapter TL-WN781ND<\/a><\/p><\/div><div class=\"price-wrapper\">\n\t<span class=\"price\"><span class=\"woocommerce-Price-amount amount\"><bdi>190&nbsp;<span class=\"woocommerce-Price-currencySymbol\">&#107;&#114;<\/span><\/bdi><\/span><\/span>\n<\/div><div class=\"add-to-cart-button\"><a href=\"\/webbutik\/wp-json\/wp\/v2\/pages\/90598?add-to-cart=93219\" aria-describedby=\"woocommerce_loop_add_to_cart_link_describedby_93219\" data-quantity=\"1\" class=\"primary is-small mb-0 button product_type_simple add_to_cart_button ajax_add_to_cart is-outline\" data-product_id=\"93219\" data-product_sku=\"TL-WN781ND\" aria-label=\"L\u00e4gg till i varukorgen: \u201dTr\u00e5dl\u00f6st n\u00e4tverkskort TP-Link 150Mbps Wireless N PCI Express Adapter TL-WN781ND\u201d\" rel=\"nofollow\" data-success_message=\"&quot;Tr\u00e5dl\u00f6st n\u00e4tverkskort TP-Link 150Mbps Wireless N PCI Express Adapter TL-WN781ND&quot; har lagts till i din varukorg\">L\u00e4gg till i varukorg<\/a><\/div>\t<span id=\"woocommerce_loop_add_to_cart_link_describedby_93219\" class=\"screen-reader-text\">\n\t\t\t<\/span>\n\t\t<\/div>\n\t<\/div>\n\t\t<\/div>\n<\/div><\/div>\n","protected":false},"excerpt":{"rendered":"","protected":false},"author":7,"featured_media":0,"parent":90570,"menu_order":0,"comment_status":"closed","ping_status":"closed","template":"","meta":{"footnotes":""},"class_list":["post-90598","page","type-page","status-publish","hentry"],"yoast_head":"<!-- This site is optimized with the Yoast SEO Premium plugin v26.7 (Yoast SEO v26.7) - https:\/\/yoast.com\/wordpress\/plugins\/seo\/ -->\n<title>Interna n\u00e4tverkskort - Datorer, Skrivare, F\u00e4rgpatroner, Mobiltelefoner<\/title>\n<meta name=\"robots\" content=\"index, follow, max-snippet:-1, max-image-preview:large, max-video-preview:-1\" \/>\n<link rel=\"canonical\" href=\"https:\/\/www.heddata.se\/webbutik\/natverk\/natverkskort\/interna-natverkskort\/\" \/>\n<meta property=\"og:locale\" content=\"sv_SE\" \/>\n<meta property=\"og:type\" content=\"article\" \/>\n<meta property=\"og:title\" content=\"Interna n\u00e4tverkskort\" \/>\n<meta property=\"og:url\" content=\"https:\/\/www.heddata.se\/webbutik\/natverk\/natverkskort\/interna-natverkskort\/\" \/>\n<meta property=\"og:site_name\" content=\"Datorer, Skrivare, F\u00e4rgpatroner, Mobiltelefoner\" \/>\n<meta property=\"article:modified_time\" content=\"2020-11-09T08:56:21+00:00\" \/>\n<meta name=\"twitter:card\" content=\"summary_large_image\" \/>\n<script type=\"application\/ld+json\" class=\"yoast-schema-graph\">{\"@context\":\"https:\/\/schema.org\",\"@graph\":[{\"@type\":\"WebPage\",\"@id\":\"https:\/\/www.heddata.se\/webbutik\/natverk\/natverkskort\/interna-natverkskort\/\",\"url\":\"https:\/\/www.heddata.se\/webbutik\/natverk\/natverkskort\/interna-natverkskort\/\",\"name\":\"Interna n\u00e4tverkskort - Datorer, Skrivare, F\u00e4rgpatroner, Mobiltelefoner\",\"isPartOf\":{\"@id\":\"https:\/\/www.heddata.se\/webbutik\/#website\"},\"datePublished\":\"2020-11-04T14:24:21+00:00\",\"dateModified\":\"2020-11-09T08:56:21+00:00\",\"breadcrumb\":{\"@id\":\"https:\/\/www.heddata.se\/webbutik\/natverk\/natverkskort\/interna-natverkskort\/#breadcrumb\"},\"inLanguage\":\"sv-SE\",\"potentialAction\":[{\"@type\":\"ReadAction\",\"target\":[\"https:\/\/www.heddata.se\/webbutik\/natverk\/natverkskort\/interna-natverkskort\/\"]}]},{\"@type\":\"BreadcrumbList\",\"@id\":\"https:\/\/www.heddata.se\/webbutik\/natverk\/natverkskort\/interna-natverkskort\/#breadcrumb\",\"itemListElement\":[{\"@type\":\"ListItem\",\"position\":1,\"name\":\"Hem\",\"item\":\"https:\/\/www.heddata.se\/webbutik\/\"},{\"@type\":\"ListItem\",\"position\":2,\"name\":\"N\u00e4tverk\",\"item\":\"https:\/\/www.heddata.se\/webbutik\/natverk\/\"},{\"@type\":\"ListItem\",\"position\":3,\"name\":\"N\u00e4tverkskort\",\"item\":\"https:\/\/www.heddata.se\/webbutik\/natverk\/natverkskort\/\"},{\"@type\":\"ListItem\",\"position\":4,\"name\":\"Interna n\u00e4tverkskort\"}]},{\"@type\":\"WebSite\",\"@id\":\"https:\/\/www.heddata.se\/webbutik\/#website\",\"url\":\"https:\/\/www.heddata.se\/webbutik\/\",\"name\":\"Datorer, Skrivare, F\u00e4rgpatroner, Mobiltelefoner\",\"description\":\"Kablar\",\"publisher\":{\"@id\":\"https:\/\/www.heddata.se\/webbutik\/#organization\"},\"potentialAction\":[{\"@type\":\"SearchAction\",\"target\":{\"@type\":\"EntryPoint\",\"urlTemplate\":\"https:\/\/www.heddata.se\/webbutik\/?s={search_term_string}\"},\"query-input\":{\"@type\":\"PropertyValueSpecification\",\"valueRequired\":true,\"valueName\":\"search_term_string\"}}],\"inLanguage\":\"sv-SE\"},{\"@type\":\"Organization\",\"@id\":\"https:\/\/www.heddata.se\/webbutik\/#organization\",\"name\":\"Heddata AB\",\"url\":\"https:\/\/www.heddata.se\/webbutik\/\",\"logo\":{\"@type\":\"ImageObject\",\"inLanguage\":\"sv-SE\",\"@id\":\"https:\/\/www.heddata.se\/webbutik\/#\/schema\/logo\/image\/\",\"url\":\"https:\/\/www.heddata.se\/webbutik\/wp-content\/uploads\/logga\/heddata-ab-logga.png\",\"contentUrl\":\"https:\/\/www.heddata.se\/webbutik\/wp-content\/uploads\/logga\/heddata-ab-logga.png\",\"width\":200,\"height\":64,\"caption\":\"Heddata AB\"},\"image\":{\"@id\":\"https:\/\/www.heddata.se\/webbutik\/#\/schema\/logo\/image\/\"}}]}<\/script>\n<!-- \/ Yoast SEO Premium plugin. -->","yoast_head_json":{"title":"Interna n\u00e4tverkskort - Datorer, Skrivare, F\u00e4rgpatroner, Mobiltelefoner","robots":{"index":"index","follow":"follow","max-snippet":"max-snippet:-1","max-image-preview":"max-image-preview:large","max-video-preview":"max-video-preview:-1"},"canonical":"https:\/\/www.heddata.se\/webbutik\/natverk\/natverkskort\/interna-natverkskort\/","og_locale":"sv_SE","og_type":"article","og_title":"Interna n\u00e4tverkskort","og_url":"https:\/\/www.heddata.se\/webbutik\/natverk\/natverkskort\/interna-natverkskort\/","og_site_name":"Datorer, Skrivare, F\u00e4rgpatroner, Mobiltelefoner","article_modified_time":"2020-11-09T08:56:21+00:00","twitter_card":"summary_large_image","schema":{"@context":"https:\/\/schema.org","@graph":[{"@type":"WebPage","@id":"https:\/\/www.heddata.se\/webbutik\/natverk\/natverkskort\/interna-natverkskort\/","url":"https:\/\/www.heddata.se\/webbutik\/natverk\/natverkskort\/interna-natverkskort\/","name":"Interna n\u00e4tverkskort - Datorer, Skrivare, F\u00e4rgpatroner, Mobiltelefoner","isPartOf":{"@id":"https:\/\/www.heddata.se\/webbutik\/#website"},"datePublished":"2020-11-04T14:24:21+00:00","dateModified":"2020-11-09T08:56:21+00:00","breadcrumb":{"@id":"https:\/\/www.heddata.se\/webbutik\/natverk\/natverkskort\/interna-natverkskort\/#breadcrumb"},"inLanguage":"sv-SE","potentialAction":[{"@type":"ReadAction","target":["https:\/\/www.heddata.se\/webbutik\/natverk\/natverkskort\/interna-natverkskort\/"]}]},{"@type":"BreadcrumbList","@id":"https:\/\/www.heddata.se\/webbutik\/natverk\/natverkskort\/interna-natverkskort\/#breadcrumb","itemListElement":[{"@type":"ListItem","position":1,"name":"Hem","item":"https:\/\/www.heddata.se\/webbutik\/"},{"@type":"ListItem","position":2,"name":"N\u00e4tverk","item":"https:\/\/www.heddata.se\/webbutik\/natverk\/"},{"@type":"ListItem","position":3,"name":"N\u00e4tverkskort","item":"https:\/\/www.heddata.se\/webbutik\/natverk\/natverkskort\/"},{"@type":"ListItem","position":4,"name":"Interna n\u00e4tverkskort"}]},{"@type":"WebSite","@id":"https:\/\/www.heddata.se\/webbutik\/#website","url":"https:\/\/www.heddata.se\/webbutik\/","name":"Datorer, Skrivare, F\u00e4rgpatroner, Mobiltelefoner","description":"Kablar","publisher":{"@id":"https:\/\/www.heddata.se\/webbutik\/#organization"},"potentialAction":[{"@type":"SearchAction","target":{"@type":"EntryPoint","urlTemplate":"https:\/\/www.heddata.se\/webbutik\/?s={search_term_string}"},"query-input":{"@type":"PropertyValueSpecification","valueRequired":true,"valueName":"search_term_string"}}],"inLanguage":"sv-SE"},{"@type":"Organization","@id":"https:\/\/www.heddata.se\/webbutik\/#organization","name":"Heddata AB","url":"https:\/\/www.heddata.se\/webbutik\/","logo":{"@type":"ImageObject","inLanguage":"sv-SE","@id":"https:\/\/www.heddata.se\/webbutik\/#\/schema\/logo\/image\/","url":"https:\/\/www.heddata.se\/webbutik\/wp-content\/uploads\/logga\/heddata-ab-logga.png","contentUrl":"https:\/\/www.heddata.se\/webbutik\/wp-content\/uploads\/logga\/heddata-ab-logga.png","width":200,"height":64,"caption":"Heddata AB"},"image":{"@id":"https:\/\/www.heddata.se\/webbutik\/#\/schema\/logo\/image\/"}}]}},"_links":{"self":[{"href":"https:\/\/www.heddata.se\/webbutik\/wp-json\/wp\/v2\/pages\/90598","targetHints":{"allow":["GET"]}}],"collection":[{"href":"https:\/\/www.heddata.se\/webbutik\/wp-json\/wp\/v2\/pages"}],"about":[{"href":"https:\/\/www.heddata.se\/webbutik\/wp-json\/wp\/v2\/types\/page"}],"author":[{"embeddable":true,"href":"https:\/\/www.heddata.se\/webbutik\/wp-json\/wp\/v2\/users\/7"}],"replies":[{"embeddable":true,"href":"https:\/\/www.heddata.se\/webbutik\/wp-json\/wp\/v2\/comments?post=90598"}],"version-history":[{"count":3,"href":"https:\/\/www.heddata.se\/webbutik\/wp-json\/wp\/v2\/pages\/90598\/revisions"}],"predecessor-version":[{"id":90632,"href":"https:\/\/www.heddata.se\/webbutik\/wp-json\/wp\/v2\/pages\/90598\/revisions\/90632"}],"up":[{"embeddable":true,"href":"https:\/\/www.heddata.se\/webbutik\/wp-json\/wp\/v2\/pages\/90570"}],"wp:attachment":[{"href":"https:\/\/www.heddata.se\/webbutik\/wp-json\/wp\/v2\/media?parent=90598"}],"curies":[{"name":"wp","href":"https:\/\/api.w.org\/{rel}","templated":true}]}}