{"id":59650,"date":"2020-02-25T14:29:19","date_gmt":"2020-02-25T13:29:19","guid":{"rendered":"https:\/\/www.heddata.se\/webbutik\/?page_id=59650"},"modified":"2024-10-25T09:39:16","modified_gmt":"2024-10-25T07:39:16","slug":"plantronics","status":"publish","type":"page","link":"https:\/\/www.heddata.se\/webbutik\/horlurar-headset\/plantronics\/","title":{"rendered":"Plantronics"},"content":{"rendered":"\n  <div class=\"banner has-hover\" id=\"banner-917140661\">\n          <div class=\"banner-inner fill\">\n        <div class=\"banner-bg fill\" >\n            <img loading=\"lazy\" decoding=\"async\" width=\"1920\" height=\"640\" src=\"https:\/\/www.heddata.se\/webbutik\/wp-content\/uploads\/banners\/plantronics-voayer-banner.jpg\" class=\"bg attachment-original size-original\" alt=\"\" \/>                                    \n                    <\/div>\n\t\t\n        <div class=\"banner-layers container\">\n            <div class=\"fill banner-link\"><\/div>            \n   <div id=\"text-box-1569143445\" class=\"text-box banner-layer x0 md-x0 lg-x0 y50 md-y50 lg-y50 res-text\">\n                                <div class=\"text-box-content text dark\">\n              \n              <div class=\"text-inner text-center\">\n                  \n<h3 class=\"uppercase\"><span style=\"color: #333333\"><strong>Plantronics Headsets<\/strong><\/span><\/h3>\n<p><span style=\"color: #808080;font-size: 110%\">Plantronics- Det globala kommunikationsf\u00f6retaget som ger kraft till autentiska kontakter och samarbete hos m\u00e4nniskor<\/span><\/p>\n              <\/div>\n           <\/div>\n                            \n<style>\n#text-box-1569143445 {\n  width: 60%;\n}\n#text-box-1569143445 .text-box-content {\n  font-size: 100%;\n}\n<\/style>\n    <\/div>\n \n        <\/div>\n      <\/div>\n\n            \n<style>\n#banner-917140661 {\n  padding-top: 288px;\n  background-color: rgb(255,255,255);\n}\n#banner-917140661 .banner-bg img {\n  object-position: 100% 67%;\n}\n<\/style>\n  <\/div>\n\n\n\n\t<section class=\"section\" id=\"section_665254014\">\n\t\t<div class=\"section-bg fill\" >\n\t\t\t\t\t\t\t\t\t\n\t\t\t\n\n\t\t<\/div>\n\n\t\t\n\n\t\t<div class=\"section-content relative\">\n\t\t\t\n<div class=\"row\"  id=\"row-328228973\">\n\n\t<div id=\"col-1644314518\" class=\"col medium-4 small-12 large-4\"  >\n\t\t\t\t<div class=\"col-inner\"  >\n\t\t\t\n\t\t\t\n\t<div class=\"img has-hover x md-x lg-x y md-y lg-y\" id=\"image_1870999004\">\n\t\t\t\t\t\t\t\t<div class=\"img-inner image-zoom dark\" >\n\t\t\t<img loading=\"lazy\" decoding=\"async\" width=\"1020\" height=\"1020\" src=\"https:\/\/www.heddata.se\/webbutik\/wp-content\/uploads\/webbutik\/kategorier\/horlurar\/polyvoy1.png\" class=\"attachment-large size-large\" alt=\"Plantronics Voyager Legend\" srcset=\"https:\/\/www.heddata.se\/webbutik\/wp-content\/uploads\/webbutik\/kategorier\/horlurar\/polyvoy1.png 1024w, https:\/\/www.heddata.se\/webbutik\/wp-content\/uploads\/webbutik\/kategorier\/horlurar\/polyvoy1-300x300.png 300w, https:\/\/www.heddata.se\/webbutik\/wp-content\/uploads\/webbutik\/kategorier\/horlurar\/polyvoy1-250x250.png 250w, https:\/\/www.heddata.se\/webbutik\/wp-content\/uploads\/webbutik\/kategorier\/horlurar\/polyvoy1-768x768.png 768w, https:\/\/www.heddata.se\/webbutik\/wp-content\/uploads\/webbutik\/kategorier\/horlurar\/polyvoy1-510x510.png 510w, https:\/\/www.heddata.se\/webbutik\/wp-content\/uploads\/webbutik\/kategorier\/horlurar\/polyvoy1-100x100.png 100w\" sizes=\"auto, (max-width: 1020px) 100vw, 1020px\" \/>\t\t\t\t\t\t\n\t\t\t\t\t<\/div>\n\t\t\t\t\t\t\t\t\n<style>\n#image_1870999004 {\n  width: 100%;\n}\n<\/style>\n\t<\/div>\n\t\n\t\t<\/div>\n\t\t\t\t\t<\/div>\n\n\t\n\n\t<div id=\"col-2125899987\" class=\"col medium-8 small-12 large-8\"  data-animate=\"flipInX\">\n\t\t\t\t<div class=\"col-inner\"  >\n\t\t\t\n\t\t\t\n<p style=\"text-align: center\"><span style=\"font-size: 23.04px;color: #333333\">H\u00f6r skillnaden<\/span><\/p>\n<div class=\"content-body__text\">\n<p>Poly-headsets har en elegant design som l\u00e5ter dig b\u00e5de h\u00f6ra och bli h\u00f6rd med otrolig tydlighet, samtidigt som alla distraktioner f\u00f6rsvinner. Levererar otroligt bra ljud f\u00f6r de viktigaste konversationerna.<\/p>\n<p><strong>Headsets<\/strong>: Poly erbjuder en m\u00e4ngd tr\u00e5dbundna och tr\u00e5dl\u00f6sa headsets av h\u00f6g kvalitet som passar f\u00f6r anv\u00e4ndning p\u00e5 kontoret, p\u00e5 distans eller mobilt. Dessa inkluderar Bluetooth-headset och USB-headset, k\u00e4nda f\u00f6r sin ljudklarhet, komfort och s\u00f6ml\u00f6sa anslutning.<\/p>\n<p><strong>H\u00f6gtalare<\/strong>: Poly erbjuder premiumh\u00f6gtalare som \u00e4r utformade f\u00f6r att ge \u00f6verl\u00e4gset ljud under m\u00f6ten, med funktioner som brusreducering och ekoreducering.<\/p>\n<p><strong>L\u00f6sningar f\u00f6r videokonferenser:<\/strong> Poly erbjuder en rad olika l\u00f6sningar f\u00f6r videokonferenser, inklusive konferenskameror och videobars, utformade f\u00f6r tydlig kommunikation och samarbete i h\u00f6g uppl\u00f6sning.<\/p>\n<p><strong>Webbkameror<\/strong>: Polys webbkameror erbjuder utm\u00e4rkt videokvalitet, idealisk f\u00f6r b\u00e4rbara datorer eller bildsk\u00e4rmar, och f\u00f6rvandlar din dator till en professionell videokonferensanl\u00e4ggning.<\/p>\n<p><strong>Programvara och tj\u00e4nster<\/strong>: Poly erbjuder \u00e4ven programvarul\u00f6sningar och tj\u00e4nster f\u00f6r enhetshantering, analys och mer f\u00f6r att f\u00f6rb\u00e4ttra den \u00f6vergripande kommunikationsupplevelsen.<\/p>\n<\/div>\n\t\t<\/div>\n\t\t\t\t\t<\/div>\n\n\t\n<\/div>\n\t\t<\/div>\n\n\t\t\n<style>\n#section_665254014 {\n  padding-top: 60px;\n  padding-bottom: 60px;\n  min-height: 300px;\n  background-color: rgb(245, 245, 245);\n}\n<\/style>\n\t<\/section>\n\t\n\n\t<section class=\"section dark has-mask mask-arrow\" id=\"section_487450103\">\n\t\t<div class=\"section-bg fill\" >\n\t\t\t\t\t\t\t\t\t<div class=\"section-bg-overlay absolute fill\"><\/div>\n\t\t\t\n\t<div class=\"is-border\"\n\t\tstyle=\"border-color:rgb(235, 235, 235);border-width:1px 0px 0px 0px;\">\n\t<\/div>\n\n\t\t<\/div>\n\n\t\t\n\n\t\t<div class=\"section-content relative\">\n\t\t\t\n<div class=\"row\"  id=\"row-436091138\">\n\n\t<div id=\"col-1204746415\" class=\"col medium-8 small-12 large-8\"  data-animate=\"flipInX\">\n\t\t\t\t<div class=\"col-inner\"  >\n\t\t\t\n\t\t\t\n<h3>Poly \u2013 Plantronics Voyager 5200 Tr\u00e5dl\u00f6st Headset Svart<\/h3>\n<div class=\"description\">Plantronics BT HF Voyager 5200 \u00e4r ett Bluetooth-headset med\u00a0<a href=\"https:\/\/www.hp.com\/gb-en\/poly.html\" target=\"_blank\" rel=\"noopener\">Plantronics<\/a>\u00a0unika WindSmart\u00ae teknik och banbrytande brusreducerande teknologi.<\/div>\n<div>\u00a0<\/div>\n<div class=\"description\">Fyra brusreducerande mikrofoner och DSP som tar bort st\u00f6rande bakgrundsljud. Sex lager av unik Windsmart-teknik s\u00e4kerst\u00e4ller s\u00e5 din r\u00f6st h\u00f6rs tydligt trots att du st\u00e5r utomhus och pratar.<\/div>\n<div>\u00a0<\/div>\n<div class=\"description\">HD Voice-klarhet p\u00e5 bredbandsenheter och n\u00e4tverk. Noggrant testade f\u00f6r komfort hela dagen. Dedikerad r\u00f6ststyrningsknapp. Smart sensorteknik. Ljudvarningar, nummerpresentation och r\u00f6stsvar.<\/div>\n<div>\u00a0<\/div>\n<div class=\"description\">Sweatproof-nano-bel\u00e4ggning (P2i). Multipoint technology m\u00f6jligg\u00f6r att ansluta till tv\u00e5 mobiltelefoner och ta emot samtal fr\u00e5n vardera.<\/div>\n<a href=\"https:\/\/www.heddata.se\/webbutik\/produkt\/poly-voyager-legend-tradlost-headset-svart-7w6b8aaabb\/\" class=\"button white is-outline\" >\n\t\t<span>K\u00f6p h\u00e4r<\/span>\n\t<\/a>\n\n\t\t<\/div>\n\t\t\t\t\t<\/div>\n\n\t\n\n\t<div id=\"col-438484770\" class=\"col medium-4 small-12 large-4\"  >\n\t\t\t\t<div class=\"col-inner\"  >\n\t\t\t\n\t\t\t\n\t<div class=\"img has-hover x md-x lg-x y md-y lg-y\" id=\"image_663512374\">\n\t\t\t\t\t\t\t\t<div class=\"img-inner image-zoom dark\" style=\"margin:25px 0px 0px 0px;\">\n\t\t\t<img loading=\"lazy\" decoding=\"async\" width=\"1000\" height=\"707\" src=\"https:\/\/www.heddata.se\/webbutik\/wp-content\/uploads\/webbutik\/kategorier\/horlurar\/voyager-5200-headset-bild.png\" class=\"attachment-large size-large\" alt=\"\" srcset=\"https:\/\/www.heddata.se\/webbutik\/wp-content\/uploads\/webbutik\/kategorier\/horlurar\/voyager-5200-headset-bild.png 1000w, https:\/\/www.heddata.se\/webbutik\/wp-content\/uploads\/webbutik\/kategorier\/horlurar\/voyager-5200-headset-bild-300x212.png 300w, https:\/\/www.heddata.se\/webbutik\/wp-content\/uploads\/webbutik\/kategorier\/horlurar\/voyager-5200-headset-bild-768x543.png 768w, https:\/\/www.heddata.se\/webbutik\/wp-content\/uploads\/webbutik\/kategorier\/horlurar\/voyager-5200-headset-bild-510x361.png 510w\" sizes=\"auto, (max-width: 1000px) 100vw, 1000px\" \/>\t\t\t\t\t\t\n\t\t\t\t\t<\/div>\n\t\t\t\t\t\t\t\t\n<style>\n#image_663512374 {\n  width: 100%;\n}\n<\/style>\n\t<\/div>\n\t\n\t\t<\/div>\n\t\t\t\t\t<\/div>\n\n\t\n<\/div>\n\t\t<\/div>\n\n\t\t\n<style>\n#section_487450103 {\n  padding-top: 59px;\n  padding-bottom: 59px;\n  min-height: 300px;\n  background-color: rgb(77, 77, 77);\n}\n#section_487450103 .section-bg-overlay {\n  background-color: rgba(0, 0, 0, 0.4);\n}\n<\/style>\n\t<\/section>\n\t\n","protected":false},"excerpt":{"rendered":"","protected":false},"author":6,"featured_media":0,"parent":2169,"menu_order":0,"comment_status":"closed","ping_status":"closed","template":"","meta":{"footnotes":""},"class_list":["post-59650","page","type-page","status-publish","hentry"],"yoast_head":"<!-- This site is optimized with the Yoast SEO Premium plugin v26.7 (Yoast SEO v26.7) - https:\/\/yoast.com\/wordpress\/plugins\/seo\/ -->\n<title>Plantronics - Datorer, Skrivare, F\u00e4rgpatroner, Mobiltelefoner<\/title>\n<meta name=\"robots\" content=\"index, follow, max-snippet:-1, max-image-preview:large, max-video-preview:-1\" \/>\n<link rel=\"canonical\" href=\"https:\/\/www.heddata.se\/webbutik\/horlurar-headset\/plantronics\/\" \/>\n<meta property=\"og:locale\" content=\"sv_SE\" \/>\n<meta property=\"og:type\" content=\"article\" \/>\n<meta property=\"og:title\" content=\"Plantronics\" \/>\n<meta property=\"og:url\" content=\"https:\/\/www.heddata.se\/webbutik\/horlurar-headset\/plantronics\/\" \/>\n<meta property=\"og:site_name\" content=\"Datorer, Skrivare, F\u00e4rgpatroner, Mobiltelefoner\" \/>\n<meta property=\"article:modified_time\" content=\"2024-10-25T07:39:16+00:00\" \/>\n<meta name=\"twitter:card\" content=\"summary_large_image\" \/>\n<meta name=\"twitter:label1\" content=\"Ber\u00e4knad l\u00e4stid\" \/>\n\t<meta name=\"twitter:data1\" content=\"2 minuter\" \/>\n<script type=\"application\/ld+json\" class=\"yoast-schema-graph\">{\"@context\":\"https:\/\/schema.org\",\"@graph\":[{\"@type\":\"WebPage\",\"@id\":\"https:\/\/www.heddata.se\/webbutik\/horlurar-headset\/plantronics\/\",\"url\":\"https:\/\/www.heddata.se\/webbutik\/horlurar-headset\/plantronics\/\",\"name\":\"Plantronics - Datorer, Skrivare, F\u00e4rgpatroner, Mobiltelefoner\",\"isPartOf\":{\"@id\":\"https:\/\/www.heddata.se\/webbutik\/#website\"},\"datePublished\":\"2020-02-25T13:29:19+00:00\",\"dateModified\":\"2024-10-25T07:39:16+00:00\",\"breadcrumb\":{\"@id\":\"https:\/\/www.heddata.se\/webbutik\/horlurar-headset\/plantronics\/#breadcrumb\"},\"inLanguage\":\"sv-SE\",\"potentialAction\":[{\"@type\":\"ReadAction\",\"target\":[\"https:\/\/www.heddata.se\/webbutik\/horlurar-headset\/plantronics\/\"]}]},{\"@type\":\"BreadcrumbList\",\"@id\":\"https:\/\/www.heddata.se\/webbutik\/horlurar-headset\/plantronics\/#breadcrumb\",\"itemListElement\":[{\"@type\":\"ListItem\",\"position\":1,\"name\":\"Hem\",\"item\":\"https:\/\/www.heddata.se\/webbutik\/\"},{\"@type\":\"ListItem\",\"position\":2,\"name\":\"H\u00f6rlurar &amp; headset\",\"item\":\"https:\/\/www.heddata.se\/webbutik\/horlurar-headset\/\"},{\"@type\":\"ListItem\",\"position\":3,\"name\":\"Plantronics\"}]},{\"@type\":\"WebSite\",\"@id\":\"https:\/\/www.heddata.se\/webbutik\/#website\",\"url\":\"https:\/\/www.heddata.se\/webbutik\/\",\"name\":\"Datorer, Skrivare, F\u00e4rgpatroner, Mobiltelefoner\",\"description\":\"Kablar\",\"publisher\":{\"@id\":\"https:\/\/www.heddata.se\/webbutik\/#organization\"},\"potentialAction\":[{\"@type\":\"SearchAction\",\"target\":{\"@type\":\"EntryPoint\",\"urlTemplate\":\"https:\/\/www.heddata.se\/webbutik\/?s={search_term_string}\"},\"query-input\":{\"@type\":\"PropertyValueSpecification\",\"valueRequired\":true,\"valueName\":\"search_term_string\"}}],\"inLanguage\":\"sv-SE\"},{\"@type\":\"Organization\",\"@id\":\"https:\/\/www.heddata.se\/webbutik\/#organization\",\"name\":\"Heddata AB\",\"url\":\"https:\/\/www.heddata.se\/webbutik\/\",\"logo\":{\"@type\":\"ImageObject\",\"inLanguage\":\"sv-SE\",\"@id\":\"https:\/\/www.heddata.se\/webbutik\/#\/schema\/logo\/image\/\",\"url\":\"https:\/\/www.heddata.se\/webbutik\/wp-content\/uploads\/logga\/heddata-ab-logga.png\",\"contentUrl\":\"https:\/\/www.heddata.se\/webbutik\/wp-content\/uploads\/logga\/heddata-ab-logga.png\",\"width\":200,\"height\":64,\"caption\":\"Heddata AB\"},\"image\":{\"@id\":\"https:\/\/www.heddata.se\/webbutik\/#\/schema\/logo\/image\/\"}}]}<\/script>\n<!-- \/ Yoast SEO Premium plugin. -->","yoast_head_json":{"title":"Plantronics - Datorer, Skrivare, F\u00e4rgpatroner, Mobiltelefoner","robots":{"index":"index","follow":"follow","max-snippet":"max-snippet:-1","max-image-preview":"max-image-preview:large","max-video-preview":"max-video-preview:-1"},"canonical":"https:\/\/www.heddata.se\/webbutik\/horlurar-headset\/plantronics\/","og_locale":"sv_SE","og_type":"article","og_title":"Plantronics","og_url":"https:\/\/www.heddata.se\/webbutik\/horlurar-headset\/plantronics\/","og_site_name":"Datorer, Skrivare, F\u00e4rgpatroner, Mobiltelefoner","article_modified_time":"2024-10-25T07:39:16+00:00","twitter_card":"summary_large_image","twitter_misc":{"Ber\u00e4knad l\u00e4stid":"2 minuter"},"schema":{"@context":"https:\/\/schema.org","@graph":[{"@type":"WebPage","@id":"https:\/\/www.heddata.se\/webbutik\/horlurar-headset\/plantronics\/","url":"https:\/\/www.heddata.se\/webbutik\/horlurar-headset\/plantronics\/","name":"Plantronics - Datorer, Skrivare, F\u00e4rgpatroner, Mobiltelefoner","isPartOf":{"@id":"https:\/\/www.heddata.se\/webbutik\/#website"},"datePublished":"2020-02-25T13:29:19+00:00","dateModified":"2024-10-25T07:39:16+00:00","breadcrumb":{"@id":"https:\/\/www.heddata.se\/webbutik\/horlurar-headset\/plantronics\/#breadcrumb"},"inLanguage":"sv-SE","potentialAction":[{"@type":"ReadAction","target":["https:\/\/www.heddata.se\/webbutik\/horlurar-headset\/plantronics\/"]}]},{"@type":"BreadcrumbList","@id":"https:\/\/www.heddata.se\/webbutik\/horlurar-headset\/plantronics\/#breadcrumb","itemListElement":[{"@type":"ListItem","position":1,"name":"Hem","item":"https:\/\/www.heddata.se\/webbutik\/"},{"@type":"ListItem","position":2,"name":"H\u00f6rlurar &amp; headset","item":"https:\/\/www.heddata.se\/webbutik\/horlurar-headset\/"},{"@type":"ListItem","position":3,"name":"Plantronics"}]},{"@type":"WebSite","@id":"https:\/\/www.heddata.se\/webbutik\/#website","url":"https:\/\/www.heddata.se\/webbutik\/","name":"Datorer, Skrivare, F\u00e4rgpatroner, Mobiltelefoner","description":"Kablar","publisher":{"@id":"https:\/\/www.heddata.se\/webbutik\/#organization"},"potentialAction":[{"@type":"SearchAction","target":{"@type":"EntryPoint","urlTemplate":"https:\/\/www.heddata.se\/webbutik\/?s={search_term_string}"},"query-input":{"@type":"PropertyValueSpecification","valueRequired":true,"valueName":"search_term_string"}}],"inLanguage":"sv-SE"},{"@type":"Organization","@id":"https:\/\/www.heddata.se\/webbutik\/#organization","name":"Heddata AB","url":"https:\/\/www.heddata.se\/webbutik\/","logo":{"@type":"ImageObject","inLanguage":"sv-SE","@id":"https:\/\/www.heddata.se\/webbutik\/#\/schema\/logo\/image\/","url":"https:\/\/www.heddata.se\/webbutik\/wp-content\/uploads\/logga\/heddata-ab-logga.png","contentUrl":"https:\/\/www.heddata.se\/webbutik\/wp-content\/uploads\/logga\/heddata-ab-logga.png","width":200,"height":64,"caption":"Heddata AB"},"image":{"@id":"https:\/\/www.heddata.se\/webbutik\/#\/schema\/logo\/image\/"}}]}},"_links":{"self":[{"href":"https:\/\/www.heddata.se\/webbutik\/wp-json\/wp\/v2\/pages\/59650","targetHints":{"allow":["GET"]}}],"collection":[{"href":"https:\/\/www.heddata.se\/webbutik\/wp-json\/wp\/v2\/pages"}],"about":[{"href":"https:\/\/www.heddata.se\/webbutik\/wp-json\/wp\/v2\/types\/page"}],"author":[{"embeddable":true,"href":"https:\/\/www.heddata.se\/webbutik\/wp-json\/wp\/v2\/users\/6"}],"replies":[{"embeddable":true,"href":"https:\/\/www.heddata.se\/webbutik\/wp-json\/wp\/v2\/comments?post=59650"}],"version-history":[{"count":13,"href":"https:\/\/www.heddata.se\/webbutik\/wp-json\/wp\/v2\/pages\/59650\/revisions"}],"predecessor-version":[{"id":95793,"href":"https:\/\/www.heddata.se\/webbutik\/wp-json\/wp\/v2\/pages\/59650\/revisions\/95793"}],"up":[{"embeddable":true,"href":"https:\/\/www.heddata.se\/webbutik\/wp-json\/wp\/v2\/pages\/2169"}],"wp:attachment":[{"href":"https:\/\/www.heddata.se\/webbutik\/wp-json\/wp\/v2\/media?parent=59650"}],"curies":[{"name":"wp","href":"https:\/\/api.w.org\/{rel}","templated":true}]}}