{"id":53828,"date":"2020-02-18T14:42:41","date_gmt":"2020-02-18T13:42:41","guid":{"rendered":"https:\/\/www.heddata.se\/webbutik\/?page_id=53828"},"modified":"2020-02-19T13:13:50","modified_gmt":"2020-02-19T12:13:50","slug":"ubiquiti-amplifi","status":"publish","type":"page","link":"https:\/\/www.heddata.se\/webbutik\/ubiquiti\/ubiquiti-amplifi\/","title":{"rendered":"Ubiquiti Amplifi"},"content":{"rendered":"<div class=\"row\"  id=\"row-1393582114\">\n\n\t<div id=\"col-1715684722\" class=\"col medium-6 small-12 large-6\"  >\n\t\t\t\t<div class=\"col-inner\"  >\n\t\t\t\n\t\t\t\n\t<div class=\"img has-hover x md-x lg-x y md-y lg-y\" id=\"image_1132067000\">\n\t\t\t\t\t\t<div data-animate=\"bounceInLeft\">\t\t<div class=\"img-inner dark\" >\n\t\t\t<img loading=\"lazy\" decoding=\"async\" width=\"893\" height=\"1024\" src=\"https:\/\/www.heddata.se\/webbutik\/wp-content\/uploads\/webbutik\/kategorier\/Natvark\/amplifi-router-893x1024.png\" class=\"attachment-large size-large\" alt=\"\" srcset=\"https:\/\/www.heddata.se\/webbutik\/wp-content\/uploads\/webbutik\/kategorier\/Natvark\/amplifi-router-893x1024.png 893w, https:\/\/www.heddata.se\/webbutik\/wp-content\/uploads\/webbutik\/kategorier\/Natvark\/amplifi-router-510x585.png 510w, https:\/\/www.heddata.se\/webbutik\/wp-content\/uploads\/webbutik\/kategorier\/Natvark\/amplifi-router-262x300.png 262w, https:\/\/www.heddata.se\/webbutik\/wp-content\/uploads\/webbutik\/kategorier\/Natvark\/amplifi-router-768x881.png 768w, https:\/\/www.heddata.se\/webbutik\/wp-content\/uploads\/webbutik\/kategorier\/Natvark\/amplifi-router.png 1024w\" sizes=\"auto, (max-width: 893px) 100vw, 893px\" \/>\t\t\t\t\t\t\n\t\t\t\t\t<\/div>\n\t\t<\/div>\t\t\t\t\t\t\n<style>\n#image_1132067000 {\n  width: 100%;\n}\n<\/style>\n\t<\/div>\n\t\n\t\t<\/div>\n\t\t\t\t\t<\/div>\n\n\t\n\n\t<div id=\"col-1309188006\" class=\"col medium-6 small-12 large-6\"  >\n\t\t\t\t<div class=\"col-inner\"  >\n\t\t\t\n\t\t\t\n<h2 class=\"uppercase\">Ubiquiti Amplifi<\/h2>\n<h3 class=\"thin-font\">Amplifi HD Home Wi-Fi Router<\/h3>\n<p>Ubiquiti AmpliFi router \u00e4r en liten vit kub som \u00e4r designad f\u00f6r att komplettera ditt hem. Du beh\u00f6ver inte l\u00e4ngre d\u00f6lja din router. Ut\u00f6ver den stilrena designen hade denna router dessutom en display med peksk\u00e4rm och kan visa aktuell n\u00e4tverksstatus.<\/p>\n<p>F\u00f6rutom en riktigt snygg design ger denna <a href=\"https:\/\/amplifi.com\/\" target=\"_blank\" rel=\"noopener noreferrer\">AmpliFi<\/a> router dig en snabb, tr\u00e5dl\u00f6s t\u00e4ckning. Du kan anv\u00e4nda den som en frist\u00e5ende router eller ut\u00f6ka systemed med mesh-punkter i ett AmpliFi HD system. Denna router ger dig \u00f6verf\u00f6ringshastigheter p\u00e5 upp till 1750Mbit\/s (450+1300Mbps) via dual-bandteknik. P\u00e5 baksidan av enheten finner du 4 gigabit ethernet-portar och en USB-kontakt.<\/p>\n<p>Installation och \u00e4ndringar g\u00f6rs enkelt direkt i din <a href=\"https:\/\/www.heddata.se\/webbutik\/telefon-surfplattor\/mobiltelefoner\/\">smartphone<\/a> via en v\u00e4ldigt anv\u00e4ndarv\u00e4nlig app. Denna app finns f\u00f6r b\u00e5de iOS och Android. Med hj\u00e4lp av Bluetooth hittar appen din nya router och kopplar upp s\u00e5 att du inte beh\u00f6ver leta efter SSID och logga in.<br \/>\nAppen hj\u00e4lper dig att h\u00e5lla koll p\u00e5 ditt n\u00e4tverk, l\u00e4gga till extender-antenner, s\u00e4tta upp f\u00f6r\u00e4ldrarkontroll och g\u00e4stn\u00e4tverk med mera.<\/p>\n<a href=\"https:\/\/www.heddata.se\/webbutik\/produkt\/ubiquiti-amplifi-router-hd-home-wi-fi-no-mest-points-inc\/\" class=\"button secondary is-shade\" >\n\t\t<span>K\u00f6p den h\u00e4r!<\/span>\n\t<i class=\"icon-shopping-cart\" aria-hidden=\"true\"><\/i><\/a>\n\n\t\t<\/div>\n\t\t\t\t\t<\/div>\n\n\t\n\n<style>\n#row-1393582114 > .col > .col-inner {\n  padding: 50px 0px 0px 0px;\n}\n<\/style>\n<\/div>\n<div class=\"row\"  id=\"row-1009787443\">\n\n\t<div id=\"col-120167207\" class=\"col medium-3 small-12 large-3\"  >\n\t\t\t\t<div class=\"col-inner\"  >\n\t\t\t\n\t\t\t\n\n\t\t<div class=\"icon-box featured-box icon-box-center text-center\"  >\n\t\t\t\t\t<div class=\"icon-box-img\" style=\"width: 60px\">\n\t\t\t\t<div class=\"icon\">\n\t\t\t\t\t<div class=\"icon-inner\" >\n\t\t\t\t\t\t<img loading=\"lazy\" decoding=\"async\" width=\"80\" height=\"80\" src=\"https:\/\/www.heddata.se\/webbutik\/wp-content\/uploads\/logga\/icon-amplifi.png\" class=\"attachment-medium size-medium\" alt=\"\" \/>\t\t\t\t\t<\/div>\n\t\t\t\t<\/div>\n\t\t\t<\/div>\n\t\t\t\t<div class=\"icon-box-text last-reset\">\n\t\t\t\t\t\t\t\t\t\n<h3 style=\"text-align: center;\">Betydande signal<\/h3>\n<p style=\"text-align: center;\">Senaste 802.11AC Wi-Fi-teknik,<br \/>\nintegrerad.<\/p>\n\t\t<\/div>\n\t<\/div>\n\t\n\t\n\t<div id=\"gap-618833687\" class=\"gap-element clearfix\" style=\"display:block; height:auto;\">\n\t\t\n<style>\n#gap-618833687 {\n  padding-top: 30px;\n}\n<\/style>\n\t<\/div>\n\t\n\n\t\t<div class=\"icon-box featured-box icon-box-center text-center\"  >\n\t\t\t\t\t<div class=\"icon-box-img\" style=\"width: 60px\">\n\t\t\t\t<div class=\"icon\">\n\t\t\t\t\t<div class=\"icon-inner\" >\n\t\t\t\t\t\t<img loading=\"lazy\" decoding=\"async\" width=\"80\" height=\"80\" src=\"https:\/\/www.heddata.se\/webbutik\/wp-content\/uploads\/logga\/icon-amplifi.png\" class=\"attachment-medium size-medium\" alt=\"\" \/>\t\t\t\t\t<\/div>\n\t\t\t\t<\/div>\n\t\t\t<\/div>\n\t\t\t\t<div class=\"icon-box-text last-reset\">\n\t\t\t\t\t\t\t\t\t\n<h3 style=\"text-align: center;\">Gratis VPN-programvara<\/h3>\n<p style=\"text-align: center;\">Ta ditt Ubiquiti AmpliFi -hemn\u00e4tverk vart du \u00e4n g\u00e5r med den gratis Teleport-appen.<\/p>\n\t\t<\/div>\n\t<\/div>\n\t\n\t\n\t\t<\/div>\n\t\t\t\t\t<\/div>\n\n\t\n\n\t<div id=\"col-526287396\" class=\"col medium-3 small-12 large-3\"  >\n\t\t\t\t<div class=\"col-inner\"  >\n\t\t\t\n\t\t\t\n\n\t\t<div class=\"icon-box featured-box icon-box-center text-center\"  >\n\t\t\t\t\t<div class=\"icon-box-img\" style=\"width: 60px\">\n\t\t\t\t<div class=\"icon\">\n\t\t\t\t\t<div class=\"icon-inner\" >\n\t\t\t\t\t\t<img loading=\"lazy\" decoding=\"async\" width=\"80\" height=\"80\" src=\"https:\/\/www.heddata.se\/webbutik\/wp-content\/uploads\/logga\/icon-amplifi.png\" class=\"attachment-medium size-medium\" alt=\"\" \/>\t\t\t\t\t<\/div>\n\t\t\t\t<\/div>\n\t\t\t<\/div>\n\t\t\t\t<div class=\"icon-box-text last-reset\">\n\t\t\t\t\t\t\t\t\t\n<h3 style=\"text-align: center;\">Kraftfulla antenner<\/h3>\n<p style=\"text-align: center;\">Super Antenna Technology driver \u00f6verl\u00e4gsen r\u00e4ckvidd och hastighet.<\/p>\n\t<div id=\"gap-1292137372\" class=\"gap-element clearfix\" style=\"display:block; height:auto;\">\n\t\t\n<style>\n#gap-1292137372 {\n  padding-top: 30px;\n}\n<\/style>\n\t<\/div>\n\t\n\t\t<\/div>\n\t<\/div>\n\t\n\t\n\n\t\t<div class=\"icon-box featured-box icon-box-center text-center\"  >\n\t\t\t\t\t<div class=\"icon-box-img\" style=\"width: 60px\">\n\t\t\t\t<div class=\"icon\">\n\t\t\t\t\t<div class=\"icon-inner\" >\n\t\t\t\t\t\t<img loading=\"lazy\" decoding=\"async\" width=\"80\" height=\"80\" src=\"https:\/\/www.heddata.se\/webbutik\/wp-content\/uploads\/logga\/icon-amplifi.png\" class=\"attachment-medium size-medium\" alt=\"\" \/>\t\t\t\t\t<\/div>\n\t\t\t\t<\/div>\n\t\t\t<\/div>\n\t\t\t\t<div class=\"icon-box-text last-reset\">\n\t\t\t\t\t\t\t\t\t\n<h3 style=\"text-align: center;\">Smart LCD-sk\u00e4rm<\/h3>\n<p style=\"text-align: center;\">Slank, sofistikerad industriell design har en smart LCD-peksk\u00e4rm p\u00e5 basen.<\/p>\n\t\t<\/div>\n\t<\/div>\n\t\n\t\n\t\t<\/div>\n\t\t\t\t\t<\/div>\n\n\t\n\n\t<div id=\"col-1702734965\" class=\"col medium-6 small-12 large-6\"  >\n\t\t\t\t<div class=\"col-inner\"  >\n\t\t\t\n\t\t\t\n\t<div class=\"img has-hover x md-x lg-x y md-y lg-y\" id=\"image_376751515\">\n\t\t\t\t\t\t<div data-animate=\"bounceInRight\">\t\t<div class=\"img-inner dark\" >\n\t\t\t<img loading=\"lazy\" decoding=\"async\" width=\"800\" height=\"800\" src=\"https:\/\/www.heddata.se\/webbutik\/wp-content\/uploads\/webbutik\/kategorier\/Natvark\/amplifi_back-2.jpg\" class=\"attachment-large size-large\" alt=\"\" srcset=\"https:\/\/www.heddata.se\/webbutik\/wp-content\/uploads\/webbutik\/kategorier\/Natvark\/amplifi_back-2.jpg 800w, https:\/\/www.heddata.se\/webbutik\/wp-content\/uploads\/webbutik\/kategorier\/Natvark\/amplifi_back-2-250x250.jpg 250w, https:\/\/www.heddata.se\/webbutik\/wp-content\/uploads\/webbutik\/kategorier\/Natvark\/amplifi_back-2-100x100.jpg 100w, https:\/\/www.heddata.se\/webbutik\/wp-content\/uploads\/webbutik\/kategorier\/Natvark\/amplifi_back-2-510x510.jpg 510w, https:\/\/www.heddata.se\/webbutik\/wp-content\/uploads\/webbutik\/kategorier\/Natvark\/amplifi_back-2-300x300.jpg 300w, https:\/\/www.heddata.se\/webbutik\/wp-content\/uploads\/webbutik\/kategorier\/Natvark\/amplifi_back-2-768x768.jpg 768w\" sizes=\"auto, (max-width: 800px) 100vw, 800px\" \/>\t\t\t\t\t\t\n\t\t\t\t\t<\/div>\n\t\t<\/div>\t\t\t\t\t\t\n<style>\n#image_376751515 {\n  width: 100%;\n}\n<\/style>\n\t<\/div>\n\t\n\t\t<\/div>\n\t\t\t\t\t<\/div>\n\n\t\n<\/div>\n\n\t<section class=\"section\" id=\"section_467231415\">\n\t\t<div class=\"section-bg fill\" >\n\t\t\t<img loading=\"lazy\" decoding=\"async\" width=\"1683\" height=\"983\" src=\"https:\/\/www.heddata.se\/webbutik\/wp-content\/uploads\/Banners\/amplifi-banner.jpg\" class=\"bg attachment- size-\" alt=\"amplifi-banner\" \/>\t\t\t\t\t\t\n\t\t\t\n\t<div class=\"is-border\"\n\t\tstyle=\"border-color:rgb(235, 235, 235);border-width:1px 0px 0px 0px;\">\n\t<\/div>\n\n\t\t<\/div>\n\n\t\t\n\n\t\t<div class=\"section-content relative\">\n\t\t\t\n\t\t<\/div>\n\n\t\t\n<style>\n#section_467231415 {\n  padding-top: 59px;\n  padding-bottom: 59px;\n  min-height: 300px;\n  background-color: rgb(240, 240, 240);\n}\n<\/style>\n\t<\/section>\n\t\n<div class=\"row\"  id=\"row-2124897129\">\n\n\t<div id=\"col-999941350\" class=\"col medium-6 small-12 large-6\"  >\n\t\t\t\t<div class=\"col-inner\"  >\n\t\t\t\n\t\t\t\n\t<div class=\"img has-hover x md-x lg-x y md-y lg-y\" id=\"image_1147514310\">\n\t\t\t\t\t\t<div data-animate=\"bounceInLeft\">\t\t<div class=\"img-inner dark\" >\n\t\t\t<img loading=\"lazy\" decoding=\"async\" width=\"600\" height=\"600\" src=\"https:\/\/www.heddata.se\/webbutik\/wp-content\/uploads\/webbutik\/kategorier\/Natvark\/amplifi-mesh-png.png\" class=\"attachment-large size-large\" alt=\"\" srcset=\"https:\/\/www.heddata.se\/webbutik\/wp-content\/uploads\/webbutik\/kategorier\/Natvark\/amplifi-mesh-png.png 600w, https:\/\/www.heddata.se\/webbutik\/wp-content\/uploads\/webbutik\/kategorier\/Natvark\/amplifi-mesh-png-250x250.png 250w, https:\/\/www.heddata.se\/webbutik\/wp-content\/uploads\/webbutik\/kategorier\/Natvark\/amplifi-mesh-png-100x100.png 100w, https:\/\/www.heddata.se\/webbutik\/wp-content\/uploads\/webbutik\/kategorier\/Natvark\/amplifi-mesh-png-510x510.png 510w, https:\/\/www.heddata.se\/webbutik\/wp-content\/uploads\/webbutik\/kategorier\/Natvark\/amplifi-mesh-png-300x300.png 300w\" sizes=\"auto, (max-width: 600px) 100vw, 600px\" \/>\t\t\t\t\t\t\n\t\t\t\t\t<\/div>\n\t\t<\/div>\t\t\t\t\t\t\n<style>\n#image_1147514310 {\n  width: 100%;\n}\n<\/style>\n\t<\/div>\n\t\n<div class=\"row\"  id=\"row-1791480366\">\n\n\t<div id=\"col-260341808\" class=\"col small-12 large-12\"  >\n\t\t\t\t<div class=\"col-inner text-center\"  >\n\t\t\t\n\t\t\t\n\n\t\t<div class=\"icon-box featured-box icon-box-center text-center\"  >\n\t\t\t\t\t<div class=\"icon-box-img\" style=\"width: 60px\">\n\t\t\t\t<div class=\"icon\">\n\t\t\t\t\t<div class=\"icon-inner\" >\n\t\t\t\t\t\t<img loading=\"lazy\" decoding=\"async\" width=\"80\" height=\"80\" src=\"https:\/\/www.heddata.se\/webbutik\/wp-content\/uploads\/logga\/icon-amplifi.png\" class=\"attachment-medium size-medium\" alt=\"\" \/>\t\t\t\t\t<\/div>\n\t\t\t\t<\/div>\n\t\t\t<\/div>\n\t\t\t\t<div class=\"icon-box-text last-reset\">\n\t\t\t\t\t\t\t\t\t\n<h3 style=\"text-align: center;\">Superior prestanda<\/h3>\n<p style=\"text-align: center;\">Integrerad superantenn f\u00f6r \u00f6verl\u00e4gsen r\u00e4ckvidd och hastighet.<\/p>\n\t\t<\/div>\n\t<\/div>\n\t\n\t\n\t\t<\/div>\n\t\t\t\t\t<\/div>\n\n\t\n<\/div>\n<div class=\"row\"  id=\"row-1170255465\">\n\n\t<div id=\"col-683963031\" class=\"col medium-6 small-12 large-6\"  >\n\t\t\t\t<div class=\"col-inner\"  >\n\t\t\t\n\t\t\t\n\n\t\t<div class=\"icon-box featured-box icon-box-center text-center\"  >\n\t\t\t\t\t<div class=\"icon-box-img\" style=\"width: 60px\">\n\t\t\t\t<div class=\"icon\">\n\t\t\t\t\t<div class=\"icon-inner\" >\n\t\t\t\t\t\t<img loading=\"lazy\" decoding=\"async\" width=\"80\" height=\"80\" src=\"https:\/\/www.heddata.se\/webbutik\/wp-content\/uploads\/logga\/icon-amplifi.png\" class=\"attachment-medium size-medium\" alt=\"\" \/>\t\t\t\t\t<\/div>\n\t\t\t\t<\/div>\n\t\t\t<\/div>\n\t\t\t\t<div class=\"icon-box-text last-reset\">\n\t\t\t\t\t\t\t\t\t\n<h3 style=\"text-align: center;\">Innovativ design<\/h3>\n<p style=\"text-align: center;\">N\u00e4tpunkterna sv\u00e4nger p\u00e5 ett magnetkontakt som \u00e4r utformat f\u00f6r att ge effekt och justerbarhet.<\/p>\n\t\t<\/div>\n\t<\/div>\n\t\n\t\n\t\t<\/div>\n\t\t\t\t\t<\/div>\n\n\t\n\n\t<div id=\"col-2031307006\" class=\"col medium-6 small-12 large-6\"  >\n\t\t\t\t<div class=\"col-inner\"  >\n\t\t\t\n\t\t\t\n\n\t\t<div class=\"icon-box featured-box icon-box-center text-center\"  >\n\t\t\t\t\t<div class=\"icon-box-img\" style=\"width: 60px\">\n\t\t\t\t<div class=\"icon\">\n\t\t\t\t\t<div class=\"icon-inner\" >\n\t\t\t\t\t\t<img loading=\"lazy\" decoding=\"async\" width=\"80\" height=\"80\" src=\"https:\/\/www.heddata.se\/webbutik\/wp-content\/uploads\/logga\/icon-amplifi.png\" class=\"attachment-medium size-medium\" alt=\"\" \/>\t\t\t\t\t<\/div>\n\t\t\t\t<\/div>\n\t\t\t<\/div>\n\t\t\t\t<div class=\"icon-box-text last-reset\">\n\t\t\t\t\t\t\t\t\t\n<h3 style=\"text-align: center;\">Stark men subtil<\/h3>\n<p style=\"text-align: center;\">Ansluts s\u00f6ml\u00f6st till valfri uttag:<br \/>\ninga ledningar, inget kr\u00e5ngel.<\/p>\n\t\t<\/div>\n\t<\/div>\n\t\n\t\n\t\t<\/div>\n\t\t\t\t\t<\/div>\n\n\t\n<\/div>\n\t\t<\/div>\n\t\t\t\t\t<\/div>\n\n\t\n\n\t<div id=\"col-2123952327\" class=\"col medium-6 small-12 large-6\"  >\n\t\t\t\t<div class=\"col-inner\"  >\n\t\t\t\n\t\t\t\n<h2><\/h2>\n<h2 class=\"uppercase\">Ubiquiti Amplifi HD Mesh point<\/h2>\n<h3 class=\"thin-font\">Tr\u00e5dl\u00f6s antenn till Amplifi HD Router<\/h3>\n<p><span style=\"font-size: 14.4px;\"><a href=\"https:\/\/www.ui.com\/\" target=\"_blank\" rel=\"noopener noreferrer\">Ubiquiti<\/a> Amplifi HD Mesh point \u00e4r en extra antenn som du kopplar in i v\u00e4gguttaget. Den arbetar tillsammans med din Amplifi router f\u00f6r att b\u00e5de ut\u00f6ka och komplettera <a href=\"https:\/\/www.heddata.se\/webbutik\/natverk\/\">n\u00e4tverket<\/a>.<\/span><\/p>\n<p>Med denna extra antenn ut\u00f6kar du r\u00e4ckvidden ytterligare. P\u00e5 detta s\u00e4tt kan du f\u00e5 WiFi \u00f6verallt! Den stora f\u00f6rdelen med ett mesh-system \u00e4r att alla noder kors och tv\u00e4rs kan prata med varandra. De beh\u00f6ver allts\u00e5 inte kommunicera en f\u00f6rutbest\u00e4md v\u00e4g eller via routern.<\/p>\n<a href=\"https:\/\/www.heddata.se\/webbutik\/produkt\/amplifi-meshpoint\/\" class=\"button secondary is-shade\" >\n\t\t<span>K\u00f6p den h\u00e4r!<\/span>\n\t<i class=\"icon-shopping-cart\" aria-hidden=\"true\"><\/i><\/a>\n\n<div class=\"row\"  id=\"row-1856674285\">\n\n\t<div id=\"col-2120705733\" class=\"col small-12 large-12\"  >\n\t\t\t\t<div class=\"col-inner\"  >\n\t\t\t\n\t\t\t\n\t<div class=\"img has-hover x md-x lg-x y md-y lg-y\" id=\"image_580238776\">\n\t\t\t\t\t\t<div data-animate=\"bounceInRight\">\t\t<div class=\"img-inner dark\" style=\"margin:0 0px 0px 0px;\">\n\t\t\t<img loading=\"lazy\" decoding=\"async\" width=\"1020\" height=\"1020\" src=\"https:\/\/www.heddata.se\/webbutik\/wp-content\/uploads\/Banners\/amplifi-mesh-011-1-1024x1024.jpg\" class=\"attachment-large size-large\" alt=\"\" srcset=\"https:\/\/www.heddata.se\/webbutik\/wp-content\/uploads\/Banners\/amplifi-mesh-011-1-1024x1024.jpg 1024w, https:\/\/www.heddata.se\/webbutik\/wp-content\/uploads\/Banners\/amplifi-mesh-011-1-250x250.jpg 250w, https:\/\/www.heddata.se\/webbutik\/wp-content\/uploads\/Banners\/amplifi-mesh-011-1-100x100.jpg 100w, https:\/\/www.heddata.se\/webbutik\/wp-content\/uploads\/Banners\/amplifi-mesh-011-1-510x510.jpg 510w, https:\/\/www.heddata.se\/webbutik\/wp-content\/uploads\/Banners\/amplifi-mesh-011-1-300x300.jpg 300w, https:\/\/www.heddata.se\/webbutik\/wp-content\/uploads\/Banners\/amplifi-mesh-011-1-768x768.jpg 768w, https:\/\/www.heddata.se\/webbutik\/wp-content\/uploads\/Banners\/amplifi-mesh-011-1-1536x1536.jpg 1536w, https:\/\/www.heddata.se\/webbutik\/wp-content\/uploads\/Banners\/amplifi-mesh-011-1-2048x2048.jpg 2048w\" sizes=\"auto, (max-width: 1020px) 100vw, 1020px\" \/>\t\t\t\t\t\t\n\t\t\t\t\t<\/div>\n\t\t<\/div>\t\t\t\t\t\t\n<style>\n#image_580238776 {\n  width: 100%;\n}\n<\/style>\n\t<\/div>\n\t\n\t\t<\/div>\n\t\t\t\t\n<style>\n#col-2120705733 > .col-inner {\n  padding: 25px 0px 0px 0px;\n}\n<\/style>\n\t<\/div>\n\n\t\n\n<style>\n#row-1856674285 > .col > .col-inner {\n  padding: 0 0px 0px 0px;\n}\n<\/style>\n<\/div>\n\t\t<\/div>\n\t\t\t\t\n<style>\n#col-2123952327 > .col-inner {\n  padding: 23px 0px 0px 0px;\n}\n<\/style>\n\t<\/div>\n\n\t\n<\/div>\n","protected":false},"excerpt":{"rendered":"","protected":false},"author":6,"featured_media":0,"parent":32503,"menu_order":0,"comment_status":"closed","ping_status":"closed","template":"","meta":{"footnotes":""},"class_list":["post-53828","page","type-page","status-publish","hentry"],"yoast_head":"<!-- This site is optimized with the Yoast SEO Premium plugin v26.7 (Yoast SEO v26.7) - https:\/\/yoast.com\/wordpress\/plugins\/seo\/ -->\n<title>UBIQUITI AMPLIFI - Amplifi HD Home Wi-Fi Router<\/title>\n<meta name=\"description\" content=\"Ubiquiti AmpliFi router \u00e4r en liten vit kub som \u00e4r designad f\u00f6r att komplettera ditt hem. Du beh\u00f6ver inte l\u00e4ngre d\u00f6lja din router.\" \/>\n<meta name=\"robots\" content=\"index, follow, max-snippet:-1, max-image-preview:large, max-video-preview:-1\" \/>\n<link rel=\"canonical\" href=\"https:\/\/www.heddata.se\/webbutik\/ubiquiti\/ubiquiti-amplifi\/\" \/>\n<meta property=\"og:locale\" content=\"sv_SE\" \/>\n<meta property=\"og:type\" content=\"article\" \/>\n<meta property=\"og:title\" content=\"Ubiquiti Amplifi\" \/>\n<meta property=\"og:description\" content=\"Ubiquiti AmpliFi router \u00e4r en liten vit kub som \u00e4r designad f\u00f6r att komplettera ditt hem. Du beh\u00f6ver inte l\u00e4ngre d\u00f6lja din router.\" \/>\n<meta property=\"og:url\" content=\"https:\/\/www.heddata.se\/webbutik\/ubiquiti\/ubiquiti-amplifi\/\" \/>\n<meta property=\"og:site_name\" content=\"Datorer, Skrivare, F\u00e4rgpatroner, Mobiltelefoner\" \/>\n<meta property=\"article:modified_time\" content=\"2020-02-19T12:13:50+00:00\" \/>\n<meta name=\"twitter:card\" content=\"summary_large_image\" \/>\n<meta name=\"twitter:label1\" content=\"Ber\u00e4knad l\u00e4stid\" \/>\n\t<meta name=\"twitter:data1\" content=\"3 minuter\" \/>\n<script type=\"application\/ld+json\" class=\"yoast-schema-graph\">{\"@context\":\"https:\/\/schema.org\",\"@graph\":[{\"@type\":\"WebPage\",\"@id\":\"https:\/\/www.heddata.se\/webbutik\/ubiquiti\/ubiquiti-amplifi\/\",\"url\":\"https:\/\/www.heddata.se\/webbutik\/ubiquiti\/ubiquiti-amplifi\/\",\"name\":\"UBIQUITI AMPLIFI - Amplifi HD Home Wi-Fi Router\",\"isPartOf\":{\"@id\":\"https:\/\/www.heddata.se\/webbutik\/#website\"},\"datePublished\":\"2020-02-18T13:42:41+00:00\",\"dateModified\":\"2020-02-19T12:13:50+00:00\",\"description\":\"Ubiquiti AmpliFi router \u00e4r en liten vit kub som \u00e4r designad f\u00f6r att komplettera ditt hem. Du beh\u00f6ver inte l\u00e4ngre d\u00f6lja din router.\",\"breadcrumb\":{\"@id\":\"https:\/\/www.heddata.se\/webbutik\/ubiquiti\/ubiquiti-amplifi\/#breadcrumb\"},\"inLanguage\":\"sv-SE\",\"potentialAction\":[{\"@type\":\"ReadAction\",\"target\":[\"https:\/\/www.heddata.se\/webbutik\/ubiquiti\/ubiquiti-amplifi\/\"]}]},{\"@type\":\"BreadcrumbList\",\"@id\":\"https:\/\/www.heddata.se\/webbutik\/ubiquiti\/ubiquiti-amplifi\/#breadcrumb\",\"itemListElement\":[{\"@type\":\"ListItem\",\"position\":1,\"name\":\"Hem\",\"item\":\"https:\/\/www.heddata.se\/webbutik\/\"},{\"@type\":\"ListItem\",\"position\":2,\"name\":\"Ubiquiti\",\"item\":\"https:\/\/www.heddata.se\/webbutik\/ubiquiti\/\"},{\"@type\":\"ListItem\",\"position\":3,\"name\":\"Ubiquiti Amplifi\"}]},{\"@type\":\"WebSite\",\"@id\":\"https:\/\/www.heddata.se\/webbutik\/#website\",\"url\":\"https:\/\/www.heddata.se\/webbutik\/\",\"name\":\"Datorer, Skrivare, F\u00e4rgpatroner, Mobiltelefoner\",\"description\":\"Kablar\",\"publisher\":{\"@id\":\"https:\/\/www.heddata.se\/webbutik\/#organization\"},\"potentialAction\":[{\"@type\":\"SearchAction\",\"target\":{\"@type\":\"EntryPoint\",\"urlTemplate\":\"https:\/\/www.heddata.se\/webbutik\/?s={search_term_string}\"},\"query-input\":{\"@type\":\"PropertyValueSpecification\",\"valueRequired\":true,\"valueName\":\"search_term_string\"}}],\"inLanguage\":\"sv-SE\"},{\"@type\":\"Organization\",\"@id\":\"https:\/\/www.heddata.se\/webbutik\/#organization\",\"name\":\"Heddata AB\",\"url\":\"https:\/\/www.heddata.se\/webbutik\/\",\"logo\":{\"@type\":\"ImageObject\",\"inLanguage\":\"sv-SE\",\"@id\":\"https:\/\/www.heddata.se\/webbutik\/#\/schema\/logo\/image\/\",\"url\":\"https:\/\/www.heddata.se\/webbutik\/wp-content\/uploads\/logga\/heddata-ab-logga.png\",\"contentUrl\":\"https:\/\/www.heddata.se\/webbutik\/wp-content\/uploads\/logga\/heddata-ab-logga.png\",\"width\":200,\"height\":64,\"caption\":\"Heddata AB\"},\"image\":{\"@id\":\"https:\/\/www.heddata.se\/webbutik\/#\/schema\/logo\/image\/\"}}]}<\/script>\n<!-- \/ Yoast SEO Premium plugin. -->","yoast_head_json":{"title":"UBIQUITI AMPLIFI - Amplifi HD Home Wi-Fi Router","description":"Ubiquiti AmpliFi router \u00e4r en liten vit kub som \u00e4r designad f\u00f6r att komplettera ditt hem. Du beh\u00f6ver inte l\u00e4ngre d\u00f6lja din router.","robots":{"index":"index","follow":"follow","max-snippet":"max-snippet:-1","max-image-preview":"max-image-preview:large","max-video-preview":"max-video-preview:-1"},"canonical":"https:\/\/www.heddata.se\/webbutik\/ubiquiti\/ubiquiti-amplifi\/","og_locale":"sv_SE","og_type":"article","og_title":"Ubiquiti Amplifi","og_description":"Ubiquiti AmpliFi router \u00e4r en liten vit kub som \u00e4r designad f\u00f6r att komplettera ditt hem. Du beh\u00f6ver inte l\u00e4ngre d\u00f6lja din router.","og_url":"https:\/\/www.heddata.se\/webbutik\/ubiquiti\/ubiquiti-amplifi\/","og_site_name":"Datorer, Skrivare, F\u00e4rgpatroner, Mobiltelefoner","article_modified_time":"2020-02-19T12:13:50+00:00","twitter_card":"summary_large_image","twitter_misc":{"Ber\u00e4knad l\u00e4stid":"3 minuter"},"schema":{"@context":"https:\/\/schema.org","@graph":[{"@type":"WebPage","@id":"https:\/\/www.heddata.se\/webbutik\/ubiquiti\/ubiquiti-amplifi\/","url":"https:\/\/www.heddata.se\/webbutik\/ubiquiti\/ubiquiti-amplifi\/","name":"UBIQUITI AMPLIFI - Amplifi HD Home Wi-Fi Router","isPartOf":{"@id":"https:\/\/www.heddata.se\/webbutik\/#website"},"datePublished":"2020-02-18T13:42:41+00:00","dateModified":"2020-02-19T12:13:50+00:00","description":"Ubiquiti AmpliFi router \u00e4r en liten vit kub som \u00e4r designad f\u00f6r att komplettera ditt hem. Du beh\u00f6ver inte l\u00e4ngre d\u00f6lja din router.","breadcrumb":{"@id":"https:\/\/www.heddata.se\/webbutik\/ubiquiti\/ubiquiti-amplifi\/#breadcrumb"},"inLanguage":"sv-SE","potentialAction":[{"@type":"ReadAction","target":["https:\/\/www.heddata.se\/webbutik\/ubiquiti\/ubiquiti-amplifi\/"]}]},{"@type":"BreadcrumbList","@id":"https:\/\/www.heddata.se\/webbutik\/ubiquiti\/ubiquiti-amplifi\/#breadcrumb","itemListElement":[{"@type":"ListItem","position":1,"name":"Hem","item":"https:\/\/www.heddata.se\/webbutik\/"},{"@type":"ListItem","position":2,"name":"Ubiquiti","item":"https:\/\/www.heddata.se\/webbutik\/ubiquiti\/"},{"@type":"ListItem","position":3,"name":"Ubiquiti Amplifi"}]},{"@type":"WebSite","@id":"https:\/\/www.heddata.se\/webbutik\/#website","url":"https:\/\/www.heddata.se\/webbutik\/","name":"Datorer, Skrivare, F\u00e4rgpatroner, Mobiltelefoner","description":"Kablar","publisher":{"@id":"https:\/\/www.heddata.se\/webbutik\/#organization"},"potentialAction":[{"@type":"SearchAction","target":{"@type":"EntryPoint","urlTemplate":"https:\/\/www.heddata.se\/webbutik\/?s={search_term_string}"},"query-input":{"@type":"PropertyValueSpecification","valueRequired":true,"valueName":"search_term_string"}}],"inLanguage":"sv-SE"},{"@type":"Organization","@id":"https:\/\/www.heddata.se\/webbutik\/#organization","name":"Heddata AB","url":"https:\/\/www.heddata.se\/webbutik\/","logo":{"@type":"ImageObject","inLanguage":"sv-SE","@id":"https:\/\/www.heddata.se\/webbutik\/#\/schema\/logo\/image\/","url":"https:\/\/www.heddata.se\/webbutik\/wp-content\/uploads\/logga\/heddata-ab-logga.png","contentUrl":"https:\/\/www.heddata.se\/webbutik\/wp-content\/uploads\/logga\/heddata-ab-logga.png","width":200,"height":64,"caption":"Heddata AB"},"image":{"@id":"https:\/\/www.heddata.se\/webbutik\/#\/schema\/logo\/image\/"}}]}},"_links":{"self":[{"href":"https:\/\/www.heddata.se\/webbutik\/wp-json\/wp\/v2\/pages\/53828","targetHints":{"allow":["GET"]}}],"collection":[{"href":"https:\/\/www.heddata.se\/webbutik\/wp-json\/wp\/v2\/pages"}],"about":[{"href":"https:\/\/www.heddata.se\/webbutik\/wp-json\/wp\/v2\/types\/page"}],"author":[{"embeddable":true,"href":"https:\/\/www.heddata.se\/webbutik\/wp-json\/wp\/v2\/users\/6"}],"replies":[{"embeddable":true,"href":"https:\/\/www.heddata.se\/webbutik\/wp-json\/wp\/v2\/comments?post=53828"}],"version-history":[{"count":12,"href":"https:\/\/www.heddata.se\/webbutik\/wp-json\/wp\/v2\/pages\/53828\/revisions"}],"predecessor-version":[{"id":54823,"href":"https:\/\/www.heddata.se\/webbutik\/wp-json\/wp\/v2\/pages\/53828\/revisions\/54823"}],"up":[{"embeddable":true,"href":"https:\/\/www.heddata.se\/webbutik\/wp-json\/wp\/v2\/pages\/32503"}],"wp:attachment":[{"href":"https:\/\/www.heddata.se\/webbutik\/wp-json\/wp\/v2\/media?parent=53828"}],"curies":[{"name":"wp","href":"https:\/\/api.w.org\/{rel}","templated":true}]}}