{"id":2167,"date":"2019-10-09T10:22:48","date_gmt":"2019-10-09T08:22:48","guid":{"rendered":"https:\/\/www.heddata.se\/webbutik\/?page_id=2167"},"modified":"2023-05-10T10:04:18","modified_gmt":"2023-05-10T08:04:18","slug":"mobiltelefoner","status":"publish","type":"page","link":"https:\/\/www.heddata.se\/webbutik\/telefon-surfplattor\/mobiltelefoner\/","title":{"rendered":"Mobiltelefoner"},"content":{"rendered":"\n  <div class=\"banner has-hover show-for-small\" id=\"banner-1304709692\">\n          <div class=\"banner-inner fill\">\n        <div class=\"banner-bg fill\" >\n                                                \n                    <\/div>\n\t\t\n        <div class=\"banner-layers container\">\n            <div class=\"fill banner-link\"><\/div>            \n   <div id=\"text-box-1803915566\" class=\"text-box banner-layer x50 md-x50 lg-x50 y50 md-y50 lg-y50 res-text\">\n                                <div class=\"text-box-content text dark\">\n              \n              <div class=\"text-inner text-center\">\n                  \n<h3 class=\"uppercase\"><span style=\"color: #ffffff\">V\u00e4lja mobiltelefon<\/span><\/h3>\n<p><span style=\"font-size: 105%;color: #ffffff\">Idag vill m\u00e5nga ha den nyaste mobiltelefonen p\u00e5 marknaden med de h\u00e4ftigaste funktionera. Men bara f\u00f6r att det kommer nya mobiltelefoner m\u00e5ste inte det betyda att det allra nyaste \u00e4r vad som passar dig b\u00e4st. Det finns mycket bra mobiltelefoner! Men Att v\u00e4lja telefon bland allt som finns idag kan k\u00e4nnas som att g\u00e5 vilse i en djungel, speciellt om man inte vet vad man ska leta efter. H\u00e4r har vi n\u00e5gra tips p\u00e5 vad du kan fundera \u00f6ver n\u00e4r du ska k\u00f6pa en ny telefon \u2193<\/span><\/p>\n<p><span style=\"font-size: 105%;color: #ffffff\">Touchsk\u00e4rm eller knapptelefon?<\/span><br \/>\n<span style=\"font-size: 105%;color: #ffffff\">Vill du ha en extra t\u00e5lig telefon?<\/span><br \/>\n<span style=\"font-size: 105%;color: #ffffff\">M\u00f6jlighet till dubbla SIM-kort?<\/span><br \/>\n<span style=\"font-size: 105%;color: #ffffff\">Hur viktig \u00e4r kamerans kvalit\u00e9?<\/span><br \/>\n<span style=\"font-size: 105%;color: #ffffff\">Vad har du haft f\u00f6r telefon tidigare, och vill du ha n\u00e5got liknande igen?<\/span><br \/>\n<span style=\"font-size: 105%;color: #ffffff\">\u00c4r det viktigt med QuickCharge?<\/span><br \/>\n<span style=\"font-size: 105%;color: #ffffff\">Ungef\u00e4r vilken prisgrupp?<\/span><br \/>\n<span style=\"font-size: 105%;color: #ffffff\">Vad vill du kunna g\u00f6ra med din telefon?<\/span><\/p>\n              <\/div>\n           <\/div>\n                            \n<style>\n#text-box-1803915566 {\n  width: 84%;\n}\n#text-box-1803915566 .text-box-content {\n  font-size: 100%;\n}\n@media (min-width:550px) {\n  #text-box-1803915566 {\n    width: 60%;\n  }\n}\n<\/style>\n    <\/div>\n \n        <\/div>\n      <\/div>\n\n            \n<style>\n#banner-1304709692 {\n  padding-top: 410px;\n  background-color: rgb(184, 184, 184);\n}\n@media (min-width:550px) {\n  #banner-1304709692 {\n    padding-top: 500px;\n  }\n}\n<\/style>\n  <\/div>\n\n\n\n  <div class=\"banner has-hover hide-for-small\" id=\"banner-2020387606\">\n          <div class=\"banner-inner fill\">\n        <div class=\"banner-bg fill\" >\n            <img loading=\"lazy\" decoding=\"async\" width=\"2400\" height=\"1600\" src=\"https:\/\/www.heddata.se\/webbutik\/wp-content\/uploads\/Banners\/smartphone-android-apple.jpg\" class=\"bg attachment-original size-original\" alt=\"smartphone-android-apple\" \/>                                    \n                    <\/div>\n\t\t\n        <div class=\"banner-layers container\">\n            <div class=\"fill banner-link\"><\/div>            \n   <div id=\"text-box-784882279\" class=\"text-box banner-layer x50 md-x50 lg-x50 y85 md-y85 lg-y85 res-text\">\n                                <div class=\"text-box-content text dark\">\n              \n              <div class=\"text-inner text-center\">\n                  \n<h2 class=\"uppercase thin-font\">Mobiltelefoner<\/h2>\n              <\/div>\n           <\/div>\n                            \n<style>\n#text-box-784882279 {\n  width: 60%;\n}\n#text-box-784882279 .text-box-content {\n  font-size: 100%;\n}\n<\/style>\n    <\/div>\n \n        <\/div>\n      <\/div>\n\n            \n<style>\n#banner-2020387606 {\n  padding-top: 400px;\n  background-color: rgb(255, 255, 255);\n}\n#banner-2020387606 .banner-bg img {\n  object-position: 86% 30%;\n}\n<\/style>\n  <\/div>\n\n\n<div class=\"row\"  id=\"row-827411518\">\n\n\t<div id=\"col-512576574\" class=\"col small-12 large-12\"  >\n\t\t\t\t<div class=\"col-inner\"  >\n\t\t\t\n\t\t\t\n<p style=\"text-align: center\"><span style=\"font-size: 105%\">Idag vill m\u00e5nga ha den nyaste mobiltelefonen p\u00e5 marknaden med de h\u00e4ftigaste funktionera. Men bara f\u00f6r att det kommer nya telefoner m\u00e5ste inte det betyda att det allra nyaste \u00e4r vad som passar dig b\u00e4st. Det finns mycket bra mobiltelefoner!\u00a0<\/span><\/p>\n<p style=\"text-align: center\">H\u00e4r finner du v\u00e5rat utbud av mobiltelefoner. B\u00e5de touch &#8211; och knapptelefoner!<\/p>\n\t\t<\/div>\n\t\t\t\t\t<\/div>\n\n\t\n<\/div>\n<div class=\"row\"  id=\"row-821859560\">\n\n\t<div id=\"col-1838469230\" class=\"col small-12 large-12\"  >\n\t\t\t\t<div class=\"col-inner\"  >\n\t\t\t\n\t\t\t\n<div class=\"container section-title-container\" ><h3 class=\"section-title section-title-bold-center\"><b aria-hidden=\"true\"><\/b><span class=\"section-title-main\" >mobiltelefoner<\/span><b aria-hidden=\"true\"><\/b><\/h3><\/div>\n<div class=\"searchform-wrapper ux-search-box relative form-flat is-normal\"><form role=\"search\" method=\"get\" class=\"searchform\" action=\"https:\/\/www.heddata.se\/webbutik\/\">\n\t<div class=\"flex-row relative\">\n\t\t\t\t\t<div class=\"flex-col search-form-categories\">\n\t\t\t\t<select class=\"search_categories resize-select mb-0\" name=\"product_cat\"><option value=\"\" selected='selected'>All<\/option><option value=\"antenn\">Antenn<\/option><option value=\"batterier\">Batterier<\/option><option value=\"blackpatroner-toners\">Bl\u00e4ckpatroner &amp; Toners<\/option><option value=\"datorer-tillbehor\">Datorer &amp; tillbeh\u00f6r<\/option><option value=\"el\">EL<\/option><option value=\"fotopapper\">Fotopapper<\/option><option value=\"gaming\">Gaming<\/option><option value=\"hemelektronik\">Hemelektronik<\/option><option value=\"horlurar-headset\">H\u00f6rlurar &amp; headset<\/option><option value=\"kablar\">Kablar<\/option><option value=\"komponenter\">Komponenter<\/option><option value=\"kontorstillbehor\">Kontorstillbeh\u00f6r<\/option><option value=\"lagring\">Lagring<\/option><option value=\"larm-overvakning\">Larm &amp; \u00d6vervakning<\/option><option value=\"natverk\">N\u00e4tverk<\/option><option value=\"okategoriserad\">Okategoriserad<\/option><option value=\"ovrigt\">\u00d6vrigt<\/option><option value=\"programvara\">Programvara<\/option><option value=\"skarmar\">Sk\u00e4rmar<\/option><option value=\"skrivare\">Skrivare<\/option><option value=\"telefoner-surfplattor\">Telefoner &amp; Surfplattor<\/option><option value=\"telefontillbehor\">Telefontillbeh\u00f6r<\/option><option value=\"tillbehor-jaktradio\">Tillbeh\u00f6r Jaktradio<\/option><\/select>\t\t\t<\/div>\n\t\t\t\t\t\t<div class=\"flex-col flex-grow\">\n\t\t\t<label class=\"screen-reader-text\" for=\"woocommerce-product-search-field-0\">S\u00f6k efter:<\/label>\n\t\t\t<input type=\"search\" id=\"woocommerce-product-search-field-0\" class=\"search-field mb-0\" placeholder=\"Hitta produkt\" value=\"\" name=\"s\" \/>\n\t\t\t<input type=\"hidden\" name=\"post_type\" value=\"product\" \/>\n\t\t\t\t\t<\/div>\n\t\t<div class=\"flex-col\">\n\t\t\t<button type=\"submit\" value=\"S\u00f6k\" class=\"ux-search-submit submit-button secondary button  icon mb-0\" aria-label=\"Submit\">\n\t\t\t\t<i class=\"icon-search\" aria-hidden=\"true\"><\/i>\t\t\t<\/button>\n\t\t<\/div>\n\t<\/div>\n\t<div class=\"live-search-results text-left z-top\"><\/div>\n<\/form>\n<\/div>\n\t\t<\/div>\n\t\t\t\t\t<\/div>\n\n\t\n<\/div>\n<div class=\"container section-title-container\" ><h4 class=\"section-title section-title-normal\"><b aria-hidden=\"true\"><\/b><span class=\"section-title-main\" >Touchtelefoner<\/span><b aria-hidden=\"true\"><\/b><\/h4><\/div>\n\t\n  \n    <div class=\"row  equalize-box large-columns-5 medium-columns-3 small-columns-2 row-small\" >\n  <\/div>\n<div class=\"container section-title-container\" ><h4 class=\"section-title section-title-normal\"><b aria-hidden=\"true\"><\/b><span class=\"section-title-main\" >Knapptelefoner<\/span><b aria-hidden=\"true\"><\/b><\/h4><\/div>\n\t\n  \n    <div class=\"row  equalize-box large-columns-5 medium-columns-3 small-columns-2 row-small\" >\n  \n\t     <div class=\"product-small col has-hover product type-product post-96126 status-publish first instock product_cat-mobiltelefon-knapp product_cat-mobiltelefoner product_cat-telefoner product_cat-telefoner-surfplattor has-post-thumbnail taxable shipping-taxable purchasable product-type-simple\">\n\t<div class=\"col-inner\">\n\t\n<div class=\"badge-container absolute left top z-1\">\n\n<\/div>\n\t<div class=\"product-small box \">\n\t\t<div class=\"box-image\">\n\t\t\t<div class=\"image-fade_in_back\">\n\t\t\t\t<a href=\"https:\/\/www.heddata.se\/webbutik\/produkt\/doro-leva-l11-rod-knapptelefon-8756\/\">\n\t\t\t\t\t<img loading=\"lazy\" decoding=\"async\" width=\"250\" height=\"250\" src=\"https:\/\/www.heddata.se\/webbutik\/wp-content\/uploads\/webbutik\/kategorier\/mobiltelefoner-surfplattor\/8756-250x250.jpg\" class=\"attachment-woocommerce_thumbnail size-woocommerce_thumbnail\" alt=\"Doro Leva L11\" srcset=\"https:\/\/www.heddata.se\/webbutik\/wp-content\/uploads\/webbutik\/kategorier\/mobiltelefoner-surfplattor\/8756-250x250.jpg 250w, https:\/\/www.heddata.se\/webbutik\/wp-content\/uploads\/webbutik\/kategorier\/mobiltelefoner-surfplattor\/8756-300x300.jpg 300w, https:\/\/www.heddata.se\/webbutik\/wp-content\/uploads\/webbutik\/kategorier\/mobiltelefoner-surfplattor\/8756-1024x1024.jpg 1024w, https:\/\/www.heddata.se\/webbutik\/wp-content\/uploads\/webbutik\/kategorier\/mobiltelefoner-surfplattor\/8756-768x768.jpg 768w, https:\/\/www.heddata.se\/webbutik\/wp-content\/uploads\/webbutik\/kategorier\/mobiltelefoner-surfplattor\/8756-510x510.jpg 510w, https:\/\/www.heddata.se\/webbutik\/wp-content\/uploads\/webbutik\/kategorier\/mobiltelefoner-surfplattor\/8756-100x100.jpg 100w, https:\/\/www.heddata.se\/webbutik\/wp-content\/uploads\/webbutik\/kategorier\/mobiltelefoner-surfplattor\/8756.jpg 1200w\" sizes=\"auto, (max-width: 250px) 100vw, 250px\" \/>\t\t\t\t<\/a>\n\t\t\t<\/div>\n\t\t\t<div class=\"image-tools is-small top right show-on-hover\">\n\t\t\t\t\t\t\t<\/div>\n\t\t\t<div class=\"image-tools is-small hide-for-small bottom left show-on-hover\">\n\t\t\t\t\t\t\t<\/div>\n\t\t\t<div class=\"image-tools grid-tools text-center hide-for-small bottom hover-slide-in show-on-hover\">\n\t\t\t\t\t\t\t<\/div>\n\t\t\t\t\t<\/div>\n\n\t\t<div class=\"box-text box-text-products text-center grid-style-2\">\n\t\t\t<div class=\"title-wrapper\">\t\t<p class=\"category uppercase is-smaller no-text-overflow product-cat op-8\">\n\t\t\tMobiltelefon knapp\t\t<\/p>\n\t<p class=\"name product-title woocommerce-loop-product__title\"><a href=\"https:\/\/www.heddata.se\/webbutik\/produkt\/doro-leva-l11-rod-knapptelefon-8756\/\" class=\"woocommerce-LoopProduct-link woocommerce-loop-product__link\">Doro Leva L11 &#8211; R\u00f6d knapptelefon &#8211; 8756<\/a><\/p><\/div><div class=\"price-wrapper\">\n\t<span class=\"price\"><span class=\"woocommerce-Price-amount amount\"><bdi>1,520&nbsp;<span class=\"woocommerce-Price-currencySymbol\">&#107;&#114;<\/span><\/bdi><\/span><\/span>\n<\/div><div class=\"add-to-cart-button\"><a href=\"\/webbutik\/wp-json\/wp\/v2\/pages\/2167?add-to-cart=96126\" aria-describedby=\"woocommerce_loop_add_to_cart_link_describedby_96126\" data-quantity=\"1\" class=\"primary is-small mb-0 button product_type_simple add_to_cart_button ajax_add_to_cart is-outline\" data-product_id=\"96126\" data-product_sku=\"8756\" aria-label=\"L\u00e4gg till i varukorgen: \u201dDoro Leva L11 - R\u00f6d knapptelefon - 8756\u201d\" rel=\"nofollow\" data-success_message=\"&quot;Doro Leva L11 - R\u00f6d knapptelefon - 8756&quot; har lagts till i din varukorg\">L\u00e4gg till i varukorg<\/a><\/div>\t<span id=\"woocommerce_loop_add_to_cart_link_describedby_96126\" class=\"screen-reader-text\">\n\t\t\t<\/span>\n\t\t<\/div>\n\t<\/div>\n\t\t<\/div>\n<\/div><div class=\"product-small col has-hover product type-product post-96124 status-publish instock product_cat-mobiltelefon-knapp product_cat-mobiltelefoner product_cat-telefoner product_cat-telefoner-surfplattor has-post-thumbnail taxable shipping-taxable purchasable product-type-simple\">\n\t<div class=\"col-inner\">\n\t\n<div class=\"badge-container absolute left top z-1\">\n\n<\/div>\n\t<div class=\"product-small box \">\n\t\t<div class=\"box-image\">\n\t\t\t<div class=\"image-fade_in_back\">\n\t\t\t\t<a href=\"https:\/\/www.heddata.se\/webbutik\/produkt\/doro-leva-l21-svart-vit-knapptelefon-8745\/\">\n\t\t\t\t\t<img loading=\"lazy\" decoding=\"async\" width=\"250\" height=\"250\" src=\"https:\/\/www.heddata.se\/webbutik\/wp-content\/uploads\/webbutik\/kategorier\/mobiltelefoner-surfplattor\/8745-250x250.jpg\" class=\"attachment-woocommerce_thumbnail size-woocommerce_thumbnail\" alt=\"Doro Leva L21\" srcset=\"https:\/\/www.heddata.se\/webbutik\/wp-content\/uploads\/webbutik\/kategorier\/mobiltelefoner-surfplattor\/8745-250x250.jpg 250w, https:\/\/www.heddata.se\/webbutik\/wp-content\/uploads\/webbutik\/kategorier\/mobiltelefoner-surfplattor\/8745-300x300.jpg 300w, https:\/\/www.heddata.se\/webbutik\/wp-content\/uploads\/webbutik\/kategorier\/mobiltelefoner-surfplattor\/8745-1024x1024.jpg 1024w, https:\/\/www.heddata.se\/webbutik\/wp-content\/uploads\/webbutik\/kategorier\/mobiltelefoner-surfplattor\/8745-768x768.jpg 768w, https:\/\/www.heddata.se\/webbutik\/wp-content\/uploads\/webbutik\/kategorier\/mobiltelefoner-surfplattor\/8745-510x510.jpg 510w, https:\/\/www.heddata.se\/webbutik\/wp-content\/uploads\/webbutik\/kategorier\/mobiltelefoner-surfplattor\/8745-100x100.jpg 100w, https:\/\/www.heddata.se\/webbutik\/wp-content\/uploads\/webbutik\/kategorier\/mobiltelefoner-surfplattor\/8745.jpg 1200w\" sizes=\"auto, (max-width: 250px) 100vw, 250px\" \/>\t\t\t\t<\/a>\n\t\t\t<\/div>\n\t\t\t<div class=\"image-tools is-small top right show-on-hover\">\n\t\t\t\t\t\t\t<\/div>\n\t\t\t<div class=\"image-tools is-small hide-for-small bottom left show-on-hover\">\n\t\t\t\t\t\t\t<\/div>\n\t\t\t<div class=\"image-tools grid-tools text-center hide-for-small bottom hover-slide-in show-on-hover\">\n\t\t\t\t\t\t\t<\/div>\n\t\t\t\t\t<\/div>\n\n\t\t<div class=\"box-text box-text-products text-center grid-style-2\">\n\t\t\t<div class=\"title-wrapper\">\t\t<p class=\"category uppercase is-smaller no-text-overflow product-cat op-8\">\n\t\t\tMobiltelefon knapp\t\t<\/p>\n\t<p class=\"name product-title woocommerce-loop-product__title\"><a href=\"https:\/\/www.heddata.se\/webbutik\/produkt\/doro-leva-l21-svart-vit-knapptelefon-8745\/\" class=\"woocommerce-LoopProduct-link woocommerce-loop-product__link\">Doro Leva L21 &#8211; Svart\/Vit knapptelefon &#8211; 8745<\/a><\/p><\/div><div class=\"price-wrapper\">\n\t<span class=\"price\"><span class=\"woocommerce-Price-amount amount\"><bdi>1,860&nbsp;<span class=\"woocommerce-Price-currencySymbol\">&#107;&#114;<\/span><\/bdi><\/span><\/span>\n<\/div><div class=\"add-to-cart-button\"><a href=\"\/webbutik\/wp-json\/wp\/v2\/pages\/2167?add-to-cart=96124\" aria-describedby=\"woocommerce_loop_add_to_cart_link_describedby_96124\" data-quantity=\"1\" class=\"primary is-small mb-0 button product_type_simple add_to_cart_button ajax_add_to_cart is-outline\" data-product_id=\"96124\" data-product_sku=\"8745\" aria-label=\"L\u00e4gg till i varukorgen: \u201dDoro Leva L21 - Svart\/Vit knapptelefon - 8745\u201d\" rel=\"nofollow\" data-success_message=\"&quot;Doro Leva L21 - Svart\/Vit knapptelefon - 8745&quot; har lagts till i din varukorg\">L\u00e4gg till i varukorg<\/a><\/div>\t<span id=\"woocommerce_loop_add_to_cart_link_describedby_96124\" class=\"screen-reader-text\">\n\t\t\t<\/span>\n\t\t<\/div>\n\t<\/div>\n\t\t<\/div>\n<\/div><\/div>\n","protected":false},"excerpt":{"rendered":"","protected":false},"author":6,"featured_media":0,"parent":2163,"menu_order":1,"comment_status":"closed","ping_status":"closed","template":"","meta":{"footnotes":""},"class_list":["post-2167","page","type-page","status-publish","hentry"],"yoast_head":"<!-- This site is optimized with the Yoast SEO Premium plugin v26.7 (Yoast SEO v26.7) - https:\/\/yoast.com\/wordpress\/plugins\/seo\/ -->\n<title>Mobiltelefoner- Vilken mobiltelefon passar dig b\u00e4st?<\/title>\n<meta name=\"description\" content=\"Mobiltelefoner- Att v\u00e4lja telefon kan k\u00e4nnas som att g\u00e5 vilse i en djungel, h\u00e4r har du n\u00e5gra saker att fundera \u00f6ver n\u00e4r du ska v\u00e4lja\" \/>\n<meta name=\"robots\" content=\"index, follow, max-snippet:-1, max-image-preview:large, max-video-preview:-1\" \/>\n<link rel=\"canonical\" href=\"https:\/\/www.heddata.se\/webbutik\/telefon-surfplattor\/mobiltelefoner\/\" \/>\n<meta property=\"og:locale\" content=\"sv_SE\" \/>\n<meta property=\"og:type\" content=\"article\" \/>\n<meta property=\"og:title\" content=\"Mobiltelefoner\" \/>\n<meta property=\"og:description\" content=\"Mobiltelefoner- Att v\u00e4lja telefon kan k\u00e4nnas som att g\u00e5 vilse i en djungel, h\u00e4r har du n\u00e5gra saker att fundera \u00f6ver n\u00e4r du ska v\u00e4lja\" \/>\n<meta property=\"og:url\" content=\"https:\/\/www.heddata.se\/webbutik\/telefon-surfplattor\/mobiltelefoner\/\" \/>\n<meta property=\"og:site_name\" content=\"Datorer, Skrivare, F\u00e4rgpatroner, Mobiltelefoner\" \/>\n<meta property=\"article:modified_time\" content=\"2023-05-10T08:04:18+00:00\" \/>\n<meta name=\"twitter:card\" content=\"summary_large_image\" \/>\n<meta name=\"twitter:label1\" content=\"Ber\u00e4knad l\u00e4stid\" \/>\n\t<meta name=\"twitter:data1\" content=\"2 minuter\" \/>\n<script type=\"application\/ld+json\" class=\"yoast-schema-graph\">{\"@context\":\"https:\/\/schema.org\",\"@graph\":[{\"@type\":\"WebPage\",\"@id\":\"https:\/\/www.heddata.se\/webbutik\/telefon-surfplattor\/mobiltelefoner\/\",\"url\":\"https:\/\/www.heddata.se\/webbutik\/telefon-surfplattor\/mobiltelefoner\/\",\"name\":\"Mobiltelefoner- Vilken mobiltelefon passar dig b\u00e4st?\",\"isPartOf\":{\"@id\":\"https:\/\/www.heddata.se\/webbutik\/#website\"},\"datePublished\":\"2019-10-09T08:22:48+00:00\",\"dateModified\":\"2023-05-10T08:04:18+00:00\",\"description\":\"Mobiltelefoner- Att v\u00e4lja telefon kan k\u00e4nnas som att g\u00e5 vilse i en djungel, h\u00e4r har du n\u00e5gra saker att fundera \u00f6ver n\u00e4r du ska v\u00e4lja\",\"breadcrumb\":{\"@id\":\"https:\/\/www.heddata.se\/webbutik\/telefon-surfplattor\/mobiltelefoner\/#breadcrumb\"},\"inLanguage\":\"sv-SE\",\"potentialAction\":[{\"@type\":\"ReadAction\",\"target\":[\"https:\/\/www.heddata.se\/webbutik\/telefon-surfplattor\/mobiltelefoner\/\"]}]},{\"@type\":\"BreadcrumbList\",\"@id\":\"https:\/\/www.heddata.se\/webbutik\/telefon-surfplattor\/mobiltelefoner\/#breadcrumb\",\"itemListElement\":[{\"@type\":\"ListItem\",\"position\":1,\"name\":\"Hem\",\"item\":\"https:\/\/www.heddata.se\/webbutik\/\"},{\"@type\":\"ListItem\",\"position\":2,\"name\":\"Telefoner &#038; surfplattor\",\"item\":\"https:\/\/www.heddata.se\/webbutik\/telefon-surfplattor\/\"},{\"@type\":\"ListItem\",\"position\":3,\"name\":\"Mobiltelefoner\"}]},{\"@type\":\"WebSite\",\"@id\":\"https:\/\/www.heddata.se\/webbutik\/#website\",\"url\":\"https:\/\/www.heddata.se\/webbutik\/\",\"name\":\"Datorer, Skrivare, F\u00e4rgpatroner, Mobiltelefoner\",\"description\":\"Kablar\",\"publisher\":{\"@id\":\"https:\/\/www.heddata.se\/webbutik\/#organization\"},\"potentialAction\":[{\"@type\":\"SearchAction\",\"target\":{\"@type\":\"EntryPoint\",\"urlTemplate\":\"https:\/\/www.heddata.se\/webbutik\/?s={search_term_string}\"},\"query-input\":{\"@type\":\"PropertyValueSpecification\",\"valueRequired\":true,\"valueName\":\"search_term_string\"}}],\"inLanguage\":\"sv-SE\"},{\"@type\":\"Organization\",\"@id\":\"https:\/\/www.heddata.se\/webbutik\/#organization\",\"name\":\"Heddata AB\",\"url\":\"https:\/\/www.heddata.se\/webbutik\/\",\"logo\":{\"@type\":\"ImageObject\",\"inLanguage\":\"sv-SE\",\"@id\":\"https:\/\/www.heddata.se\/webbutik\/#\/schema\/logo\/image\/\",\"url\":\"https:\/\/www.heddata.se\/webbutik\/wp-content\/uploads\/logga\/heddata-ab-logga.png\",\"contentUrl\":\"https:\/\/www.heddata.se\/webbutik\/wp-content\/uploads\/logga\/heddata-ab-logga.png\",\"width\":200,\"height\":64,\"caption\":\"Heddata AB\"},\"image\":{\"@id\":\"https:\/\/www.heddata.se\/webbutik\/#\/schema\/logo\/image\/\"}}]}<\/script>\n<!-- \/ Yoast SEO Premium plugin. -->","yoast_head_json":{"title":"Mobiltelefoner- Vilken mobiltelefon passar dig b\u00e4st?","description":"Mobiltelefoner- Att v\u00e4lja telefon kan k\u00e4nnas som att g\u00e5 vilse i en djungel, h\u00e4r har du n\u00e5gra saker att fundera \u00f6ver n\u00e4r du ska v\u00e4lja","robots":{"index":"index","follow":"follow","max-snippet":"max-snippet:-1","max-image-preview":"max-image-preview:large","max-video-preview":"max-video-preview:-1"},"canonical":"https:\/\/www.heddata.se\/webbutik\/telefon-surfplattor\/mobiltelefoner\/","og_locale":"sv_SE","og_type":"article","og_title":"Mobiltelefoner","og_description":"Mobiltelefoner- Att v\u00e4lja telefon kan k\u00e4nnas som att g\u00e5 vilse i en djungel, h\u00e4r har du n\u00e5gra saker att fundera \u00f6ver n\u00e4r du ska v\u00e4lja","og_url":"https:\/\/www.heddata.se\/webbutik\/telefon-surfplattor\/mobiltelefoner\/","og_site_name":"Datorer, Skrivare, F\u00e4rgpatroner, Mobiltelefoner","article_modified_time":"2023-05-10T08:04:18+00:00","twitter_card":"summary_large_image","twitter_misc":{"Ber\u00e4knad l\u00e4stid":"2 minuter"},"schema":{"@context":"https:\/\/schema.org","@graph":[{"@type":"WebPage","@id":"https:\/\/www.heddata.se\/webbutik\/telefon-surfplattor\/mobiltelefoner\/","url":"https:\/\/www.heddata.se\/webbutik\/telefon-surfplattor\/mobiltelefoner\/","name":"Mobiltelefoner- Vilken mobiltelefon passar dig b\u00e4st?","isPartOf":{"@id":"https:\/\/www.heddata.se\/webbutik\/#website"},"datePublished":"2019-10-09T08:22:48+00:00","dateModified":"2023-05-10T08:04:18+00:00","description":"Mobiltelefoner- Att v\u00e4lja telefon kan k\u00e4nnas som att g\u00e5 vilse i en djungel, h\u00e4r har du n\u00e5gra saker att fundera \u00f6ver n\u00e4r du ska v\u00e4lja","breadcrumb":{"@id":"https:\/\/www.heddata.se\/webbutik\/telefon-surfplattor\/mobiltelefoner\/#breadcrumb"},"inLanguage":"sv-SE","potentialAction":[{"@type":"ReadAction","target":["https:\/\/www.heddata.se\/webbutik\/telefon-surfplattor\/mobiltelefoner\/"]}]},{"@type":"BreadcrumbList","@id":"https:\/\/www.heddata.se\/webbutik\/telefon-surfplattor\/mobiltelefoner\/#breadcrumb","itemListElement":[{"@type":"ListItem","position":1,"name":"Hem","item":"https:\/\/www.heddata.se\/webbutik\/"},{"@type":"ListItem","position":2,"name":"Telefoner &#038; surfplattor","item":"https:\/\/www.heddata.se\/webbutik\/telefon-surfplattor\/"},{"@type":"ListItem","position":3,"name":"Mobiltelefoner"}]},{"@type":"WebSite","@id":"https:\/\/www.heddata.se\/webbutik\/#website","url":"https:\/\/www.heddata.se\/webbutik\/","name":"Datorer, Skrivare, F\u00e4rgpatroner, Mobiltelefoner","description":"Kablar","publisher":{"@id":"https:\/\/www.heddata.se\/webbutik\/#organization"},"potentialAction":[{"@type":"SearchAction","target":{"@type":"EntryPoint","urlTemplate":"https:\/\/www.heddata.se\/webbutik\/?s={search_term_string}"},"query-input":{"@type":"PropertyValueSpecification","valueRequired":true,"valueName":"search_term_string"}}],"inLanguage":"sv-SE"},{"@type":"Organization","@id":"https:\/\/www.heddata.se\/webbutik\/#organization","name":"Heddata AB","url":"https:\/\/www.heddata.se\/webbutik\/","logo":{"@type":"ImageObject","inLanguage":"sv-SE","@id":"https:\/\/www.heddata.se\/webbutik\/#\/schema\/logo\/image\/","url":"https:\/\/www.heddata.se\/webbutik\/wp-content\/uploads\/logga\/heddata-ab-logga.png","contentUrl":"https:\/\/www.heddata.se\/webbutik\/wp-content\/uploads\/logga\/heddata-ab-logga.png","width":200,"height":64,"caption":"Heddata AB"},"image":{"@id":"https:\/\/www.heddata.se\/webbutik\/#\/schema\/logo\/image\/"}}]}},"_links":{"self":[{"href":"https:\/\/www.heddata.se\/webbutik\/wp-json\/wp\/v2\/pages\/2167","targetHints":{"allow":["GET"]}}],"collection":[{"href":"https:\/\/www.heddata.se\/webbutik\/wp-json\/wp\/v2\/pages"}],"about":[{"href":"https:\/\/www.heddata.se\/webbutik\/wp-json\/wp\/v2\/types\/page"}],"author":[{"embeddable":true,"href":"https:\/\/www.heddata.se\/webbutik\/wp-json\/wp\/v2\/users\/6"}],"replies":[{"embeddable":true,"href":"https:\/\/www.heddata.se\/webbutik\/wp-json\/wp\/v2\/comments?post=2167"}],"version-history":[{"count":24,"href":"https:\/\/www.heddata.se\/webbutik\/wp-json\/wp\/v2\/pages\/2167\/revisions"}],"predecessor-version":[{"id":93999,"href":"https:\/\/www.heddata.se\/webbutik\/wp-json\/wp\/v2\/pages\/2167\/revisions\/93999"}],"up":[{"embeddable":true,"href":"https:\/\/www.heddata.se\/webbutik\/wp-json\/wp\/v2\/pages\/2163"}],"wp:attachment":[{"href":"https:\/\/www.heddata.se\/webbutik\/wp-json\/wp\/v2\/media?parent=2167"}],"curies":[{"name":"wp","href":"https:\/\/api.w.org\/{rel}","templated":true}]}}