{"id":2153,"date":"2019-10-09T10:22:47","date_gmt":"2019-10-09T08:22:47","guid":{"rendered":"https:\/\/www.heddata.se\/webbutik\/?page_id=2153"},"modified":"2020-04-23T10:39:04","modified_gmt":"2020-04-23T08:39:04","slug":"extern-harddisk","status":"publish","type":"page","link":"https:\/\/www.heddata.se\/webbutik\/extern-harddisk\/","title":{"rendered":"Extern h\u00e5rddisk"},"content":{"rendered":"\n  <div class=\"banner has-hover\" id=\"banner-1282376076\">\n          <div class=\"banner-inner fill\">\n        <div class=\"banner-bg fill\" >\n            <img loading=\"lazy\" decoding=\"async\" width=\"1920\" height=\"1200\" src=\"https:\/\/www.heddata.se\/webbutik\/wp-content\/uploads\/Banners\/adata-lagring-harddisk-extern.jpg\" class=\"bg attachment-original size-original\" alt=\"adata-lagring-harddisk-extern\" \/>                                    \n                    <\/div>\n\t\t\n        <div class=\"banner-layers container\">\n            <div class=\"fill banner-link\"><\/div>            \n   <div id=\"text-box-1697861486\" class=\"text-box banner-layer x50 md-x50 lg-x50 y50 md-y50 lg-y50 res-text\">\n                     <div data-animate=\"fadeInLeft\">           <div class=\"text-box-content text dark text-shadow-3\">\n              \n              <div class=\"text-inner text-center\">\n                  \n<h3 class=\"uppercase\"><strong>Extern h\u00e5rddisk<\/strong><\/h3>\n<p>Anv\u00e4nd en <strong>extern h\u00e5rddisk<\/strong> f\u00f6r att s\u00e4kert flytta filer eller bilder mellan tv\u00e5 datorer. Eller f\u00f6r s\u00e4kerhetskopiering av det du har p\u00e5 din dator, telefon eller surfplatta, kamera eller andra enheter. Att samla data och backuper p\u00e5 en externa h\u00e5rddiskar har m\u00e5nga f\u00f6rdelar f\u00f6r dig.<\/p>\n              <\/div>\n           <\/div>\n       <\/div>                     \n<style>\n#text-box-1697861486 {\n  width: 60%;\n}\n#text-box-1697861486 .text-box-content {\n  font-size: 100%;\n}\n<\/style>\n    <\/div>\n \n        <\/div>\n      <\/div>\n\n            \n<style>\n#banner-1282376076 {\n  padding-top: 200px;\n  background-color: rgb(255, 255, 255);\n}\n@media (min-width:550px) {\n  #banner-1282376076 {\n    padding-top: 198px;\n  }\n}\n@media (min-width:850px) {\n  #banner-1282376076 {\n    padding-top: 285px;\n  }\n}\n<\/style>\n  <\/div>\n\n\n<div class=\"container section-title-container\" ><h3 class=\"section-title section-title-bold-center\"><b aria-hidden=\"true\"><\/b><span class=\"section-title-main\" >produkter<\/span><b aria-hidden=\"true\"><\/b><\/h3><\/div>\n<div class=\"row\"  id=\"row-1002514191\">\n\n\t<div id=\"col-486193335\" class=\"col small-12 large-12\"  >\n\t\t\t\t<div class=\"col-inner\"  >\n\t\t\t\n\t\t\t\n<div class=\"searchform-wrapper ux-search-box relative form-flat is-normal\"><form role=\"search\" method=\"get\" class=\"searchform\" action=\"https:\/\/www.heddata.se\/webbutik\/\">\n\t<div class=\"flex-row relative\">\n\t\t\t\t\t<div class=\"flex-col search-form-categories\">\n\t\t\t\t<select class=\"search_categories resize-select mb-0\" name=\"product_cat\"><option value=\"\" selected='selected'>All<\/option><option value=\"antenn\">Antenn<\/option><option value=\"batterier\">Batterier<\/option><option value=\"blackpatroner-toners\">Bl\u00e4ckpatroner &amp; Toners<\/option><option value=\"datorer-tillbehor\">Datorer &amp; tillbeh\u00f6r<\/option><option value=\"el\">EL<\/option><option value=\"fotopapper\">Fotopapper<\/option><option value=\"gaming\">Gaming<\/option><option value=\"hemelektronik\">Hemelektronik<\/option><option value=\"horlurar-headset\">H\u00f6rlurar &amp; headset<\/option><option value=\"kablar\">Kablar<\/option><option value=\"komponenter\">Komponenter<\/option><option value=\"kontorstillbehor\">Kontorstillbeh\u00f6r<\/option><option value=\"lagring\">Lagring<\/option><option value=\"larm-overvakning\">Larm &amp; \u00d6vervakning<\/option><option value=\"natverk\">N\u00e4tverk<\/option><option value=\"okategoriserad\">Okategoriserad<\/option><option value=\"ovrigt\">\u00d6vrigt<\/option><option value=\"programvara\">Programvara<\/option><option value=\"skarmar\">Sk\u00e4rmar<\/option><option value=\"skrivare\">Skrivare<\/option><option value=\"telefoner-surfplattor\">Telefoner &amp; Surfplattor<\/option><option value=\"telefontillbehor\">Telefontillbeh\u00f6r<\/option><option value=\"tillbehor-jaktradio\">Tillbeh\u00f6r Jaktradio<\/option><\/select>\t\t\t<\/div>\n\t\t\t\t\t\t<div class=\"flex-col flex-grow\">\n\t\t\t<label class=\"screen-reader-text\" for=\"woocommerce-product-search-field-0\">S\u00f6k efter:<\/label>\n\t\t\t<input type=\"search\" id=\"woocommerce-product-search-field-0\" class=\"search-field mb-0\" placeholder=\"Hitta produkt\" value=\"\" name=\"s\" \/>\n\t\t\t<input type=\"hidden\" name=\"post_type\" value=\"product\" \/>\n\t\t\t\t\t<\/div>\n\t\t<div class=\"flex-col\">\n\t\t\t<button type=\"submit\" value=\"S\u00f6k\" class=\"ux-search-submit submit-button secondary button  icon mb-0\" aria-label=\"Submit\">\n\t\t\t\t<i class=\"icon-search\" aria-hidden=\"true\"><\/i>\t\t\t<\/button>\n\t\t<\/div>\n\t<\/div>\n\t<div class=\"live-search-results text-left z-top\"><\/div>\n<\/form>\n<\/div>\n\t\t<\/div>\n\t\t\t\t\t<\/div>\n\n\t\n<\/div>\n\t\n  \n    <div class=\"row large-columns-5 medium-columns-3 small-columns-2 row-normal\" >\n  \n\t     <div class=\"product-small col has-hover product type-product post-10847 status-publish first instock product_cat-extern-harddisk product_cat-lagring has-post-thumbnail taxable shipping-taxable purchasable product-type-simple\">\n\t<div class=\"col-inner\">\n\t\n<div class=\"badge-container absolute left top z-1\">\n\n<\/div>\n\t<div class=\"product-small box \">\n\t\t<div class=\"box-image\">\n\t\t\t<div class=\"image-fade_in_back\">\n\t\t\t\t<a href=\"https:\/\/www.heddata.se\/webbutik\/produkt\/logilink-kapsling-35-tums-s-sata-hdd-usb-3-0-aluminium-sata-300\/\">\n\t\t\t\t\t<img loading=\"lazy\" decoding=\"async\" width=\"250\" height=\"250\" src=\"https:\/\/www.heddata.se\/webbutik\/wp-content\/uploads\/webbutik\/kategorier\/Lagring\/LogiLink-Kapsling-forvaring-250x250.jpg\" class=\"attachment-woocommerce_thumbnail size-woocommerce_thumbnail\" alt=\"LogiLink Kapsling 3,5 tums S-SATA HDD USB 3.0 Aluminium | SATA-300\" srcset=\"https:\/\/www.heddata.se\/webbutik\/wp-content\/uploads\/webbutik\/kategorier\/Lagring\/LogiLink-Kapsling-forvaring-250x250.jpg 250w, https:\/\/www.heddata.se\/webbutik\/wp-content\/uploads\/webbutik\/kategorier\/Lagring\/LogiLink-Kapsling-forvaring-100x100.jpg 100w, https:\/\/www.heddata.se\/webbutik\/wp-content\/uploads\/webbutik\/kategorier\/Lagring\/LogiLink-Kapsling-forvaring-300x300.jpg 300w, https:\/\/www.heddata.se\/webbutik\/wp-content\/uploads\/webbutik\/kategorier\/Lagring\/LogiLink-Kapsling-forvaring.jpg 500w\" sizes=\"auto, (max-width: 250px) 100vw, 250px\" \/>\t\t\t\t<\/a>\n\t\t\t<\/div>\n\t\t\t<div class=\"image-tools is-small top right show-on-hover\">\n\t\t\t\t\t\t\t<\/div>\n\t\t\t<div class=\"image-tools is-small hide-for-small bottom left show-on-hover\">\n\t\t\t\t\t\t\t<\/div>\n\t\t\t<div class=\"image-tools grid-tools text-center hide-for-small bottom hover-slide-in show-on-hover\">\n\t\t\t\t\t\t\t<\/div>\n\t\t\t\t\t<\/div>\n\n\t\t<div class=\"box-text box-text-products text-center grid-style-2\">\n\t\t\t<div class=\"title-wrapper\">\t\t<p class=\"category uppercase is-smaller no-text-overflow product-cat op-8\">\n\t\t\tExtern h\u00e5rddisk\t\t<\/p>\n\t<p class=\"name product-title woocommerce-loop-product__title\"><a href=\"https:\/\/www.heddata.se\/webbutik\/produkt\/logilink-kapsling-35-tums-s-sata-hdd-usb-3-0-aluminium-sata-300\/\" class=\"woocommerce-LoopProduct-link woocommerce-loop-product__link\">LogiLink Kapsling 3,5 tums S-SATA HDD USB 3.0 Aluminium | SATA-300<\/a><\/p><\/div><div class=\"price-wrapper\">\n\t<span class=\"price\"><span class=\"woocommerce-Price-amount amount\"><bdi>350&nbsp;<span class=\"woocommerce-Price-currencySymbol\">&#107;&#114;<\/span><\/bdi><\/span><\/span>\n<\/div><div class=\"add-to-cart-button\"><a href=\"\/webbutik\/wp-json\/wp\/v2\/pages\/2153?add-to-cart=10847\" aria-describedby=\"woocommerce_loop_add_to_cart_link_describedby_10847\" data-quantity=\"1\" class=\"primary is-small mb-0 button product_type_simple add_to_cart_button ajax_add_to_cart is-outline\" data-product_id=\"10847\" data-product_sku=\"UA0107\" aria-label=\"L\u00e4gg till i varukorgen: \u201dLogiLink Kapsling 3,5 tums S-SATA HDD USB 3.0 Aluminium | SATA-300\u201d\" rel=\"nofollow\" data-success_message=\"&quot;LogiLink Kapsling 3,5 tums S-SATA HDD USB 3.0 Aluminium | SATA-300&quot; har lagts till i din varukorg\">L\u00e4gg till i varukorg<\/a><\/div>\t<span id=\"woocommerce_loop_add_to_cart_link_describedby_10847\" class=\"screen-reader-text\">\n\t\t\t<\/span>\n\t\t<\/div>\n\t<\/div>\n\t\t<\/div>\n<\/div><div class=\"product-small col has-hover product type-product post-10803 status-publish instock product_cat-extern-harddisk product_cat-lagring has-post-thumbnail taxable shipping-taxable purchasable product-type-simple\">\n\t<div class=\"col-inner\">\n\t\n<div class=\"badge-container absolute left top z-1\">\n\n<\/div>\n\t<div class=\"product-small box \">\n\t\t<div class=\"box-image\">\n\t\t\t<div class=\"image-fade_in_back\">\n\t\t\t\t<a href=\"https:\/\/www.heddata.se\/webbutik\/produkt\/externt-25-hdd-sdd-kabinett-usb-c\/\">\n\t\t\t\t\t<img loading=\"lazy\" decoding=\"async\" width=\"250\" height=\"250\" src=\"https:\/\/www.heddata.se\/webbutik\/wp-content\/uploads\/GD47C-250x250.jpg\" class=\"attachment-woocommerce_thumbnail size-woocommerce_thumbnail\" alt=\"Externt 2,5&quot; HDD\/SDD-kabinett, USB-C\" srcset=\"https:\/\/www.heddata.se\/webbutik\/wp-content\/uploads\/GD47C-250x250.jpg 250w, https:\/\/www.heddata.se\/webbutik\/wp-content\/uploads\/GD47C-300x300.jpg 300w, https:\/\/www.heddata.se\/webbutik\/wp-content\/uploads\/GD47C-100x100.jpg 100w, https:\/\/www.heddata.se\/webbutik\/wp-content\/uploads\/GD47C.jpg 456w\" sizes=\"auto, (max-width: 250px) 100vw, 250px\" \/>\t\t\t\t<\/a>\n\t\t\t<\/div>\n\t\t\t<div class=\"image-tools is-small top right show-on-hover\">\n\t\t\t\t\t\t\t<\/div>\n\t\t\t<div class=\"image-tools is-small hide-for-small bottom left show-on-hover\">\n\t\t\t\t\t\t\t<\/div>\n\t\t\t<div class=\"image-tools grid-tools text-center hide-for-small bottom hover-slide-in show-on-hover\">\n\t\t\t\t\t\t\t<\/div>\n\t\t\t\t\t<\/div>\n\n\t\t<div class=\"box-text box-text-products text-center grid-style-2\">\n\t\t\t<div class=\"title-wrapper\">\t\t<p class=\"category uppercase is-smaller no-text-overflow product-cat op-8\">\n\t\t\tExtern h\u00e5rddisk\t\t<\/p>\n\t<p class=\"name product-title woocommerce-loop-product__title\"><a href=\"https:\/\/www.heddata.se\/webbutik\/produkt\/externt-25-hdd-sdd-kabinett-usb-c\/\" class=\"woocommerce-LoopProduct-link woocommerce-loop-product__link\">Externt 2,5&#8243; HDD\/SDD-kabinett, USB-C<\/a><\/p><\/div><div class=\"price-wrapper\">\n\t<span class=\"price\"><span class=\"woocommerce-Price-amount amount\"><bdi>250&nbsp;<span class=\"woocommerce-Price-currencySymbol\">&#107;&#114;<\/span><\/bdi><\/span><\/span>\n<\/div><div class=\"add-to-cart-button\"><a href=\"\/webbutik\/wp-json\/wp\/v2\/pages\/2153?add-to-cart=10803\" aria-describedby=\"woocommerce_loop_add_to_cart_link_describedby_10803\" data-quantity=\"1\" class=\"primary is-small mb-0 button product_type_simple add_to_cart_button ajax_add_to_cart is-outline\" data-product_id=\"10803\" data-product_sku=\"MAP-GD47C\" aria-label=\"L\u00e4gg till i varukorgen: \u201dExternt 2,5&quot; HDD\/SDD-kabinett, USB-C\u201d\" rel=\"nofollow\" data-success_message=\"&quot;Externt 2,5&quot; HDD\/SDD-kabinett, USB-C&quot; har lagts till i din varukorg\">L\u00e4gg till i varukorg<\/a><\/div>\t<span id=\"woocommerce_loop_add_to_cart_link_describedby_10803\" class=\"screen-reader-text\">\n\t\t\t<\/span>\n\t\t<\/div>\n\t<\/div>\n\t\t<\/div>\n<\/div><\/div>\n","protected":false},"excerpt":{"rendered":"","protected":false},"author":6,"featured_media":0,"parent":0,"menu_order":0,"comment_status":"closed","ping_status":"closed","template":"","meta":{"footnotes":""},"class_list":["post-2153","page","type-page","status-publish","hentry"],"yoast_head":"<!-- This site is optimized with the Yoast SEO Premium plugin v26.7 (Yoast SEO v26.7) - https:\/\/yoast.com\/wordpress\/plugins\/seo\/ -->\n<title>Extern h\u00e5rddisk- F\u00f6r s\u00e4ker f\u00f6rflyttning, lagring eller s\u00e4kerhetskopiering<\/title>\n<meta name=\"description\" content=\"Extern h\u00e5rddisk. Anv\u00e4nd en extern h\u00e5rddisk f\u00f6r att s\u00e4kert flytta filer eller bilder mellan tv\u00e5 datorer, back ups, lagring av filer, bilder och annat.\" \/>\n<meta name=\"robots\" content=\"index, follow, max-snippet:-1, max-image-preview:large, max-video-preview:-1\" \/>\n<link rel=\"canonical\" href=\"https:\/\/www.heddata.se\/webbutik\/extern-harddisk\/\" \/>\n<meta property=\"og:locale\" content=\"sv_SE\" \/>\n<meta property=\"og:type\" content=\"article\" \/>\n<meta property=\"og:title\" content=\"Extern h\u00e5rddisk\" \/>\n<meta property=\"og:description\" content=\"Extern h\u00e5rddisk. Anv\u00e4nd en extern h\u00e5rddisk f\u00f6r att s\u00e4kert flytta filer eller bilder mellan tv\u00e5 datorer, back ups, lagring av filer, bilder och annat.\" \/>\n<meta property=\"og:url\" content=\"https:\/\/www.heddata.se\/webbutik\/extern-harddisk\/\" \/>\n<meta property=\"og:site_name\" content=\"Datorer, Skrivare, F\u00e4rgpatroner, Mobiltelefoner\" \/>\n<meta property=\"article:modified_time\" content=\"2020-04-23T08:39:04+00:00\" \/>\n<meta name=\"twitter:card\" content=\"summary_large_image\" \/>\n<meta name=\"twitter:label1\" content=\"Ber\u00e4knad l\u00e4stid\" \/>\n\t<meta name=\"twitter:data1\" content=\"1 minut\" \/>\n<script type=\"application\/ld+json\" class=\"yoast-schema-graph\">{\"@context\":\"https:\/\/schema.org\",\"@graph\":[{\"@type\":\"WebPage\",\"@id\":\"https:\/\/www.heddata.se\/webbutik\/extern-harddisk\/\",\"url\":\"https:\/\/www.heddata.se\/webbutik\/extern-harddisk\/\",\"name\":\"Extern h\u00e5rddisk- F\u00f6r s\u00e4ker f\u00f6rflyttning, lagring eller s\u00e4kerhetskopiering\",\"isPartOf\":{\"@id\":\"https:\/\/www.heddata.se\/webbutik\/#website\"},\"datePublished\":\"2019-10-09T08:22:47+00:00\",\"dateModified\":\"2020-04-23T08:39:04+00:00\",\"description\":\"Extern h\u00e5rddisk. Anv\u00e4nd en extern h\u00e5rddisk f\u00f6r att s\u00e4kert flytta filer eller bilder mellan tv\u00e5 datorer, back ups, lagring av filer, bilder och annat.\",\"breadcrumb\":{\"@id\":\"https:\/\/www.heddata.se\/webbutik\/extern-harddisk\/#breadcrumb\"},\"inLanguage\":\"sv-SE\",\"potentialAction\":[{\"@type\":\"ReadAction\",\"target\":[\"https:\/\/www.heddata.se\/webbutik\/extern-harddisk\/\"]}]},{\"@type\":\"BreadcrumbList\",\"@id\":\"https:\/\/www.heddata.se\/webbutik\/extern-harddisk\/#breadcrumb\",\"itemListElement\":[{\"@type\":\"ListItem\",\"position\":1,\"name\":\"Hem\",\"item\":\"https:\/\/www.heddata.se\/webbutik\/\"},{\"@type\":\"ListItem\",\"position\":2,\"name\":\"Extern h\u00e5rddisk\"}]},{\"@type\":\"WebSite\",\"@id\":\"https:\/\/www.heddata.se\/webbutik\/#website\",\"url\":\"https:\/\/www.heddata.se\/webbutik\/\",\"name\":\"Datorer, Skrivare, F\u00e4rgpatroner, Mobiltelefoner\",\"description\":\"Kablar\",\"publisher\":{\"@id\":\"https:\/\/www.heddata.se\/webbutik\/#organization\"},\"potentialAction\":[{\"@type\":\"SearchAction\",\"target\":{\"@type\":\"EntryPoint\",\"urlTemplate\":\"https:\/\/www.heddata.se\/webbutik\/?s={search_term_string}\"},\"query-input\":{\"@type\":\"PropertyValueSpecification\",\"valueRequired\":true,\"valueName\":\"search_term_string\"}}],\"inLanguage\":\"sv-SE\"},{\"@type\":\"Organization\",\"@id\":\"https:\/\/www.heddata.se\/webbutik\/#organization\",\"name\":\"Heddata AB\",\"url\":\"https:\/\/www.heddata.se\/webbutik\/\",\"logo\":{\"@type\":\"ImageObject\",\"inLanguage\":\"sv-SE\",\"@id\":\"https:\/\/www.heddata.se\/webbutik\/#\/schema\/logo\/image\/\",\"url\":\"https:\/\/www.heddata.se\/webbutik\/wp-content\/uploads\/logga\/heddata-ab-logga.png\",\"contentUrl\":\"https:\/\/www.heddata.se\/webbutik\/wp-content\/uploads\/logga\/heddata-ab-logga.png\",\"width\":200,\"height\":64,\"caption\":\"Heddata AB\"},\"image\":{\"@id\":\"https:\/\/www.heddata.se\/webbutik\/#\/schema\/logo\/image\/\"}}]}<\/script>\n<!-- \/ Yoast SEO Premium plugin. -->","yoast_head_json":{"title":"Extern h\u00e5rddisk- F\u00f6r s\u00e4ker f\u00f6rflyttning, lagring eller s\u00e4kerhetskopiering","description":"Extern h\u00e5rddisk. Anv\u00e4nd en extern h\u00e5rddisk f\u00f6r att s\u00e4kert flytta filer eller bilder mellan tv\u00e5 datorer, back ups, lagring av filer, bilder och annat.","robots":{"index":"index","follow":"follow","max-snippet":"max-snippet:-1","max-image-preview":"max-image-preview:large","max-video-preview":"max-video-preview:-1"},"canonical":"https:\/\/www.heddata.se\/webbutik\/extern-harddisk\/","og_locale":"sv_SE","og_type":"article","og_title":"Extern h\u00e5rddisk","og_description":"Extern h\u00e5rddisk. Anv\u00e4nd en extern h\u00e5rddisk f\u00f6r att s\u00e4kert flytta filer eller bilder mellan tv\u00e5 datorer, back ups, lagring av filer, bilder och annat.","og_url":"https:\/\/www.heddata.se\/webbutik\/extern-harddisk\/","og_site_name":"Datorer, Skrivare, F\u00e4rgpatroner, Mobiltelefoner","article_modified_time":"2020-04-23T08:39:04+00:00","twitter_card":"summary_large_image","twitter_misc":{"Ber\u00e4knad l\u00e4stid":"1 minut"},"schema":{"@context":"https:\/\/schema.org","@graph":[{"@type":"WebPage","@id":"https:\/\/www.heddata.se\/webbutik\/extern-harddisk\/","url":"https:\/\/www.heddata.se\/webbutik\/extern-harddisk\/","name":"Extern h\u00e5rddisk- F\u00f6r s\u00e4ker f\u00f6rflyttning, lagring eller s\u00e4kerhetskopiering","isPartOf":{"@id":"https:\/\/www.heddata.se\/webbutik\/#website"},"datePublished":"2019-10-09T08:22:47+00:00","dateModified":"2020-04-23T08:39:04+00:00","description":"Extern h\u00e5rddisk. Anv\u00e4nd en extern h\u00e5rddisk f\u00f6r att s\u00e4kert flytta filer eller bilder mellan tv\u00e5 datorer, back ups, lagring av filer, bilder och annat.","breadcrumb":{"@id":"https:\/\/www.heddata.se\/webbutik\/extern-harddisk\/#breadcrumb"},"inLanguage":"sv-SE","potentialAction":[{"@type":"ReadAction","target":["https:\/\/www.heddata.se\/webbutik\/extern-harddisk\/"]}]},{"@type":"BreadcrumbList","@id":"https:\/\/www.heddata.se\/webbutik\/extern-harddisk\/#breadcrumb","itemListElement":[{"@type":"ListItem","position":1,"name":"Hem","item":"https:\/\/www.heddata.se\/webbutik\/"},{"@type":"ListItem","position":2,"name":"Extern h\u00e5rddisk"}]},{"@type":"WebSite","@id":"https:\/\/www.heddata.se\/webbutik\/#website","url":"https:\/\/www.heddata.se\/webbutik\/","name":"Datorer, Skrivare, F\u00e4rgpatroner, Mobiltelefoner","description":"Kablar","publisher":{"@id":"https:\/\/www.heddata.se\/webbutik\/#organization"},"potentialAction":[{"@type":"SearchAction","target":{"@type":"EntryPoint","urlTemplate":"https:\/\/www.heddata.se\/webbutik\/?s={search_term_string}"},"query-input":{"@type":"PropertyValueSpecification","valueRequired":true,"valueName":"search_term_string"}}],"inLanguage":"sv-SE"},{"@type":"Organization","@id":"https:\/\/www.heddata.se\/webbutik\/#organization","name":"Heddata AB","url":"https:\/\/www.heddata.se\/webbutik\/","logo":{"@type":"ImageObject","inLanguage":"sv-SE","@id":"https:\/\/www.heddata.se\/webbutik\/#\/schema\/logo\/image\/","url":"https:\/\/www.heddata.se\/webbutik\/wp-content\/uploads\/logga\/heddata-ab-logga.png","contentUrl":"https:\/\/www.heddata.se\/webbutik\/wp-content\/uploads\/logga\/heddata-ab-logga.png","width":200,"height":64,"caption":"Heddata AB"},"image":{"@id":"https:\/\/www.heddata.se\/webbutik\/#\/schema\/logo\/image\/"}}]}},"_links":{"self":[{"href":"https:\/\/www.heddata.se\/webbutik\/wp-json\/wp\/v2\/pages\/2153","targetHints":{"allow":["GET"]}}],"collection":[{"href":"https:\/\/www.heddata.se\/webbutik\/wp-json\/wp\/v2\/pages"}],"about":[{"href":"https:\/\/www.heddata.se\/webbutik\/wp-json\/wp\/v2\/types\/page"}],"author":[{"embeddable":true,"href":"https:\/\/www.heddata.se\/webbutik\/wp-json\/wp\/v2\/users\/6"}],"replies":[{"embeddable":true,"href":"https:\/\/www.heddata.se\/webbutik\/wp-json\/wp\/v2\/comments?post=2153"}],"version-history":[{"count":7,"href":"https:\/\/www.heddata.se\/webbutik\/wp-json\/wp\/v2\/pages\/2153\/revisions"}],"predecessor-version":[{"id":89550,"href":"https:\/\/www.heddata.se\/webbutik\/wp-json\/wp\/v2\/pages\/2153\/revisions\/89550"}],"wp:attachment":[{"href":"https:\/\/www.heddata.se\/webbutik\/wp-json\/wp\/v2\/media?parent=2153"}],"curies":[{"name":"wp","href":"https:\/\/api.w.org\/{rel}","templated":true}]}}