{"id":2145,"date":"2019-10-09T10:22:47","date_gmt":"2019-10-09T08:22:47","guid":{"rendered":"https:\/\/www.heddata.se\/webbutik\/?page_id=2145"},"modified":"2020-11-09T09:54:34","modified_gmt":"2020-11-09T08:54:34","slug":"ljudsystem-hogtalare","status":"publish","type":"page","link":"https:\/\/www.heddata.se\/webbutik\/hemelektronik\/ljudsystem-hogtalare\/","title":{"rendered":"Ljudsystem &amp; H\u00f6gtalare"},"content":{"rendered":"\t\n  \n    <div class=\"row  equalize-box large-columns-4 medium-columns-3 small-columns-2 row-small\" >\n  \n\t     <div class=\"product-small col has-hover product type-product post-95434 status-publish first instock product_cat-hemelektronik product_cat-ljudsystem-hogtalare product_cat-mediaspelare has-post-thumbnail taxable shipping-taxable purchasable product-type-simple\">\n\t<div class=\"col-inner\">\n\t\n<div class=\"badge-container absolute left top z-1\">\n\n<\/div>\n\t<div class=\"product-small box \">\n\t\t<div class=\"box-image\">\n\t\t\t<div class=\"image-fade_in_back\">\n\t\t\t\t<a href=\"https:\/\/www.heddata.se\/webbutik\/produkt\/google-nest-mini-smart-hogtalare-for-roststyrning-ga00638-se\/\">\n\t\t\t\t\t<img loading=\"lazy\" decoding=\"async\" width=\"250\" height=\"250\" src=\"https:\/\/www.heddata.se\/webbutik\/wp-content\/uploads\/webbutik\/kategorier\/ovrigt-tillbehor\/nestmini2-250x250.jpg\" class=\"attachment-woocommerce_thumbnail size-woocommerce_thumbnail\" alt=\"Google Nest Mini\" srcset=\"https:\/\/www.heddata.se\/webbutik\/wp-content\/uploads\/webbutik\/kategorier\/ovrigt-tillbehor\/nestmini2-250x250.jpg 250w, https:\/\/www.heddata.se\/webbutik\/wp-content\/uploads\/webbutik\/kategorier\/ovrigt-tillbehor\/nestmini2-300x300.jpg 300w, https:\/\/www.heddata.se\/webbutik\/wp-content\/uploads\/webbutik\/kategorier\/ovrigt-tillbehor\/nestmini2-1024x1024.jpg 1024w, https:\/\/www.heddata.se\/webbutik\/wp-content\/uploads\/webbutik\/kategorier\/ovrigt-tillbehor\/nestmini2-768x768.jpg 768w, https:\/\/www.heddata.se\/webbutik\/wp-content\/uploads\/webbutik\/kategorier\/ovrigt-tillbehor\/nestmini2-510x510.jpg 510w, https:\/\/www.heddata.se\/webbutik\/wp-content\/uploads\/webbutik\/kategorier\/ovrigt-tillbehor\/nestmini2-100x100.jpg 100w, https:\/\/www.heddata.se\/webbutik\/wp-content\/uploads\/webbutik\/kategorier\/ovrigt-tillbehor\/nestmini2.jpg 1200w\" sizes=\"auto, (max-width: 250px) 100vw, 250px\" \/>\t\t\t\t<\/a>\n\t\t\t<\/div>\n\t\t\t<div class=\"image-tools is-small top right show-on-hover\">\n\t\t\t\t\t\t\t<\/div>\n\t\t\t<div class=\"image-tools is-small hide-for-small bottom left show-on-hover\">\n\t\t\t\t\t\t\t<\/div>\n\t\t\t<div class=\"image-tools grid-tools text-center hide-for-small bottom hover-slide-in show-on-hover\">\n\t\t\t\t\t\t\t<\/div>\n\t\t\t\t\t<\/div>\n\n\t\t<div class=\"box-text box-text-products text-center grid-style-2\">\n\t\t\t<div class=\"title-wrapper\">\t\t<p class=\"category uppercase is-smaller no-text-overflow product-cat op-8\">\n\t\t\tHemelektronik\t\t<\/p>\n\t<p class=\"name product-title woocommerce-loop-product__title\"><a href=\"https:\/\/www.heddata.se\/webbutik\/produkt\/google-nest-mini-smart-hogtalare-for-roststyrning-ga00638-se\/\" class=\"woocommerce-LoopProduct-link woocommerce-loop-product__link\">Google Nest Mini &#8211; smart h\u00f6gtalare f\u00f6r r\u00f6ststyrning &#8211; GA00638-SE<\/a><\/p><\/div><div class=\"price-wrapper\">\n\t<span class=\"price\"><span class=\"woocommerce-Price-amount amount\"><bdi>890&nbsp;<span class=\"woocommerce-Price-currencySymbol\">&#107;&#114;<\/span><\/bdi><\/span><\/span>\n<\/div><div class=\"add-to-cart-button\"><a href=\"\/webbutik\/wp-json\/wp\/v2\/pages\/2145?add-to-cart=95434\" aria-describedby=\"woocommerce_loop_add_to_cart_link_describedby_95434\" data-quantity=\"1\" class=\"primary is-small mb-0 button product_type_simple add_to_cart_button ajax_add_to_cart is-outline\" data-product_id=\"95434\" data-product_sku=\"GA00638-SE\" aria-label=\"L\u00e4gg till i varukorgen: \u201dGoogle Nest Mini - smart h\u00f6gtalare f\u00f6r r\u00f6ststyrning - GA00638-SE\u201d\" rel=\"nofollow\" data-success_message=\"&quot;Google Nest Mini - smart h\u00f6gtalare f\u00f6r r\u00f6ststyrning - GA00638-SE&quot; har lagts till i din varukorg\">L\u00e4gg till i varukorg<\/a><\/div>\t<span id=\"woocommerce_loop_add_to_cart_link_describedby_95434\" class=\"screen-reader-text\">\n\t\t\t<\/span>\n\t\t<\/div>\n\t<\/div>\n\t\t<\/div>\n<\/div><div class=\"product-small col has-hover product type-product post-93902 status-publish instock product_cat-hemelektronik product_cat-ljudsystem-hogtalare product_cat-powerbanks product_cat-radio product_cat-telefontillbehor has-post-thumbnail taxable shipping-taxable purchasable product-type-simple\">\n\t<div class=\"col-inner\">\n\t\n<div class=\"badge-container absolute left top z-1\">\n\n<\/div>\n\t<div class=\"product-small box \">\n\t\t<div class=\"box-image\">\n\t\t\t<div class=\"image-fade_in_back\">\n\t\t\t\t<a href=\"https:\/\/www.heddata.se\/webbutik\/produkt\/sign-vevradio-med-solceller-ficklampa-och-2000mah-powerbank\/\">\n\t\t\t\t\t<img loading=\"lazy\" decoding=\"async\" width=\"250\" height=\"250\" src=\"https:\/\/www.heddata.se\/webbutik\/wp-content\/uploads\/webbutik\/kategorier\/hemelektronik\/sn-pbdyn-250x250.jpg\" class=\"attachment-woocommerce_thumbnail size-woocommerce_thumbnail\" alt=\"SiGN Vevradio med Solceller\" srcset=\"https:\/\/www.heddata.se\/webbutik\/wp-content\/uploads\/webbutik\/kategorier\/hemelektronik\/sn-pbdyn-250x250.jpg 250w, https:\/\/www.heddata.se\/webbutik\/wp-content\/uploads\/webbutik\/kategorier\/hemelektronik\/sn-pbdyn-300x300.jpg 300w, https:\/\/www.heddata.se\/webbutik\/wp-content\/uploads\/webbutik\/kategorier\/hemelektronik\/sn-pbdyn-768x766.jpg 768w, https:\/\/www.heddata.se\/webbutik\/wp-content\/uploads\/webbutik\/kategorier\/hemelektronik\/sn-pbdyn-510x509.jpg 510w, https:\/\/www.heddata.se\/webbutik\/wp-content\/uploads\/webbutik\/kategorier\/hemelektronik\/sn-pbdyn-100x100.jpg 100w, https:\/\/www.heddata.se\/webbutik\/wp-content\/uploads\/webbutik\/kategorier\/hemelektronik\/sn-pbdyn.jpg 800w\" sizes=\"auto, (max-width: 250px) 100vw, 250px\" \/>\t\t\t\t<\/a>\n\t\t\t<\/div>\n\t\t\t<div class=\"image-tools is-small top right show-on-hover\">\n\t\t\t\t\t\t\t<\/div>\n\t\t\t<div class=\"image-tools is-small hide-for-small bottom left show-on-hover\">\n\t\t\t\t\t\t\t<\/div>\n\t\t\t<div class=\"image-tools grid-tools text-center hide-for-small bottom hover-slide-in show-on-hover\">\n\t\t\t\t\t\t\t<\/div>\n\t\t\t\t\t<\/div>\n\n\t\t<div class=\"box-text box-text-products text-center grid-style-2\">\n\t\t\t<div class=\"title-wrapper\">\t\t<p class=\"category uppercase is-smaller no-text-overflow product-cat op-8\">\n\t\t\tHemelektronik\t\t<\/p>\n\t<p class=\"name product-title woocommerce-loop-product__title\"><a href=\"https:\/\/www.heddata.se\/webbutik\/produkt\/sign-vevradio-med-solceller-ficklampa-och-2000mah-powerbank\/\" class=\"woocommerce-LoopProduct-link woocommerce-loop-product__link\">SiGN Vevradio med Solceller, Ficklampa och 2000mAh Powerbank<\/a><\/p><\/div><div class=\"price-wrapper\">\n\t<span class=\"price\"><span class=\"woocommerce-Price-amount amount\"><bdi>450&nbsp;<span class=\"woocommerce-Price-currencySymbol\">&#107;&#114;<\/span><\/bdi><\/span><\/span>\n<\/div><div class=\"add-to-cart-button\"><a href=\"\/webbutik\/wp-json\/wp\/v2\/pages\/2145?add-to-cart=93902\" aria-describedby=\"woocommerce_loop_add_to_cart_link_describedby_93902\" data-quantity=\"1\" class=\"primary is-small mb-0 button product_type_simple add_to_cart_button ajax_add_to_cart is-outline\" data-product_id=\"93902\" data-product_sku=\"SN-PBDYN\" aria-label=\"L\u00e4gg till i varukorgen: \u201dSiGN Vevradio med Solceller, Ficklampa och 2000mAh Powerbank\u201d\" rel=\"nofollow\" data-success_message=\"&quot;SiGN Vevradio med Solceller, Ficklampa och 2000mAh Powerbank&quot; har lagts till i din varukorg\">L\u00e4gg till i varukorg<\/a><\/div>\t<span id=\"woocommerce_loop_add_to_cart_link_describedby_93902\" class=\"screen-reader-text\">\n\t\t\t<\/span>\n\t\t<\/div>\n\t<\/div>\n\t\t<\/div>\n<\/div><div class=\"product-small col has-hover product type-product post-91253 status-publish instock product_cat-hemelektronik product_cat-ljudsystem-hogtalare product_cat-radio has-post-thumbnail taxable shipping-taxable purchasable product-type-simple\">\n\t<div class=\"col-inner\">\n\t\n<div class=\"badge-container absolute left top z-1\">\n\n<\/div>\n\t<div class=\"product-small box \">\n\t\t<div class=\"box-image\">\n\t\t\t<div class=\"image-fade_in_back\">\n\t\t\t\t<a href=\"https:\/\/www.heddata.se\/webbutik\/produkt\/sangean-wfr-28c-internetradio-natverk-usb-radio\/\">\n\t\t\t\t\t<img loading=\"lazy\" decoding=\"async\" width=\"250\" height=\"250\" src=\"https:\/\/www.heddata.se\/webbutik\/wp-content\/uploads\/webbutik\/kategorier\/hemelektronik\/wfr28c-250x250.jpeg\" class=\"attachment-woocommerce_thumbnail size-woocommerce_thumbnail\" alt=\"Sangean WFR-28C internetradio\" srcset=\"https:\/\/www.heddata.se\/webbutik\/wp-content\/uploads\/webbutik\/kategorier\/hemelektronik\/wfr28c-250x250.jpeg 250w, https:\/\/www.heddata.se\/webbutik\/wp-content\/uploads\/webbutik\/kategorier\/hemelektronik\/wfr28c-300x300.jpeg 300w, https:\/\/www.heddata.se\/webbutik\/wp-content\/uploads\/webbutik\/kategorier\/hemelektronik\/wfr28c-510x510.jpeg 510w, https:\/\/www.heddata.se\/webbutik\/wp-content\/uploads\/webbutik\/kategorier\/hemelektronik\/wfr28c-100x100.jpeg 100w, https:\/\/www.heddata.se\/webbutik\/wp-content\/uploads\/webbutik\/kategorier\/hemelektronik\/wfr28c.jpeg 570w\" sizes=\"auto, (max-width: 250px) 100vw, 250px\" \/>\t\t\t\t<\/a>\n\t\t\t<\/div>\n\t\t\t<div class=\"image-tools is-small top right show-on-hover\">\n\t\t\t\t\t\t\t<\/div>\n\t\t\t<div class=\"image-tools is-small hide-for-small bottom left show-on-hover\">\n\t\t\t\t\t\t\t<\/div>\n\t\t\t<div class=\"image-tools grid-tools text-center hide-for-small bottom hover-slide-in show-on-hover\">\n\t\t\t\t\t\t\t<\/div>\n\t\t\t\t\t<\/div>\n\n\t\t<div class=\"box-text box-text-products text-center grid-style-2\">\n\t\t\t<div class=\"title-wrapper\">\t\t<p class=\"category uppercase is-smaller no-text-overflow product-cat op-8\">\n\t\t\tHemelektronik\t\t<\/p>\n\t<p class=\"name product-title woocommerce-loop-product__title\"><a href=\"https:\/\/www.heddata.se\/webbutik\/produkt\/sangean-wfr-28c-internetradio-natverk-usb-radio\/\" class=\"woocommerce-LoopProduct-link woocommerce-loop-product__link\">Sangean WFR-28C internetradio N\u00e4tverk USB-radio<\/a><\/p><\/div><div class=\"price-wrapper\">\n\t<span class=\"price\"><span class=\"woocommerce-Price-amount amount\"><bdi>2,295&nbsp;<span class=\"woocommerce-Price-currencySymbol\">&#107;&#114;<\/span><\/bdi><\/span><\/span>\n<\/div><div class=\"add-to-cart-button\"><a href=\"\/webbutik\/wp-json\/wp\/v2\/pages\/2145?add-to-cart=91253\" aria-describedby=\"woocommerce_loop_add_to_cart_link_describedby_91253\" data-quantity=\"1\" class=\"primary is-small mb-0 button product_type_simple add_to_cart_button ajax_add_to_cart is-outline\" data-product_id=\"91253\" data-product_sku=\"WFR28C\" aria-label=\"L\u00e4gg till i varukorgen: \u201dSangean WFR-28C internetradio N\u00e4tverk USB-radio\u201d\" rel=\"nofollow\" data-success_message=\"&quot;Sangean WFR-28C internetradio N\u00e4tverk USB-radio&quot; har lagts till i din varukorg\">L\u00e4gg till i varukorg<\/a><\/div>\t<span id=\"woocommerce_loop_add_to_cart_link_describedby_91253\" class=\"screen-reader-text\">\n\t\t\t<\/span>\n\t\t<\/div>\n\t<\/div>\n\t\t<\/div>\n<\/div><div class=\"product-small col has-hover product type-product post-7195 status-publish last instock product_cat-ljudsystem-hogtalare has-post-thumbnail taxable shipping-taxable purchasable product-type-simple\">\n\t<div class=\"col-inner\">\n\t\n<div class=\"badge-container absolute left top z-1\">\n\n<\/div>\n\t<div class=\"product-small box \">\n\t\t<div class=\"box-image\">\n\t\t\t<div class=\"image-fade_in_back\">\n\t\t\t\t<a href=\"https:\/\/www.heddata.se\/webbutik\/produkt\/apple-dock-bluetooth-stream\/\">\n\t\t\t\t\t<img loading=\"lazy\" decoding=\"async\" width=\"250\" height=\"250\" src=\"https:\/\/www.heddata.se\/webbutik\/wp-content\/uploads\/webbutik\/kategorier\/Ovrigt-tillbehor\/Apple-Dock-Bluetooth-Stream-250x250.jpg\" class=\"attachment-woocommerce_thumbnail size-woocommerce_thumbnail\" alt=\"Apple Dock - Bluetooth Stream\" srcset=\"https:\/\/www.heddata.se\/webbutik\/wp-content\/uploads\/webbutik\/kategorier\/Ovrigt-tillbehor\/Apple-Dock-Bluetooth-Stream-250x250.jpg 250w, https:\/\/www.heddata.se\/webbutik\/wp-content\/uploads\/webbutik\/kategorier\/Ovrigt-tillbehor\/Apple-Dock-Bluetooth-Stream-100x100.jpg 100w, https:\/\/www.heddata.se\/webbutik\/wp-content\/uploads\/webbutik\/kategorier\/Ovrigt-tillbehor\/Apple-Dock-Bluetooth-Stream-150x150.jpg 150w\" sizes=\"auto, (max-width: 250px) 100vw, 250px\" \/>\t\t\t\t<\/a>\n\t\t\t<\/div>\n\t\t\t<div class=\"image-tools is-small top right show-on-hover\">\n\t\t\t\t\t\t\t<\/div>\n\t\t\t<div class=\"image-tools is-small hide-for-small bottom left show-on-hover\">\n\t\t\t\t\t\t\t<\/div>\n\t\t\t<div class=\"image-tools grid-tools text-center hide-for-small bottom hover-slide-in show-on-hover\">\n\t\t\t\t\t\t\t<\/div>\n\t\t\t\t\t<\/div>\n\n\t\t<div class=\"box-text box-text-products text-center grid-style-2\">\n\t\t\t<div class=\"title-wrapper\">\t\t<p class=\"category uppercase is-smaller no-text-overflow product-cat op-8\">\n\t\t\tLjudsystem &amp; H\u00f6gtalare\t\t<\/p>\n\t<p class=\"name product-title woocommerce-loop-product__title\"><a href=\"https:\/\/www.heddata.se\/webbutik\/produkt\/apple-dock-bluetooth-stream\/\" class=\"woocommerce-LoopProduct-link woocommerce-loop-product__link\">Apple Dock &#8211; Bluetooth Stream<\/a><\/p><\/div><div class=\"price-wrapper\">\n\t<span class=\"price\"><span class=\"woocommerce-Price-amount amount\"><bdi>299&nbsp;<span class=\"woocommerce-Price-currencySymbol\">&#107;&#114;<\/span><\/bdi><\/span><\/span>\n<\/div><div class=\"add-to-cart-button\"><a href=\"\/webbutik\/wp-json\/wp\/v2\/pages\/2145?add-to-cart=7195\" aria-describedby=\"woocommerce_loop_add_to_cart_link_describedby_7195\" data-quantity=\"1\" class=\"primary is-small mb-0 button product_type_simple add_to_cart_button ajax_add_to_cart is-outline\" data-product_id=\"7195\" data-product_sku=\"BT0021\" aria-label=\"L\u00e4gg till i varukorgen: \u201dApple Dock - Bluetooth Stream\u201d\" rel=\"nofollow\" data-success_message=\"&quot;Apple Dock - Bluetooth Stream&quot; har lagts till i din varukorg\">L\u00e4gg till i varukorg<\/a><\/div>\t<span id=\"woocommerce_loop_add_to_cart_link_describedby_7195\" class=\"screen-reader-text\">\n\t\t\t<\/span>\n\t\t<\/div>\n\t<\/div>\n\t\t<\/div>\n<\/div><\/div>\n","protected":false},"excerpt":{"rendered":"","protected":false},"author":6,"featured_media":0,"parent":2142,"menu_order":2,"comment_status":"closed","ping_status":"closed","template":"","meta":{"footnotes":""},"class_list":["post-2145","page","type-page","status-publish","hentry"],"yoast_head":"<!-- This site is optimized with the Yoast SEO Premium plugin v26.7 (Yoast SEO v26.7) - https:\/\/yoast.com\/wordpress\/plugins\/seo\/ -->\n<title>Ljudsystem &amp; H\u00f6gtalare - Datorer, Skrivare, F\u00e4rgpatroner, Mobiltelefoner<\/title>\n<meta name=\"robots\" content=\"index, follow, max-snippet:-1, max-image-preview:large, max-video-preview:-1\" \/>\n<link rel=\"canonical\" href=\"https:\/\/www.heddata.se\/webbutik\/hemelektronik\/ljudsystem-hogtalare\/\" \/>\n<meta property=\"og:locale\" content=\"sv_SE\" \/>\n<meta property=\"og:type\" content=\"article\" \/>\n<meta property=\"og:title\" content=\"Ljudsystem &amp; H\u00f6gtalare\" \/>\n<meta property=\"og:url\" content=\"https:\/\/www.heddata.se\/webbutik\/hemelektronik\/ljudsystem-hogtalare\/\" \/>\n<meta property=\"og:site_name\" content=\"Datorer, Skrivare, F\u00e4rgpatroner, Mobiltelefoner\" \/>\n<meta property=\"article:modified_time\" content=\"2020-11-09T08:54:34+00:00\" \/>\n<meta name=\"twitter:card\" content=\"summary_large_image\" \/>\n<script type=\"application\/ld+json\" class=\"yoast-schema-graph\">{\"@context\":\"https:\/\/schema.org\",\"@graph\":[{\"@type\":\"WebPage\",\"@id\":\"https:\/\/www.heddata.se\/webbutik\/hemelektronik\/ljudsystem-hogtalare\/\",\"url\":\"https:\/\/www.heddata.se\/webbutik\/hemelektronik\/ljudsystem-hogtalare\/\",\"name\":\"Ljudsystem &amp; H\u00f6gtalare - Datorer, Skrivare, F\u00e4rgpatroner, Mobiltelefoner\",\"isPartOf\":{\"@id\":\"https:\/\/www.heddata.se\/webbutik\/#website\"},\"datePublished\":\"2019-10-09T08:22:47+00:00\",\"dateModified\":\"2020-11-09T08:54:34+00:00\",\"breadcrumb\":{\"@id\":\"https:\/\/www.heddata.se\/webbutik\/hemelektronik\/ljudsystem-hogtalare\/#breadcrumb\"},\"inLanguage\":\"sv-SE\",\"potentialAction\":[{\"@type\":\"ReadAction\",\"target\":[\"https:\/\/www.heddata.se\/webbutik\/hemelektronik\/ljudsystem-hogtalare\/\"]}]},{\"@type\":\"BreadcrumbList\",\"@id\":\"https:\/\/www.heddata.se\/webbutik\/hemelektronik\/ljudsystem-hogtalare\/#breadcrumb\",\"itemListElement\":[{\"@type\":\"ListItem\",\"position\":1,\"name\":\"Hem\",\"item\":\"https:\/\/www.heddata.se\/webbutik\/\"},{\"@type\":\"ListItem\",\"position\":2,\"name\":\"Hemelektronik\",\"item\":\"https:\/\/www.heddata.se\/webbutik\/hemelektronik\/\"},{\"@type\":\"ListItem\",\"position\":3,\"name\":\"Ljudsystem &amp; H\u00f6gtalare\"}]},{\"@type\":\"WebSite\",\"@id\":\"https:\/\/www.heddata.se\/webbutik\/#website\",\"url\":\"https:\/\/www.heddata.se\/webbutik\/\",\"name\":\"Datorer, Skrivare, F\u00e4rgpatroner, Mobiltelefoner\",\"description\":\"Kablar\",\"publisher\":{\"@id\":\"https:\/\/www.heddata.se\/webbutik\/#organization\"},\"potentialAction\":[{\"@type\":\"SearchAction\",\"target\":{\"@type\":\"EntryPoint\",\"urlTemplate\":\"https:\/\/www.heddata.se\/webbutik\/?s={search_term_string}\"},\"query-input\":{\"@type\":\"PropertyValueSpecification\",\"valueRequired\":true,\"valueName\":\"search_term_string\"}}],\"inLanguage\":\"sv-SE\"},{\"@type\":\"Organization\",\"@id\":\"https:\/\/www.heddata.se\/webbutik\/#organization\",\"name\":\"Heddata AB\",\"url\":\"https:\/\/www.heddata.se\/webbutik\/\",\"logo\":{\"@type\":\"ImageObject\",\"inLanguage\":\"sv-SE\",\"@id\":\"https:\/\/www.heddata.se\/webbutik\/#\/schema\/logo\/image\/\",\"url\":\"https:\/\/www.heddata.se\/webbutik\/wp-content\/uploads\/logga\/heddata-ab-logga.png\",\"contentUrl\":\"https:\/\/www.heddata.se\/webbutik\/wp-content\/uploads\/logga\/heddata-ab-logga.png\",\"width\":200,\"height\":64,\"caption\":\"Heddata AB\"},\"image\":{\"@id\":\"https:\/\/www.heddata.se\/webbutik\/#\/schema\/logo\/image\/\"}}]}<\/script>\n<!-- \/ Yoast SEO Premium plugin. -->","yoast_head_json":{"title":"Ljudsystem &amp; H\u00f6gtalare - Datorer, Skrivare, F\u00e4rgpatroner, Mobiltelefoner","robots":{"index":"index","follow":"follow","max-snippet":"max-snippet:-1","max-image-preview":"max-image-preview:large","max-video-preview":"max-video-preview:-1"},"canonical":"https:\/\/www.heddata.se\/webbutik\/hemelektronik\/ljudsystem-hogtalare\/","og_locale":"sv_SE","og_type":"article","og_title":"Ljudsystem &amp; H\u00f6gtalare","og_url":"https:\/\/www.heddata.se\/webbutik\/hemelektronik\/ljudsystem-hogtalare\/","og_site_name":"Datorer, Skrivare, F\u00e4rgpatroner, Mobiltelefoner","article_modified_time":"2020-11-09T08:54:34+00:00","twitter_card":"summary_large_image","schema":{"@context":"https:\/\/schema.org","@graph":[{"@type":"WebPage","@id":"https:\/\/www.heddata.se\/webbutik\/hemelektronik\/ljudsystem-hogtalare\/","url":"https:\/\/www.heddata.se\/webbutik\/hemelektronik\/ljudsystem-hogtalare\/","name":"Ljudsystem &amp; H\u00f6gtalare - Datorer, Skrivare, F\u00e4rgpatroner, Mobiltelefoner","isPartOf":{"@id":"https:\/\/www.heddata.se\/webbutik\/#website"},"datePublished":"2019-10-09T08:22:47+00:00","dateModified":"2020-11-09T08:54:34+00:00","breadcrumb":{"@id":"https:\/\/www.heddata.se\/webbutik\/hemelektronik\/ljudsystem-hogtalare\/#breadcrumb"},"inLanguage":"sv-SE","potentialAction":[{"@type":"ReadAction","target":["https:\/\/www.heddata.se\/webbutik\/hemelektronik\/ljudsystem-hogtalare\/"]}]},{"@type":"BreadcrumbList","@id":"https:\/\/www.heddata.se\/webbutik\/hemelektronik\/ljudsystem-hogtalare\/#breadcrumb","itemListElement":[{"@type":"ListItem","position":1,"name":"Hem","item":"https:\/\/www.heddata.se\/webbutik\/"},{"@type":"ListItem","position":2,"name":"Hemelektronik","item":"https:\/\/www.heddata.se\/webbutik\/hemelektronik\/"},{"@type":"ListItem","position":3,"name":"Ljudsystem &amp; H\u00f6gtalare"}]},{"@type":"WebSite","@id":"https:\/\/www.heddata.se\/webbutik\/#website","url":"https:\/\/www.heddata.se\/webbutik\/","name":"Datorer, Skrivare, F\u00e4rgpatroner, Mobiltelefoner","description":"Kablar","publisher":{"@id":"https:\/\/www.heddata.se\/webbutik\/#organization"},"potentialAction":[{"@type":"SearchAction","target":{"@type":"EntryPoint","urlTemplate":"https:\/\/www.heddata.se\/webbutik\/?s={search_term_string}"},"query-input":{"@type":"PropertyValueSpecification","valueRequired":true,"valueName":"search_term_string"}}],"inLanguage":"sv-SE"},{"@type":"Organization","@id":"https:\/\/www.heddata.se\/webbutik\/#organization","name":"Heddata AB","url":"https:\/\/www.heddata.se\/webbutik\/","logo":{"@type":"ImageObject","inLanguage":"sv-SE","@id":"https:\/\/www.heddata.se\/webbutik\/#\/schema\/logo\/image\/","url":"https:\/\/www.heddata.se\/webbutik\/wp-content\/uploads\/logga\/heddata-ab-logga.png","contentUrl":"https:\/\/www.heddata.se\/webbutik\/wp-content\/uploads\/logga\/heddata-ab-logga.png","width":200,"height":64,"caption":"Heddata AB"},"image":{"@id":"https:\/\/www.heddata.se\/webbutik\/#\/schema\/logo\/image\/"}}]}},"_links":{"self":[{"href":"https:\/\/www.heddata.se\/webbutik\/wp-json\/wp\/v2\/pages\/2145","targetHints":{"allow":["GET"]}}],"collection":[{"href":"https:\/\/www.heddata.se\/webbutik\/wp-json\/wp\/v2\/pages"}],"about":[{"href":"https:\/\/www.heddata.se\/webbutik\/wp-json\/wp\/v2\/types\/page"}],"author":[{"embeddable":true,"href":"https:\/\/www.heddata.se\/webbutik\/wp-json\/wp\/v2\/users\/6"}],"replies":[{"embeddable":true,"href":"https:\/\/www.heddata.se\/webbutik\/wp-json\/wp\/v2\/comments?post=2145"}],"version-history":[{"count":3,"href":"https:\/\/www.heddata.se\/webbutik\/wp-json\/wp\/v2\/pages\/2145\/revisions"}],"predecessor-version":[{"id":90630,"href":"https:\/\/www.heddata.se\/webbutik\/wp-json\/wp\/v2\/pages\/2145\/revisions\/90630"}],"up":[{"embeddable":true,"href":"https:\/\/www.heddata.se\/webbutik\/wp-json\/wp\/v2\/pages\/2142"}],"wp:attachment":[{"href":"https:\/\/www.heddata.se\/webbutik\/wp-json\/wp\/v2\/media?parent=2145"}],"curies":[{"name":"wp","href":"https:\/\/api.w.org\/{rel}","templated":true}]}}