{"id":2141,"date":"2019-10-09T10:22:47","date_gmt":"2019-10-09T08:22:47","guid":{"rendered":"https:\/\/www.heddata.se\/webbutik\/?page_id=2141"},"modified":"2020-01-10T11:34:11","modified_gmt":"2020-01-10T10:34:11","slug":"gaming","status":"publish","type":"page","link":"https:\/\/www.heddata.se\/webbutik\/gaming\/","title":{"rendered":"Gaming"},"content":{"rendered":"\n  <div class=\"banner has-hover\" id=\"banner-1842843795\">\n          <div class=\"banner-inner fill\">\n        <div class=\"banner-bg fill\" >\n            <img loading=\"lazy\" decoding=\"async\" width=\"1000\" height=\"667\" src=\"https:\/\/www.heddata.se\/webbutik\/wp-content\/uploads\/Banners\/gamer-banner-001.jpg\" class=\"bg attachment-original size-original\" alt=\"gamer-banner-001\" \/>                                    \n                    <\/div>\n\t\t\n        <div class=\"banner-layers container\">\n            <div class=\"fill banner-link\"><\/div>            \n        <\/div>\n      <\/div>\n\n            \n<style>\n#banner-1842843795 {\n  padding-top: 500px;\n  background-color: rgb(255, 255, 255);\n}\n#banner-1842843795 .banner-bg img {\n  object-position: 0% 9%;\n}\n<\/style>\n  <\/div>\n\n\n<div class=\"row\"  id=\"row-2131506531\">\n\n\t<div id=\"col-116152328\" class=\"col small-12 large-12\"  data-animate=\"fadeInUp\">\n\t\t\t\t<div class=\"col-inner\"  >\n\t\t\t\n\t\t\t\n<h5 class=\"uppercase\" style=\"text-align: center;\">Gaming-tillbeh\u00f6r<\/h5>\n<p style=\"text-align: center;\">H\u00e4r finner du v\u00e5rat utbud utav tillbeh\u00f6r f\u00f6r Gaming. Beh\u00f6ver du uppdatera din setup? <a href=\"https:\/\/www.heddata.se\/webbutik\/datorer\/moss-tangentbord\/\">Tangentbord<\/a>, m\u00f6ss, stolar och mer. Vi har produkter fr\u00e5n popul\u00e4ra m\u00e4rken s\u00e5 som <a href=\"https:\/\/www.havit.hk\/\" target=\"_blank\" rel=\"noopener noreferrer\">Havit<\/a>, <a href=\"https:\/\/steelseries.com\/\" target=\"_blank\" rel=\"noopener noreferrer\">Steelseries<\/a>, <a href=\"https:\/\/www.ozonegaming.com\/\" target=\"_blank\" rel=\"noopener noreferrer\">Ozonegaming<\/a> med fler. Allt f\u00f6r att du ska klara sista bossen!<\/p>\n\t\t<\/div>\n\t\t\t\t\t<\/div>\n\n\t\n<\/div>\n<div class=\"container section-title-container\" ><h3 class=\"section-title section-title-center\"><b aria-hidden=\"true\"><\/b><span class=\"section-title-main\" >Gaming-tillbeh\u00f6r urval<\/span><b aria-hidden=\"true\"><\/b><\/h3><\/div>\n<div class=\"row\"  id=\"row-306764611\">\n\n\t<div id=\"col-767650163\" class=\"col small-12 large-12\"  data-animate=\"fadeInUp\">\n\t\t\t\t<div class=\"col-inner\"  >\n\t\t\t\n\t\t\t\n<div class=\"searchform-wrapper ux-search-box relative form-flat is-normal\"><form role=\"search\" method=\"get\" class=\"searchform\" action=\"https:\/\/www.heddata.se\/webbutik\/\">\n\t<div class=\"flex-row relative\">\n\t\t\t\t\t<div class=\"flex-col search-form-categories\">\n\t\t\t\t<select class=\"search_categories resize-select mb-0\" name=\"product_cat\"><option value=\"\" selected='selected'>All<\/option><option value=\"antenn\">Antenn<\/option><option value=\"batterier\">Batterier<\/option><option value=\"blackpatroner-toners\">Bl\u00e4ckpatroner &amp; Toners<\/option><option value=\"datorer-tillbehor\">Datorer &amp; tillbeh\u00f6r<\/option><option value=\"el\">EL<\/option><option value=\"fotopapper\">Fotopapper<\/option><option value=\"gaming\">Gaming<\/option><option value=\"hemelektronik\">Hemelektronik<\/option><option value=\"horlurar-headset\">H\u00f6rlurar &amp; headset<\/option><option value=\"kablar\">Kablar<\/option><option value=\"komponenter\">Komponenter<\/option><option value=\"kontorstillbehor\">Kontorstillbeh\u00f6r<\/option><option value=\"lagring\">Lagring<\/option><option value=\"larm-overvakning\">Larm &amp; \u00d6vervakning<\/option><option value=\"natverk\">N\u00e4tverk<\/option><option value=\"okategoriserad\">Okategoriserad<\/option><option value=\"ovrigt\">\u00d6vrigt<\/option><option value=\"programvara\">Programvara<\/option><option value=\"skarmar\">Sk\u00e4rmar<\/option><option value=\"skrivare\">Skrivare<\/option><option value=\"telefoner-surfplattor\">Telefoner &amp; Surfplattor<\/option><option value=\"telefontillbehor\">Telefontillbeh\u00f6r<\/option><option value=\"tillbehor-jaktradio\">Tillbeh\u00f6r Jaktradio<\/option><\/select>\t\t\t<\/div>\n\t\t\t\t\t\t<div class=\"flex-col flex-grow\">\n\t\t\t<label class=\"screen-reader-text\" for=\"woocommerce-product-search-field-0\">S\u00f6k efter:<\/label>\n\t\t\t<input type=\"search\" id=\"woocommerce-product-search-field-0\" class=\"search-field mb-0\" placeholder=\"Hitta produkt\" value=\"\" name=\"s\" \/>\n\t\t\t<input type=\"hidden\" name=\"post_type\" value=\"product\" \/>\n\t\t\t\t\t<\/div>\n\t\t<div class=\"flex-col\">\n\t\t\t<button type=\"submit\" value=\"S\u00f6k\" class=\"ux-search-submit submit-button secondary button  icon mb-0\" aria-label=\"Submit\">\n\t\t\t\t<i class=\"icon-search\" aria-hidden=\"true\"><\/i>\t\t\t<\/button>\n\t\t<\/div>\n\t<\/div>\n\t<div class=\"live-search-results text-left z-top\"><\/div>\n<\/form>\n<\/div>\n\t\t<\/div>\n\t\t\t\t\t<\/div>\n\n\t\n<\/div>\n\t\n  \n    <div class=\"row  equalize-box large-columns-5 medium-columns-3 small-columns-2 row-normal\" >\n  \n\t     <div class=\"product-small col has-hover product type-product post-95932 status-publish first instock product_cat-gaming product_cat-headset-horlurar-med-mikrofon product_cat-headset-och-horlurar-med-sladd product_cat-horlurar-headset has-post-thumbnail taxable shipping-taxable purchasable product-type-simple\">\n\t<div class=\"col-inner\">\n\t\n<div class=\"badge-container absolute left top z-1\">\n\n<\/div>\n\t<div class=\"product-small box \">\n\t\t<div class=\"box-image\">\n\t\t\t<div class=\"image-fade_in_back\">\n\t\t\t\t<a href=\"https:\/\/www.heddata.se\/webbutik\/produkt\/lenovo-legion-hu85-gaming-headset-svart-usb-anslutning-hu85\/\">\n\t\t\t\t\t<img loading=\"lazy\" decoding=\"async\" width=\"250\" height=\"250\" src=\"https:\/\/www.heddata.se\/webbutik\/wp-content\/uploads\/webbutik\/kategorier\/horlurar\/hu85-250x250.jpg\" class=\"attachment-woocommerce_thumbnail size-woocommerce_thumbnail\" alt=\"Lenovo Legion HU85 Gaming\" srcset=\"https:\/\/www.heddata.se\/webbutik\/wp-content\/uploads\/webbutik\/kategorier\/horlurar\/hu85-250x250.jpg 250w, https:\/\/www.heddata.se\/webbutik\/wp-content\/uploads\/webbutik\/kategorier\/horlurar\/hu85-300x300.jpg 300w, https:\/\/www.heddata.se\/webbutik\/wp-content\/uploads\/webbutik\/kategorier\/horlurar\/hu85-768x768.jpg 768w, https:\/\/www.heddata.se\/webbutik\/wp-content\/uploads\/webbutik\/kategorier\/horlurar\/hu85-510x510.jpg 510w, https:\/\/www.heddata.se\/webbutik\/wp-content\/uploads\/webbutik\/kategorier\/horlurar\/hu85-100x100.jpg 100w, https:\/\/www.heddata.se\/webbutik\/wp-content\/uploads\/webbutik\/kategorier\/horlurar\/hu85.jpg 884w\" sizes=\"auto, (max-width: 250px) 100vw, 250px\" \/>\t\t\t\t<\/a>\n\t\t\t<\/div>\n\t\t\t<div class=\"image-tools is-small top right show-on-hover\">\n\t\t\t\t\t\t\t<\/div>\n\t\t\t<div class=\"image-tools is-small hide-for-small bottom left show-on-hover\">\n\t\t\t\t\t\t\t<\/div>\n\t\t\t<div class=\"image-tools grid-tools text-center hide-for-small bottom hover-slide-in show-on-hover\">\n\t\t\t\t\t\t\t<\/div>\n\t\t\t\t\t<\/div>\n\n\t\t<div class=\"box-text box-text-products text-center grid-style-2\">\n\t\t\t<div class=\"title-wrapper\">\t\t<p class=\"category uppercase is-smaller no-text-overflow product-cat op-8\">\n\t\t\tGaming\t\t<\/p>\n\t<p class=\"name product-title woocommerce-loop-product__title\"><a href=\"https:\/\/www.heddata.se\/webbutik\/produkt\/lenovo-legion-hu85-gaming-headset-svart-usb-anslutning-hu85\/\" class=\"woocommerce-LoopProduct-link woocommerce-loop-product__link\">Lenovo Legion HU85 Gaming Headset Svart USB-anslutning &#8211; HU85<\/a><\/p><\/div><div class=\"price-wrapper\">\n\t<span class=\"price\"><span class=\"woocommerce-Price-amount amount\"><bdi>450&nbsp;<span class=\"woocommerce-Price-currencySymbol\">&#107;&#114;<\/span><\/bdi><\/span><\/span>\n<\/div><div class=\"add-to-cart-button\"><a href=\"\/webbutik\/wp-json\/wp\/v2\/pages\/2141?add-to-cart=95932\" aria-describedby=\"woocommerce_loop_add_to_cart_link_describedby_95932\" data-quantity=\"1\" class=\"primary is-small mb-0 button product_type_simple add_to_cart_button ajax_add_to_cart is-outline\" data-product_id=\"95932\" data-product_sku=\"HU85\" aria-label=\"L\u00e4gg till i varukorgen: \u201dLenovo Legion HU85 Gaming Headset Svart USB-anslutning - HU85\u201d\" rel=\"nofollow\" data-success_message=\"&quot;Lenovo Legion HU85 Gaming Headset Svart USB-anslutning - HU85&quot; har lagts till i din varukorg\">L\u00e4gg till i varukorg<\/a><\/div>\t<span id=\"woocommerce_loop_add_to_cart_link_describedby_95932\" class=\"screen-reader-text\">\n\t\t\t<\/span>\n\t\t<\/div>\n\t<\/div>\n\t\t<\/div>\n<\/div><\/div>\n","protected":false},"excerpt":{"rendered":"","protected":false},"author":6,"featured_media":0,"parent":0,"menu_order":11,"comment_status":"closed","ping_status":"closed","template":"page-blank.php","meta":{"footnotes":""},"class_list":["post-2141","page","type-page","status-publish","hentry"],"yoast_head":"<!-- This site is optimized with the Yoast SEO Premium plugin v26.7 (Yoast SEO v26.7) - https:\/\/yoast.com\/wordpress\/plugins\/seo\/ -->\n<title>Gaming-tillbeh\u00f6r | Gaming | H\u00e4r finner du v\u00e5rat utbud!<\/title>\n<meta name=\"description\" content=\"GAMING-TILLBEH\u00d6R. H\u00e4r finner du v\u00e5rat utbud utav tillbeh\u00f6r f\u00f6r Gaming. Beh\u00f6ver du uppdatera din setup? Tangentbord, m\u00f6ss, stolar och mer\" \/>\n<meta name=\"robots\" content=\"index, follow, max-snippet:-1, max-image-preview:large, max-video-preview:-1\" \/>\n<link rel=\"canonical\" href=\"https:\/\/www.heddata.se\/webbutik\/gaming\/\" \/>\n<meta property=\"og:locale\" content=\"sv_SE\" \/>\n<meta property=\"og:type\" content=\"article\" \/>\n<meta property=\"og:title\" content=\"Tillbeh\u00f6r f\u00f6r Gaming\" \/>\n<meta property=\"og:description\" content=\"Beh\u00f6ver du uppdatera din setup? H\u00e4r finner du v\u00e5rat utbud utav Gaming-tillbeh\u00f6r fr\u00e5n k\u00e4nda m\u00e4rken s\u00e5 som Steelseries, Havit, Ozonegaming med flera.\" \/>\n<meta property=\"og:url\" content=\"https:\/\/www.heddata.se\/webbutik\/gaming\/\" \/>\n<meta property=\"og:site_name\" content=\"Datorer, Skrivare, F\u00e4rgpatroner, Mobiltelefoner\" \/>\n<meta property=\"article:modified_time\" content=\"2020-01-10T10:34:11+00:00\" \/>\n<meta property=\"og:image\" content=\"https:\/\/www.heddata.se\/webbutik\/wp-content\/uploads\/Banners\/gamer-banner-001.jpg\" \/>\n\t<meta property=\"og:image:width\" content=\"1000\" \/>\n\t<meta property=\"og:image:height\" content=\"667\" \/>\n\t<meta property=\"og:image:type\" content=\"image\/jpeg\" \/>\n<meta name=\"twitter:card\" content=\"summary_large_image\" \/>\n<meta name=\"twitter:title\" content=\"Gaming\" \/>\n<meta name=\"twitter:label1\" content=\"Ber\u00e4knad l\u00e4stid\" \/>\n\t<meta name=\"twitter:data1\" content=\"1 minut\" \/>\n<script type=\"application\/ld+json\" class=\"yoast-schema-graph\">{\"@context\":\"https:\/\/schema.org\",\"@graph\":[{\"@type\":\"WebPage\",\"@id\":\"https:\/\/www.heddata.se\/webbutik\/gaming\/\",\"url\":\"https:\/\/www.heddata.se\/webbutik\/gaming\/\",\"name\":\"Gaming-tillbeh\u00f6r | Gaming | H\u00e4r finner du v\u00e5rat utbud!\",\"isPartOf\":{\"@id\":\"https:\/\/www.heddata.se\/webbutik\/#website\"},\"datePublished\":\"2019-10-09T08:22:47+00:00\",\"dateModified\":\"2020-01-10T10:34:11+00:00\",\"description\":\"GAMING-TILLBEH\u00d6R. H\u00e4r finner du v\u00e5rat utbud utav tillbeh\u00f6r f\u00f6r Gaming. Beh\u00f6ver du uppdatera din setup? Tangentbord, m\u00f6ss, stolar och mer\",\"breadcrumb\":{\"@id\":\"https:\/\/www.heddata.se\/webbutik\/gaming\/#breadcrumb\"},\"inLanguage\":\"sv-SE\",\"potentialAction\":[{\"@type\":\"ReadAction\",\"target\":[\"https:\/\/www.heddata.se\/webbutik\/gaming\/\"]}]},{\"@type\":\"BreadcrumbList\",\"@id\":\"https:\/\/www.heddata.se\/webbutik\/gaming\/#breadcrumb\",\"itemListElement\":[{\"@type\":\"ListItem\",\"position\":1,\"name\":\"Hem\",\"item\":\"https:\/\/www.heddata.se\/webbutik\/\"},{\"@type\":\"ListItem\",\"position\":2,\"name\":\"Gaming\"}]},{\"@type\":\"WebSite\",\"@id\":\"https:\/\/www.heddata.se\/webbutik\/#website\",\"url\":\"https:\/\/www.heddata.se\/webbutik\/\",\"name\":\"Datorer, Skrivare, F\u00e4rgpatroner, Mobiltelefoner\",\"description\":\"Kablar\",\"publisher\":{\"@id\":\"https:\/\/www.heddata.se\/webbutik\/#organization\"},\"potentialAction\":[{\"@type\":\"SearchAction\",\"target\":{\"@type\":\"EntryPoint\",\"urlTemplate\":\"https:\/\/www.heddata.se\/webbutik\/?s={search_term_string}\"},\"query-input\":{\"@type\":\"PropertyValueSpecification\",\"valueRequired\":true,\"valueName\":\"search_term_string\"}}],\"inLanguage\":\"sv-SE\"},{\"@type\":\"Organization\",\"@id\":\"https:\/\/www.heddata.se\/webbutik\/#organization\",\"name\":\"Heddata AB\",\"url\":\"https:\/\/www.heddata.se\/webbutik\/\",\"logo\":{\"@type\":\"ImageObject\",\"inLanguage\":\"sv-SE\",\"@id\":\"https:\/\/www.heddata.se\/webbutik\/#\/schema\/logo\/image\/\",\"url\":\"https:\/\/www.heddata.se\/webbutik\/wp-content\/uploads\/logga\/heddata-ab-logga.png\",\"contentUrl\":\"https:\/\/www.heddata.se\/webbutik\/wp-content\/uploads\/logga\/heddata-ab-logga.png\",\"width\":200,\"height\":64,\"caption\":\"Heddata AB\"},\"image\":{\"@id\":\"https:\/\/www.heddata.se\/webbutik\/#\/schema\/logo\/image\/\"}}]}<\/script>\n<!-- \/ Yoast SEO Premium plugin. -->","yoast_head_json":{"title":"Gaming-tillbeh\u00f6r | Gaming | H\u00e4r finner du v\u00e5rat utbud!","description":"GAMING-TILLBEH\u00d6R. H\u00e4r finner du v\u00e5rat utbud utav tillbeh\u00f6r f\u00f6r Gaming. Beh\u00f6ver du uppdatera din setup? Tangentbord, m\u00f6ss, stolar och mer","robots":{"index":"index","follow":"follow","max-snippet":"max-snippet:-1","max-image-preview":"max-image-preview:large","max-video-preview":"max-video-preview:-1"},"canonical":"https:\/\/www.heddata.se\/webbutik\/gaming\/","og_locale":"sv_SE","og_type":"article","og_title":"Tillbeh\u00f6r f\u00f6r Gaming","og_description":"Beh\u00f6ver du uppdatera din setup? H\u00e4r finner du v\u00e5rat utbud utav Gaming-tillbeh\u00f6r fr\u00e5n k\u00e4nda m\u00e4rken s\u00e5 som Steelseries, Havit, Ozonegaming med flera.","og_url":"https:\/\/www.heddata.se\/webbutik\/gaming\/","og_site_name":"Datorer, Skrivare, F\u00e4rgpatroner, Mobiltelefoner","article_modified_time":"2020-01-10T10:34:11+00:00","og_image":[{"width":1000,"height":667,"url":"https:\/\/www.heddata.se\/webbutik\/wp-content\/uploads\/Banners\/gamer-banner-001.jpg","type":"image\/jpeg"}],"twitter_card":"summary_large_image","twitter_title":"Gaming","twitter_misc":{"Ber\u00e4knad l\u00e4stid":"1 minut"},"schema":{"@context":"https:\/\/schema.org","@graph":[{"@type":"WebPage","@id":"https:\/\/www.heddata.se\/webbutik\/gaming\/","url":"https:\/\/www.heddata.se\/webbutik\/gaming\/","name":"Gaming-tillbeh\u00f6r | Gaming | H\u00e4r finner du v\u00e5rat utbud!","isPartOf":{"@id":"https:\/\/www.heddata.se\/webbutik\/#website"},"datePublished":"2019-10-09T08:22:47+00:00","dateModified":"2020-01-10T10:34:11+00:00","description":"GAMING-TILLBEH\u00d6R. H\u00e4r finner du v\u00e5rat utbud utav tillbeh\u00f6r f\u00f6r Gaming. Beh\u00f6ver du uppdatera din setup? Tangentbord, m\u00f6ss, stolar och mer","breadcrumb":{"@id":"https:\/\/www.heddata.se\/webbutik\/gaming\/#breadcrumb"},"inLanguage":"sv-SE","potentialAction":[{"@type":"ReadAction","target":["https:\/\/www.heddata.se\/webbutik\/gaming\/"]}]},{"@type":"BreadcrumbList","@id":"https:\/\/www.heddata.se\/webbutik\/gaming\/#breadcrumb","itemListElement":[{"@type":"ListItem","position":1,"name":"Hem","item":"https:\/\/www.heddata.se\/webbutik\/"},{"@type":"ListItem","position":2,"name":"Gaming"}]},{"@type":"WebSite","@id":"https:\/\/www.heddata.se\/webbutik\/#website","url":"https:\/\/www.heddata.se\/webbutik\/","name":"Datorer, Skrivare, F\u00e4rgpatroner, Mobiltelefoner","description":"Kablar","publisher":{"@id":"https:\/\/www.heddata.se\/webbutik\/#organization"},"potentialAction":[{"@type":"SearchAction","target":{"@type":"EntryPoint","urlTemplate":"https:\/\/www.heddata.se\/webbutik\/?s={search_term_string}"},"query-input":{"@type":"PropertyValueSpecification","valueRequired":true,"valueName":"search_term_string"}}],"inLanguage":"sv-SE"},{"@type":"Organization","@id":"https:\/\/www.heddata.se\/webbutik\/#organization","name":"Heddata AB","url":"https:\/\/www.heddata.se\/webbutik\/","logo":{"@type":"ImageObject","inLanguage":"sv-SE","@id":"https:\/\/www.heddata.se\/webbutik\/#\/schema\/logo\/image\/","url":"https:\/\/www.heddata.se\/webbutik\/wp-content\/uploads\/logga\/heddata-ab-logga.png","contentUrl":"https:\/\/www.heddata.se\/webbutik\/wp-content\/uploads\/logga\/heddata-ab-logga.png","width":200,"height":64,"caption":"Heddata AB"},"image":{"@id":"https:\/\/www.heddata.se\/webbutik\/#\/schema\/logo\/image\/"}}]}},"_links":{"self":[{"href":"https:\/\/www.heddata.se\/webbutik\/wp-json\/wp\/v2\/pages\/2141","targetHints":{"allow":["GET"]}}],"collection":[{"href":"https:\/\/www.heddata.se\/webbutik\/wp-json\/wp\/v2\/pages"}],"about":[{"href":"https:\/\/www.heddata.se\/webbutik\/wp-json\/wp\/v2\/types\/page"}],"author":[{"embeddable":true,"href":"https:\/\/www.heddata.se\/webbutik\/wp-json\/wp\/v2\/users\/6"}],"replies":[{"embeddable":true,"href":"https:\/\/www.heddata.se\/webbutik\/wp-json\/wp\/v2\/comments?post=2141"}],"version-history":[{"count":11,"href":"https:\/\/www.heddata.se\/webbutik\/wp-json\/wp\/v2\/pages\/2141\/revisions"}],"predecessor-version":[{"id":23613,"href":"https:\/\/www.heddata.se\/webbutik\/wp-json\/wp\/v2\/pages\/2141\/revisions\/23613"}],"wp:attachment":[{"href":"https:\/\/www.heddata.se\/webbutik\/wp-json\/wp\/v2\/media?parent=2141"}],"curies":[{"name":"wp","href":"https:\/\/api.w.org\/{rel}","templated":true}]}}