{"id":2138,"date":"2019-10-09T10:22:47","date_gmt":"2019-10-09T08:22:47","guid":{"rendered":"https:\/\/www.heddata.se\/webbutik\/?page_id=2138"},"modified":"2022-04-13T13:50:20","modified_gmt":"2022-04-13T11:50:20","slug":"datorer","status":"publish","type":"page","link":"https:\/\/www.heddata.se\/webbutik\/datorer\/","title":{"rendered":"Datorer"},"content":{"rendered":"\n  <div class=\"banner has-hover bg-glow hide-for-small\" id=\"banner-2138225094\">\n          <div class=\"banner-inner fill\">\n        <div class=\"banner-bg fill\" >\n            <img loading=\"lazy\" decoding=\"async\" width=\"1929\" height=\"1158\" src=\"https:\/\/www.heddata.se\/webbutik\/wp-content\/uploads\/webbutik\/kategorier\/Datorer\/datorer-banner-001.jpg\" class=\"bg attachment-original size-original\" alt=\"datorer-banner-001\" \/>                                    \n                    <\/div>\n\t\t\n        <div class=\"banner-layers container\">\n            <div class=\"fill banner-link\"><\/div>            \n        <\/div>\n      <\/div>\n\n            \n<style>\n#banner-2138225094 {\n  padding-top: 270px;\n  background-color: rgb(255,255,255);\n}\n#banner-2138225094 .banner-bg img {\n  object-position: 0% 67%;\n}\n@media (min-width:850px) {\n  #banner-2138225094 {\n    padding-top: 417px;\n  }\n}\n<\/style>\n  <\/div>\n\n\n<div class=\"row\"  id=\"row-1089204\">\n\n\t<div id=\"col-956273730\" class=\"col small-12 large-12\"  data-animate=\"fadeInUp\">\n\t\t\t\t<div class=\"col-inner\"  >\n\t\t\t\n\t\t\t\n<h3 class=\"uppercase\" style=\"text-align: center\">Ute efter en ny dator?<\/h3>\n<p style=\"text-align: center\">Vi har datorer i olika prisklasser och f\u00f6r olika behov.<\/p>\n\t\t<\/div>\n\t\t\t\t\t<\/div>\n\n\t\n<\/div>\n<div class=\"container section-title-container\" ><h3 class=\"section-title section-title-bold-center\"><b aria-hidden=\"true\"><\/b><span class=\"section-title-main\" >Produkter<\/span><b aria-hidden=\"true\"><\/b><\/h3><\/div>\n<div class=\"row\"  id=\"row-564210154\">\n\n\t<div id=\"col-570758824\" class=\"col small-12 large-12\"  >\n\t\t\t\t<div class=\"col-inner\"  >\n\t\t\t\n\t\t\t\n<div class=\"searchform-wrapper ux-search-box relative form-flat is-normal\"><form role=\"search\" method=\"get\" class=\"searchform\" action=\"https:\/\/www.heddata.se\/webbutik\/\">\n\t<div class=\"flex-row relative\">\n\t\t\t\t\t<div class=\"flex-col search-form-categories\">\n\t\t\t\t<select class=\"search_categories resize-select mb-0\" name=\"product_cat\"><option value=\"\" selected='selected'>All<\/option><option value=\"antenn\">Antenn<\/option><option value=\"batterier\">Batterier<\/option><option value=\"blackpatroner-toners\">Bl\u00e4ckpatroner &amp; Toners<\/option><option value=\"datorer-tillbehor\">Datorer &amp; tillbeh\u00f6r<\/option><option value=\"el\">EL<\/option><option value=\"fotopapper\">Fotopapper<\/option><option value=\"gaming\">Gaming<\/option><option value=\"hemelektronik\">Hemelektronik<\/option><option value=\"horlurar-headset\">H\u00f6rlurar &amp; headset<\/option><option value=\"kablar\">Kablar<\/option><option value=\"komponenter\">Komponenter<\/option><option value=\"kontorstillbehor\">Kontorstillbeh\u00f6r<\/option><option value=\"lagring\">Lagring<\/option><option value=\"larm-overvakning\">Larm &amp; \u00d6vervakning<\/option><option value=\"natverk\">N\u00e4tverk<\/option><option value=\"okategoriserad\">Okategoriserad<\/option><option value=\"ovrigt\">\u00d6vrigt<\/option><option value=\"programvara\">Programvara<\/option><option value=\"skarmar\">Sk\u00e4rmar<\/option><option value=\"skrivare\">Skrivare<\/option><option value=\"telefoner-surfplattor\">Telefoner &amp; Surfplattor<\/option><option value=\"telefontillbehor\">Telefontillbeh\u00f6r<\/option><option value=\"tillbehor-jaktradio\">Tillbeh\u00f6r Jaktradio<\/option><\/select>\t\t\t<\/div>\n\t\t\t\t\t\t<div class=\"flex-col flex-grow\">\n\t\t\t<label class=\"screen-reader-text\" for=\"woocommerce-product-search-field-0\">S\u00f6k efter:<\/label>\n\t\t\t<input type=\"search\" id=\"woocommerce-product-search-field-0\" class=\"search-field mb-0\" placeholder=\"Hitta produkt\" value=\"\" name=\"s\" \/>\n\t\t\t<input type=\"hidden\" name=\"post_type\" value=\"product\" \/>\n\t\t\t\t\t<\/div>\n\t\t<div class=\"flex-col\">\n\t\t\t<button type=\"submit\" value=\"S\u00f6k\" class=\"ux-search-submit submit-button secondary button  icon mb-0\" aria-label=\"Submit\">\n\t\t\t\t<i class=\"icon-search\" aria-hidden=\"true\"><\/i>\t\t\t<\/button>\n\t\t<\/div>\n\t<\/div>\n\t<div class=\"live-search-results text-left z-top\"><\/div>\n<\/form>\n<\/div>\n\t\t<\/div>\n\t\t\t\t\t<\/div>\n\n\t\n<\/div>\n<div class=\"row\"  id=\"row-2115606284\">\n\n\t<div id=\"col-427423640\" class=\"col small-12 large-12\"  >\n\t\t\t\t<div class=\"col-inner\"  >\n\t\t\t\n\t\t\t\n<div class=\"container section-title-container\" ><h3 class=\"section-title section-title-normal\"><b aria-hidden=\"true\"><\/b><span class=\"section-title-main\" >V\u00e5rt utbud utav b\u00e4rbara datorer<\/span><b aria-hidden=\"true\"><\/b><\/h3><\/div>\n\t\n  \n    <div class=\"row  equalize-box large-columns-4 medium-columns-3 small-columns-2 row-normal\" >\n  <\/div>\n\t\t<\/div>\n\t\t\t\t\t<\/div>\n\n\t\n\n\t<div id=\"col-1543958080\" class=\"col small-12 large-12\"  >\n\t\t\t\t<div class=\"col-inner\"  >\n\t\t\t\n\t\t\t\n<div class=\"container section-title-container\" ><h3 class=\"section-title section-title-normal\"><b aria-hidden=\"true\"><\/b><span class=\"section-title-main\" >V\u00e5rt utbud utav station\u00e4ra datorer<\/span><b aria-hidden=\"true\"><\/b><\/h3><\/div>\n\t\n  \n    <div class=\"row  equalize-box large-columns-4 medium-columns-3 small-columns-2 row-normal\" >\n  <\/div>\n\t\t<\/div>\n\t\t\t\t\t<\/div>\n\n\t\n<\/div>\n","protected":false},"excerpt":{"rendered":"","protected":false},"author":6,"featured_media":0,"parent":0,"menu_order":0,"comment_status":"closed","ping_status":"closed","template":"page-blank.php","meta":{"footnotes":""},"class_list":["post-2138","page","type-page","status-publish","hentry"],"yoast_head":"<!-- This site is optimized with the Yoast SEO Premium plugin v26.7 (Yoast SEO v26.7) - https:\/\/yoast.com\/wordpress\/plugins\/seo\/ -->\n<title>Ute efter en ny dator? Ta en titt p\u00e5 v\u00e5rat utbud av datorer<\/title>\n<meta name=\"description\" content=\"Vill du skaffa dig en ny dator s\u00e5 har vi maskiner i olika prisklasser och f\u00f6r olika behov. Surfdatorer eller speldatorer.\" \/>\n<meta name=\"robots\" content=\"index, follow, max-snippet:-1, max-image-preview:large, max-video-preview:-1\" \/>\n<link rel=\"canonical\" href=\"https:\/\/www.heddata.se\/webbutik\/datorer\/\" \/>\n<meta property=\"og:locale\" content=\"sv_SE\" \/>\n<meta property=\"og:type\" content=\"article\" \/>\n<meta property=\"og:title\" content=\"Datorer\" \/>\n<meta property=\"og:description\" content=\"Vill du skaffa dig en ny dator s\u00e5 har vi maskiner i olika prisklasser och f\u00f6r olika behov. Surfdatorer eller speldatorer.\" \/>\n<meta property=\"og:url\" content=\"https:\/\/www.heddata.se\/webbutik\/datorer\/\" \/>\n<meta property=\"og:site_name\" content=\"Datorer, Skrivare, F\u00e4rgpatroner, Mobiltelefoner\" \/>\n<meta property=\"article:modified_time\" content=\"2022-04-13T11:50:20+00:00\" \/>\n<meta name=\"twitter:card\" content=\"summary_large_image\" \/>\n<meta name=\"twitter:label1\" content=\"Ber\u00e4knad l\u00e4stid\" \/>\n\t<meta name=\"twitter:data1\" content=\"1 minut\" \/>\n<script type=\"application\/ld+json\" class=\"yoast-schema-graph\">{\"@context\":\"https:\/\/schema.org\",\"@graph\":[{\"@type\":\"WebPage\",\"@id\":\"https:\/\/www.heddata.se\/webbutik\/datorer\/\",\"url\":\"https:\/\/www.heddata.se\/webbutik\/datorer\/\",\"name\":\"Ute efter en ny dator? Ta en titt p\u00e5 v\u00e5rat utbud av datorer\",\"isPartOf\":{\"@id\":\"https:\/\/www.heddata.se\/webbutik\/#website\"},\"datePublished\":\"2019-10-09T08:22:47+00:00\",\"dateModified\":\"2022-04-13T11:50:20+00:00\",\"description\":\"Vill du skaffa dig en ny dator s\u00e5 har vi maskiner i olika prisklasser och f\u00f6r olika behov. Surfdatorer eller speldatorer.\",\"breadcrumb\":{\"@id\":\"https:\/\/www.heddata.se\/webbutik\/datorer\/#breadcrumb\"},\"inLanguage\":\"sv-SE\",\"potentialAction\":[{\"@type\":\"ReadAction\",\"target\":[\"https:\/\/www.heddata.se\/webbutik\/datorer\/\"]}]},{\"@type\":\"BreadcrumbList\",\"@id\":\"https:\/\/www.heddata.se\/webbutik\/datorer\/#breadcrumb\",\"itemListElement\":[{\"@type\":\"ListItem\",\"position\":1,\"name\":\"Hem\",\"item\":\"https:\/\/www.heddata.se\/webbutik\/\"},{\"@type\":\"ListItem\",\"position\":2,\"name\":\"Datorer\"}]},{\"@type\":\"WebSite\",\"@id\":\"https:\/\/www.heddata.se\/webbutik\/#website\",\"url\":\"https:\/\/www.heddata.se\/webbutik\/\",\"name\":\"Datorer, Skrivare, F\u00e4rgpatroner, Mobiltelefoner\",\"description\":\"Kablar\",\"publisher\":{\"@id\":\"https:\/\/www.heddata.se\/webbutik\/#organization\"},\"potentialAction\":[{\"@type\":\"SearchAction\",\"target\":{\"@type\":\"EntryPoint\",\"urlTemplate\":\"https:\/\/www.heddata.se\/webbutik\/?s={search_term_string}\"},\"query-input\":{\"@type\":\"PropertyValueSpecification\",\"valueRequired\":true,\"valueName\":\"search_term_string\"}}],\"inLanguage\":\"sv-SE\"},{\"@type\":\"Organization\",\"@id\":\"https:\/\/www.heddata.se\/webbutik\/#organization\",\"name\":\"Heddata AB\",\"url\":\"https:\/\/www.heddata.se\/webbutik\/\",\"logo\":{\"@type\":\"ImageObject\",\"inLanguage\":\"sv-SE\",\"@id\":\"https:\/\/www.heddata.se\/webbutik\/#\/schema\/logo\/image\/\",\"url\":\"https:\/\/www.heddata.se\/webbutik\/wp-content\/uploads\/logga\/heddata-ab-logga.png\",\"contentUrl\":\"https:\/\/www.heddata.se\/webbutik\/wp-content\/uploads\/logga\/heddata-ab-logga.png\",\"width\":200,\"height\":64,\"caption\":\"Heddata AB\"},\"image\":{\"@id\":\"https:\/\/www.heddata.se\/webbutik\/#\/schema\/logo\/image\/\"}}]}<\/script>\n<!-- \/ Yoast SEO Premium plugin. -->","yoast_head_json":{"title":"Ute efter en ny dator? Ta en titt p\u00e5 v\u00e5rat utbud av datorer","description":"Vill du skaffa dig en ny dator s\u00e5 har vi maskiner i olika prisklasser och f\u00f6r olika behov. Surfdatorer eller speldatorer.","robots":{"index":"index","follow":"follow","max-snippet":"max-snippet:-1","max-image-preview":"max-image-preview:large","max-video-preview":"max-video-preview:-1"},"canonical":"https:\/\/www.heddata.se\/webbutik\/datorer\/","og_locale":"sv_SE","og_type":"article","og_title":"Datorer","og_description":"Vill du skaffa dig en ny dator s\u00e5 har vi maskiner i olika prisklasser och f\u00f6r olika behov. Surfdatorer eller speldatorer.","og_url":"https:\/\/www.heddata.se\/webbutik\/datorer\/","og_site_name":"Datorer, Skrivare, F\u00e4rgpatroner, Mobiltelefoner","article_modified_time":"2022-04-13T11:50:20+00:00","twitter_card":"summary_large_image","twitter_misc":{"Ber\u00e4knad l\u00e4stid":"1 minut"},"schema":{"@context":"https:\/\/schema.org","@graph":[{"@type":"WebPage","@id":"https:\/\/www.heddata.se\/webbutik\/datorer\/","url":"https:\/\/www.heddata.se\/webbutik\/datorer\/","name":"Ute efter en ny dator? Ta en titt p\u00e5 v\u00e5rat utbud av datorer","isPartOf":{"@id":"https:\/\/www.heddata.se\/webbutik\/#website"},"datePublished":"2019-10-09T08:22:47+00:00","dateModified":"2022-04-13T11:50:20+00:00","description":"Vill du skaffa dig en ny dator s\u00e5 har vi maskiner i olika prisklasser och f\u00f6r olika behov. Surfdatorer eller speldatorer.","breadcrumb":{"@id":"https:\/\/www.heddata.se\/webbutik\/datorer\/#breadcrumb"},"inLanguage":"sv-SE","potentialAction":[{"@type":"ReadAction","target":["https:\/\/www.heddata.se\/webbutik\/datorer\/"]}]},{"@type":"BreadcrumbList","@id":"https:\/\/www.heddata.se\/webbutik\/datorer\/#breadcrumb","itemListElement":[{"@type":"ListItem","position":1,"name":"Hem","item":"https:\/\/www.heddata.se\/webbutik\/"},{"@type":"ListItem","position":2,"name":"Datorer"}]},{"@type":"WebSite","@id":"https:\/\/www.heddata.se\/webbutik\/#website","url":"https:\/\/www.heddata.se\/webbutik\/","name":"Datorer, Skrivare, F\u00e4rgpatroner, Mobiltelefoner","description":"Kablar","publisher":{"@id":"https:\/\/www.heddata.se\/webbutik\/#organization"},"potentialAction":[{"@type":"SearchAction","target":{"@type":"EntryPoint","urlTemplate":"https:\/\/www.heddata.se\/webbutik\/?s={search_term_string}"},"query-input":{"@type":"PropertyValueSpecification","valueRequired":true,"valueName":"search_term_string"}}],"inLanguage":"sv-SE"},{"@type":"Organization","@id":"https:\/\/www.heddata.se\/webbutik\/#organization","name":"Heddata AB","url":"https:\/\/www.heddata.se\/webbutik\/","logo":{"@type":"ImageObject","inLanguage":"sv-SE","@id":"https:\/\/www.heddata.se\/webbutik\/#\/schema\/logo\/image\/","url":"https:\/\/www.heddata.se\/webbutik\/wp-content\/uploads\/logga\/heddata-ab-logga.png","contentUrl":"https:\/\/www.heddata.se\/webbutik\/wp-content\/uploads\/logga\/heddata-ab-logga.png","width":200,"height":64,"caption":"Heddata AB"},"image":{"@id":"https:\/\/www.heddata.se\/webbutik\/#\/schema\/logo\/image\/"}}]}},"_links":{"self":[{"href":"https:\/\/www.heddata.se\/webbutik\/wp-json\/wp\/v2\/pages\/2138","targetHints":{"allow":["GET"]}}],"collection":[{"href":"https:\/\/www.heddata.se\/webbutik\/wp-json\/wp\/v2\/pages"}],"about":[{"href":"https:\/\/www.heddata.se\/webbutik\/wp-json\/wp\/v2\/types\/page"}],"author":[{"embeddable":true,"href":"https:\/\/www.heddata.se\/webbutik\/wp-json\/wp\/v2\/users\/6"}],"replies":[{"embeddable":true,"href":"https:\/\/www.heddata.se\/webbutik\/wp-json\/wp\/v2\/comments?post=2138"}],"version-history":[{"count":19,"href":"https:\/\/www.heddata.se\/webbutik\/wp-json\/wp\/v2\/pages\/2138\/revisions"}],"predecessor-version":[{"id":92705,"href":"https:\/\/www.heddata.se\/webbutik\/wp-json\/wp\/v2\/pages\/2138\/revisions\/92705"}],"wp:attachment":[{"href":"https:\/\/www.heddata.se\/webbutik\/wp-json\/wp\/v2\/media?parent=2138"}],"curies":[{"name":"wp","href":"https:\/\/api.w.org\/{rel}","templated":true}]}}