{"id":2134,"date":"2019-10-09T10:22:47","date_gmt":"2019-10-09T08:22:47","guid":{"rendered":"https:\/\/www.heddata.se\/webbutik\/?page_id=2134"},"modified":"2019-11-05T13:28:10","modified_gmt":"2019-11-05T12:28:10","slug":"hp-toner","status":"publish","type":"page","link":"https:\/\/www.heddata.se\/webbutik\/blackpatroner-toners\/toner-brother-canon-hp-laser\/hp-toner\/","title":{"rendered":"HP"},"content":{"rendered":"\n  <div class=\"banner has-hover\" id=\"banner-1234086140\">\n          <div class=\"banner-inner fill\">\n        <div class=\"banner-bg fill\" >\n                                                \n                    <\/div>\n\t\t\n        <div class=\"banner-layers container\">\n            <div class=\"fill banner-link\"><\/div>            \n   <div id=\"text-box-1998915721\" class=\"text-box banner-layer x50 md-x50 lg-x50 y50 md-y50 lg-y50 res-text\">\n                                <div class=\"text-box-content text dark\">\n              \n              <div class=\"text-inner text-center\">\n                  \n<h3 class=\"uppercase\"><strong>HP toner<\/strong><\/h3>\n<h5 class=\"uppercase\">R\u00e4tt toner f\u00f6r din HP- Laserskrivare<\/h5>\n<p>HP toner ser till att du f\u00e5r skarpa och profesionella utskrifter varje g\u00e5ng du skriver ut. Den \u00e4r \u00e4ven v\u00e4ldigt l\u00e4tt att installera i din skrivare d\u00e5 den \u00e4r gjord av tillverkaren f\u00f6r att fungera och jobba felfritt ihop med din skrivare.<\/p>\n<p>HP samlar ihop, \u00e5tervinner och \u00e5terf\u00f6rs\u00e4ljer dina begagnade produkter i hela 74 l\u00e4nder runt om i v\u00e4rlden. S\u00e5 genom att anv\u00e4nda deras Original f\u00f6rbrukningsvaror g\u00f6r du \u00e4ven n\u00e5gonting bra f\u00f6r milj\u00f6n. L\u00e4s mer om detta p\u00e5 <a href=\"https:\/\/www8.hp.com\/us\/en\/hp-information\/environment\/product-recycling.html?jumpid=in_r138_us\/en\/corp\/sustainable_impact\/pillar-cross-section\/planet\">HP:s hemsida.<\/a><\/p>\n              <\/div>\n           <\/div>\n                            \n<style>\n#text-box-1998915721 .text-inner {\n  padding: 10px 0px 10px 0px;\n}\n#text-box-1998915721 {\n  width: 60%;\n}\n#text-box-1998915721 .text-box-content {\n  font-size: 100%;\n}\n<\/style>\n    <\/div>\n \n        <\/div>\n      <\/div>\n\n            \n<style>\n#banner-1234086140 {\n  padding-top: 313px;\n  background-color: rgb(18, 65, 57);\n}\n<\/style>\n  <\/div>\n\n\n<div class=\"row\"  id=\"row-265475826\">\n\n\t<div id=\"col-2137011333\" class=\"col small-12 large-12\"  >\n\t\t\t\t<div class=\"col-inner\"  >\n\t\t\t\n\t\t\t\n<div class=\"searchform-wrapper ux-search-box relative form-flat is-normal\"><form role=\"search\" method=\"get\" class=\"searchform\" action=\"https:\/\/www.heddata.se\/webbutik\/\">\n\t<div class=\"flex-row relative\">\n\t\t\t\t\t<div class=\"flex-col search-form-categories\">\n\t\t\t\t<select class=\"search_categories resize-select mb-0\" name=\"product_cat\"><option value=\"\" selected='selected'>All<\/option><option value=\"antenn\">Antenn<\/option><option value=\"batterier\">Batterier<\/option><option value=\"blackpatroner-toners\">Bl\u00e4ckpatroner &amp; Toners<\/option><option value=\"datorer-tillbehor\">Datorer &amp; tillbeh\u00f6r<\/option><option value=\"el\">EL<\/option><option value=\"fotopapper\">Fotopapper<\/option><option value=\"gaming\">Gaming<\/option><option value=\"hemelektronik\">Hemelektronik<\/option><option value=\"horlurar-headset\">H\u00f6rlurar &amp; headset<\/option><option value=\"kablar\">Kablar<\/option><option value=\"komponenter\">Komponenter<\/option><option value=\"kontorstillbehor\">Kontorstillbeh\u00f6r<\/option><option value=\"lagring\">Lagring<\/option><option value=\"larm-overvakning\">Larm &amp; \u00d6vervakning<\/option><option value=\"natverk\">N\u00e4tverk<\/option><option value=\"okategoriserad\">Okategoriserad<\/option><option value=\"ovrigt\">\u00d6vrigt<\/option><option value=\"programvara\">Programvara<\/option><option value=\"skarmar\">Sk\u00e4rmar<\/option><option value=\"skrivare\">Skrivare<\/option><option value=\"telefoner-surfplattor\">Telefoner &amp; Surfplattor<\/option><option value=\"telefontillbehor\">Telefontillbeh\u00f6r<\/option><option value=\"tillbehor-jaktradio\">Tillbeh\u00f6r Jaktradio<\/option><\/select>\t\t\t<\/div>\n\t\t\t\t\t\t<div class=\"flex-col flex-grow\">\n\t\t\t<label class=\"screen-reader-text\" for=\"woocommerce-product-search-field-0\">S\u00f6k efter:<\/label>\n\t\t\t<input type=\"search\" id=\"woocommerce-product-search-field-0\" class=\"search-field mb-0\" placeholder=\"Hitta produkt\" value=\"\" name=\"s\" \/>\n\t\t\t<input type=\"hidden\" name=\"post_type\" value=\"product\" \/>\n\t\t\t\t\t<\/div>\n\t\t<div class=\"flex-col\">\n\t\t\t<button type=\"submit\" value=\"S\u00f6k\" class=\"ux-search-submit submit-button secondary button  icon mb-0\" aria-label=\"Submit\">\n\t\t\t\t<i class=\"icon-search\" aria-hidden=\"true\"><\/i>\t\t\t<\/button>\n\t\t<\/div>\n\t<\/div>\n\t<div class=\"live-search-results text-left z-top\"><\/div>\n<\/form>\n<\/div>\n\t\t<\/div>\n\t\t\t\t\t<\/div>\n\n\t\n<\/div>\n<div class=\"container section-title-container\" ><h3 class=\"section-title section-title-bold-center\"><b aria-hidden=\"true\"><\/b><span class=\"section-title-main\" >Urval av HP toner<\/span><b aria-hidden=\"true\"><\/b><\/h3><\/div>\n\t\n  \n    <div class=\"row large-columns-5 medium-columns-3 small-columns-2 row-small\" >\n  \n\t     <div class=\"product-small col has-hover product type-product post-95524 status-publish first instock product_cat-blackpatroner-toners product_cat-hp-toner product_cat-toner has-post-thumbnail taxable shipping-taxable purchasable product-type-simple\">\n\t<div class=\"col-inner\">\n\t\n<div class=\"badge-container absolute left top z-1\">\n\n<\/div>\n\t<div class=\"product-small box \">\n\t\t<div class=\"box-image\">\n\t\t\t<div class=\"image-fade_in_back\">\n\t\t\t\t<a href=\"https:\/\/www.heddata.se\/webbutik\/produkt\/toner-hp-508a-svart-cf360a\/\">\n\t\t\t\t\t<img loading=\"lazy\" decoding=\"async\" width=\"250\" height=\"250\" src=\"https:\/\/www.heddata.se\/webbutik\/wp-content\/uploads\/webbutik\/kategorier\/blackpatroner-toners\/cf360a-250x250.jpg\" class=\"attachment-woocommerce_thumbnail size-woocommerce_thumbnail\" alt=\"Toner HP 508A Svart\" srcset=\"https:\/\/www.heddata.se\/webbutik\/wp-content\/uploads\/webbutik\/kategorier\/blackpatroner-toners\/cf360a-250x250.jpg 250w, https:\/\/www.heddata.se\/webbutik\/wp-content\/uploads\/webbutik\/kategorier\/blackpatroner-toners\/cf360a-300x300.jpg 300w, https:\/\/www.heddata.se\/webbutik\/wp-content\/uploads\/webbutik\/kategorier\/blackpatroner-toners\/cf360a-1024x1024.jpg 1024w, https:\/\/www.heddata.se\/webbutik\/wp-content\/uploads\/webbutik\/kategorier\/blackpatroner-toners\/cf360a-768x768.jpg 768w, https:\/\/www.heddata.se\/webbutik\/wp-content\/uploads\/webbutik\/kategorier\/blackpatroner-toners\/cf360a-510x510.jpg 510w, https:\/\/www.heddata.se\/webbutik\/wp-content\/uploads\/webbutik\/kategorier\/blackpatroner-toners\/cf360a-100x100.jpg 100w, https:\/\/www.heddata.se\/webbutik\/wp-content\/uploads\/webbutik\/kategorier\/blackpatroner-toners\/cf360a.jpg 1080w\" sizes=\"auto, (max-width: 250px) 100vw, 250px\" \/>\t\t\t\t<\/a>\n\t\t\t<\/div>\n\t\t\t<div class=\"image-tools is-small top right show-on-hover\">\n\t\t\t\t\t\t\t<\/div>\n\t\t\t<div class=\"image-tools is-small hide-for-small bottom left show-on-hover\">\n\t\t\t\t\t\t\t<\/div>\n\t\t\t<div class=\"image-tools grid-tools text-center hide-for-small bottom hover-slide-in show-on-hover\">\n\t\t\t\t\t\t\t<\/div>\n\t\t\t\t\t<\/div>\n\n\t\t<div class=\"box-text box-text-products text-center grid-style-2\">\n\t\t\t<div class=\"title-wrapper\">\t\t<p class=\"category uppercase is-smaller no-text-overflow product-cat op-8\">\n\t\t\tBl\u00e4ckpatroner &amp; Toners\t\t<\/p>\n\t<p class=\"name product-title woocommerce-loop-product__title\"><a href=\"https:\/\/www.heddata.se\/webbutik\/produkt\/toner-hp-508a-svart-cf360a\/\" class=\"woocommerce-LoopProduct-link woocommerce-loop-product__link\">Toner HP 508A Svart &#8211; CF360A<\/a><\/p><\/div><div class=\"price-wrapper\">\n\t<span class=\"price\"><span class=\"woocommerce-Price-amount amount\"><bdi>2,970&nbsp;<span class=\"woocommerce-Price-currencySymbol\">&#107;&#114;<\/span><\/bdi><\/span><\/span>\n<\/div><div class=\"add-to-cart-button\"><a href=\"\/webbutik\/wp-json\/wp\/v2\/pages\/2134?add-to-cart=95524\" aria-describedby=\"woocommerce_loop_add_to_cart_link_describedby_95524\" data-quantity=\"1\" class=\"primary is-small mb-0 button product_type_simple add_to_cart_button ajax_add_to_cart is-outline\" data-product_id=\"95524\" data-product_sku=\"CF360A\" aria-label=\"L\u00e4gg till i varukorgen: \u201dToner HP 508A Svart - CF360A\u201d\" rel=\"nofollow\" data-success_message=\"&quot;Toner HP 508A Svart - CF360A&quot; har lagts till i din varukorg\">L\u00e4gg till i varukorg<\/a><\/div>\t<span id=\"woocommerce_loop_add_to_cart_link_describedby_95524\" class=\"screen-reader-text\">\n\t\t\t<\/span>\n\t\t<\/div>\n\t<\/div>\n\t\t<\/div>\n<\/div><div class=\"product-small col has-hover product type-product post-2482 status-publish instock product_cat-blackpatroner-toners product_cat-hp-toner product_cat-toner product_tag-hp-color-laserjet-4500 product_tag-hp-color-laserjet-4500-dn product_tag-hp-color-laserjet-4500-n product_tag-hp-color-laserjet-4500-series product_tag-hp-color-laserjet-4550-dn product_tag-hp-color-laserjet-4550-hdn product_tag-hp-color-laserjet-4550-n product_tag-hp-color-laserjet-4550-series has-post-thumbnail taxable shipping-taxable purchasable product-type-simple\">\n\t<div class=\"col-inner\">\n\t\n<div class=\"badge-container absolute left top z-1\">\n\n<\/div>\n\t<div class=\"product-small box \">\n\t\t<div class=\"box-image\">\n\t\t\t<div class=\"image-fade_in_back\">\n\t\t\t\t<a href=\"https:\/\/www.heddata.se\/webbutik\/produkt\/hp-color-laserjet-c4196a\/\">\n\t\t\t\t\t<img loading=\"lazy\" decoding=\"async\" width=\"250\" height=\"250\" src=\"https:\/\/www.heddata.se\/webbutik\/wp-content\/uploads\/webbutik\/kategorier\/Blackpatroner-toners\/HP-Color-LaserJet-C4196A-250x250.jpg\" class=\"attachment-woocommerce_thumbnail size-woocommerce_thumbnail\" alt=\"HP Color LaserJet C4196A\" srcset=\"https:\/\/www.heddata.se\/webbutik\/wp-content\/uploads\/webbutik\/kategorier\/Blackpatroner-toners\/HP-Color-LaserJet-C4196A-250x250.jpg 250w, https:\/\/www.heddata.se\/webbutik\/wp-content\/uploads\/webbutik\/kategorier\/Blackpatroner-toners\/HP-Color-LaserJet-C4196A-100x100.jpg 100w, https:\/\/www.heddata.se\/webbutik\/wp-content\/uploads\/webbutik\/kategorier\/Blackpatroner-toners\/HP-Color-LaserJet-C4196A-150x150.jpg 150w, https:\/\/www.heddata.se\/webbutik\/wp-content\/uploads\/webbutik\/kategorier\/Blackpatroner-toners\/HP-Color-LaserJet-C4196A-300x300.jpg 300w, https:\/\/www.heddata.se\/webbutik\/wp-content\/uploads\/webbutik\/kategorier\/Blackpatroner-toners\/HP-Color-LaserJet-C4196A.jpg 400w\" sizes=\"auto, (max-width: 250px) 100vw, 250px\" \/>\t\t\t\t<\/a>\n\t\t\t<\/div>\n\t\t\t<div class=\"image-tools is-small top right show-on-hover\">\n\t\t\t\t\t\t\t<\/div>\n\t\t\t<div class=\"image-tools is-small hide-for-small bottom left show-on-hover\">\n\t\t\t\t\t\t\t<\/div>\n\t\t\t<div class=\"image-tools grid-tools text-center hide-for-small bottom hover-slide-in show-on-hover\">\n\t\t\t\t\t\t\t<\/div>\n\t\t\t\t\t<\/div>\n\n\t\t<div class=\"box-text box-text-products text-center grid-style-2\">\n\t\t\t<div class=\"title-wrapper\">\t\t<p class=\"category uppercase is-smaller no-text-overflow product-cat op-8\">\n\t\t\tBl\u00e4ckpatroner &amp; Toners\t\t<\/p>\n\t<p class=\"name product-title woocommerce-loop-product__title\"><a href=\"https:\/\/www.heddata.se\/webbutik\/produkt\/hp-color-laserjet-c4196a\/\" class=\"woocommerce-LoopProduct-link woocommerce-loop-product__link\">HP Color LaserJet C4196A Transfer Kit \u00d6verf\u00f6ringsenhet<\/a><\/p><\/div><div class=\"price-wrapper\">\n\t<span class=\"price\"><span class=\"woocommerce-Price-amount amount\"><bdi>2,495&nbsp;<span class=\"woocommerce-Price-currencySymbol\">&#107;&#114;<\/span><\/bdi><\/span><\/span>\n<\/div><div class=\"add-to-cart-button\"><a href=\"\/webbutik\/wp-json\/wp\/v2\/pages\/2134?add-to-cart=2482\" aria-describedby=\"woocommerce_loop_add_to_cart_link_describedby_2482\" data-quantity=\"1\" class=\"primary is-small mb-0 button product_type_simple add_to_cart_button ajax_add_to_cart is-outline\" data-product_id=\"2482\" data-product_sku=\"C4196A\" aria-label=\"L\u00e4gg till i varukorgen: \u201dHP Color LaserJet C4196A Transfer Kit \u00d6verf\u00f6ringsenhet\u201d\" rel=\"nofollow\" data-success_message=\"&quot;HP Color LaserJet C4196A Transfer Kit \u00d6verf\u00f6ringsenhet&quot; har lagts till i din varukorg\">L\u00e4gg till i varukorg<\/a><\/div>\t<span id=\"woocommerce_loop_add_to_cart_link_describedby_2482\" class=\"screen-reader-text\">\n\t\t\t<\/span>\n\t\t<\/div>\n\t<\/div>\n\t\t<\/div>\n<\/div><\/div>\n","protected":false},"excerpt":{"rendered":"","protected":false},"author":6,"featured_media":0,"parent":2125,"menu_order":2,"comment_status":"closed","ping_status":"closed","template":"","meta":{"footnotes":""},"class_list":["post-2134","page","type-page","status-publish","hentry"],"yoast_head":"<!-- This site is optimized with the Yoast SEO Premium plugin v26.7 (Yoast SEO v26.7) - https:\/\/yoast.com\/wordpress\/plugins\/seo\/ -->\n<title>HP toner. Original tonerkassetter f\u00f6r din HP-Laserskrivare<\/title>\n<meta name=\"description\" content=\"HP toner. Ta del av den professionella kvalit\u00e9n som HP \u00e4r omtalade f\u00f6r genom att v\u00e4lja deras original toner. Det gynnar b\u00e5de dig, din skrivare och milj\u00f6n!\" \/>\n<meta name=\"robots\" content=\"index, follow, max-snippet:-1, max-image-preview:large, max-video-preview:-1\" \/>\n<link rel=\"canonical\" href=\"https:\/\/www.heddata.se\/webbutik\/blackpatroner-toners\/toner-brother-canon-hp-laser\/hp-toner\/\" \/>\n<meta property=\"og:locale\" content=\"sv_SE\" \/>\n<meta property=\"og:type\" content=\"article\" \/>\n<meta property=\"og:title\" content=\"HP\" \/>\n<meta property=\"og:description\" content=\"HP toner. Ta del av den professionella kvalit\u00e9n som HP \u00e4r omtalade f\u00f6r genom att v\u00e4lja deras original toner. Det gynnar b\u00e5de dig, din skrivare och milj\u00f6n!\" \/>\n<meta property=\"og:url\" content=\"https:\/\/www.heddata.se\/webbutik\/blackpatroner-toners\/toner-brother-canon-hp-laser\/hp-toner\/\" \/>\n<meta property=\"og:site_name\" content=\"Datorer, Skrivare, F\u00e4rgpatroner, Mobiltelefoner\" \/>\n<meta property=\"article:modified_time\" content=\"2019-11-05T12:28:10+00:00\" \/>\n<meta name=\"twitter:card\" content=\"summary_large_image\" \/>\n<meta name=\"twitter:label1\" content=\"Ber\u00e4knad l\u00e4stid\" \/>\n\t<meta name=\"twitter:data1\" content=\"1 minut\" \/>\n<script type=\"application\/ld+json\" class=\"yoast-schema-graph\">{\"@context\":\"https:\/\/schema.org\",\"@graph\":[{\"@type\":\"WebPage\",\"@id\":\"https:\/\/www.heddata.se\/webbutik\/blackpatroner-toners\/toner-brother-canon-hp-laser\/hp-toner\/\",\"url\":\"https:\/\/www.heddata.se\/webbutik\/blackpatroner-toners\/toner-brother-canon-hp-laser\/hp-toner\/\",\"name\":\"HP toner. Original tonerkassetter f\u00f6r din HP-Laserskrivare\",\"isPartOf\":{\"@id\":\"https:\/\/www.heddata.se\/webbutik\/#website\"},\"datePublished\":\"2019-10-09T08:22:47+00:00\",\"dateModified\":\"2019-11-05T12:28:10+00:00\",\"description\":\"HP toner. Ta del av den professionella kvalit\u00e9n som HP \u00e4r omtalade f\u00f6r genom att v\u00e4lja deras original toner. Det gynnar b\u00e5de dig, din skrivare och milj\u00f6n!\",\"breadcrumb\":{\"@id\":\"https:\/\/www.heddata.se\/webbutik\/blackpatroner-toners\/toner-brother-canon-hp-laser\/hp-toner\/#breadcrumb\"},\"inLanguage\":\"sv-SE\",\"potentialAction\":[{\"@type\":\"ReadAction\",\"target\":[\"https:\/\/www.heddata.se\/webbutik\/blackpatroner-toners\/toner-brother-canon-hp-laser\/hp-toner\/\"]}]},{\"@type\":\"BreadcrumbList\",\"@id\":\"https:\/\/www.heddata.se\/webbutik\/blackpatroner-toners\/toner-brother-canon-hp-laser\/hp-toner\/#breadcrumb\",\"itemListElement\":[{\"@type\":\"ListItem\",\"position\":1,\"name\":\"Hem\",\"item\":\"https:\/\/www.heddata.se\/webbutik\/\"},{\"@type\":\"ListItem\",\"position\":2,\"name\":\"Bl\u00e4ckpatroner &#038; toners\",\"item\":\"https:\/\/www.heddata.se\/webbutik\/blackpatroner-toners\/\"},{\"@type\":\"ListItem\",\"position\":3,\"name\":\"Toners\",\"item\":\"https:\/\/www.heddata.se\/webbutik\/blackpatroner-toners\/toner-brother-canon-hp-laser\/\"},{\"@type\":\"ListItem\",\"position\":4,\"name\":\"HP\"}]},{\"@type\":\"WebSite\",\"@id\":\"https:\/\/www.heddata.se\/webbutik\/#website\",\"url\":\"https:\/\/www.heddata.se\/webbutik\/\",\"name\":\"Datorer, Skrivare, F\u00e4rgpatroner, Mobiltelefoner\",\"description\":\"Kablar\",\"publisher\":{\"@id\":\"https:\/\/www.heddata.se\/webbutik\/#organization\"},\"potentialAction\":[{\"@type\":\"SearchAction\",\"target\":{\"@type\":\"EntryPoint\",\"urlTemplate\":\"https:\/\/www.heddata.se\/webbutik\/?s={search_term_string}\"},\"query-input\":{\"@type\":\"PropertyValueSpecification\",\"valueRequired\":true,\"valueName\":\"search_term_string\"}}],\"inLanguage\":\"sv-SE\"},{\"@type\":\"Organization\",\"@id\":\"https:\/\/www.heddata.se\/webbutik\/#organization\",\"name\":\"Heddata AB\",\"url\":\"https:\/\/www.heddata.se\/webbutik\/\",\"logo\":{\"@type\":\"ImageObject\",\"inLanguage\":\"sv-SE\",\"@id\":\"https:\/\/www.heddata.se\/webbutik\/#\/schema\/logo\/image\/\",\"url\":\"https:\/\/www.heddata.se\/webbutik\/wp-content\/uploads\/logga\/heddata-ab-logga.png\",\"contentUrl\":\"https:\/\/www.heddata.se\/webbutik\/wp-content\/uploads\/logga\/heddata-ab-logga.png\",\"width\":200,\"height\":64,\"caption\":\"Heddata AB\"},\"image\":{\"@id\":\"https:\/\/www.heddata.se\/webbutik\/#\/schema\/logo\/image\/\"}}]}<\/script>\n<!-- \/ Yoast SEO Premium plugin. -->","yoast_head_json":{"title":"HP toner. Original tonerkassetter f\u00f6r din HP-Laserskrivare","description":"HP toner. Ta del av den professionella kvalit\u00e9n som HP \u00e4r omtalade f\u00f6r genom att v\u00e4lja deras original toner. Det gynnar b\u00e5de dig, din skrivare och milj\u00f6n!","robots":{"index":"index","follow":"follow","max-snippet":"max-snippet:-1","max-image-preview":"max-image-preview:large","max-video-preview":"max-video-preview:-1"},"canonical":"https:\/\/www.heddata.se\/webbutik\/blackpatroner-toners\/toner-brother-canon-hp-laser\/hp-toner\/","og_locale":"sv_SE","og_type":"article","og_title":"HP","og_description":"HP toner. Ta del av den professionella kvalit\u00e9n som HP \u00e4r omtalade f\u00f6r genom att v\u00e4lja deras original toner. Det gynnar b\u00e5de dig, din skrivare och milj\u00f6n!","og_url":"https:\/\/www.heddata.se\/webbutik\/blackpatroner-toners\/toner-brother-canon-hp-laser\/hp-toner\/","og_site_name":"Datorer, Skrivare, F\u00e4rgpatroner, Mobiltelefoner","article_modified_time":"2019-11-05T12:28:10+00:00","twitter_card":"summary_large_image","twitter_misc":{"Ber\u00e4knad l\u00e4stid":"1 minut"},"schema":{"@context":"https:\/\/schema.org","@graph":[{"@type":"WebPage","@id":"https:\/\/www.heddata.se\/webbutik\/blackpatroner-toners\/toner-brother-canon-hp-laser\/hp-toner\/","url":"https:\/\/www.heddata.se\/webbutik\/blackpatroner-toners\/toner-brother-canon-hp-laser\/hp-toner\/","name":"HP toner. Original tonerkassetter f\u00f6r din HP-Laserskrivare","isPartOf":{"@id":"https:\/\/www.heddata.se\/webbutik\/#website"},"datePublished":"2019-10-09T08:22:47+00:00","dateModified":"2019-11-05T12:28:10+00:00","description":"HP toner. Ta del av den professionella kvalit\u00e9n som HP \u00e4r omtalade f\u00f6r genom att v\u00e4lja deras original toner. Det gynnar b\u00e5de dig, din skrivare och milj\u00f6n!","breadcrumb":{"@id":"https:\/\/www.heddata.se\/webbutik\/blackpatroner-toners\/toner-brother-canon-hp-laser\/hp-toner\/#breadcrumb"},"inLanguage":"sv-SE","potentialAction":[{"@type":"ReadAction","target":["https:\/\/www.heddata.se\/webbutik\/blackpatroner-toners\/toner-brother-canon-hp-laser\/hp-toner\/"]}]},{"@type":"BreadcrumbList","@id":"https:\/\/www.heddata.se\/webbutik\/blackpatroner-toners\/toner-brother-canon-hp-laser\/hp-toner\/#breadcrumb","itemListElement":[{"@type":"ListItem","position":1,"name":"Hem","item":"https:\/\/www.heddata.se\/webbutik\/"},{"@type":"ListItem","position":2,"name":"Bl\u00e4ckpatroner &#038; toners","item":"https:\/\/www.heddata.se\/webbutik\/blackpatroner-toners\/"},{"@type":"ListItem","position":3,"name":"Toners","item":"https:\/\/www.heddata.se\/webbutik\/blackpatroner-toners\/toner-brother-canon-hp-laser\/"},{"@type":"ListItem","position":4,"name":"HP"}]},{"@type":"WebSite","@id":"https:\/\/www.heddata.se\/webbutik\/#website","url":"https:\/\/www.heddata.se\/webbutik\/","name":"Datorer, Skrivare, F\u00e4rgpatroner, Mobiltelefoner","description":"Kablar","publisher":{"@id":"https:\/\/www.heddata.se\/webbutik\/#organization"},"potentialAction":[{"@type":"SearchAction","target":{"@type":"EntryPoint","urlTemplate":"https:\/\/www.heddata.se\/webbutik\/?s={search_term_string}"},"query-input":{"@type":"PropertyValueSpecification","valueRequired":true,"valueName":"search_term_string"}}],"inLanguage":"sv-SE"},{"@type":"Organization","@id":"https:\/\/www.heddata.se\/webbutik\/#organization","name":"Heddata AB","url":"https:\/\/www.heddata.se\/webbutik\/","logo":{"@type":"ImageObject","inLanguage":"sv-SE","@id":"https:\/\/www.heddata.se\/webbutik\/#\/schema\/logo\/image\/","url":"https:\/\/www.heddata.se\/webbutik\/wp-content\/uploads\/logga\/heddata-ab-logga.png","contentUrl":"https:\/\/www.heddata.se\/webbutik\/wp-content\/uploads\/logga\/heddata-ab-logga.png","width":200,"height":64,"caption":"Heddata AB"},"image":{"@id":"https:\/\/www.heddata.se\/webbutik\/#\/schema\/logo\/image\/"}}]}},"_links":{"self":[{"href":"https:\/\/www.heddata.se\/webbutik\/wp-json\/wp\/v2\/pages\/2134","targetHints":{"allow":["GET"]}}],"collection":[{"href":"https:\/\/www.heddata.se\/webbutik\/wp-json\/wp\/v2\/pages"}],"about":[{"href":"https:\/\/www.heddata.se\/webbutik\/wp-json\/wp\/v2\/types\/page"}],"author":[{"embeddable":true,"href":"https:\/\/www.heddata.se\/webbutik\/wp-json\/wp\/v2\/users\/6"}],"replies":[{"embeddable":true,"href":"https:\/\/www.heddata.se\/webbutik\/wp-json\/wp\/v2\/comments?post=2134"}],"version-history":[{"count":5,"href":"https:\/\/www.heddata.se\/webbutik\/wp-json\/wp\/v2\/pages\/2134\/revisions"}],"predecessor-version":[{"id":4221,"href":"https:\/\/www.heddata.se\/webbutik\/wp-json\/wp\/v2\/pages\/2134\/revisions\/4221"}],"up":[{"embeddable":true,"href":"https:\/\/www.heddata.se\/webbutik\/wp-json\/wp\/v2\/pages\/2125"}],"wp:attachment":[{"href":"https:\/\/www.heddata.se\/webbutik\/wp-json\/wp\/v2\/media?parent=2134"}],"curies":[{"name":"wp","href":"https:\/\/api.w.org\/{rel}","templated":true}]}}